{"id":33441,"date":"2025-07-04T02:30:50","date_gmt":"2025-07-04T02:30:50","guid":{"rendered":"https:\/\/volovape.com\/?post_type=product&#038;p=33441"},"modified":"2026-04-14T06:04:21","modified_gmt":"2026-04-14T06:04:21","slug":"bang-blaze-shisha-60k","status":"publish","type":"product","link":"https:\/\/volovape.com\/sl\/product\/bang-blaze-shisha-60k\/","title":{"rendered":"Bang Blaze Shisha 60K | 60000 puffs dolgotrajno enkratno vape v razsutem stanju"},"content":{"rendered":"<h2>\ud83d\udd25 Izkusite \u0161i\u0161o kot \u0161e nikoli prej z Bang Blaze 60K Shisha! \ud83d\udd25<\/h2>\n<p>Pripravite se, da boste izbolj\u0161ali svojo igro vape z <strong>Bang Blaze 60K Shisha<\/strong> - zmogljiv, s \u0161i\u0161o navdihnjen vape za enkratno uporabo, zasnovan za ljubitelje okusov in resne lovce na oblake. Z neverjetnim <strong>zmogljivost 60.000 vpihov<\/strong> in veliko 1000 mAh akumulatorsko baterijo, ta naprava zagotavlja neprekinjeno zadovoljstvo, ne glede na to, ali jo uporabljate sami ali pa jo pripravljate za vape shop. Kristalno \u010disto ohi\u0161je in pametni zaslon LED dodajata sodoben pridih, medtem ko mre\u017ena tuljava 0,6\u03a9 vsaki\u010d poskrbi za dosledno gladke in krepke udarce.<\/p>\n<h3>\ud83d\ude80 Zakaj vam bo \u0161i\u0161a Bang Blaze 60K v\u0161e\u010d<\/h3>\n<ul>\n<li>\ud83d\udca8 Ogromnih 60.000 izpuhov za dalj\u0161e u\u017eivanje<\/li>\n<li>\ud83c\udf53 Slastni sve\u017ei okusi za vsak okus<\/li>\n<li>\u26a1 Hitro polnjenje tipa C z baterijo 1000 mAh<\/li>\n<li>\ud83d\udd0d Pametni zaslon LED za spremljanje baterije in e-teko\u010dine<\/li>\n<li>\ud83d\udc8e Elegantno, kristalno \u010disto ohi\u0161je za vrhunski videz<\/li>\n<li>\ud83c\udf2c\ufe0f gladko \u010drpa DTL z napredno mre\u017easto tuljavo<\/li>\n<li>\ud83d\udce6 Embala\u017ea, pripravljena za razsutje, za la\u017ejo distribucijo na debelo<\/li>\n<\/ul>\n<h3>Specifikacije<\/h3>\n<table>\n<tbody>\n<tr>\n<td>Kapaciteta Puff<\/td>\n<td>Do 60.000 vdihov<\/td>\n<\/tr>\n<tr>\n<td>Kapaciteta e-teko\u010dine<\/td>\n<td>40 ml<\/td>\n<\/tr>\n<tr>\n<td>Baterija<\/td>\n<td>1000 mAh, tip C za polnjenje<\/td>\n<\/tr>\n<tr>\n<td>Vrsta tuljave<\/td>\n<td>0.6\u03a9 Mesh Coil<\/td>\n<\/tr>\n<tr>\n<td>Mo\u017enosti nikotina<\/td>\n<td>0%, 2%, 3%, 5%<\/td>\n<\/tr>\n<tr>\n<td>Prikaz<\/td>\n<td>Pametni zaslon LED<\/td>\n<\/tr>\n<tr>\n<td>Oblikovanje<\/td>\n<td>Kristalno \u010disto telo<\/td>\n<\/tr>\n<tr>\n<td>Pakiranje<\/td>\n<td>8 kosov\/paket<\/td>\n<\/tr>\n<\/tbody>\n<\/table>\n<h3>Okusi<\/h3>\n<ul>\n<li>Hladna meta<\/li>\n<li>Dvojno jabolko<\/li>\n<li>jagoda kivi<\/li>\n<li>lubenica jagoda melona<\/li>\n<li>Me\u0161ano jagodi\u010devje<\/li>\n<li>Rjavi ale<\/li>\n<li>Cherry Mint<\/li>\n<li>Breskev mango lubenica<\/li>\n<li>Modri razz<\/li>\n<li>Pasijonka<\/li>\n<\/ul>\n<p>\u010ce ste te\u017eki vaper, lovec na okuse ali lastnik vape trgovine, ki i\u0161\u010de vrhunsko, masi prijazno napravo za enkratno uporabo, je <strong>Bang Blaze 60K Shisha<\/strong> je najbolj\u0161a izbira. Spoznajte naslednjo raven vapinga, navdihnjenega s \u0161i\u0161o - gladko, mo\u010dno in izdelano tako, da navdu\u0161uje.<\/p>","protected":false},"excerpt":{"rendered":"<p>S \u0161i\u0161o Bang Blaze 60k u\u017eivajte v do 60.000 puhih. Gladki udarci, bogati okusi in zasnova, pripravljena za prodajo na debelo, za vrhunski vape za enkratno uporabo.<\/p>","protected":false},"featured_media":33497,"comment_status":"open","ping_status":"closed","template":"","meta":[],"product_brand":[227],"product_cat":[61,230],"product_tag":[],"class_list":{"0":"post-33441","1":"product","2":"type-product","3":"status-publish","4":"has-post-thumbnail","6":"product_brand-bang","7":"product_cat-bang","8":"product_cat-new","10":"first","11":"instock","12":"shipping-taxable","13":"purchasable","14":"product-type-variable","15":"has-default-attributes"},"jetpack_sharing_enabled":true,"tiered_pricing_type":"fixed","tiered_pricing_fixed_rules":{"30":7.9000000000000003552713678800500929355621337890625,"50":7.160000000000000142108547152020037174224853515625,"100":6.54000000000000003552713678800500929355621337890625,"200":6.29999999999999982236431605997495353221893310546875,"400":5.79999999999999982236431605997495353221893310546875},"tiered_pricing_product_settings":{"layout":"default","base_unit_name":{"singular":null,"plural":null},"default_variation":null},"tiered_pricing_minimum_quantity":10,"tiered_pricing_roles_data":[],"tiered_pricing_percentage_rules":[],"tiered_pricing_maximum_quantity":null,"tiered_pricing_quantity_step":"10","_links":{"self":[{"href":"https:\/\/volovape.com\/sl\/wp-json\/wp\/v2\/product\/33441","targetHints":{"allow":["GET"]}}],"collection":[{"href":"https:\/\/volovape.com\/sl\/wp-json\/wp\/v2\/product"}],"about":[{"href":"https:\/\/volovape.com\/sl\/wp-json\/wp\/v2\/types\/product"}],"replies":[{"embeddable":true,"href":"https:\/\/volovape.com\/sl\/wp-json\/wp\/v2\/comments?post=33441"}],"wp:featuredmedia":[{"embeddable":true,"href":"https:\/\/volovape.com\/sl\/wp-json\/wp\/v2\/media\/33497"}],"wp:attachment":[{"href":"https:\/\/volovape.com\/sl\/wp-json\/wp\/v2\/media?parent=33441"}],"wp:term":[{"taxonomy":"product_brand","embeddable":true,"href":"https:\/\/volovape.com\/sl\/wp-json\/wp\/v2\/product_brand?post=33441"},{"taxonomy":"product_cat","embeddable":true,"href":"https:\/\/volovape.com\/sl\/wp-json\/wp\/v2\/product_cat?post=33441"},{"taxonomy":"product_tag","embeddable":true,"href":"https:\/\/volovape.com\/sl\/wp-json\/wp\/v2\/product_tag?post=33441"}],"curies":[{"name":"wp","href":"https:\/\/api.w.org\/{rel}","templated":true}]}}