{"id":31960,"date":"2025-07-02T03:29:00","date_gmt":"2025-07-02T03:29:00","guid":{"rendered":"https:\/\/volovape.com\/?post_type=product&#038;p=31960"},"modified":"2026-05-06T12:43:09","modified_gmt":"2026-05-06T12:43:09","slug":"bang-king-85k","status":"publish","type":"product","link":"https:\/\/volovape.com\/sl\/product\/bang-king-85k\/","title":{"rendered":"Bang King 85K 3-v-1 85000 Puffs | trojni okus dolgotrajno enkratno vape na debelo"},"content":{"rendered":"<h2>Bang King 85K 3-v-1 | trojni okus za enkratno uporabo<\/h2>\n<p><strong>\ud83d\udd25 Trojni okus. 85.000 puffov. Ni\u010d kompromisov.<\/strong><\/p>\n<p>Spoznajte <strong>Bang King 85K<\/strong>, va\u0161 vrhunski vsestranski vape za enkratno uporabo, ki je namenjen resnim lovcem na okuse in zahtevnim uporabnikom. Z velikim obsegom <strong>zmogljivost 85.000 vpihov<\/strong> in neverjetno <strong>63ml rezervoar za e-teko\u010dino<\/strong>, boste z vsakim potegom do\u017eiveli neprekinjeno zadovoljstvo. Zaradi trojne mre\u017easte tuljave in nastavljivega sistema treh okusov lahko menjate sadne, gazirane in ledene okuse, kadarkoli se vam zaho\u010de - ne da bi zamenjali napravo.<\/p>\n<ul>\n<li>\u26a1 85.000 puhov za izjemno dolgo uporabo<\/li>\n<li>\ud83c\udf08 Nastavljiv okus 3 v 1 za popolno prilagodljivost<\/li>\n<li>\ud83d\udca7 63 ml e-teko\u010dine (21 ml \u00d7 3 komore)<\/li>\n<li>\ud83d\udd0b Baterija za polnjenje s 600 mAh s hitrim polnjenjem tipa C<\/li>\n<li>\ud83d\udcca LED zaslon za enostavno spremljanje napajanja in soka<\/li>\n<li>\ud83d\udc4c Trojna mre\u017easta tuljava za gladke in konsistentne oblake<\/li>\n<li>\ud83d\udce6 Pakiranja po 10 kosov, ki so primerna za prodajo na debelo, kot nala\u0161\u010d za preprodajalce<\/li>\n<\/ul>\n<p>Izbirate lahko med <strong>16 omamnih kombinacij s trojnim okusom<\/strong> ki zadovoljijo vsako \u017eeljo, od osve\u017eilne lubenice do sladke vanilijeve kola. \u010ce si \u017eelite zmogljivo delovanje, neskon\u010dno izbiro okusov in resno vrednost, vas Bang King 85K 3-v-1 ne bo razo\u010daral. Priskrbite si zalogo \u0161e danes in za\u010dnite z rotacijo okusov!<\/p>","protected":false},"excerpt":{"rendered":"<p>Pripravite se na trojno mo\u010d okusa! Novi Bang King 85K zagotavlja 85.000 puhov, 3 nastavljive okuse in veliko zmogljivost v enem drznem vapeju za enkratno uporabo z mo\u017enostjo polnjenja.<\/p>","protected":false},"featured_media":32289,"comment_status":"open","ping_status":"closed","template":"","meta":[],"product_brand":[227],"product_cat":[61,230],"product_tag":[],"class_list":{"0":"post-31960","1":"product","2":"type-product","3":"status-publish","4":"has-post-thumbnail","6":"product_brand-bang","7":"product_cat-bang","8":"product_cat-new","10":"first","11":"instock","12":"shipping-taxable","13":"purchasable","14":"product-type-variable","15":"has-default-attributes"},"jetpack_sharing_enabled":true,"tiered_pricing_type":"fixed","tiered_pricing_fixed_rules":[],"tiered_pricing_product_settings":{"layout":"default","base_unit_name":{"singular":null,"plural":null},"default_variation":null},"tiered_pricing_minimum_quantity":1000,"tiered_pricing_roles_data":[],"tiered_pricing_percentage_rules":[],"tiered_pricing_maximum_quantity":null,"tiered_pricing_quantity_step":"10","_links":{"self":[{"href":"https:\/\/volovape.com\/sl\/wp-json\/wp\/v2\/product\/31960","targetHints":{"allow":["GET"]}}],"collection":[{"href":"https:\/\/volovape.com\/sl\/wp-json\/wp\/v2\/product"}],"about":[{"href":"https:\/\/volovape.com\/sl\/wp-json\/wp\/v2\/types\/product"}],"replies":[{"embeddable":true,"href":"https:\/\/volovape.com\/sl\/wp-json\/wp\/v2\/comments?post=31960"}],"wp:featuredmedia":[{"embeddable":true,"href":"https:\/\/volovape.com\/sl\/wp-json\/wp\/v2\/media\/32289"}],"wp:attachment":[{"href":"https:\/\/volovape.com\/sl\/wp-json\/wp\/v2\/media?parent=31960"}],"wp:term":[{"taxonomy":"product_brand","embeddable":true,"href":"https:\/\/volovape.com\/sl\/wp-json\/wp\/v2\/product_brand?post=31960"},{"taxonomy":"product_cat","embeddable":true,"href":"https:\/\/volovape.com\/sl\/wp-json\/wp\/v2\/product_cat?post=31960"},{"taxonomy":"product_tag","embeddable":true,"href":"https:\/\/volovape.com\/sl\/wp-json\/wp\/v2\/product_tag?post=31960"}],"curies":[{"name":"wp","href":"https:\/\/api.w.org\/{rel}","templated":true}]}}