{"id":31958,"date":"2025-07-02T03:28:59","date_gmt":"2025-07-02T03:28:59","guid":{"rendered":"https:\/\/volovape.com\/?post_type=product&#038;p=31958"},"modified":"2025-11-19T01:47:08","modified_gmt":"2025-11-19T01:47:08","slug":"mrvi-dvojcka-32k","status":"publish","type":"product","link":"https:\/\/volovape.com\/sl\/product\/mrvi-twins-32k\/","title":{"rendered":"MRVI Twins 32K 2-in-1 32000 Puffs | dvojni okus za enkratno uporabo vape na debelo"},"content":{"rendered":"<h2>MRVI Twins 32K | Dvojni okus 32000 Puff za enkratno uporabo Vape<\/h2>\n<p><strong>Podvojite okus. Podvojite svojo zabavo.<\/strong><\/p>\n<p>Spletna stran <strong>MRVI Dvoj\u010dka 32K<\/strong> je ustvarjen za prave navdu\u0161ence nad vapiranjem, ki si \u017eelijo raznolikosti in velikega \u0161tevila izpuhov. Z osupljivim <strong>32.000 vpihov<\/strong> in dvema komorama za okus lahko kadar koli spremenite okus, ne da bi zamenjali naprave. U\u017eivajte v gladki in bogati izku\u0161nji zaradi dvojne mre\u017easte tuljave in velikodu\u0161ne <strong>Kapaciteta 40 ml e-teko\u010dine<\/strong> ki vas bo spremljala ve\u010d tednov.<\/p>\n<ul>\n<li>\ud83d\udd39 Sistem dveh okusov za neskon\u010dno kombinacij okusov<\/li>\n<li>\ud83d\udd39 Masivna zmogljivost 32.000 izpihov za te\u017eke uporabnike<\/li>\n<li>\ud83d\udd39 Kristalno \u010disto ohi\u0161je s pametnim zaslonom za eleganten videz<\/li>\n<li>\ud83d\udd39 Hitro polnjenje tipa C za enostavno in zanesljivo napajanje<\/li>\n<li>\ud83d\udd39 2% ali 5% z nikotinom, ki ustreza va\u0161emu slogu<\/li>\n<\/ul>\n<p>Ne glede na to, ali pripravljate zaloge za lastne seanse ali polnite police, MRVI Twins 32K zagotavlja neprekosljiv okus, zmogljivost in veleprodajno vrednost - vse v enem elegantnem in zmogljivem paketu.<\/p>\n<h3>Kombinacije okusov<\/h3>\n<table border=\"1\" cellspacing=\"0\" cellpadding=\"6\">\n<thead>\n<tr>\n<th>Komora A<\/th>\n<th>Komora B<\/th>\n<\/tr>\n<\/thead>\n<tbody>\n<tr>\n<td>Banana Ice<\/td>\n<td>jagoda kivi<\/td>\n<\/tr>\n<tr>\n<td>Mango Slushie<\/td>\n<td>Pomaran\u010dni sladoled<\/td>\n<\/tr>\n<tr>\n<td>Ledena breskev<\/td>\n<td>Red Bull<\/td>\n<\/tr>\n<tr>\n<td>Borovni\u010dev led<\/td>\n<td>Red Apple Ice<\/td>\n<\/tr>\n<tr>\n<td>Bujni led<\/td>\n<td>Me\u0161ano jagodi\u010devje<\/td>\n<\/tr>\n<tr>\n<td>Jagodni led<\/td>\n<td>Mavri\u010dna kapljica<\/td>\n<\/tr>\n<tr>\n<td>Fizzy Cherry<\/td>\n<td>Blue Razz Ice<\/td>\n<\/tr>\n<tr>\n<td>Jagodna lubenica<\/td>\n<td>Brusnica Grozdje<\/td>\n<\/tr>\n<tr>\n<td>Trojna melona<\/td>\n<td>Ice Pop<\/td>\n<\/tr>\n<tr>\n<td>Ananasov led<\/td>\n<td>Grozdni led<\/td>\n<\/tr>\n<\/tbody>\n<\/table>\n<p><strong>Ste pripravljeni prekiniti dolg\u010das z okusi? Spoznajte MRVI Twins 32K - vrhunski vape z dvema okusoma za neustavljivo zadovoljstvo.<\/strong><\/p>\n<h3><img data-recalc-dims=\"1\" decoding=\"async\" style=\"color: #555555; font-size: 14.4px;\" src=\"https:\/\/i0.wp.com\/www.mrvivape-store.com\/wp-content\/uploads\/2025\/03\/%E6%B5%B7%E6%8A%A5_M-1-scaled.jpg?ssl=1\" alt=\"MRVI TWINS 32000 Puffs Dvojni prikazovalnik nivoja olja in dvojni okus - 10 kosov \/ \u0161katla\" title=\"\"><\/h3>","protected":false},"excerpt":{"rendered":"<p>Kupite MRVI Twins 32000 vape za enkratno uporabo z 32.000 vpihi, dvojno mre\u017easto tuljavo, dvojnimi okusi in polnjenjem tipa C - najljub\u0161i izdelek na debelo in za lovce na okuse.<\/p>","protected":false},"featured_media":32255,"comment_status":"open","ping_status":"closed","template":"","meta":[],"product_brand":[240],"product_cat":[55,230],"product_tag":[],"class_list":{"0":"post-31958","1":"product","2":"type-product","3":"status-publish","4":"has-post-thumbnail","6":"product_brand-mrvi","7":"product_cat-mrvi","8":"product_cat-new","10":"first","11":"instock","12":"shipping-taxable","13":"purchasable","14":"product-type-variable","15":"has-default-attributes"},"jetpack_sharing_enabled":true,"tiered_pricing_type":"fixed","tiered_pricing_fixed_rules":{"100":6.230000000000000426325641456060111522674560546875,"200":5.86000000000000031974423109204508364200592041015625,"400":5.42999999999999971578290569595992565155029296875},"tiered_pricing_product_settings":{"layout":"default","base_unit_name":{"singular":null,"plural":null},"default_variation":null},"tiered_pricing_minimum_quantity":50,"tiered_pricing_roles_data":[],"tiered_pricing_percentage_rules":[],"tiered_pricing_maximum_quantity":null,"tiered_pricing_quantity_step":"10","_links":{"self":[{"href":"https:\/\/volovape.com\/sl\/wp-json\/wp\/v2\/product\/31958","targetHints":{"allow":["GET"]}}],"collection":[{"href":"https:\/\/volovape.com\/sl\/wp-json\/wp\/v2\/product"}],"about":[{"href":"https:\/\/volovape.com\/sl\/wp-json\/wp\/v2\/types\/product"}],"replies":[{"embeddable":true,"href":"https:\/\/volovape.com\/sl\/wp-json\/wp\/v2\/comments?post=31958"}],"wp:featuredmedia":[{"embeddable":true,"href":"https:\/\/volovape.com\/sl\/wp-json\/wp\/v2\/media\/32255"}],"wp:attachment":[{"href":"https:\/\/volovape.com\/sl\/wp-json\/wp\/v2\/media?parent=31958"}],"wp:term":[{"taxonomy":"product_brand","embeddable":true,"href":"https:\/\/volovape.com\/sl\/wp-json\/wp\/v2\/product_brand?post=31958"},{"taxonomy":"product_cat","embeddable":true,"href":"https:\/\/volovape.com\/sl\/wp-json\/wp\/v2\/product_cat?post=31958"},{"taxonomy":"product_tag","embeddable":true,"href":"https:\/\/volovape.com\/sl\/wp-json\/wp\/v2\/product_tag?post=31958"}],"curies":[{"name":"wp","href":"https:\/\/api.w.org\/{rel}","templated":true}]}}