{"id":31957,"date":"2025-07-02T03:28:59","date_gmt":"2025-07-02T03:28:59","guid":{"rendered":"https:\/\/volovape.com\/?post_type=product&#038;p=31957"},"modified":"2025-11-19T01:46:56","modified_gmt":"2025-11-19T01:46:56","slug":"mrvi-raste-60k","status":"publish","type":"product","link":"https:\/\/volovape.com\/sl\/product\/mrvi-growing-60k\/","title":{"rendered":"MRVI GROWING 60K 3T SPIN 60000 Puffs | trojni okus za enkratno uporabo vape na debelo"},"content":{"rendered":"<h2>MRVI Growing 60K Spin | Triple Flavor Vape za enkratno uporabo<\/h2>\n<h3>Zakaj izbrati MRVI Growing 60K Spin? \u2728<\/h3>\n<p>Izkusite najve\u010dje udobje in okus vapinga z <strong>MRVI Rasto\u010de 60K vrtljajev<\/strong> vape za enkratno uporabo! U\u017eivajte do <strong>60.000 gladkih oblivov<\/strong> zaradi inovativnega stikala s trojnim okusom, ki poskrbi, da so va\u0161e brbon\u010dice vedno zadovoljne. Idealen za intenzivne uporabnike, navdu\u0161ence nad okusi in lastnike vape trgovin, ki i\u0161\u010dejo najbolje prodajan veleprodajni izdelek.<\/p>\n<ul>\n<li>\ud83d\udd25 <strong>Rotacija s trojnim okusom:<\/strong> Na zahtevo preklapljajte med 3 vznemirljivimi okusi!<\/li>\n<li>\ud83d\udca8 <strong>Masivna kapaciteta 48 ml e-teko\u010dine:<\/strong> Ve\u010d puhov, manj polnjenja, \u010disti u\u017eitek.<\/li>\n<li>\u26a1 <strong>Hitro polnjenje:<\/strong> Opremljen je z akumulatorsko baterijo 650 mAh in priklju\u010dkom Type-C.<\/li>\n<li>\ud83d\udda5\ufe0f <strong>Pametni zaslon:<\/strong> Enostavno spremljajte stanje baterije in e-teko\u010dine.<\/li>\n<li>\ud83d\udc8e <strong>Oblikovanje Premium Design:<\/strong> Kristalno \u010dista estetika, ki navdu\u0161uje.<\/li>\n<\/ul>\n<h3>Specifikacije izdelka \ud83d\udccb<\/h3>\n<ul>\n<li><strong>\u0160tevilo puffov:<\/strong> Do 60.000 vpihov<\/li>\n<li><strong>Kapaciteta e-teko\u010dine:<\/strong> 48 ml<\/li>\n<li><strong>Baterija:<\/strong> 650 mAh (za ponovno polnjenje)<\/li>\n<li><strong>Priklju\u010dek za polnjenje:<\/strong> Type-C<\/li>\n<li><strong>Lastnosti:<\/strong> Stikalo s trojnim okusom, pametni zaslon<\/li>\n<\/ul>\n<h3>Vznemirljiv seznam okusov \ud83c\udf53\ud83c\udf6c\u2744\ufe0f<\/h3>\n<p>Spoznajte dinami\u010dno paleto okusov, ki poskrbijo, da je vsak izpuh sve\u017e in vznemirljiv:<\/p>\n<ul>\n<li>Arbuzni sladoled \ud83c\udf49\u2744\ufe0f<\/li>\n<li>Gumijasti medvedek \ud83d\udc3b\ud83c\udf6d<\/li>\n<li>\u010ce\u0161njev sladoled \ud83c\udf52\ud83c\udf6c\u2744\ufe0f<\/li>\n<li>...in \u0161e veliko ve\u010d! (Seznam posebnih okusov lahko raz\u0161irite tukaj, \u010de je na voljo)<\/li>\n<\/ul>","protected":false},"excerpt":{"rendered":"<p><strong>Sprostite svobodo trojnega okusa z MRVI Growing 60K Spin.<\/strong> Ustvarjeno za vaperje, ki \u017eelijo ve\u010d - ve\u010d vdihov, ve\u010d okusov, ve\u010d zadovoljstva<\/p>","protected":false},"featured_media":32246,"comment_status":"open","ping_status":"closed","template":"","meta":[],"product_brand":[240],"product_cat":[55,230],"product_tag":[],"class_list":{"0":"post-31957","1":"product","2":"type-product","3":"status-publish","4":"has-post-thumbnail","6":"product_brand-mrvi","7":"product_cat-mrvi","8":"product_cat-new","10":"first","11":"instock","12":"shipping-taxable","13":"purchasable","14":"product-type-variable","15":"has-default-attributes"},"jetpack_sharing_enabled":true,"tiered_pricing_type":"fixed","tiered_pricing_fixed_rules":{"100":6.910000000000000142108547152020037174224853515625,"200":6.54000000000000003552713678800500929355621337890625,"400":6.11000000000000031974423109204508364200592041015625},"tiered_pricing_product_settings":{"layout":"default","base_unit_name":{"singular":null,"plural":null},"default_variation":null},"tiered_pricing_minimum_quantity":50,"tiered_pricing_roles_data":[],"tiered_pricing_percentage_rules":[],"tiered_pricing_maximum_quantity":null,"tiered_pricing_quantity_step":"10","_links":{"self":[{"href":"https:\/\/volovape.com\/sl\/wp-json\/wp\/v2\/product\/31957","targetHints":{"allow":["GET"]}}],"collection":[{"href":"https:\/\/volovape.com\/sl\/wp-json\/wp\/v2\/product"}],"about":[{"href":"https:\/\/volovape.com\/sl\/wp-json\/wp\/v2\/types\/product"}],"replies":[{"embeddable":true,"href":"https:\/\/volovape.com\/sl\/wp-json\/wp\/v2\/comments?post=31957"}],"wp:featuredmedia":[{"embeddable":true,"href":"https:\/\/volovape.com\/sl\/wp-json\/wp\/v2\/media\/32246"}],"wp:attachment":[{"href":"https:\/\/volovape.com\/sl\/wp-json\/wp\/v2\/media?parent=31957"}],"wp:term":[{"taxonomy":"product_brand","embeddable":true,"href":"https:\/\/volovape.com\/sl\/wp-json\/wp\/v2\/product_brand?post=31957"},{"taxonomy":"product_cat","embeddable":true,"href":"https:\/\/volovape.com\/sl\/wp-json\/wp\/v2\/product_cat?post=31957"},{"taxonomy":"product_tag","embeddable":true,"href":"https:\/\/volovape.com\/sl\/wp-json\/wp\/v2\/product_tag?post=31957"}],"curies":[{"name":"wp","href":"https:\/\/api.w.org\/{rel}","templated":true}]}}