{"id":31953,"date":"2025-07-02T03:28:57","date_gmt":"2025-07-02T03:28:57","guid":{"rendered":"https:\/\/volovape.com\/?post_type=product&#038;p=31953"},"modified":"2026-04-14T06:13:29","modified_gmt":"2026-04-14T06:13:29","slug":"vodja-bang-80k-puffov","status":"publish","type":"product","link":"https:\/\/volovape.com\/sl\/product\/bang-leader-80k-puffs\/","title":{"rendered":"Bang Leader 80K Puffs | trojni okus dvojne mre\u017ee za enkratno uporabo"},"content":{"rendered":"<h2>Bang Leader 80K Puffs | Triple Flavor Vape za enkratno uporabo \ud83d\ude80<\/h2>\n<p>Izkusite najve\u010dje udobje in raznolikost vapinga z <b>Bang Leader 80K Puffs<\/b> vape za enkratno uporabo! \ud83d\udca5 U\u017eivajte v osupljivih 80.000 izpihih in pametnem sistemu okusov 3 v 1, ki vam omogo\u010da sprotno preklapljanje med neverjetnimi okusi. Zasnovan za vaperje, ki zahtevajo veliko zmogljivost, drzne okuse in neprimerljivo udobje.<\/p>\n<p>Z vzdr\u017eljivo baterijo za polnjenje s kapaciteto 850 mAh in polnjenjem tipa C ter vrhunsko dvojno mre\u017easto spiralko je vsak poteg gost, gladek in zadovoljiv. Poslovite se od utrujenosti okusa in poskrbite, da bodo va\u0161e seanse sve\u017ee in vznemirljive! \u2728<\/p>\n<h2>Klju\u010dne lastnosti:<\/h2>\n<ul>\n<li>\ud83d\udd25 <b>Do 80.000 vdihov:<\/b> Dolgotrajen u\u017eitek vapinga.<\/li>\n<li>\ud83d\udd04 <b>Sistem za obra\u010danje okusov 3 v 1:<\/b> Takoj\u0161nje spreminjanje okusa.<\/li>\n<li>\ud83c\udf2c\ufe0f <b>Dvojna mre\u017ena tuljava:<\/b> Za bogato in gladko proizvajanje pare.<\/li>\n<li>\u26a1 <b>Baterija za polnjenje 850 mAh:<\/b> S hitrim polnjenjem tipa C.<\/li>\n<li>\ud83e\uddea <b>Prednosti nikotina:<\/b> Na voljo v modelih 0%, 2%, 3%, 5%.<\/li>\n<li>\ud83d\udce6 <b>Prijazno do razsutega tovora:<\/b> Pakirano po 10 enot v \u0161katli.<\/li>\n<\/ul>\n<h2>Kombinacije okusov:<\/h2>\n<ul>\n<li>\ud83c\udf49\ud83e\uddca\ud83c\udf53\ud83e\udd6d\ud83c\udf4c Led z lubenico + jagoda, mango + banana<\/li>\n<li>\ud83e\uded0\ud83e\uddca\ud83c\udf53\ud83c\udf4c\ud83c\udf47 Borovni\u010dev led + jagoda, banana + me\u0161ano jagodi\u010devje<\/li>\n<li>\ud83e\udd64\ud83e\uddca\ud83e\uded0\ud83c\udf53\ud83c\udf51\ud83e\udd6d lubenica Cola Ice + borovnica malina + breskev mango lubenica<\/li>\n<li>Energija \ud83c\udf49\ud83c\udf4e\ud83c\udf50 Red Bull + borovnica lubenica + jabol\u010dna hru\u0161ka<\/li>\n<li>...in \u0161e ve\u010d zanimivih kombinacij! \ud83c\udf08<\/li>\n<\/ul>\n<p>Ste pripravljeni izbolj\u0161ati svojo izku\u0161njo vapinga? Bang Leader 80K s trojno mo\u010djo okusa in velikim \u0161tevilom izpuhov je va\u0161 naslednji vape! Priskrbite si ga v ve\u010djih koli\u010dinah in poskrbite, da bo zabava z okusi \u0161e naprej potekala! \ud83c\udf89<\/p>","protected":false},"excerpt":{"rendered":"<p>\ud83d\udd25 <strong>Spoznajte svojega novega vodjo okusov - Bang Leader 80K!<\/strong> Ta zmogljiva naprava za enkratno uporabo zagotavlja osupljivo <strong>80.000 vpihov<\/strong> ter <em>pametni sistem okusov 3 v 1, ki ga je vredno preizkusiti.<\/em><\/p>","protected":false},"featured_media":32197,"comment_status":"open","ping_status":"closed","template":"","meta":[],"product_brand":[227],"product_cat":[231,61,230],"product_tag":[],"class_list":{"0":"post-31953","1":"product","2":"type-product","3":"status-publish","4":"has-post-thumbnail","6":"product_brand-bang","7":"product_cat-60000-puffs-disposable-vape","8":"product_cat-bang","9":"product_cat-new","11":"first","12":"instock","13":"featured","14":"shipping-taxable","15":"purchasable","16":"product-type-variable","17":"has-default-attributes"},"jetpack_sharing_enabled":true,"tiered_pricing_type":"fixed","tiered_pricing_fixed_rules":{"30":7.37999999999999989341858963598497211933135986328125,"50":6.910000000000000142108547152020037174224853515625,"100":6.04999999999999982236431605997495353221893310546875,"200":5.67999999999999971578290569595992565155029296875,"400":5.12000000000000010658141036401502788066864013671875},"tiered_pricing_product_settings":{"layout":"default","base_unit_name":{"singular":null,"plural":null},"default_variation":null},"tiered_pricing_minimum_quantity":10,"tiered_pricing_roles_data":[],"tiered_pricing_percentage_rules":[],"tiered_pricing_maximum_quantity":null,"tiered_pricing_quantity_step":"10","_links":{"self":[{"href":"https:\/\/volovape.com\/sl\/wp-json\/wp\/v2\/product\/31953","targetHints":{"allow":["GET"]}}],"collection":[{"href":"https:\/\/volovape.com\/sl\/wp-json\/wp\/v2\/product"}],"about":[{"href":"https:\/\/volovape.com\/sl\/wp-json\/wp\/v2\/types\/product"}],"replies":[{"embeddable":true,"href":"https:\/\/volovape.com\/sl\/wp-json\/wp\/v2\/comments?post=31953"}],"wp:featuredmedia":[{"embeddable":true,"href":"https:\/\/volovape.com\/sl\/wp-json\/wp\/v2\/media\/32197"}],"wp:attachment":[{"href":"https:\/\/volovape.com\/sl\/wp-json\/wp\/v2\/media?parent=31953"}],"wp:term":[{"taxonomy":"product_brand","embeddable":true,"href":"https:\/\/volovape.com\/sl\/wp-json\/wp\/v2\/product_brand?post=31953"},{"taxonomy":"product_cat","embeddable":true,"href":"https:\/\/volovape.com\/sl\/wp-json\/wp\/v2\/product_cat?post=31953"},{"taxonomy":"product_tag","embeddable":true,"href":"https:\/\/volovape.com\/sl\/wp-json\/wp\/v2\/product_tag?post=31953"}],"curies":[{"name":"wp","href":"https:\/\/api.w.org\/{rel}","templated":true}]}}