{"id":31952,"date":"2025-07-02T03:28:57","date_gmt":"2025-07-02T03:28:57","guid":{"rendered":"https:\/\/volovape.com\/?post_type=product&#038;p=31952"},"modified":"2026-04-14T06:12:15","modified_gmt":"2026-04-14T06:12:15","slug":"bang-blaze-40k-40000-puffov","status":"publish","type":"product","link":"https:\/\/volovape.com\/sl\/product\/bang-blaze-40k-40000-puffs\/","title":{"rendered":"Bang Blaze 40K 40000 Puffs | dvojni okus polnilna sredstva za enkratno uporabo"},"content":{"rendered":"<p>\ud83d\udd25\ud83d\udca8 Pripravite se na vrhunsko izku\u0161njo vapinga z <b>Bang Blaze 40K Vape za enkratno uporabo<\/b>! \ud83d\udca8\ud83d\udd25<\/p>\n<p>Ta zmogljiva naprava na novo opredeljuje udobje in okus, saj ponuja neverjetno <b>40.000 vpihov<\/b> in ogromno <b>40 ml vnaprej napolnjenega e-teko\u010dina<\/b>. Nikoli se ne naveli\u010dajte <b>preklapljanje dveh okusov<\/b>s \u010dimer lahko takoj preklopite med dvema slastnima okusoma! \ud83e\udd29<\/p>\n<h3>\ud83d\ude80 Zakaj izbrati Bang Blaze 40K?<\/h3>\n<ul>\n<li><b>Neprekosljivo \u0161tevilo puffov:<\/b> U\u017eivajte v do 40.000 zadovoljujo\u010dih vdihih - vapirajte ve\u010d tednov brez zamenjave!<\/li>\n<li><b>Sistem dvojnega okusa:<\/b> S preprostim premikanjem takoj preklopite med dvema neverjetnima okusoma.<\/li>\n<li><b>Ogromna kapaciteta e-teko\u010dine:<\/b> Predhodno napolnjen s 40 ml vrhunskega e-teko\u010dina za dalj\u0161e u\u017eivanje.<\/li>\n<li><b>Prilagodljiv nikotin:<\/b> Izberite idealno jakost od 0% do 5% nikotina.<\/li>\n<li><b>Gladko in aromati\u010dno uparjanje:<\/b> Napredna 1,2\u03a9 spirala z dvojno mre\u017eo zagotavlja enakomerno, svilnato gladko paro.<\/li>\n<li><b>Hitro polnjenje:<\/b> Hitro polnjenje prek USB-C poskrbi za napajanje.<\/li>\n<li><b>Prenosna zasnova:<\/b> Priro\u010den za vaping na poti.<\/li>\n<\/ul>\n<h3>\u2728 Specifikacije:<\/h3>\n<ul>\n<li><b>Puffs:<\/b> Do 40.000<\/li>\n<li><b>Kapaciteta e-teko\u010dine:<\/b> 40 ml (vnaprej napolnjen)<\/li>\n<li><b>Mo\u017enosti nikotina:<\/b> 0%, 2%, 3%, 5% (do 5%)<\/li>\n<li><b>Navijalka:<\/b> Dvojna mre\u017ea 1,2\u03a9<\/li>\n<li><b>Baterija:<\/b> 650 mAh (za ponovno polnjenje)<\/li>\n<li><b>Polnjenje:<\/b> USB-C<\/li>\n<li><b>Okusi:<\/b> 32 kombinacij dvojnih okusov<\/li>\n<\/ul>\n<h3>\ud83c\udf53 Poudarki okusov (na voljo je 32 mo\u017enosti!):<\/h3>\n<ul>\n<li>lubenica \/ jagoda lubenica<\/li>\n<li>Borovnica Ice \/ Borovnica Raspberry<\/li>\n<li>Mango Ice \/ jagodni mango<\/li>\n<li>Ledena breskev \/ mango breskev<\/li>\n<li>Black Dragon Ice \/ Red Bull<\/li>\n<li>In \u0161e veliko ve\u010d!<\/li>\n<\/ul>","protected":false},"excerpt":{"rendered":"<p>\ud83d\udd25 Poslovite se od dolg\u010dasa z okusi z <strong>Bang Blaze 40K, <\/strong>polnilni, visoko zmogljiv vape za enkratno uporabo za ljubitelje okusov.<\/p>","protected":false},"featured_media":32185,"comment_status":"open","ping_status":"closed","template":"","meta":[],"product_brand":[227],"product_cat":[74,61,230],"product_tag":[],"class_list":{"0":"post-31952","1":"product","2":"type-product","3":"status-publish","4":"has-post-thumbnail","6":"product_brand-bang","7":"product_cat-40000-puffs-disposable-vape","8":"product_cat-bang","9":"product_cat-new","11":"first","12":"instock","13":"shipping-taxable","14":"purchasable","15":"product-type-variable","16":"has-default-attributes"},"jetpack_sharing_enabled":true,"tiered_pricing_type":"fixed","tiered_pricing_fixed_rules":{"30":6.82000000000000028421709430404007434844970703125,"50":6.29999999999999982236431605997495353221893310546875,"100":5.42999999999999971578290569595992565155029296875,"200":5.05999999999999960920149533194489777088165283203125,"400":4.5099999999999997868371792719699442386627197265625},"tiered_pricing_product_settings":{"layout":"default","base_unit_name":{"singular":null,"plural":null},"default_variation":null},"tiered_pricing_minimum_quantity":10,"tiered_pricing_roles_data":[],"tiered_pricing_percentage_rules":[],"tiered_pricing_maximum_quantity":null,"tiered_pricing_quantity_step":"10","_links":{"self":[{"href":"https:\/\/volovape.com\/sl\/wp-json\/wp\/v2\/product\/31952","targetHints":{"allow":["GET"]}}],"collection":[{"href":"https:\/\/volovape.com\/sl\/wp-json\/wp\/v2\/product"}],"about":[{"href":"https:\/\/volovape.com\/sl\/wp-json\/wp\/v2\/types\/product"}],"replies":[{"embeddable":true,"href":"https:\/\/volovape.com\/sl\/wp-json\/wp\/v2\/comments?post=31952"}],"wp:featuredmedia":[{"embeddable":true,"href":"https:\/\/volovape.com\/sl\/wp-json\/wp\/v2\/media\/32185"}],"wp:attachment":[{"href":"https:\/\/volovape.com\/sl\/wp-json\/wp\/v2\/media?parent=31952"}],"wp:term":[{"taxonomy":"product_brand","embeddable":true,"href":"https:\/\/volovape.com\/sl\/wp-json\/wp\/v2\/product_brand?post=31952"},{"taxonomy":"product_cat","embeddable":true,"href":"https:\/\/volovape.com\/sl\/wp-json\/wp\/v2\/product_cat?post=31952"},{"taxonomy":"product_tag","embeddable":true,"href":"https:\/\/volovape.com\/sl\/wp-json\/wp\/v2\/product_tag?post=31952"}],"curies":[{"name":"wp","href":"https:\/\/api.w.org\/{rel}","templated":true}]}}