{"id":31951,"date":"2025-07-02T03:28:57","date_gmt":"2025-07-02T03:28:57","guid":{"rendered":"https:\/\/volovape.com\/?post_type=product&#038;p=31951"},"modified":"2026-04-14T06:11:16","modified_gmt":"2026-04-14T06:11:16","slug":"bang-blaze-shisha-40000-puffs-40ml-0-6%cf%89-mesh-coil-4-ravni-nikotina-v-razsutem-stanju-za-enkratno-uporabo-vape","status":"publish","type":"product","link":"https:\/\/volovape.com\/sl\/product\/bang-blaze-shisha-40000-puffs-40ml-0-6%cf%89-mesh-coil-4-nicotine-levels-bulk-disposable-vape\/","title":{"rendered":"Bang Blaze Shisha 40000 Puffs | Shisha stil debelo veleprodajni vape za enkratno uporabo"},"content":{"rendered":"<h2>Bang Blaze Shisha 40000 Puffs za enkratno uporabo Vape | Bulk Wholesale<\/h2>\n<p>Izkusite najve\u010dje udobje pri vapingu z <strong>Bang Blaze Shisha 40000 Puffs<\/strong> vape za enkratno uporabo! \ud83d\udd25 Ta vape v slogu shisha, zasnovan za dolgotrajno zadovoljstvo, omogo\u010da neverjetnih 40.000 vdihov, zato je kot nala\u0161\u010d za navdu\u0161ence in kupce v velikih koli\u010dinah. U\u017eivajte v dosledno gladkih, bogatih in pristnih okusih, zahvaljujo\u010d napredni mre\u017eni tuljavi 0,6\u03a9. Prilagodite svojo izku\u0161njo s \u0161tirimi stopnjami nikotina (0%, 2%, 3%, 5%) in hitro napolnite prek Type-C z zmogljivo 1000 mAh baterijo. Idealno za prodajo na debelo, saj vsak 10-paket ponuja neprekosljivo vrednost! \ud83d\udca8<\/p>\n<h2>Glavne zna\u010dilnosti in specifikacije:<\/h2>\n<ul>\n<li>\u2705 <strong>Neprekosljivo \u0161tevilo puffov:<\/strong> Do 40.000 vdihov na napravo za dalj\u0161e u\u017eivanje.<\/li>\n<li>\u2705 <strong>Masivna kapaciteta e-teko\u010dine:<\/strong> Predhodno napolnjen s 40 ml vrhunskega e-teko\u010dina, kar zmanj\u0161uje \u0161tevilo ponovnih polnjenj.<\/li>\n<li>\u2705 <strong>Optimiziran okus in para:<\/strong> Ima 0,6\u03a9 mre\u017easto spiralo za dosledno gladke in aromati\u010dne udarce.<\/li>\n<li>\u2705 <strong>Dolgotrajen in polnilni:<\/strong> Opremljen je s 1000 mAh akumulatorsko baterijo in hitrim polnjenjem Type-C.<\/li>\n<li>\u2705 <strong>Prilagodljiv nikotin:<\/strong> Na voljo v nikotinskih stopnjah 0%, 2%, 3% in 5%.<\/li>\n<li>\u2705 <strong>Pripravljen za prodajo na debelo:<\/strong> Na voljo v priro\u010dnih 10 pakiranjih za nakup v razsutem stanju.<\/li>\n<\/ul>\n<h2>\ud83c\udf08 Neustavljiv nabor okusov:<\/h2>\n<p>lubenica, lubenica jagoda, pina colada, jagodni led, rde\u010di bik, breskov led, borovni\u010dev led, borovni\u010deva malina, grozdje \u010de\u0161njevih cvetov, dvojna jabolka, me\u0161ano sadje, mango breskev.<\/p>\n<p>Ste pripravljeni, da izbolj\u0161ate svoje potovanje z vapingom? . <strong>Bang Blaze Shisha 40K<\/strong> ponuja neprimerljiv okus, mo\u010d in zmogljivost. Vzemite svoj \u0161e danes in okusite razliko! \u2728<\/p>","protected":false},"excerpt":{"rendered":"<p>\ud83d\ude80 Spoznajte <strong>Bang Blaze Shisha 40K,<\/strong>\u00a0va\u0161 novi pripomo\u010dek za neskon\u010den okus in neustavljive oblake. Vsebuje 40 ml e-teko\u010dine, 1000 mAh baterijo in 12 neustavljivih okusov.<\/p>","protected":false},"featured_media":32173,"comment_status":"open","ping_status":"closed","template":"","meta":[],"product_brand":[227],"product_cat":[74,61,230],"product_tag":[],"class_list":{"0":"post-31951","1":"product","2":"type-product","3":"status-publish","4":"has-post-thumbnail","6":"product_brand-bang","7":"product_cat-40000-puffs-disposable-vape","8":"product_cat-bang","9":"product_cat-new","11":"first","12":"instock","13":"shipping-taxable","14":"purchasable","15":"product-type-variable","16":"has-default-attributes"},"jetpack_sharing_enabled":true,"tiered_pricing_type":"fixed","tiered_pricing_fixed_rules":{"30":6.480000000000000426325641456060111522674560546875,"50":6.1699999999999999289457264239899814128875732421875,"100":5.42999999999999971578290569595992565155029296875,"200":5.05999999999999960920149533194489777088165283203125,"400":4.5099999999999997868371792719699442386627197265625},"tiered_pricing_product_settings":{"layout":"default","base_unit_name":{"singular":null,"plural":null},"default_variation":null},"tiered_pricing_minimum_quantity":10,"tiered_pricing_roles_data":[],"tiered_pricing_percentage_rules":[],"tiered_pricing_maximum_quantity":null,"tiered_pricing_quantity_step":"10","_links":{"self":[{"href":"https:\/\/volovape.com\/sl\/wp-json\/wp\/v2\/product\/31951","targetHints":{"allow":["GET"]}}],"collection":[{"href":"https:\/\/volovape.com\/sl\/wp-json\/wp\/v2\/product"}],"about":[{"href":"https:\/\/volovape.com\/sl\/wp-json\/wp\/v2\/types\/product"}],"replies":[{"embeddable":true,"href":"https:\/\/volovape.com\/sl\/wp-json\/wp\/v2\/comments?post=31951"}],"wp:featuredmedia":[{"embeddable":true,"href":"https:\/\/volovape.com\/sl\/wp-json\/wp\/v2\/media\/32173"}],"wp:attachment":[{"href":"https:\/\/volovape.com\/sl\/wp-json\/wp\/v2\/media?parent=31951"}],"wp:term":[{"taxonomy":"product_brand","embeddable":true,"href":"https:\/\/volovape.com\/sl\/wp-json\/wp\/v2\/product_brand?post=31951"},{"taxonomy":"product_cat","embeddable":true,"href":"https:\/\/volovape.com\/sl\/wp-json\/wp\/v2\/product_cat?post=31951"},{"taxonomy":"product_tag","embeddable":true,"href":"https:\/\/volovape.com\/sl\/wp-json\/wp\/v2\/product_tag?post=31951"}],"curies":[{"name":"wp","href":"https:\/\/api.w.org\/{rel}","templated":true}]}}