{"id":31950,"date":"2025-07-02T03:28:57","date_gmt":"2025-07-02T03:28:57","guid":{"rendered":"https:\/\/volovape.com\/?post_type=product&#038;p=31950"},"modified":"2026-04-14T06:10:42","modified_gmt":"2026-04-14T06:10:42","slug":"vopk-ultra-40000-puffov","status":"publish","type":"product","link":"https:\/\/volovape.com\/sl\/product\/vopk-ultra-40000-puffs\/","title":{"rendered":"VOPK Ultra 40000 Puffs | dvojni okus nastavljiva mo\u010d za enkratno uporabo"},"content":{"rendered":"<h2>VOPK Ultra 40000 Puffs | Dual Flavor Nastavljiva mo\u010d za enkratno uporabo \ud83d\ude80<\/h2>\n<p>Izkusite vrhunsko vaping z <b>VOPK Ultra 40000 puffov<\/b>! Ta napredni vape za enkratno uporabo ponuja neprimerljivo kombinacijo inovacij in okusa. Z <b>dvojni nastavljivi okusi<\/b>, ogromno <b>zmogljivost 40.000 vpihov<\/b>in <b>pametni zasloni v realnem \u010dasu<\/b>, boste vsaki\u010d dosegli zadovoljiv zadetek. VOPK Ultra je kot nala\u0161\u010d za navdu\u0161ence nad okusi in intenzivne vaperje, saj zagotavlja zmogljivost, varnost in neprekosljivo raznolikost. \ud83d\udcaf<\/p>\n<h3>Klju\u010dne lastnosti:<\/h3>\n<ul>\n<li>\ud83d\udd0b <b>Baterija za polnjenje 850 mAh:<\/b> Dolgotrajna mo\u010d za dalj\u0161e vaping seanse.<\/li>\n<li>\ud83c\udf08 <b>Podi z dvojnim okusom:<\/b> Takoj preklopite ali zdru\u017eite dva okusna okusa.<\/li>\n<li>\u26a1 <b>Nastavljivi na\u010dini napajanja:<\/b> Prilagodite proizvodnjo pare od blage do intenzivne.<\/li>\n<li>\ud83d\udee1\ufe0f <b>Varnost otro\u0161ke klju\u010davnice:<\/b> U\u017eivajte v miru z dodatno varnostjo.<\/li>\n<li>\ud83d\udcca <b>Zaslon LED:<\/b> Enostavno spremljajte raven e-teko\u010dine in baterije v realnem \u010dasu.<\/li>\n<li>\ud83d\udca8 <b>36mL E-teko\u010dina Kapaciteta:<\/b> Predhodno napolnjen za udobje in dalj\u0161o uporabo.<\/li>\n<li>\ud83c\udf2c\ufe0f <b>Sistem tuljave s \u0161tirimi mre\u017eami:<\/b> Zagotavlja gladek, izrazit in enakomeren okus.<\/li>\n<li>mo\u017enosti nikotina iz <b>0%-5%<\/b><\/li>\n<\/ul>\n<h3>Priljubljene kombinacije dveh okusov: \ud83c\udf53\ud83c\udf47<\/h3>\n<ul>\n<li>Jagoda lubenica \/ kivi Pasijonka Guava<\/li>\n<li>Borovnica malina \/ Mango breskev lubenica<\/li>\n<li>Modri gumijasti medvedek Razz \/ jagoda kivi<\/li>\n<li>Blue Razz \u010ce\u0161nja \/ Jagoda malina<\/li>\n<li>Fizzy Limona in limeta \/ lubenica Sve\u017ea meta<\/li>\n<li>Blue Razz Ananas \/ Trojni mango<\/li>\n<li>Grozdje Berry Burst \/ hru\u0161ka jabolko malina<\/li>\n<li>Jagoda brusnica \u010de\u0161nja \/ ananas strastna limeta<\/li>\n<li>Borovnica jagoda mentol \/ Borovnica malina mentol<\/li>\n<\/ul>\n<p>Na voljo za prodajo na debelo v priro\u010dnih pakiranjih po 10 kosov. Izbolj\u0161ajte svojo izku\u0161njo vape z VOPK Ultra! \u2728<\/p>","protected":false},"excerpt":{"rendered":"<p>\ud83d\ude80 <strong>Do\u017eivite neustavljivo svobodo okusa z VOPK Ultra 40000 Puffs<\/strong> - mo\u010d dveh okusov, ustvarjena za tiste, ki se no\u010dejo zadovoljiti.<\/p>","protected":false},"featured_media":32160,"comment_status":"open","ping_status":"closed","template":"","meta":[],"product_brand":[233],"product_cat":[74,230,65],"product_tag":[],"class_list":{"0":"post-31950","1":"product","2":"type-product","3":"status-publish","4":"has-post-thumbnail","6":"product_brand-okso","7":"product_cat-40000-puffs-disposable-vape","8":"product_cat-new","9":"product_cat-vopk","11":"first","12":"instock","13":"shipping-taxable","14":"purchasable","15":"product-type-variable","16":"has-default-attributes"},"jetpack_sharing_enabled":true,"tiered_pricing_type":"fixed","tiered_pricing_fixed_rules":{"30":7.839999999999999857891452847979962825775146484375,"50":6.79000000000000003552713678800500929355621337890625,"100":6.1699999999999999289457264239899814128875732421875,"200":5.79999999999999982236431605997495353221893310546875,"400":5.37000000000000010658141036401502788066864013671875},"tiered_pricing_product_settings":{"layout":"default","base_unit_name":{"singular":null,"plural":null},"default_variation":null},"tiered_pricing_minimum_quantity":10,"tiered_pricing_roles_data":[],"tiered_pricing_percentage_rules":[],"tiered_pricing_maximum_quantity":null,"tiered_pricing_quantity_step":"10","_links":{"self":[{"href":"https:\/\/volovape.com\/sl\/wp-json\/wp\/v2\/product\/31950","targetHints":{"allow":["GET"]}}],"collection":[{"href":"https:\/\/volovape.com\/sl\/wp-json\/wp\/v2\/product"}],"about":[{"href":"https:\/\/volovape.com\/sl\/wp-json\/wp\/v2\/types\/product"}],"replies":[{"embeddable":true,"href":"https:\/\/volovape.com\/sl\/wp-json\/wp\/v2\/comments?post=31950"}],"wp:featuredmedia":[{"embeddable":true,"href":"https:\/\/volovape.com\/sl\/wp-json\/wp\/v2\/media\/32160"}],"wp:attachment":[{"href":"https:\/\/volovape.com\/sl\/wp-json\/wp\/v2\/media?parent=31950"}],"wp:term":[{"taxonomy":"product_brand","embeddable":true,"href":"https:\/\/volovape.com\/sl\/wp-json\/wp\/v2\/product_brand?post=31950"},{"taxonomy":"product_cat","embeddable":true,"href":"https:\/\/volovape.com\/sl\/wp-json\/wp\/v2\/product_cat?post=31950"},{"taxonomy":"product_tag","embeddable":true,"href":"https:\/\/volovape.com\/sl\/wp-json\/wp\/v2\/product_tag?post=31950"}],"curies":[{"name":"wp","href":"https:\/\/api.w.org\/{rel}","templated":true}]}}