{"id":31949,"date":"2025-07-02T03:28:56","date_gmt":"2025-07-02T03:28:56","guid":{"rendered":"https:\/\/volovape.com\/?post_type=product&#038;p=31949"},"modified":"2026-04-14T06:17:18","modified_gmt":"2026-04-14T06:17:18","slug":"vopk-trojni-60k-60000-pufov","status":"publish","type":"product","link":"https:\/\/volovape.com\/sl\/product\/vopk-triple-60k-60000-puffs\/","title":{"rendered":"Vopk Triple 60K | 3-v-1 trojni okus 60000 puffov za enkratno uporabo"},"content":{"rendered":"<p>\ud83d\udd25 <b>Vopk Triple 60000 Puffs Vape za enkratno uporabo<\/b>: Izkusite vrhunsko udobje in okus za vaping! Ta inovativni vape za enkratno uporabo 3 v 1 ponuja neverjetnih 60.000 izpuhov, 54 ml e-teko\u010dine in tuljave s trojno mre\u017eo za neprimerljivo do\u017eivetje vapinga. Bodite obve\u0161\u010deni s pametnim zaslonom LED in se hitro napolnite s hitrim polnjenjem Type-C. Prilagodite svoj zadetek z nikotinskimi mo\u017enostmi 2% ali 5%. Vopk Triple 60K je idealen za vsako prilo\u017enost, saj zagotavlja ogromne oblake, bogat okus in neprekosljivo zmogljivost. \ud83d\ude80<\/p>\n<h3>\u2728 Klju\u010dne funkcije:<\/h3>\n<ul>\n<li><b>\u0160tevilo puffov:<\/b> Do 60.000 vdihov<\/li>\n<li><b>Kapaciteta e-teko\u010dine:<\/b> 54 ml vnaprej napolnjenih<\/li>\n<li><b>Vrsta tuljave:<\/b> Trojne mre\u017easte tuljave<\/li>\n<li><b>Baterija:<\/b> 650 mAh za polnjenje<\/li>\n<li><b>Polnjenje:<\/b> Hitro polnjenje tipa C<\/li>\n<li><b>Mo\u017enosti nikotina:<\/b> 2% (20 mg) \/ 5% (50 mg) Solni nikotin<\/li>\n<li><b>Zaslon:<\/b> Pametni zaslon LED (indikatorji baterije in e-teko\u010dine)<\/li>\n<li><b>Sistem okusov:<\/b> Vrtenje okusov 3 v 1<\/li>\n<\/ul>\n<h3>\ud83c\udf53\ud83d\udca8 Kombinacije okusov:<\/h3>\n<ul>\n<li>Arbuzni sladoled - trojni melonin sladoled - jagodni sladoled<\/li>\n<li>jagoda banana - malina lubenica - ananas kokos<\/li>\n<li>Breskev jagodi\u010devje - Blue Razz Ice - lubenica breskev mango<\/li>\n<li>Kisli ananas mango - Red Bull jagoda - led iz \u010drnega ribeza<\/li>\n<li>kivi pasijonka - jagoda \u010de\u0161nja - ljubezen 66<\/li>\n<li>Dvojni jabol\u010dni led - tropsko sadje - jagoda lubenica Bubblegum<\/li>\n<li>Grozdni led - jagodni kivi - lubenica Red Bull<\/li>\n<li>Jagoda lubenica - Borovnica malina - Limona limona<\/li>\n<li>banana ananas - Red Bull Ice - jagoda mango<\/li>\n<li>Gumijasti medvedek - jagoda z vanilijevo kolo - borovni\u010deva sladkorna bomba<\/li>\n<\/ul>","protected":false},"excerpt":{"rendered":"<p>\ud83d\udd25 <strong>Trije okusi, neskon\u010dno zadovoljstvo.<\/strong> Vopk Triple 60K je zasnovan za vaperje, ki si \u017eelijo neprekinjene raznolikosti in resne zmogljivosti.<\/p>","protected":false},"featured_media":32148,"comment_status":"open","ping_status":"closed","template":"","meta":[],"product_brand":[236],"product_cat":[39,231,21,43,20,230,65],"product_tag":[],"class_list":{"0":"post-31949","1":"product","2":"type-product","3":"status-publish","4":"has-post-thumbnail","6":"product_brand-vopk","7":"product_cat-digital-box-vapes","8":"product_cat-60000-puffs-disposable-vape","9":"product_cat-big-puffs-vapes","10":"product_cat-crystal-vapes","11":"product_cat-disposable-vape-types","12":"product_cat-new","13":"product_cat-vopk","15":"first","16":"instock","17":"featured","18":"shipping-taxable","19":"purchasable","20":"product-type-variable","21":"has-default-attributes"},"jetpack_sharing_enabled":true,"tiered_pricing_type":"fixed","tiered_pricing_fixed_rules":{"30":7.839999999999999857891452847979962825775146484375,"50":7.6500000000000003552713678800500929355621337890625,"100":6.910000000000000142108547152020037174224853515625,"200":6.54000000000000003552713678800500929355621337890625,"400":5.9900000000000002131628207280300557613372802734375},"tiered_pricing_product_settings":{"layout":"default","base_unit_name":{"singular":null,"plural":null},"default_variation":null},"tiered_pricing_minimum_quantity":10,"tiered_pricing_roles_data":[],"tiered_pricing_percentage_rules":[],"tiered_pricing_maximum_quantity":null,"tiered_pricing_quantity_step":"10","_links":{"self":[{"href":"https:\/\/volovape.com\/sl\/wp-json\/wp\/v2\/product\/31949","targetHints":{"allow":["GET"]}}],"collection":[{"href":"https:\/\/volovape.com\/sl\/wp-json\/wp\/v2\/product"}],"about":[{"href":"https:\/\/volovape.com\/sl\/wp-json\/wp\/v2\/types\/product"}],"replies":[{"embeddable":true,"href":"https:\/\/volovape.com\/sl\/wp-json\/wp\/v2\/comments?post=31949"}],"wp:featuredmedia":[{"embeddable":true,"href":"https:\/\/volovape.com\/sl\/wp-json\/wp\/v2\/media\/32148"}],"wp:attachment":[{"href":"https:\/\/volovape.com\/sl\/wp-json\/wp\/v2\/media?parent=31949"}],"wp:term":[{"taxonomy":"product_brand","embeddable":true,"href":"https:\/\/volovape.com\/sl\/wp-json\/wp\/v2\/product_brand?post=31949"},{"taxonomy":"product_cat","embeddable":true,"href":"https:\/\/volovape.com\/sl\/wp-json\/wp\/v2\/product_cat?post=31949"},{"taxonomy":"product_tag","embeddable":true,"href":"https:\/\/volovape.com\/sl\/wp-json\/wp\/v2\/product_tag?post=31949"}],"curies":[{"name":"wp","href":"https:\/\/api.w.org\/{rel}","templated":true}]}}