{"id":31947,"date":"2025-07-02T03:28:56","date_gmt":"2025-07-02T03:28:56","guid":{"rendered":"https:\/\/volovape.com\/?post_type=product&#038;p=31947"},"modified":"2025-11-11T04:39:23","modified_gmt":"2025-11-11T04:39:23","slug":"vapme-digital-30000-puffs","status":"publish","type":"product","link":"https:\/\/volovape.com\/sl\/product\/vapme-digital-30000-puffs\/","title":{"rendered":"Vapme Digital 30000 Puffs | 12 okusov mre\u017easta tuljava za enkratno uporabo"},"content":{"rendered":"<h2>\u2728 Vapme Digital 30000: najbolj\u0161i Vape za enkratno uporabo! \ud83d\ude80<\/h2>\n<p>Izkusite vaping kot \u0161e nikoli prej z <strong>Vapme Digital 30000<\/strong>. Ta naprava je kot nala\u0161\u010d za te\u017eke vaperje in kupce velikih koli\u010din, saj zagotavlja neprekosljivo <strong>30.000 vpihov<\/strong> stalnega in mo\u010dnega okusa. Poslovite se od nenehnega polnjenja in \u0161ibkih zadetkov, saj ima ogromen <strong>20 ml e-teko\u010dine<\/strong> in robusten <strong>850 mAh akumulatorska baterija<\/strong> s priro\u010dnim <strong>Polnjenje tipa C<\/strong>. U\u017eivajte v gladkem <strong>Oblaki MTL (Mouth-to-Lung)<\/strong> in bogata para iz naprednega <strong>0,6\u03a9 mre\u017ena tuljava<\/strong>. Ste pripravljeni narediti vtis? \u0160e danes si jih zagotovite v razsutem stanju! \ud83d\udca8<\/p>\n<h3>\ud83d\udcca Klju\u010dne specifikacije:<\/h3>\n<ul>\n<li><strong>\u0160tevilo puffov:<\/strong> Do 30.000 vpihov \ud83e\udd2f<\/li>\n<li><strong>Kapaciteta e-teko\u010dine:<\/strong> 20 ml vnaprej napolnjenih<\/li>\n<li><strong>Navijalka:<\/strong> 0,6\u03a9 napredna mre\u017ena tuljava za bogato paro<\/li>\n<li><strong>Baterija:<\/strong> 850 mAh za polnjenje (tip C)<\/li>\n<li><strong>Stopnje nikotina:<\/strong> 0%, 12%, 13%, 15%<\/li>\n<li><strong>Na\u010din uparjanja:<\/strong> MTL (iz ust v plju\u010da)<\/li>\n<li><strong>Mo\u017enosti okusa:<\/strong> 12 neverjetnih mo\u017enosti \ud83c\udf53\ud83e\uded0\ud83e\udd6d<\/li>\n<\/ul>\n<h3>\ud83c\udf08 Potopite se v 12 slastnih okusov:<\/h3>\n<p>Odkrijte svojo novo najljub\u0161o z na\u0161o \u0161iroko izbiro \u017eivahnih okusov! Od so\u010dnih <strong>Borovnica malina<\/strong> do po\u017eivljajo\u010dega <strong>Energijski napitek<\/strong> in eksoti\u010dne <strong>Kivi Pasijonka Guava<\/strong>, za vsako razpolo\u017eenje se najde popolna izbira. Obra\u010danje med <em>12 zadovoljivih okusov<\/em> \u0161e nikoli ni bilo tako enostavno! \ud83d\ude0b<\/p>\n<p>Izberite Vapme Digital 30000 za intenzivno, dolgotrajno zadovoljstvo in poskrbite, da se bodo va\u0161e stranke vra\u010dale \u0161e naprej!<\/p>","protected":false},"excerpt":{"rendered":"<p>\ud83d\ude80 <strong>Ste pripravljeni izbolj\u0161ati svojo izku\u0161njo vape?<\/strong> Spoznajte Vapme Digital 30000 - visokozmogljiv vape za enkratno uporabo, namenjen resnim iskalcem okusov in ljubiteljem nikotina.<\/p>","protected":false},"featured_media":32103,"comment_status":"open","ping_status":"closed","template":"","meta":[],"product_brand":[234],"product_cat":[63,230,49],"product_tag":[],"class_list":{"0":"post-31947","1":"product","2":"type-product","3":"status-publish","4":"has-post-thumbnail","6":"product_brand-vapme","7":"product_cat-30000-puffs-disposable-vape","8":"product_cat-new","9":"product_cat-vapme","11":"first","12":"instock","13":"shipping-taxable","14":"purchasable","15":"product-type-variable","16":"has-default-attributes"},"jetpack_sharing_enabled":true,"tiered_pricing_type":"fixed","tiered_pricing_fixed_rules":{"30":8.6300000000000007815970093361102044582366943359375,"50":7.6500000000000003552713678800500929355621337890625,"100":7.04000000000000003552713678800500929355621337890625,"200":6.6699999999999999289457264239899814128875732421875,"400":6.230000000000000426325641456060111522674560546875},"tiered_pricing_product_settings":{"layout":"default","base_unit_name":{"singular":null,"plural":null},"default_variation":null},"tiered_pricing_minimum_quantity":10,"tiered_pricing_roles_data":[],"tiered_pricing_percentage_rules":[],"tiered_pricing_maximum_quantity":null,"tiered_pricing_quantity_step":"10","_links":{"self":[{"href":"https:\/\/volovape.com\/sl\/wp-json\/wp\/v2\/product\/31947","targetHints":{"allow":["GET"]}}],"collection":[{"href":"https:\/\/volovape.com\/sl\/wp-json\/wp\/v2\/product"}],"about":[{"href":"https:\/\/volovape.com\/sl\/wp-json\/wp\/v2\/types\/product"}],"replies":[{"embeddable":true,"href":"https:\/\/volovape.com\/sl\/wp-json\/wp\/v2\/comments?post=31947"}],"wp:featuredmedia":[{"embeddable":true,"href":"https:\/\/volovape.com\/sl\/wp-json\/wp\/v2\/media\/32103"}],"wp:attachment":[{"href":"https:\/\/volovape.com\/sl\/wp-json\/wp\/v2\/media?parent=31947"}],"wp:term":[{"taxonomy":"product_brand","embeddable":true,"href":"https:\/\/volovape.com\/sl\/wp-json\/wp\/v2\/product_brand?post=31947"},{"taxonomy":"product_cat","embeddable":true,"href":"https:\/\/volovape.com\/sl\/wp-json\/wp\/v2\/product_cat?post=31947"},{"taxonomy":"product_tag","embeddable":true,"href":"https:\/\/volovape.com\/sl\/wp-json\/wp\/v2\/product_tag?post=31947"}],"curies":[{"name":"wp","href":"https:\/\/api.w.org\/{rel}","templated":true}]}}