{"id":31946,"date":"2025-07-02T03:28:55","date_gmt":"2025-07-02T03:28:55","guid":{"rendered":"https:\/\/volovape.com\/?post_type=product&#038;p=31946"},"modified":"2026-04-14T06:24:46","modified_gmt":"2026-04-14T06:24:46","slug":"okso-shisha-max-40000-puffs","status":"publish","type":"product","link":"https:\/\/volovape.com\/sl\/product\/okso-shisha-max-40000-puffs\/","title":{"rendered":"OKSO Shisha Max 40K | mre\u017ena tuljava, LED zaslon za enkratno uporabo"},"content":{"rendered":"<h2>\ud83d\udd25 Zakaj izbrati OKSO Shisha Max 40K?<\/h2>\n<p>Izbolj\u0161ajte svojo izku\u0161njo vapinga z <strong>OKSO Shisha Max 40K<\/strong>, zasnovan za popolno zadovoljstvo in nadzor. U\u017eivajte v osupljivem <strong>40.000 vpihov<\/strong> iz ene same naprave! \ud83d\ude80 Njegova napredna <strong>mre\u017easta tuljava<\/strong> tehnologija zagotavlja dosledno bogat in gladek okus, medtem ko intuitivna <strong>Prikazovalnik LED<\/strong> vas obve\u0161\u010da o \u010dasu trajanja baterije in \u0161tevilu napolnjenih ust. S prilagodljivimi nastavitvami pretoka zraka in mo\u010di prilagodite svoj vape. Z robustnim <strong>800 mAh akumulatorska baterija<\/strong> in hitrim polnjenjem tipa C, ste vedno pripravljeni na delo. Poleg tega je vgrajen <strong>otro\u0161ka klju\u010davnica<\/strong> zagotavlja dodatno varnost. Odli\u010dno za vaperje, ki i\u0161\u010dejo dolgo \u017eivljenjsko dobo, okus in prilagodljivost, ter odli\u010dna veleprodajna mo\u017enost za trgovce na drobno!<\/p>\n<h2>\u2728 Specifikacije izdelka:<\/h2>\n<ul>\n<li><strong>\u0160tevilo puffov:<\/strong> Do 40.000 vpihov<\/li>\n<li><strong>Kapaciteta e-teko\u010dine:<\/strong> 36 ml (vnaprej napolnjen)<\/li>\n<li><strong>Vrsta tuljave:<\/strong> Mre\u017easta tuljava za vrhunski okus in proizvodnjo pare<\/li>\n<li><strong>Zaslon:<\/strong> Zaslon LED (baterija in \u0161tevilo napolnjenih baterij)<\/li>\n<li><strong>Baterija:<\/strong> 800 mAh za polnjenje<\/li>\n<li><strong>Polnjenje:<\/strong> Hitro polnjenje tipa C<\/li>\n<li><strong>Prednosti nikotina:<\/strong> 0%, 2%, 3%, 5% (po prostornini)<\/li>\n<li><strong>Lastnosti:<\/strong> Nastavljiv pretok zraka, nastavljiva mo\u010d, otro\u0161ka klju\u010davnica<\/li>\n<\/ul>\n<h2>\ud83c\udf53 Seznam okusov:<\/h2>\n<ul>\n<li>Dve jabolki \ud83c\udf4f\ud83c\udf4f<\/li>\n<li>Grozdna meta \ud83c\udf47\ud83c\udf43<\/li>\n<li>\u010ce\u0161njeva fiesta \ud83c\udf52\ud83c\udf89<\/li>\n<li>Breskov led \ud83c\udf51\ud83e\uddca<\/li>\n<li>Magic Love \u2728\u2764\ufe0f<\/li>\n<li>Jagodni pun\u010d \ud83c\udf53\ud83d\udca5<\/li>\n<li>Blue Razz Ice \ud83d\udc99\ud83e\uddca<\/li>\n<li>Lush Ice \ud83c\udf49\u2744\ufe0f<\/li>\n<li>Jagodna lubenica \ud83c\udf53\ud83c\udf49<\/li>\n<li>Jagodna meta \ud83c\udf53\ud83c\udf43<\/li>\n<\/ul>","protected":false},"excerpt":{"rendered":"<p>OKSO Shisha Max 40K za enkratno uporabo omogo\u010da do 40.000 vpihov z nadzorom mo\u010di, nastavitvijo pretoka zraka in 10 bogatimi okusi - ustvarjeno za dolgotrajno, prilagodljivo in aromati\u010dno u\u017eivanje v vapiranju.<\/p>","protected":false},"featured_media":32093,"comment_status":"open","ping_status":"closed","template":"","meta":[],"product_brand":[233],"product_cat":[74,230,229],"product_tag":[],"class_list":{"0":"post-31946","1":"product","2":"type-product","3":"status-publish","4":"has-post-thumbnail","6":"product_brand-okso","7":"product_cat-40000-puffs-disposable-vape","8":"product_cat-new","9":"product_cat-okso","11":"first","12":"instock","13":"shipping-taxable","14":"purchasable","15":"product-type-variable","16":"has-default-attributes"},"jetpack_sharing_enabled":true,"tiered_pricing_type":"fixed","tiered_pricing_fixed_rules":{"30":7.589999999999999857891452847979962825775146484375,"50":6.519999999999999573674358543939888477325439453125,"100":5.9000000000000003552713678800500929355621337890625,"200":5.53000000000000024868995751603506505489349365234375,"400":5.0999999999999996447286321199499070644378662109375},"tiered_pricing_product_settings":{"layout":"default","base_unit_name":{"singular":null,"plural":null},"default_variation":null},"tiered_pricing_minimum_quantity":10,"tiered_pricing_roles_data":[],"tiered_pricing_percentage_rules":[],"tiered_pricing_maximum_quantity":null,"tiered_pricing_quantity_step":"10","_links":{"self":[{"href":"https:\/\/volovape.com\/sl\/wp-json\/wp\/v2\/product\/31946","targetHints":{"allow":["GET"]}}],"collection":[{"href":"https:\/\/volovape.com\/sl\/wp-json\/wp\/v2\/product"}],"about":[{"href":"https:\/\/volovape.com\/sl\/wp-json\/wp\/v2\/types\/product"}],"replies":[{"embeddable":true,"href":"https:\/\/volovape.com\/sl\/wp-json\/wp\/v2\/comments?post=31946"}],"wp:featuredmedia":[{"embeddable":true,"href":"https:\/\/volovape.com\/sl\/wp-json\/wp\/v2\/media\/32093"}],"wp:attachment":[{"href":"https:\/\/volovape.com\/sl\/wp-json\/wp\/v2\/media?parent=31946"}],"wp:term":[{"taxonomy":"product_brand","embeddable":true,"href":"https:\/\/volovape.com\/sl\/wp-json\/wp\/v2\/product_brand?post=31946"},{"taxonomy":"product_cat","embeddable":true,"href":"https:\/\/volovape.com\/sl\/wp-json\/wp\/v2\/product_cat?post=31946"},{"taxonomy":"product_tag","embeddable":true,"href":"https:\/\/volovape.com\/sl\/wp-json\/wp\/v2\/product_tag?post=31946"}],"curies":[{"name":"wp","href":"https:\/\/api.w.org\/{rel}","templated":true}]}}