{"id":31945,"date":"2025-07-02T03:28:55","date_gmt":"2025-07-02T03:28:55","guid":{"rendered":"https:\/\/volovape.com\/?post_type=product&#038;p=31945"},"modified":"2026-04-14T06:23:17","modified_gmt":"2026-04-14T06:23:17","slug":"okso-carobno-ogledalo-50000-puffov","status":"publish","type":"product","link":"https:\/\/volovape.com\/sl\/product\/okso-magic-mirror-50000-puffs\/","title":{"rendered":"OKSO Magic Mirror 50000 Puffs | RGB LED, dvojna mre\u017ea, LED zaslon, vape za enkratno uporabo"},"content":{"rendered":"<p>\ud83d\udd25 <strong>Do\u017eivite vaping na novo z OKSO Magic Mirror 50K!<\/strong> \ud83d\udd25 To ni le \u0161e en vape za enkratno uporabo, ampak je izrazit izdelek, zasnovan za popolno zadovoljstvo. Pridobite osupljivo <strong>50.000 vpihov<\/strong>, ogromno <strong>Kapaciteta 40 ml e-teko\u010dine<\/strong>in udobje, ki ga omogo\u010da <strong>akumulatorska baterija tipa C<\/strong>. Njegova privla\u010dna zrcalna obdelava in dinami\u010dna <strong>RGB LED sijaj<\/strong> izstopate, medtem ko <strong>dvojne mre\u017easte tuljave<\/strong> vsaki\u010d zagotovite intenziven okus in velike oblake. Odli\u010dno za navdu\u0161ence nad okusom, lovce na oblake in prodajalce, ki i\u0161\u010dejo vrhunske vapes za enkratno uporabo.<\/p>\n<h3>\ud83d\udcca Specifikacije:<\/h3>\n<ul>\n<li>\ud83d\udca8 <strong>Puffs:<\/strong> Do 50.000<\/li>\n<li>\ud83d\udca7 <strong>E-teko\u010dina:<\/strong> 40 ml (vnaprej napolnjen)<\/li>\n<li>\u2728 <strong>Navijalka:<\/strong> Dvojna mre\u017ea za vrhunski okus<\/li>\n<li>\ud83d\udd0b <strong>Baterija:<\/strong> 850 mAh za polnjenje (tip C)<\/li>\n<li>\ud83e\uddea <strong>Prednosti nikotina:<\/strong> 0%, 2%, 3%, 5% (razpolo\u017eljive mo\u017enosti)<\/li>\n<li>\ud83d\udda5\ufe0f <strong>Zaslon:<\/strong> Zaslon LED za \u0161tevilo izpuhov in \u017eivljenjsko dobo baterije<\/li>\n<li>\ud83d\udd12 <strong>Varnost:<\/strong> Vgrajena funkcija otro\u0161ke klju\u010davnice<\/li>\n<li>\ud83c\udf1f <strong>Oblikovanje:<\/strong> Zrcalna povr\u0161ina z u\u010dinki RGB LED<\/li>\n<\/ul>\n<h3>\ud83c\udf6d Razpolo\u017eljivi okusi:<\/h3>\n<ul>\n<li>Blue Razz Ice \ud83e\uded0\u2744\ufe0f<\/li>\n<li>Lush Ice \ud83c\udf49\u2744\ufe0f<\/li>\n<li>Jagodni led \ud83c\udf53\u2744\ufe0f<\/li>\n<li>Grozdni led \ud83c\udf47\u2744\ufe0f<\/li>\n<li>LOVE 66 \u2764\ufe0f\u200d\ud83d\udd25<\/li>\n<li>Lady Killa \ud83d\udc51<\/li>\n<li>Mint Ice \ud83c\udf43\u2744\ufe0f<\/li>\n<li>Jagodna lubenica \ud83c\udf53\ud83c\udf49<\/li>\n<li>Kivi pasijonka \ud83e\udd5d\ud83e\udd6d<\/li>\n<li>Me\u0161ano jagodi\u010devje \ud83c\udf53\ud83e\uded0\ud83c\udf47<\/li>\n<\/ul>","protected":false},"excerpt":{"rendered":"<p>\u2728 Pripravite se na vape v slogu z OKSO Magic Mirror 50K: 50.000 puhov, dvojne mre\u017easte tuljave, RGB LED in 40 ml e-teko\u010dine - eleganten in zmogljiv vape za enkratno uporabo za mno\u017ei\u010dne kupce.<\/p>","protected":false},"featured_media":32025,"comment_status":"open","ping_status":"closed","template":"","meta":[],"product_brand":[233],"product_cat":[74,230,229],"product_tag":[],"class_list":{"0":"post-31945","1":"product","2":"type-product","3":"status-publish","4":"has-post-thumbnail","6":"product_brand-okso","7":"product_cat-40000-puffs-disposable-vape","8":"product_cat-new","9":"product_cat-okso","11":"first","12":"instock","13":"shipping-taxable","14":"purchasable","15":"product-type-variable","16":"has-default-attributes"},"jetpack_sharing_enabled":true,"tiered_pricing_type":"fixed","tiered_pricing_fixed_rules":{"30":8.7400000000000002131628207280300557613372802734375,"60":8.699999999999999289457264239899814128875732421875,"100":8.300000000000000710542735760100185871124267578125,"200":7.9000000000000003552713678800500929355621337890625},"tiered_pricing_product_settings":{"layout":"default","base_unit_name":{"singular":null,"plural":null},"default_variation":null},"tiered_pricing_minimum_quantity":10,"tiered_pricing_roles_data":[],"tiered_pricing_percentage_rules":[],"tiered_pricing_maximum_quantity":null,"tiered_pricing_quantity_step":"10","_links":{"self":[{"href":"https:\/\/volovape.com\/sl\/wp-json\/wp\/v2\/product\/31945","targetHints":{"allow":["GET"]}}],"collection":[{"href":"https:\/\/volovape.com\/sl\/wp-json\/wp\/v2\/product"}],"about":[{"href":"https:\/\/volovape.com\/sl\/wp-json\/wp\/v2\/types\/product"}],"replies":[{"embeddable":true,"href":"https:\/\/volovape.com\/sl\/wp-json\/wp\/v2\/comments?post=31945"}],"wp:featuredmedia":[{"embeddable":true,"href":"https:\/\/volovape.com\/sl\/wp-json\/wp\/v2\/media\/32025"}],"wp:attachment":[{"href":"https:\/\/volovape.com\/sl\/wp-json\/wp\/v2\/media?parent=31945"}],"wp:term":[{"taxonomy":"product_brand","embeddable":true,"href":"https:\/\/volovape.com\/sl\/wp-json\/wp\/v2\/product_brand?post=31945"},{"taxonomy":"product_cat","embeddable":true,"href":"https:\/\/volovape.com\/sl\/wp-json\/wp\/v2\/product_cat?post=31945"},{"taxonomy":"product_tag","embeddable":true,"href":"https:\/\/volovape.com\/sl\/wp-json\/wp\/v2\/product_tag?post=31945"}],"curies":[{"name":"wp","href":"https:\/\/api.w.org\/{rel}","templated":true}]}}