{"id":31944,"date":"2025-07-02T03:28:55","date_gmt":"2025-07-02T03:28:55","guid":{"rendered":"https:\/\/volovape.com\/?post_type=product&#038;p=31944"},"modified":"2026-04-14T06:20:46","modified_gmt":"2026-04-14T06:20:46","slug":"okso-crystal-bar-800-puffov","status":"publish","type":"product","link":"https:\/\/volovape.com\/sl\/product\/okso-crystal-bar-800-puffs\/","title":{"rendered":"OKSO Crystal Bar 800 | mre\u017ena tuljava RGB veleprodaja za enkratno uporabo"},"content":{"rendered":"<p>OKSO Crystal Bar 800 za enkratno uporabo zagotavlja 800 gladkih puhov, u\u010dinke RGB LED in 10 drznih okusov v kompaktni, elegantni obliki - kot nala\u0161\u010d za vsakodnevne u\u017eitke na poti. Ta izjemno prenosni vape, ki je vnaprej napolnjen z 2 ml e-teko\u010dine in na voljo v razli\u010dnih stopnjah nikotina (0-5%), zagotavlja zadovoljiv u\u010dinek do 800 vpihov.<\/p>\n<p>Pozabite na zapletene nastavitve - preprosto vzemite, napihnite in u\u017eivajte! Crystal Bar tehta le 36 g in je kot nala\u0161\u010d za diskretno vapiranje na poti, obenem pa z \u017eivahnimi svetlobnimi u\u010dinki LED \u0161e vedno vzbuja pozornost.<\/p>\n<h3>\ud83d\ude80 Zakaj vam bo v\u0161e\u010d<\/h3>\n<ul>\n<li>Dosleden, izrazit okus z mre\u017easto zasnovo tuljave<\/li>\n<li>Barvita RGB LED za dodaten pridih<\/li>\n<li>Kompakten, lahek in primeren za potovanja<\/li>\n<li>Ve\u010d stopenj nikotina, ki ustrezajo va\u0161emu razpolo\u017eenju<\/li>\n<li>Brez polnjenja ali skrbi - 800 puhlic \u010distega udobja<\/li>\n<\/ul>\n<h3>\ud83c\udf6d Mo\u017enosti okusov<\/h3>\n<ul>\n<li>Meta<\/li>\n<li>Ledena breskev<\/li>\n<li>Roza limona<\/li>\n<li>Tigrova kri<\/li>\n<li>Grozdni led<\/li>\n<li>Led iz lubenice<\/li>\n<li>Blue Razz Ice<\/li>\n<li>Breskev mango lubenica<\/li>\n<li>Cherry Ice<\/li>\n<li>Jagodni led<\/li>\n<\/ul>\n<p>\u010ce \u017eelite vape za enkratno uporabo, ki je videti neverjetno in deluje ravno prav, je OKSO Crystal Bar 800 va\u0161 novi \u017eepni junak. Idealen je za prilo\u017enostne uporabnike, za\u010detnike ali vse, ki i\u0161\u010dejo brezskrbno izku\u0161njo z okusom - vse s kan\u010dkom \u010darobnosti RGB. \ud83c\udf08<\/p>","protected":false},"excerpt":{"rendered":"<p>\u2728 <strong>Majhen, a mogo\u010den!<\/strong> OKSO Crystal Bar 800 vam bo polep\u0161al dan s pisano RGB-lu\u010djo in zagotovil svilnato gladek okus zaradi napredne tehnologije mre\u017easte spirale.<\/p>","protected":false},"featured_media":32012,"comment_status":"open","ping_status":"closed","template":"","meta":[],"product_brand":[233],"product_cat":[59,230,229],"product_tag":[],"class_list":{"0":"post-31944","1":"product","2":"type-product","3":"status-publish","4":"has-post-thumbnail","6":"product_brand-okso","7":"product_cat-800-puffs-disposable-vape","8":"product_cat-new","9":"product_cat-okso","11":"first","12":"instock","13":"shipping-taxable","14":"purchasable","15":"product-type-variable","16":"has-default-attributes"},"jetpack_sharing_enabled":true,"tiered_pricing_type":"fixed","tiered_pricing_fixed_rules":{"30":4.589999999999999857891452847979962825775146484375,"50":3.4900000000000002131628207280300557613372802734375,"100":2.899999999999999911182158029987476766109466552734375,"200":2.75,"400":2.390000000000000124344978758017532527446746826171875},"tiered_pricing_product_settings":{"layout":"default","base_unit_name":{"singular":null,"plural":null},"default_variation":null},"tiered_pricing_minimum_quantity":10,"tiered_pricing_roles_data":[],"tiered_pricing_percentage_rules":[],"tiered_pricing_maximum_quantity":null,"tiered_pricing_quantity_step":"10","_links":{"self":[{"href":"https:\/\/volovape.com\/sl\/wp-json\/wp\/v2\/product\/31944","targetHints":{"allow":["GET"]}}],"collection":[{"href":"https:\/\/volovape.com\/sl\/wp-json\/wp\/v2\/product"}],"about":[{"href":"https:\/\/volovape.com\/sl\/wp-json\/wp\/v2\/types\/product"}],"replies":[{"embeddable":true,"href":"https:\/\/volovape.com\/sl\/wp-json\/wp\/v2\/comments?post=31944"}],"wp:featuredmedia":[{"embeddable":true,"href":"https:\/\/volovape.com\/sl\/wp-json\/wp\/v2\/media\/32012"}],"wp:attachment":[{"href":"https:\/\/volovape.com\/sl\/wp-json\/wp\/v2\/media?parent=31944"}],"wp:term":[{"taxonomy":"product_brand","embeddable":true,"href":"https:\/\/volovape.com\/sl\/wp-json\/wp\/v2\/product_brand?post=31944"},{"taxonomy":"product_cat","embeddable":true,"href":"https:\/\/volovape.com\/sl\/wp-json\/wp\/v2\/product_cat?post=31944"},{"taxonomy":"product_tag","embeddable":true,"href":"https:\/\/volovape.com\/sl\/wp-json\/wp\/v2\/product_tag?post=31944"}],"curies":[{"name":"wp","href":"https:\/\/api.w.org\/{rel}","templated":true}]}}