{"id":31943,"date":"2025-07-02T03:28:53","date_gmt":"2025-07-02T03:28:53","guid":{"rendered":"https:\/\/volovape.com\/?post_type=product&#038;p=31943"},"modified":"2026-04-14T06:26:05","modified_gmt":"2026-04-14T06:26:05","slug":"okso-sisa-vodna-kad-mega-50000","status":"publish","type":"product","link":"https:\/\/volovape.com\/sl\/product\/okso-shisha-hookah-mega-50000\/","title":{"rendered":"OKSO Shisha Hookah Mega 50K | trojna mre\u017ea, LED v razsutem stanju za enkratno uporabo vape"},"content":{"rendered":"<p>\ud83d\udca8 Privo\u0161\u010dite si neprekosljivo izku\u0161njo vapinga z <strong>OKSO Shisha Hookah Mega 50K<\/strong>! Ta naprava je zasnovana za navdu\u0161ence nad okusi in lovce na oblake ter na novo opredeljuje vaping za enkratno uporabo. Pripravite se na osupljivo <strong>50.000 vpihov<\/strong>, izbolj\u0161ano z najsodobnej\u0161im <strong>tuljava s trojno mre\u017eo<\/strong> za bogatej\u0161e in bolj gladke zadetke. \ud83d\ude80<\/p>\n<p>Ostanite pod nadzorom z \u017eivahnim zaslonom LED, ki omogo\u010da enostavno spremljanje ravni baterije in e-teko\u010dine. S prilagodljivim zra\u010dnim tokom prilagodite poteg in poskrbite, da bo vsak vdih popoln. Ne glede na to, ali imate raje seanso brez nikotina ali mo\u010dan 5% udarec v grlo, OKSO Mega 50K se prilagodi va\u0161im \u017eeljam. Njegova ogromna zmogljivost 40 ml e-teko\u010dine in polnilna baterija 1100 mAh zagotavljata dolgotrajno intenzivnost, zato je idealen za neprekinjeno u\u017eivanje ali kot najbolj\u0161i prodajni izdelek za va\u0161e podjetje. \u2728<\/p>\n<h3>\ud83c\udf1f Klju\u010dne funkcije:<\/h3>\n<ul>\n<li><strong>50.000 puffov:<\/strong> Dalj\u0161e u\u017eivanje, manj zamenjav.<\/li>\n<li><strong>Trojna mre\u017easta tuljava:<\/strong> Vrhunski okus in proizvodnja pare.<\/li>\n<li><strong>Tip C za polnjenje:<\/strong> Priro\u010dna in okolju prijazna mo\u010d.<\/li>\n<li><strong>Zaslon LED:<\/strong> Na prvi pogled spremljajte baterijo in e-teko\u010dino.<\/li>\n<li><strong>Nastavljiv pretok zraka:<\/strong> Prilagodite svoje popolno risanje.<\/li>\n<\/ul>\n<h3>\ud83d\ude0b Seznam okusov:<\/h3>\n<ul>\n<li>Bujni led<\/li>\n<li>Dva jabolka<\/li>\n<li>Jagoda lubenica Bubblegum<\/li>\n<li>Ledena breskev<\/li>\n<li>Borovnica Malina \u010ce\u0161nja<\/li>\n<li>Ljubezen 66<\/li>\n<li>Mango Ice<\/li>\n<li>jagoda kivi<\/li>\n<li>Lady Killa<\/li>\n<li>Grozdni led<\/li>\n<\/ul>\n<p>Svojo pot vapinga popestrite z OKSO Shisha Hookah Mega 50K - najbolj\u0161a izbira za kupce v velikih koli\u010dinah, fanatike okusov in intenzivne uporabnike! \ud83c\udf2c\ufe0f<\/p>","protected":false},"excerpt":{"rendered":"<p>OKSO Magic Mirror 50K zagotavlja do 50.000 puhov z osupljivimi lu\u010dmi RGB, elegantnim zrcalnim zaklju\u010dkom, dvema mre\u017eastima spiralama in 10 vrhunskimi okusi - kot nala\u0161\u010d za ljubitelje okusa in zmogljivosti.<\/p>","protected":false},"featured_media":31968,"comment_status":"open","ping_status":"closed","template":"","meta":[],"product_brand":[233],"product_cat":[74,230,229],"product_tag":[],"class_list":{"0":"post-31943","1":"product","2":"type-product","3":"status-publish","4":"has-post-thumbnail","6":"product_brand-okso","7":"product_cat-40000-puffs-disposable-vape","8":"product_cat-new","9":"product_cat-okso","11":"first","12":"instock","13":"shipping-taxable","14":"purchasable","15":"product-type-variable","16":"has-default-attributes"},"jetpack_sharing_enabled":true,"tiered_pricing_type":"fixed","tiered_pricing_fixed_rules":{"30":9.5,"50":8.9000000000000003552713678800500929355621337890625,"100":7.9000000000000003552713678800500929355621337890625,"200":7.20000000000000017763568394002504646778106689453125},"tiered_pricing_product_settings":{"layout":"default","base_unit_name":{"singular":null,"plural":null},"default_variation":null},"tiered_pricing_minimum_quantity":10,"tiered_pricing_roles_data":[],"tiered_pricing_percentage_rules":[],"tiered_pricing_maximum_quantity":null,"tiered_pricing_quantity_step":"10","_links":{"self":[{"href":"https:\/\/volovape.com\/sl\/wp-json\/wp\/v2\/product\/31943","targetHints":{"allow":["GET"]}}],"collection":[{"href":"https:\/\/volovape.com\/sl\/wp-json\/wp\/v2\/product"}],"about":[{"href":"https:\/\/volovape.com\/sl\/wp-json\/wp\/v2\/types\/product"}],"replies":[{"embeddable":true,"href":"https:\/\/volovape.com\/sl\/wp-json\/wp\/v2\/comments?post=31943"}],"wp:featuredmedia":[{"embeddable":true,"href":"https:\/\/volovape.com\/sl\/wp-json\/wp\/v2\/media\/31968"}],"wp:attachment":[{"href":"https:\/\/volovape.com\/sl\/wp-json\/wp\/v2\/media?parent=31943"}],"wp:term":[{"taxonomy":"product_brand","embeddable":true,"href":"https:\/\/volovape.com\/sl\/wp-json\/wp\/v2\/product_brand?post=31943"},{"taxonomy":"product_cat","embeddable":true,"href":"https:\/\/volovape.com\/sl\/wp-json\/wp\/v2\/product_cat?post=31943"},{"taxonomy":"product_tag","embeddable":true,"href":"https:\/\/volovape.com\/sl\/wp-json\/wp\/v2\/product_tag?post=31943"}],"curies":[{"name":"wp","href":"https:\/\/api.w.org\/{rel}","templated":true}]}}