{"id":30895,"date":"2025-08-16T11:40:18","date_gmt":"2025-08-16T11:40:18","guid":{"rendered":"https:\/\/volovape.com\/?post_type=product&#038;p=30895"},"modified":"2026-03-16T08:50:06","modified_gmt":"2026-03-16T08:50:06","slug":"kristalna-dvojcka-40k","status":"publish","type":"product","link":"https:\/\/volovape.com\/sl\/product\/uwin-crystal-twins-40k\/","title":{"rendered":"Uwin Crystal Twins 40K 40000 Puffs | dvojni okus za enkratno uporabo vape whoelsale"},"content":{"rendered":"<h2><strong>Uwin Crystal Twins 40K - dvojni okus za enkratno uporabo \ud83c\udf1f<\/strong><\/h2>\n<p>Predstavljamo Uwin Crystal Twins 40K, ki spreminja pravila igre na trgu vape za enkratno uporabo! Ta naprava z do 40.000 vdihi \u010distega u\u017eitka vapanja ima edinstveno zasnovo z dvojnim okusom, ki v vsakem vdihu ponuja vznemirljivo kombinacijo okusov. Ne glede na to, ali ste navdu\u0161enec nad okusi ali intenzivni vaper, ta vape zagotavlja gladko in zadovoljujo\u010do izku\u0161njo, vse v enem samem elegantnem, kristalno \u010distem ohi\u0161ju. Poslovite se od polnjenja in u\u017eivajte v udobju kot \u0161e nikoli prej. \ud83d\udd25\ud83d\udca8<\/p>\n<h4><strong>Specifikacije:<\/strong><\/h4>\n<table>\n<thead>\n<tr>\n<th><strong>Funkcija<\/strong><\/th>\n<th><strong>Podrobnosti<\/strong><\/th>\n<\/tr>\n<\/thead>\n<tbody>\n<tr>\n<td><strong>Kapaciteta Puff<\/strong><\/td>\n<td>40.000 vpihov<\/td>\n<\/tr>\n<tr>\n<td><strong>Kapaciteta e-teko\u010dine<\/strong><\/td>\n<td>8 ml (na komoro)<\/td>\n<\/tr>\n<tr>\n<td><strong>Baterija<\/strong><\/td>\n<td>850 mAh, tip C<\/td>\n<\/tr>\n<tr>\n<td><strong>Vrsta tuljave<\/strong><\/td>\n<td>0,6\u03a9 mre\u017ena tuljava<\/td>\n<\/tr>\n<tr>\n<td><strong>Mo\u017enosti nikotina<\/strong><\/td>\n<td>0%, 2%, 3%, 5%<\/td>\n<\/tr>\n<tr>\n<td><strong>Prikaz<\/strong><\/td>\n<td>Pametni zaslon<\/td>\n<\/tr>\n<tr>\n<td><strong>Oblikovanje<\/strong><\/td>\n<td>Kristalno \u010disto telo<\/td>\n<\/tr>\n<\/tbody>\n<\/table>\n<h4><strong>Kombinacije okusov:<\/strong><\/h4>\n<table>\n<thead>\n<tr>\n<th><strong>Okus A<\/strong><\/th>\n<th><strong>Okus B<\/strong><\/th>\n<\/tr>\n<\/thead>\n<tbody>\n<tr>\n<td>Borovnice na ledu<\/td>\n<td>Poletni breskov led<\/td>\n<\/tr>\n<tr>\n<td>Kivi Pasijonka Guava<\/td>\n<td>Borovnica malina<\/td>\n<\/tr>\n<tr>\n<td>jagoda kivi<\/td>\n<td>Grozdni led<\/td>\n<\/tr>\n<tr>\n<td>Kivi Pasijonka Guava<\/td>\n<td>Dva jabolka<\/td>\n<\/tr>\n<tr>\n<td>Jagodna lubenica<\/td>\n<td>Lemon Lime<\/td>\n<\/tr>\n<tr>\n<td>Borovnica malina<\/td>\n<td>Cherry Ice<\/td>\n<\/tr>\n<tr>\n<td>Jagoda malina \u010de\u0161nja<\/td>\n<td>Gospod Blue<\/td>\n<\/tr>\n<tr>\n<td>Breskev Mango Ananas<\/td>\n<td>Red Bull<\/td>\n<\/tr>\n<tr>\n<td>Led iz lubenice<\/td>\n<td>Me\u0161ano jagodi\u010devje<\/td>\n<\/tr>\n<tr>\n<td>Jagoda Banana<\/td>\n<td>Ljubezen 66 (sladoled iz pasijonke in melone)<\/td>\n<\/tr>\n<tr>\n<td>Dragon Fruit Banana Cherry<\/td>\n<td>Roza limonada<\/td>\n<\/tr>\n<tr>\n<td>breskev mango<\/td>\n<td>Cherry Cola<\/td>\n<\/tr>\n<tr>\n<td>Jagodni led<\/td>\n<td>Mango na ledu<\/td>\n<\/tr>\n<tr>\n<td>Blue Razz Ice<\/td>\n<td>Led z zmajskim sadjem<\/td>\n<\/tr>\n<tr>\n<td>Jagodni Red Bull<\/td>\n<td>Cherry Ice<\/td>\n<\/tr>\n<\/tbody>\n<\/table>\n<h4><strong>Zakaj izbrati Uwin Crystal Twins 40K?<\/strong><\/h4>\n<ul>\n<li><strong>Zasnova z dvojnim okusom:<\/strong> U\u017eivajte v dveh razli\u010dnih okusih z vsakim potegom za dinami\u010dno izku\u0161njo vapinga.<\/li>\n<li><strong>Masivno \u0161tevilo puffov:<\/strong> Dose\u017eete do 40.000 vdihov, kar traja dlje kot pri ve\u010dini vapes za enkratno uporabo.<\/li>\n<li><strong>Mo\u017enosti z visoko vsebnostjo nikotina:<\/strong> Na voljo z nikotinom 0%, 2%, 3% in 5% za osebno zadovoljstvo.<\/li>\n<li><strong>Premium Mesh Coil:<\/strong> Z vsakim potegom izkusite gladko in enakomerno proizvodnjo pare.<\/li>\n<li><strong>Prenosno in priro\u010dno:<\/strong> Kristalno prozorno ohi\u0161je zagotavlja vzdr\u017eljivost in eleganten videz.<\/li>\n<li><strong>Pametni zaslon:<\/strong> Preprosto berljiv pametni zaslon spremlja va\u0161e seanse vapiranja.<\/li>\n<\/ul>\n<p>Uwin Crystal Twins 40K je idealen tako za vsakodnevne uporabnike kot za kupce v velikih koli\u010dinah, kot so prodajalne vape in distributerji. S svojim dolgotrajnim delovanjem, edinstvenimi mo\u017enostmi dveh okusov in elegantno obliko je odli\u010dna izbira za tiste, ki \u017eelijo izbolj\u0161ati svojo izku\u0161njo vapinga. Ne glede na to, ali ste ljubitelj okusov ali distributer na debelo, je ta naprava kot nala\u0161\u010d za va\u0161e potrebe.<\/p>\n<p><img data-recalc-dims=\"1\" loading=\"lazy\" decoding=\"async\" class=\"alignnone wp-image-31448 size-full\" src=\"https:\/\/i0.wp.com\/volovape.com\/wp-content\/uploads\/2025\/06\/%E8%81%94%E5%90%8D%E6%B5%B7%E6%8A%A5-2.jpg?resize=1480%2C1810&#038;ssl=1\" alt=\"\" width=\"1480\" height=\"1810\" title=\"\" srcset=\"https:\/\/i0.wp.com\/volovape.com\/wp-content\/uploads\/2025\/06\/%E8%81%94%E5%90%8D%E6%B5%B7%E6%8A%A5-2.jpg?w=1480&amp;ssl=1 1480w, https:\/\/i0.wp.com\/volovape.com\/wp-content\/uploads\/2025\/06\/%E8%81%94%E5%90%8D%E6%B5%B7%E6%8A%A5-2.jpg?resize=245%2C300&amp;ssl=1 245w, https:\/\/i0.wp.com\/volovape.com\/wp-content\/uploads\/2025\/06\/%E8%81%94%E5%90%8D%E6%B5%B7%E6%8A%A5-2.jpg?resize=837%2C1024&amp;ssl=1 837w, https:\/\/i0.wp.com\/volovape.com\/wp-content\/uploads\/2025\/06\/%E8%81%94%E5%90%8D%E6%B5%B7%E6%8A%A5-2.jpg?resize=768%2C939&amp;ssl=1 768w, https:\/\/i0.wp.com\/volovape.com\/wp-content\/uploads\/2025\/06\/%E8%81%94%E5%90%8D%E6%B5%B7%E6%8A%A5-2.jpg?resize=1256%2C1536&amp;ssl=1 1256w, https:\/\/i0.wp.com\/volovape.com\/wp-content\/uploads\/2025\/06\/%E8%81%94%E5%90%8D%E6%B5%B7%E6%8A%A5-2.jpg?resize=10%2C12&amp;ssl=1 10w, https:\/\/i0.wp.com\/volovape.com\/wp-content\/uploads\/2025\/06\/%E8%81%94%E5%90%8D%E6%B5%B7%E6%8A%A5-2.jpg?resize=800%2C978&amp;ssl=1 800w\" sizes=\"auto, (max-width: 1000px) 100vw, 1000px\" \/><\/p>\n<p><img data-recalc-dims=\"1\" loading=\"lazy\" decoding=\"async\" class=\"alignnone wp-image-31447 size-large\" src=\"https:\/\/i0.wp.com\/volovape.com\/wp-content\/uploads\/2025\/06\/40k%E5%8F%A3%E5%91%B3%E6%B5%B7%E6%8A%A5.jpg?resize=905%2C1024&#038;ssl=1\" alt=\"\" width=\"905\" height=\"1024\" title=\"\" srcset=\"https:\/\/i0.wp.com\/volovape.com\/wp-content\/uploads\/2025\/06\/40k%E5%8F%A3%E5%91%B3%E6%B5%B7%E6%8A%A5.jpg?resize=905%2C1024&amp;ssl=1 905w, https:\/\/i0.wp.com\/volovape.com\/wp-content\/uploads\/2025\/06\/40k%E5%8F%A3%E5%91%B3%E6%B5%B7%E6%8A%A5.jpg?resize=265%2C300&amp;ssl=1 265w, https:\/\/i0.wp.com\/volovape.com\/wp-content\/uploads\/2025\/06\/40k%E5%8F%A3%E5%91%B3%E6%B5%B7%E6%8A%A5.jpg?resize=768%2C869&amp;ssl=1 768w, https:\/\/i0.wp.com\/volovape.com\/wp-content\/uploads\/2025\/06\/40k%E5%8F%A3%E5%91%B3%E6%B5%B7%E6%8A%A5.jpg?resize=1358%2C1536&amp;ssl=1 1358w, https:\/\/i0.wp.com\/volovape.com\/wp-content\/uploads\/2025\/06\/40k%E5%8F%A3%E5%91%B3%E6%B5%B7%E6%8A%A5.jpg?resize=11%2C12&amp;ssl=1 11w, https:\/\/i0.wp.com\/volovape.com\/wp-content\/uploads\/2025\/06\/40k%E5%8F%A3%E5%91%B3%E6%B5%B7%E6%8A%A5.jpg?resize=800%2C905&amp;ssl=1 800w, https:\/\/i0.wp.com\/volovape.com\/wp-content\/uploads\/2025\/06\/40k%E5%8F%A3%E5%91%B3%E6%B5%B7%E6%8A%A5.jpg?w=1697&amp;ssl=1 1697w\" sizes=\"auto, (max-width: 905px) 100vw, 905px\" \/><\/p>\n<p><img data-recalc-dims=\"1\" loading=\"lazy\" decoding=\"async\" class=\"alignnone wp-image-31449 size-full\" src=\"https:\/\/i0.wp.com\/volovape.com\/wp-content\/uploads\/2025\/06\/%E7%BD%91%E7%AB%99-Banner-2.jpg?resize=1920%2C656&#038;ssl=1\" alt=\"\" width=\"1920\" height=\"656\" title=\"\" srcset=\"https:\/\/i0.wp.com\/volovape.com\/wp-content\/uploads\/2025\/06\/%E7%BD%91%E7%AB%99-Banner-2.jpg?w=1920&amp;ssl=1 1920w, https:\/\/i0.wp.com\/volovape.com\/wp-content\/uploads\/2025\/06\/%E7%BD%91%E7%AB%99-Banner-2.jpg?resize=300%2C103&amp;ssl=1 300w, https:\/\/i0.wp.com\/volovape.com\/wp-content\/uploads\/2025\/06\/%E7%BD%91%E7%AB%99-Banner-2.jpg?resize=1024%2C350&amp;ssl=1 1024w, https:\/\/i0.wp.com\/volovape.com\/wp-content\/uploads\/2025\/06\/%E7%BD%91%E7%AB%99-Banner-2.jpg?resize=768%2C262&amp;ssl=1 768w, https:\/\/i0.wp.com\/volovape.com\/wp-content\/uploads\/2025\/06\/%E7%BD%91%E7%AB%99-Banner-2.jpg?resize=1536%2C525&amp;ssl=1 1536w, https:\/\/i0.wp.com\/volovape.com\/wp-content\/uploads\/2025\/06\/%E7%BD%91%E7%AB%99-Banner-2.jpg?resize=18%2C6&amp;ssl=1 18w, https:\/\/i0.wp.com\/volovape.com\/wp-content\/uploads\/2025\/06\/%E7%BD%91%E7%AB%99-Banner-2.jpg?resize=800%2C273&amp;ssl=1 800w\" sizes=\"auto, (max-width: 1000px) 100vw, 1000px\" \/><\/p>","protected":false},"excerpt":{"rendered":"<p>Do\u017eivite dolgotrajno zadovoljstvo z Uwin Crystal Twins 40K Vape za enkratno uporabo! 40.000 izpuhov, mo\u017enosti dveh okusov in osve\u017eilni okusi.<\/p>","protected":false},"featured_media":30896,"comment_status":"open","ping_status":"closed","template":"","meta":[],"product_brand":[],"product_cat":[16,224],"product_tag":[],"class_list":{"0":"post-30895","1":"product","2":"type-product","3":"status-publish","4":"has-post-thumbnail","6":"product_cat-volo-vape","7":"product_cat-uwin","9":"first","10":"instock","11":"shipping-taxable","12":"purchasable","13":"product-type-variable","14":"has-default-attributes"},"jetpack_sharing_enabled":true,"tiered_pricing_type":"fixed","tiered_pricing_fixed_rules":{"30":7.589999999999999857891452847979962825775146484375,"50":6.20999999999999996447286321199499070644378662109375,"100":5.88999999999999968025576890795491635799407958984375,"200":5.4900000000000002131628207280300557613372802734375,"400":5.04000000000000003552713678800500929355621337890625},"tiered_pricing_product_settings":{"layout":"default","base_unit_name":{"singular":null,"plural":null},"default_variation":null},"tiered_pricing_minimum_quantity":10,"tiered_pricing_roles_data":[],"tiered_pricing_percentage_rules":[],"tiered_pricing_maximum_quantity":null,"tiered_pricing_quantity_step":"10","_links":{"self":[{"href":"https:\/\/volovape.com\/sl\/wp-json\/wp\/v2\/product\/30895","targetHints":{"allow":["GET"]}}],"collection":[{"href":"https:\/\/volovape.com\/sl\/wp-json\/wp\/v2\/product"}],"about":[{"href":"https:\/\/volovape.com\/sl\/wp-json\/wp\/v2\/types\/product"}],"replies":[{"embeddable":true,"href":"https:\/\/volovape.com\/sl\/wp-json\/wp\/v2\/comments?post=30895"}],"wp:featuredmedia":[{"embeddable":true,"href":"https:\/\/volovape.com\/sl\/wp-json\/wp\/v2\/media\/30896"}],"wp:attachment":[{"href":"https:\/\/volovape.com\/sl\/wp-json\/wp\/v2\/media?parent=30895"}],"wp:term":[{"taxonomy":"product_brand","embeddable":true,"href":"https:\/\/volovape.com\/sl\/wp-json\/wp\/v2\/product_brand?post=30895"},{"taxonomy":"product_cat","embeddable":true,"href":"https:\/\/volovape.com\/sl\/wp-json\/wp\/v2\/product_cat?post=30895"},{"taxonomy":"product_tag","embeddable":true,"href":"https:\/\/volovape.com\/sl\/wp-json\/wp\/v2\/product_tag?post=30895"}],"curies":[{"name":"wp","href":"https:\/\/api.w.org\/{rel}","templated":true}]}}