{"id":30869,"date":"2025-08-16T11:39:59","date_gmt":"2025-08-16T11:39:59","guid":{"rendered":"https:\/\/volovape.com\/?post_type=product&#038;p=30869"},"modified":"2025-10-28T04:51:04","modified_gmt":"2025-10-28T04:51:04","slug":"uwin-randm-tornado-beat-35k","status":"publish","type":"product","link":"https:\/\/volovape.com\/sl\/product\/uwin-randm-tornado-beat-35k\/","title":{"rendered":"Uwin RandM tornado beat 35K: dolgotrajna veleprodaja vape za enkratno uporabo"},"content":{"rendered":"<h2>Uwin RandM Tornado Beat 35K Pregled in funkcije<\/h2>\n<p>Uwin RandM Tornado Beat 35K je vrhunski vape za enkratno uporabo, ki je namenjen tako ljubiteljem okusov kot zahtevnim uporabnikom. Z izjemno zmogljivostjo 35.000 izpuhov prina\u0161a neprimerljivo izku\u0161njo pri vsakem vapiranju. Ta naprava zdru\u017euje visoko zmogljive funkcije z izborom po\u017eivljajo\u010dih okusov, ne glede na to, ali ste ljubitelj sadnih me\u0161anic ali osve\u017eilnih ledenih me\u0161anic. Popolna za tiste, ki si \u017eelijo dolgotrajnega zadovoljstva in gladkih zadetkov.<\/p>\n<p>Specifikacije:<\/p>\n<p>Kapaciteta puffa: 35.000 puffov<\/p>\n<p>Kapaciteta e-teko\u010dine: 12ml<\/p>\n<p>Baterija: 800 mAh, tip C<\/p>\n<p>Vrsta tuljave: 0.8\u03a9 Mesh Coil<\/p>\n<p>Mo\u017enosti nikotina: 0%, 2%, 3%, 5%<\/p>\n<p>Zaslon: Pametni zaslon<\/p>\n<p>Oblikovanje: Kompaktna in ergonomska<\/p>\n<h2>Uwin RandM Tornado Beat 35K okusov na zalogi:<\/h2>\n<p>Borovnica malina, Jagoda lubenica, Borovnica na ledu, Lubenica led, Poletna breskev led, \u010ce\u0161nja led, Jagoda malina \u010de\u0161nja led, Kivi pasijonka Guava, Jagoda led, \u010ce\u0161nja kola, Me\u0161ano jagodi\u010devje, Mr Blue<\/p>\n<p>Zakaj izbrati Uwin RandM Tornado Beat 35K?<\/p>\n<p>Neprimerljivo \u0161tevilo puffov: V primerjavi s standardnimi di\u0161avnicami za enkratno uporabo traja veliko dlje.<\/p>\n<p>Mo\u017enosti dveh okusov: Dva edinstvena okusa v eni napravi omogo\u010data resni\u010dno prilagodljivo izku\u0161njo.<\/p>\n<p>Mo\u017enosti z visoko vsebnostjo nikotina: Izbirate lahko med 0%, 2%, 3% in 5% stopnjami nikotina, ki ustrezajo va\u0161im \u017eeljam.<\/p>\n<p>Elegantna in kompaktna zasnova: Enostavno za prena\u0161anje in elegantno za vaping na poti.<\/p>\n<p>Napredne funkcije: Pametni zaslon in polnjenje tipa C za najve\u010dje udobje.<\/p>\n<p>\u0160irok izbor okusov: Izbirate lahko med ve\u010d kot 12 \u017eivahnimi in okusnimi okusi.<\/p>\n<h2>Zakaj je Uwin RandM Tornado Beat 35K kot nala\u0161\u010d za vas:<\/h2>\n<p>Uwin RandM Tornado Beat 35K je kot nala\u0161\u010d za prilo\u017enostne vaperje in zahtevne uporabnike. Zaradi dolgotrajnih puhov, vsestranske jakosti nikotina in impresivnega nabora okusov je idealen za prodajalne vape, distributerje in veletrgovce. U\u017eivajte v vrhunskem delovanju in bogatem okusu v vsakem potegu.<\/p>","protected":false},"excerpt":{"rendered":"<p>Uwin RandM Tornado Beat 35K Vape za enkratno uporabo zagotavlja do 35.000 vdihov neverjetnega okusa z elegantno obliko. U\u017eivajte v vrhunskih okusih, kot so Blueberry Raspberry, Watermelon Ice in drugi!<\/p>","protected":false},"featured_media":30870,"comment_status":"open","ping_status":"closed","template":"","meta":[],"product_brand":[],"product_cat":[16,224],"product_tag":[],"class_list":{"0":"post-30869","1":"product","2":"type-product","3":"status-publish","4":"has-post-thumbnail","6":"product_cat-volo-vape","7":"product_cat-uwin","9":"first","10":"instock","11":"shipping-taxable","12":"purchasable","13":"product-type-variable","14":"has-default-attributes"},"jetpack_sharing_enabled":true,"tiered_pricing_type":"fixed","tiered_pricing_fixed_rules":{"30":8.21000000000000085265128291212022304534912109375,"50":6.36000000000000031974423109204508364200592041015625,"100":5.7400000000000002131628207280300557613372802734375,"200":5.37000000000000010658141036401502788066864013671875,"400":4.94000000000000039079850466805510222911834716796875},"tiered_pricing_product_settings":{"layout":"default","base_unit_name":{"singular":null,"plural":null},"default_variation":null},"tiered_pricing_minimum_quantity":10,"tiered_pricing_roles_data":[],"tiered_pricing_percentage_rules":[],"tiered_pricing_maximum_quantity":null,"tiered_pricing_quantity_step":"10","_links":{"self":[{"href":"https:\/\/volovape.com\/sl\/wp-json\/wp\/v2\/product\/30869","targetHints":{"allow":["GET"]}}],"collection":[{"href":"https:\/\/volovape.com\/sl\/wp-json\/wp\/v2\/product"}],"about":[{"href":"https:\/\/volovape.com\/sl\/wp-json\/wp\/v2\/types\/product"}],"replies":[{"embeddable":true,"href":"https:\/\/volovape.com\/sl\/wp-json\/wp\/v2\/comments?post=30869"}],"wp:featuredmedia":[{"embeddable":true,"href":"https:\/\/volovape.com\/sl\/wp-json\/wp\/v2\/media\/30870"}],"wp:attachment":[{"href":"https:\/\/volovape.com\/sl\/wp-json\/wp\/v2\/media?parent=30869"}],"wp:term":[{"taxonomy":"product_brand","embeddable":true,"href":"https:\/\/volovape.com\/sl\/wp-json\/wp\/v2\/product_brand?post=30869"},{"taxonomy":"product_cat","embeddable":true,"href":"https:\/\/volovape.com\/sl\/wp-json\/wp\/v2\/product_cat?post=30869"},{"taxonomy":"product_tag","embeddable":true,"href":"https:\/\/volovape.com\/sl\/wp-json\/wp\/v2\/product_tag?post=30869"}],"curies":[{"name":"wp","href":"https:\/\/api.w.org\/{rel}","templated":true}]}}