{"id":29669,"date":"2025-04-24T06:39:08","date_gmt":"2025-04-24T06:39:08","guid":{"rendered":"https:\/\/volovape.com\/?post_type=product&#038;p=29669"},"modified":"2026-04-14T06:31:09","modified_gmt":"2026-04-14T06:31:09","slug":"mrvi-df-40000-pufov","status":"publish","type":"product","link":"https:\/\/volovape.com\/sl\/product\/mrvi-df-40000-puffs\/","title":{"rendered":"MRVI DF 40000 puff dvojnega okusa za enkratno uporabo | sistem okusa 2 v 1, 40ml velika zmogljivost ejuice"},"content":{"rendered":"<p><strong>MRVI DF 40000 dvojni okus za enkratno uporabo<\/strong> - Dvojna mre\u017ea, dvojni okus, maksimalno u\u017eivanje.<\/p>\n<p>Predstavitev <strong>MRVI DF 40000<\/strong>, ki spreminja pravila igre in je zasnovan za tiste, ki si \u017eelijo okusa in dolgotrajnosti. Ta inovativna naprava za vape zagotavlja do <strong>40.000 vpihov<\/strong> in zdru\u017euje <em>preklapljanje z dvojnim okusom<\/em> s spletno stranjo . <strong>dvojna mre\u017ena tuljava<\/strong> tehnologija, ki zagotavlja gladek poteg in krepek okus ob vsakem potegu. Opremljen je z <strong>akumulatorska baterija s kapaciteto 850 mAh<\/strong> in impresivno <strong>Kapaciteta 40 ml e-teko\u010dine<\/strong>, je zasnovan tako, da lahko premaguje razdalje.<\/p>\n<p>Z mo\u017enostmi za <strong>5% ali 2% vsebnost nikotina<\/strong>, a <strong>Vrata za polnjenje tipa C<\/strong>in <strong>10 bogatih okusov<\/strong>, je MRVI DF 40000 kot nala\u0161\u010d za odrasle uporabnike in veletrgovce z vape, ki i\u0161\u010dejo zanesljive in visoko zmogljive izdelke. Ne glede na to, ali vapirate sami ali si ustvarjate zaloge za nadaljnjo prodajo, ta naprava zagotavlja kakovost in koli\u010dino v eni elegantni, kompaktni zasnovi.<\/p>\n<h3><strong>MRVI DF 40000 Lastnosti:<\/strong><\/h3>\n<ul>\n<li>Puffs: Do 40.000<\/li>\n<li>Kapaciteta e-teko\u010dine: 40 ml<\/li>\n<li>Baterija: 850 mAh (za ponovno polnjenje)<\/li>\n<li>Polnjenje: Tip C (polno polnjenje v 2 urah)<\/li>\n<li>Navijalka: Dvojna mre\u017easta tuljava za gladko in bogato paro<\/li>\n<li>Mo\u010d nikotina: 5%, 2% (nikotin brez tobaka)<\/li>\n<li>Mo\u017enosti okusa: 10 dinami\u010dnih kombinacij dveh okusov<\/li>\n<li>Uporaba: Vdihnite, da se aktivira (gumb ni potreben)<\/li>\n<li>Paket: 10 kosov na prikazovalnik<\/li>\n<li>Velikost: 92 * 41 * 19 mm - \u017eepu prijazno in ergonomsko<\/li>\n<\/ul>","protected":false},"excerpt":{"rendered":"<p>Izbolj\u0161ajte svojo izku\u0161njo vapinga z MRVI DF 40000! Dvojna mo\u010d okusa, 40.000 puhov in tehnologija dvojne mre\u017easte tuljave. Idealen za osebno uporabo ali veleprodajna naro\u010dila.<\/p>","protected":false},"featured_media":29675,"comment_status":"open","ping_status":"closed","template":"","meta":[],"product_brand":[],"product_cat":[55,74,64,44],"product_tag":[],"class_list":{"0":"post-29669","1":"product","2":"type-product","3":"status-publish","4":"has-post-thumbnail","6":"product_cat-mrvi","7":"product_cat-40000-puffs-disposable-vape","8":"product_cat-dual-flavor-vapes","9":"product_cat-dual-mesh-vapes","11":"first","12":"instock","13":"shipping-taxable","14":"purchasable","15":"product-type-variable","16":"has-default-attributes"},"jetpack_sharing_enabled":true,"tiered_pricing_type":"fixed","tiered_pricing_fixed_rules":{"100":6.730000000000000426325641456060111522674560546875,"200":6.11000000000000031974423109204508364200592041015625,"400":5.79999999999999982236431605997495353221893310546875},"tiered_pricing_product_settings":{"layout":"default","base_unit_name":{"singular":null,"plural":null},"default_variation":null},"tiered_pricing_minimum_quantity":50,"tiered_pricing_roles_data":[],"tiered_pricing_percentage_rules":[],"tiered_pricing_maximum_quantity":null,"tiered_pricing_quantity_step":"10","_links":{"self":[{"href":"https:\/\/volovape.com\/sl\/wp-json\/wp\/v2\/product\/29669","targetHints":{"allow":["GET"]}}],"collection":[{"href":"https:\/\/volovape.com\/sl\/wp-json\/wp\/v2\/product"}],"about":[{"href":"https:\/\/volovape.com\/sl\/wp-json\/wp\/v2\/types\/product"}],"replies":[{"embeddable":true,"href":"https:\/\/volovape.com\/sl\/wp-json\/wp\/v2\/comments?post=29669"}],"wp:featuredmedia":[{"embeddable":true,"href":"https:\/\/volovape.com\/sl\/wp-json\/wp\/v2\/media\/29675"}],"wp:attachment":[{"href":"https:\/\/volovape.com\/sl\/wp-json\/wp\/v2\/media?parent=29669"}],"wp:term":[{"taxonomy":"product_brand","embeddable":true,"href":"https:\/\/volovape.com\/sl\/wp-json\/wp\/v2\/product_brand?post=29669"},{"taxonomy":"product_cat","embeddable":true,"href":"https:\/\/volovape.com\/sl\/wp-json\/wp\/v2\/product_cat?post=29669"},{"taxonomy":"product_tag","embeddable":true,"href":"https:\/\/volovape.com\/sl\/wp-json\/wp\/v2\/product_tag?post=29669"}],"curies":[{"name":"wp","href":"https:\/\/api.w.org\/{rel}","templated":true}]}}