{"id":29610,"date":"2025-04-24T08:23:07","date_gmt":"2025-04-24T08:23:07","guid":{"rendered":"https:\/\/volovape.com\/?post_type=product&#038;p=29610"},"modified":"2026-04-22T01:04:26","modified_gmt":"2026-04-22T01:04:26","slug":"bang-king-50000-dvojni-okus-za-enkratno-uporabo-vape","status":"publish","type":"product","link":"https:\/\/volovape.com\/sl\/product\/bang-king-50000-double-flavor-disposable-vape\/","title":{"rendered":"Bang King 50000 Puff dvojnega okusa za enkratno uporabo | 50ml prostornine, gladek okus, kompakten in prenosen"},"content":{"rendered":"<p><strong>Bang Kralj 50000 Dvojni okus za enkratno uporabo Vape<\/strong> - Najve\u010dja zmogljivost. Najve\u010dje zadovoljstvo.<\/p>\n<p>Do\u017eivite <strong>Bang Kralj 50000 bonbonov<\/strong>, visoko zmogljiv vape za enkratno uporabo za resne uporabnike. Z velikim <strong>50ml vnaprej napolnjen rezervoar za e-teko\u010dino<\/strong> in <strong>dolgotrajna 850 mAh baterija<\/strong>, zagotavlja do <strong>50.000 gladkih, aromati\u010dnih oblo\u017eenih kruhkov<\/strong>. Na spletni strani . <em>tehnologija dvojnega okusa<\/em> v vsaki napravi in <strong>nastavljive jakosti nikotina (0%, 2%, 3%, 5%)<\/strong>, je prilagojen vsem \u017eeljam za vaping. Brez gumbov, brez te\u017eav - samo vzemite in vapirajte.<\/p>\n<p>Ne glede na to, ali si delate zaloge zase ali naro\u010date na debelo, je Bang King 50000 va\u0161a izbira za vrhunsko vapiranje za dalj\u0161o uporabo.<\/p>\n<h3><strong>Bang King 50000 Vape za enkratno uporabo Zna\u010dilnosti:<\/strong><\/h3>\n<ul>\n<li>Puffs: do 50.000<\/li>\n<li>Kapaciteta e-teko\u010dine: 50 ml (vnaprej napolnjena)<\/li>\n<li>Baterija: 850 mAh (vgrajena)<\/li>\n<li>Polnjenje: Ni potrebno<\/li>\n<li>Mo\u010d nikotina: 0%, 2%, 3%, 5%<\/li>\n<li>12 kombinacij dveh okusov<\/li>\n<li>Prenosna, kompaktna zasnova<\/li>\n<\/ul>","protected":false},"excerpt":{"rendered":"<p>Premaknite meje z Bang King 50000 Puffs Vape za enkratno uporabo! Ima dva okusa, ogromno 50 ml e-teko\u010dine in do 50.000 izpuhov. Zasnovan je tako za mo\u010dne uporabnike kot za veleprodajne kupce.<\/p>","protected":false},"featured_media":29611,"comment_status":"open","ping_status":"closed","template":"","meta":[],"product_brand":[],"product_cat":[16],"product_tag":[],"class_list":{"0":"post-29610","1":"product","2":"type-product","3":"status-publish","4":"has-post-thumbnail","6":"product_cat-volo-vape","8":"first","9":"instock","10":"shipping-taxable","11":"purchasable","12":"product-type-variable","13":"has-default-attributes"},"jetpack_sharing_enabled":true,"tiered_pricing_type":"fixed","tiered_pricing_fixed_rules":{"30":7.37999999999999989341858963598497211933135986328125,"50":6.910000000000000142108547152020037174224853515625,"100":6.1699999999999999289457264239899814128875732421875,"200":5.79999999999999982236431605997495353221893310546875,"400":5.25},"tiered_pricing_product_settings":{"layout":"default","base_unit_name":{"singular":null,"plural":null},"default_variation":null},"tiered_pricing_minimum_quantity":10,"tiered_pricing_roles_data":[],"tiered_pricing_percentage_rules":[],"tiered_pricing_maximum_quantity":null,"tiered_pricing_quantity_step":"10","_links":{"self":[{"href":"https:\/\/volovape.com\/sl\/wp-json\/wp\/v2\/product\/29610","targetHints":{"allow":["GET"]}}],"collection":[{"href":"https:\/\/volovape.com\/sl\/wp-json\/wp\/v2\/product"}],"about":[{"href":"https:\/\/volovape.com\/sl\/wp-json\/wp\/v2\/types\/product"}],"replies":[{"embeddable":true,"href":"https:\/\/volovape.com\/sl\/wp-json\/wp\/v2\/comments?post=29610"}],"wp:featuredmedia":[{"embeddable":true,"href":"https:\/\/volovape.com\/sl\/wp-json\/wp\/v2\/media\/29611"}],"wp:attachment":[{"href":"https:\/\/volovape.com\/sl\/wp-json\/wp\/v2\/media?parent=29610"}],"wp:term":[{"taxonomy":"product_brand","embeddable":true,"href":"https:\/\/volovape.com\/sl\/wp-json\/wp\/v2\/product_brand?post=29610"},{"taxonomy":"product_cat","embeddable":true,"href":"https:\/\/volovape.com\/sl\/wp-json\/wp\/v2\/product_cat?post=29610"},{"taxonomy":"product_tag","embeddable":true,"href":"https:\/\/volovape.com\/sl\/wp-json\/wp\/v2\/product_tag?post=29610"}],"curies":[{"name":"wp","href":"https:\/\/api.w.org\/{rel}","templated":true}]}}