{"id":28648,"date":"2025-03-21T06:47:18","date_gmt":"2025-03-21T06:47:18","guid":{"rendered":"https:\/\/volovape.com\/?post_type=product&#038;p=28648"},"modified":"2026-04-29T02:09:28","modified_gmt":"2026-04-29T02:09:28","slug":"waspe-60000-puffs-3-v-1-za-enkratno-uporabo-vape","status":"publish","type":"product","link":"https:\/\/volovape.com\/sl\/product\/waspe-60000-puffs-3-in-1-disposable-vape\/","title":{"rendered":"WASPE 60K 3 v 1 za enkratno uporabo | trojni okusi, 60.000 puffov, trgovina na debelo"},"content":{"rendered":"<p><strong>WASPE 60K 3-v-1 za enkratno uporabo Vape<\/strong> - Trikrat ve\u010d okusa, trikrat ve\u010d zabave s 60.000 ko\u0161\u010dki brez primere. Ta revolucionarni vape za enkratno uporabo zagotavlja osupljivo <strong>60.000 vpihov<\/strong>, ki zdru\u017euje <strong>trije razli\u010dni okusi<\/strong> v eni elegantni napravi. Ta vape je navdihnjen s priljubljenim kristalom WASPE in ponuja <strong>12 edinstvenih troj\u010dkov okusov<\/strong>, ki poskrbijo za vsak okus. Ta naprava, ki je idealna za prodajo na debelo, va\u0161im strankam zagotavlja dalj\u0161i u\u017eitek pri vapanju in raznolike izku\u0161nje okusov. Zaradi prenosne zasnove in velike zmogljivosti je izstopajo\u010da izbira tako za osebno uporabo kot za prodajo na debelo.<\/p>\n<h3><strong>WASPE 60K 3-v-1 Lastnosti:<\/strong><\/h3>\n<ul>\n<li>Puffs: 60,000 Puffs (54ml e-teko\u010dine)<\/li>\n<li>Okusi: 3-v-1 Trojni okus Design<\/li>\n<li>Mo\u017enosti okusa: 12 edinstvenih trojic okusov<\/li>\n<li>Oblikovanje: Eleganten in prenosen<\/li>\n<li>Idealno za: Veleprodaja v razsutem stanju<\/li>\n<\/ul>\n<h4>POGOSTA VPRA\u0160ANJA<\/h4>\n<h5>Kako deluje mehanizem za preklapljanje okusov 3 v 1?<\/h5>\n<p>WASPE 60K 3-v-1 ima inovativen mehanizem, ki uporabnikom omogo\u010da nemoteno preklapljanje med tremi vklju\u010denimi okusi. S preprosto nastavitvijo na napravi se aktivirajo razli\u010dne komore z okusom, kar zagotavlja raznoliko in prijetno izku\u0161njo vapinga, ne da bi za to potrebovali ve\u010d naprav.<\/p>\n<h5>Ali obstaja kak\u0161na prednost pri veleprodaji WASPE 60K 3-v-1 v razsutem stanju?<\/h5>\n<p>Veleprodaja v razsutem stanju vam zagotavlja prednostni dostop do tega zelo iskanega izdelka, tako da ste med prvimi, ki ga lahko ponudite svojim strankam. Prav tako lahko izkoristite stro\u0161kovno u\u010dinkovite cene v razsutem stanju in tako pove\u010date svojo dobi\u010dkonosnost. Tako lahko zadovoljite za\u010detno veliko povpra\u0161evanje in vzdr\u017eujete stalno zalogo.<\/p>\n<h5>Kako zagotavljate kakovost in varnost tako zmogljive naprave?<\/h5>\n<p>Gradimo na uveljavljenem ugledu WASPE Crystal in zagotavljamo, da WASPE 60K 3-v-1 izpolnjuje stroge standarde kakovosti in varnosti. Vsako napravo temeljito testiramo, da zagotovimo dosledno delovanje in varnost uporabnikov. Podpiramo tudi pla\u010dilo prek sistema PayPal in storitev za\u0161\u010dite kupca. Na\u0161e ocene lahko preverite tudi na <a href=\"https:\/\/www.trustpilot.com\/review\/volovape.com?utm_medium=trustbox&amp;utm_source=TrustBoxReviewCollector\">TrustPilot<\/a>.<\/p>","protected":false},"excerpt":{"rendered":"<p>Sprostite bla\u017eenost trojnega okusa z WASPE 60K 3-v-1 za enkratno uporabo! U\u017eivajte v 60.000 puhih in treh edinstvenih okusih v eni elegantni napravi.<\/p>\n<p><strong>Trgovina na debelo<\/strong>\u00a0zdaj v razsutem stanju in si zagotovite zaloge tega nadgrajenega <a href=\"https:\/\/volovape.com\/sl\/product\/waspe-40k-dvojcka-z-dvojnim-okusom-40000-puffov\/\">WASPE 40k<\/a> navdihnjen vape z 12 okusi, med katerimi lahko izbirate.<\/p>","protected":false},"featured_media":37388,"comment_status":"open","ping_status":"closed","template":"","meta":[],"product_brand":[],"product_cat":[17],"product_tag":[],"class_list":{"0":"post-28648","1":"product","2":"type-product","3":"status-publish","4":"has-post-thumbnail","6":"product_cat-waspe","8":"first","9":"instock","10":"shipping-taxable","11":"purchasable","12":"product-type-variable","13":"has-default-attributes"},"jetpack_sharing_enabled":true,"tiered_pricing_type":"fixed","tiered_pricing_fixed_rules":{"30":8.17999999999999971578290569595992565155029296875,"50":7.78000000000000024868995751603506505489349365234375,"100":7.28000000000000024868995751603506505489349365234375,"200":6.6699999999999999289457264239899814128875732421875,"400":6.36000000000000031974423109204508364200592041015625},"tiered_pricing_product_settings":{"layout":"default","base_unit_name":{"singular":null,"plural":null},"default_variation":null},"tiered_pricing_minimum_quantity":10,"tiered_pricing_roles_data":[],"tiered_pricing_percentage_rules":[],"tiered_pricing_maximum_quantity":null,"tiered_pricing_quantity_step":"10","_links":{"self":[{"href":"https:\/\/volovape.com\/sl\/wp-json\/wp\/v2\/product\/28648","targetHints":{"allow":["GET"]}}],"collection":[{"href":"https:\/\/volovape.com\/sl\/wp-json\/wp\/v2\/product"}],"about":[{"href":"https:\/\/volovape.com\/sl\/wp-json\/wp\/v2\/types\/product"}],"replies":[{"embeddable":true,"href":"https:\/\/volovape.com\/sl\/wp-json\/wp\/v2\/comments?post=28648"}],"wp:featuredmedia":[{"embeddable":true,"href":"https:\/\/volovape.com\/sl\/wp-json\/wp\/v2\/media\/37388"}],"wp:attachment":[{"href":"https:\/\/volovape.com\/sl\/wp-json\/wp\/v2\/media?parent=28648"}],"wp:term":[{"taxonomy":"product_brand","embeddable":true,"href":"https:\/\/volovape.com\/sl\/wp-json\/wp\/v2\/product_brand?post=28648"},{"taxonomy":"product_cat","embeddable":true,"href":"https:\/\/volovape.com\/sl\/wp-json\/wp\/v2\/product_cat?post=28648"},{"taxonomy":"product_tag","embeddable":true,"href":"https:\/\/volovape.com\/sl\/wp-json\/wp\/v2\/product_tag?post=28648"}],"curies":[{"name":"wp","href":"https:\/\/api.w.org\/{rel}","templated":true}]}}