{"id":28647,"date":"2025-03-21T06:47:18","date_gmt":"2025-03-21T06:47:18","guid":{"rendered":"https:\/\/volovape.com\/?post_type=product&#038;p=28647"},"modified":"2026-04-14T06:54:42","modified_gmt":"2026-04-14T06:54:42","slug":"gazzbar-raketa-20000-puffs-enkratno-vape","status":"publish","type":"product","link":"https:\/\/volovape.com\/sl\/product\/gazzbar-rocket-20000-puffs-disposable-vape\/","title":{"rendered":"Gazzbar Rocket 20000 Puffs za enkratno uporabo | 14 okusov, 0-5% nikotina, debelo na debelo"},"content":{"rendered":"<p><strong>Gazzbar Rocket 20000 Puffs Vape za enkratno uporabo<\/strong> - Z neprimerljivo zmogljivostjo izpiha izstreli svojo izku\u0161njo vapinga v orbito. Ta vape za enkratno uporabo z visoko zmogljivostjo zagotavlja neverjetno <strong>20.000 vpihov<\/strong>, kar zagotavlja dolgotrajno u\u017eivanje. S spletno stranjo <strong>14 razli\u010dnih okusov<\/strong> in nikotinske mo\u017enosti, ki segajo od <strong>0% do 5%<\/strong>Gazzbar Rocket ustreza razli\u010dnim \u017eeljam. Na spletni strani <strong>zasnova USB za polnjenje<\/strong> zagotavlja dodatno udobje, zato je kot nala\u0161\u010d za osebno uporabo in veleprodajo vape za enkratno uporabo. Vsak puh ponuja dosleden okus in zanesljivo delovanje, kar je idealno za naro\u010dila v razsutem stanju, saj je v \u0161katli 5 enot, v \u0161katli pa 200 enot.<\/p>\n<h3><strong>Gazzbar Rocket 20000 Lastnosti:<\/strong><\/h3>\n<ul>\n<li>Puffs: 20.000 Puffs<\/li>\n<li>Nikotin: 0%\/2%\/3%\/5%<\/li>\n<li>Polnjenje: Polnjenje: polnjenje prek USB<\/li>\n<li>Okusi: 14 edinstvenih okusov<\/li>\n<li>Pakiranje: Pakiranje: 5 enot\/kombinacijo, 200 enot\/karton<\/li>\n<\/ul>\n<h4>POGOSTA VPRA\u0160ANJA<\/h4>\n<h5>Kako zagotovite, da bodo okusi ostali enaki v vseh 20.000 puhih?<\/h5>\n<p>Uporabljamo napredno tehnologijo in visokokakovostne materiale, da ohranimo konsistenco okusa od prvega do zadnjega puha. Na\u0161 strogi nadzor kakovosti zagotavlja, da vsaka Gazzbar Rocket zagotavlja zadovoljivo in enakomerno izku\u0161njo vapinga, ne glede na to, koliko puhov ste naredili.<\/p>\n<h5>Kak\u0161na je prednost vapesov za enkratno uporabo, ki se polnijo prek USB, kot je Gazzbar Rocket?<\/h5>\n<p>Vapes za enkratno uporabo z mo\u017enostjo polnjenja USB omogo\u010da dalj\u0161o uporabo brez izgube mo\u010di. Ta funkcija vam omogo\u010da, da v celoti izkoristite 20.000 vdihov in u\u017eivate v vsaki kapljici e-teko\u010dine. Poleg tega zmanj\u0161uje koli\u010dino odpadkov in zagotavlja bolj trajnostno mo\u017enost vapinga v primerjavi z vapingom za enkratno uporabo, ki ga ni mogo\u010de ponovno napolniti.<\/p>\n<h5>Kako vem, da bo moje naro\u010dilo v razsutem stanju prispelo brez po\u0161kodb?<\/h5>\n<p>Prednost dajemo varni dostavi va\u0161ega naro\u010dila v razsutem stanju. Vsaka \u0161katla z 200 enotami je skrbno zapakirana, da zdr\u017ei prevoz in zmanj\u0161a tveganje po\u0161kodb. Sodelujemo z zanesljivimi partnerji za po\u0161iljanje, kot so UPS, DHL, FedEx in DPD, ter glede na va\u0161o lokacijo izberemo najbolj\u0161o mo\u017enost, da zagotovimo, da bo va\u0161e naro\u010dilo prispelo v popolnem stanju. Podpiramo tudi pla\u010dilo prek sistema PayPal in storitev za\u0161\u010dite kupca. Na\u0161e ocene lahko preverite tudi na <a href=\"https:\/\/www.trustpilot.com\/review\/volovape.com?utm_medium=trustbox&amp;utm_source=TrustBoxReviewCollector\">TrustPilot<\/a>.<\/p>","protected":false},"excerpt":{"rendered":"<p>Spoznajte Gazzbar Rocket 20000 Vape za enkratno uporabo z 20.000 vdihi, 14 edinstvenimi okusi in mo\u017enostmi nikotina 0-5%. Ta vape, ki ga je mogo\u010de polniti prek USB, ponuja neprimerljivo dalj\u0161o \u017eivljenjsko dobo in raznolikost. Naro\u010dite zdaj na debelo za vrhunsko zadovoljstvo pri vapanju!<\/p>","protected":false},"featured_media":28711,"comment_status":"open","ping_status":"closed","template":"","meta":[],"product_brand":[],"product_cat":[225],"product_tag":[],"class_list":{"0":"post-28647","1":"product","2":"type-product","3":"status-publish","4":"has-post-thumbnail","6":"product_cat-gazzbar","8":"first","9":"instock","10":"shipping-taxable","11":"purchasable","12":"product-type-variable","13":"has-default-attributes"},"jetpack_sharing_enabled":true,"tiered_pricing_type":"fixed","tiered_pricing_fixed_rules":{"30":7.269999999999999573674358543939888477325439453125,"60":6.9000000000000003552713678800500929355621337890625,"100":6.5,"200":5.9000000000000003552713678800500929355621337890625},"tiered_pricing_product_settings":{"layout":"default","base_unit_name":{"singular":null,"plural":null},"default_variation":null},"tiered_pricing_minimum_quantity":10,"tiered_pricing_roles_data":[],"tiered_pricing_percentage_rules":[],"tiered_pricing_maximum_quantity":null,"tiered_pricing_quantity_step":"10","_links":{"self":[{"href":"https:\/\/volovape.com\/sl\/wp-json\/wp\/v2\/product\/28647","targetHints":{"allow":["GET"]}}],"collection":[{"href":"https:\/\/volovape.com\/sl\/wp-json\/wp\/v2\/product"}],"about":[{"href":"https:\/\/volovape.com\/sl\/wp-json\/wp\/v2\/types\/product"}],"replies":[{"embeddable":true,"href":"https:\/\/volovape.com\/sl\/wp-json\/wp\/v2\/comments?post=28647"}],"wp:featuredmedia":[{"embeddable":true,"href":"https:\/\/volovape.com\/sl\/wp-json\/wp\/v2\/media\/28711"}],"wp:attachment":[{"href":"https:\/\/volovape.com\/sl\/wp-json\/wp\/v2\/media?parent=28647"}],"wp:term":[{"taxonomy":"product_brand","embeddable":true,"href":"https:\/\/volovape.com\/sl\/wp-json\/wp\/v2\/product_brand?post=28647"},{"taxonomy":"product_cat","embeddable":true,"href":"https:\/\/volovape.com\/sl\/wp-json\/wp\/v2\/product_cat?post=28647"},{"taxonomy":"product_tag","embeddable":true,"href":"https:\/\/volovape.com\/sl\/wp-json\/wp\/v2\/product_tag?post=28647"}],"curies":[{"name":"wp","href":"https:\/\/api.w.org\/{rel}","templated":true}]}}