{"id":28646,"date":"2025-03-21T06:47:18","date_gmt":"2025-03-21T06:47:18","guid":{"rendered":"https:\/\/volovape.com\/?post_type=product&#038;p=28646"},"modified":"2026-03-16T08:57:45","modified_gmt":"2026-03-16T08:57:45","slug":"uwin-kristal-10000-puffs-enkratno-vape","status":"publish","type":"product","link":"https:\/\/volovape.com\/sl\/product\/uwin-crystal-10000-puffs-disposable-vape\/","title":{"rendered":"Uwin Crystal 10000 Puffs za enkratno uporabo | 15 okusov, 0-5% nikotina, debelo na debelo"},"content":{"rendered":"<p><iframe title=\"VideoPress Video predvajalnik\" aria-label='VideoPress Video predvajalnik' width='421' height='750' src='https:\/\/videopress.com\/embed\/TT81Wr9Y?hd=0&amp;cover=1' frameborder='0' allowfullscreen allow='clipboard-write'><\/iframe><script src='https:\/\/v0.wordpress.com\/js\/next\/videopress-iframe.js?m=1739540970'><\/script><\/p>\n<p><strong>Uwin Crystal 10000 Puffs za enkratno polnjenje Vape<\/strong> - Do\u017eivite neprekosljiv okus in dolgo\u017eivost. Zalo\u017eite si to visokokapacitetno vape za enkratno uporabo za osebno uporabo in donosne prilo\u017enosti za veleprodajo vape za enkratno uporabo. Z velikim obsegom <strong>zmogljivost 10.000 vpihov<\/strong> in . <strong>18ml premium e-teko\u010dine<\/strong>Uwin Crystal zagotavlja dalj\u0161i u\u017eitek pri vapingu. Izbirate lahko med <strong>30 razli\u010dnih okusov<\/strong> in vsebnost nikotina <strong>0%, 2%, 3% ali 5%<\/strong> da bi zadovoljili vse \u017eelje. Opremljen z <strong>Baterija za ponovno polnjenje 650 mAh<\/strong> in . <strong>Polnjenje tipa C<\/strong>, ta naprava zagotavlja trajno delovanje. Spletna stran <strong>0,8\u03a9 mre\u017ena tuljava<\/strong> izbolj\u0161a okus in proizvodnjo pare, medtem ko \u017eivahna <strong>Lu\u010di RGB<\/strong> dodajajo eleganten pridih. Idealno za naro\u010dila v razsutem stanju, saj vsaka \u0161katla vsebuje 10 enot, vsaka \u0161katla pa 200 enot.<\/p>\n<h3><strong>Uwin Crystal 10000 Puffs Lastnosti:<\/strong><\/h3>\n<ul>\n<li>Puffs: 10.000 Puffs<\/li>\n<li>Kapaciteta e-teko\u010dine: 18ml<\/li>\n<li>Mo\u010d nikotina: 0%\/2%\/3%\/5%<\/li>\n<li>Baterija: 650 mAh za polnjenje<\/li>\n<li>Polnjenje: Hitro polnjenje tipa C<\/li>\n<li>Tuljava: 0.8\u03a9 Mesh Coil<\/li>\n<li>Lu\u010di: Lu\u010di RGB<\/li>\n<li>Okusi: 30 edinstvenih okusov<\/li>\n<\/ul>\n<h4>POGOSTA VPRA\u0160ANJA<\/h4>\n<h5>Kako hitro lahko prejmem ve\u010dje naro\u010dilo?<\/h5>\n<p>Prednost dajemo u\u010dinkovitemu po\u0161iljanju in obi\u010dajno dostavimo v 7-15 delovnih dneh. Vendar pa se lahko v \u010dasu najve\u010dje obremenitve ali zaradi nepredvidenih okoli\u0161\u010din, kot so dr\u017eavni prazniki ali slabe vremenske razmere, dostava podalj\u0161a tudi do 20 delovnih dni. Uporabljamo ugledne prevoznike, kot so UPS, DHL, FEDEX in DPD, in glede na va\u0161o lokacijo dostave izberemo najbolj\u0161o mo\u017enost za optimalno hitrost in zanesljivost.<\/p>\n<h5>Ali bo moje naro\u010dilo naletelo na carinske te\u017eave ali dodatne stro\u0161ke?<\/h5>\n<p>Opravljamo vse postopke carinjenja in vam zagotavljamo brezskrbno izku\u0161njo. Zagotavljamo vam, da bodo na\u0161i izdelki uspe\u0161no carinjeni in da ne boste imeli nepri\u010dakovanih davkov ali dodatnih stro\u0161kov. Va\u0161e naro\u010dilo bo nemoteno prispelo neposredno na izbrani cilj.<\/p>\n<h5>Ali so navedeni okusi in \u0161tevilo puhlic natan\u010dno predstavljeni?<\/h5>\n<p>Da, vse informacije o okusih in \u0161tevilu polnilnih zrnc so zanesljivo to\u010dne. Vsak izdelek skrbno izberemo in preizkusimo, da zagotovimo, da izpolnjuje na\u0161e stroge standarde in zagotavlja to\u010dno to, kar je navedeno v oglasu. S 30 edinstvenimi okusi in potrjeno zmogljivostjo 10.000 pufov boste vsaki\u010d prejeli visokokakovosten izdelek. Za kakovostjo na\u0161ih izdelkov stojimo tudi tako, da vam omogo\u010damo varne nakupe s pla\u010dilom prek Paypala in da so ocene na voljo na <a href=\"https:\/\/www.trustpilot.com\/review\/volovape.com?utm_medium=trustbox&amp;utm_source=TrustBoxReviewCollector\">TrustPilot<\/a>.<\/p>","protected":false},"excerpt":{"rendered":"<p>Spoznajte Uwin Crystal 10000 puffov za enkratno polnjenje - do 10.000 puffov, 15 drznih okusov in mo\u017enosti nikotina 0-5%. Z baterijo 650 mAh, polnjenjem Type-C in lu\u010dkami RGB je kot nala\u0161\u010d za mno\u017ei\u010dna naro\u010dila pri VoloVape. Zaloge so na voljo zdaj!<\/p>","protected":false},"featured_media":28694,"comment_status":"open","ping_status":"closed","template":"","meta":[],"product_brand":[],"product_cat":[57,224],"product_tag":[],"class_list":{"0":"post-28646","1":"product","2":"type-product","3":"status-publish","4":"has-post-thumbnail","6":"product_cat-10000-puffs-disposable-vape","7":"product_cat-uwin","9":"first","10":"instock","11":"shipping-taxable","12":"purchasable","13":"product-type-variable","14":"has-default-attributes"},"jetpack_sharing_enabled":true,"tiered_pricing_type":"fixed","tiered_pricing_fixed_rules":{"30":5.28000000000000024868995751603506505489349365234375,"50":4.75,"100":4.160000000000000142108547152020037174224853515625,"200":3.979999999999999982236431605997495353221893310546875,"400":3.5800000000000000710542735760100185871124267578125},"tiered_pricing_product_settings":{"layout":"default","base_unit_name":{"singular":null,"plural":null},"default_variation":null},"tiered_pricing_minimum_quantity":10,"tiered_pricing_roles_data":[],"tiered_pricing_percentage_rules":[],"tiered_pricing_maximum_quantity":null,"tiered_pricing_quantity_step":"10","_links":{"self":[{"href":"https:\/\/volovape.com\/sl\/wp-json\/wp\/v2\/product\/28646","targetHints":{"allow":["GET"]}}],"collection":[{"href":"https:\/\/volovape.com\/sl\/wp-json\/wp\/v2\/product"}],"about":[{"href":"https:\/\/volovape.com\/sl\/wp-json\/wp\/v2\/types\/product"}],"replies":[{"embeddable":true,"href":"https:\/\/volovape.com\/sl\/wp-json\/wp\/v2\/comments?post=28646"}],"wp:featuredmedia":[{"embeddable":true,"href":"https:\/\/volovape.com\/sl\/wp-json\/wp\/v2\/media\/28694"}],"wp:attachment":[{"href":"https:\/\/volovape.com\/sl\/wp-json\/wp\/v2\/media?parent=28646"}],"wp:term":[{"taxonomy":"product_brand","embeddable":true,"href":"https:\/\/volovape.com\/sl\/wp-json\/wp\/v2\/product_brand?post=28646"},{"taxonomy":"product_cat","embeddable":true,"href":"https:\/\/volovape.com\/sl\/wp-json\/wp\/v2\/product_cat?post=28646"},{"taxonomy":"product_tag","embeddable":true,"href":"https:\/\/volovape.com\/sl\/wp-json\/wp\/v2\/product_tag?post=28646"}],"curies":[{"name":"wp","href":"https:\/\/api.w.org\/{rel}","templated":true}]}}