{"id":28645,"date":"2025-03-21T06:47:17","date_gmt":"2025-03-21T06:47:17","guid":{"rendered":"https:\/\/volovape.com\/?post_type=product&#038;p=28645"},"modified":"2025-07-30T05:24:44","modified_gmt":"2025-07-30T05:24:44","slug":"fizzy-nova-20000-puffov","status":"publish","type":"product","link":"https:\/\/volovape.com\/sl\/product\/fizzy-nova-20000-puffs\/","title":{"rendered":"Fizzy Nova 20000 Puffs polnilna enkratna vape dvojna mre\u017ena tuljava, LCD zaslon, v razsutem stanju in na debelo"},"content":{"rendered":"<div>\n<p class=\"break-words\"><strong>Fizzy Nova 20000 Puffs polnjenje za enkratno uporabo Vape - debelo in na debelo na VoloVape<\/strong><br \/>\nIzbolj\u0161ajte svojo izku\u0161njo vapinga z Fizzy Nova 20000 Puffs Vape za enkratno polnjenje, vrhunsko napravo, zasnovano za zmogljivost, vzdr\u017eljivost in slog. Ta vrhunski vape je kot nala\u0161\u010d za trgovine z vape in distributerje, saj je na voljo za velika in veleprodajna naro\u010dila pri VoloVape, zaupanja vrednem evropskem spletnem dobavitelju vape na Nizozemskem, v Nem\u010diji, Belgiji in \u0160paniji.<\/p>\n<h4>Zakaj izbrati Fizzy Nova 20000 Puffs?<\/h4>\n<ul class=\"marker:text-secondary\">\n<li class=\"break-words\"><strong>Ogromna zmogljivost 20.000 izpihov:<\/strong> U\u017eivajte v neprekinjenem vapingu z manj zamenjavami.<\/li>\n<li class=\"break-words\"><strong>Tehnologija dvojne mre\u017easte tuljave:<\/strong> Vsaki\u010d zagotavlja bogate okuse in goste oblake pare.<\/li>\n<li class=\"break-words\"><strong>Baterija za polnjenje 850 mAh:<\/strong> Dolgotrajna mo\u010d s priro\u010dnim polnjenjem prek USB-C.<\/li>\n<li class=\"break-words\"><strong>Pametni zaslon LCD:<\/strong> Brez te\u017eav spremljajte stanje baterije in e-teko\u010dine.<\/li>\n<li class=\"break-words\"><strong>Eco in turbo na\u010dina:<\/strong> Preklapljajte med u\u010dinkovitostjo in intenzivnostjo, da se prilagodite svojemu slogu.<\/li>\n<li class=\"break-words\"><strong>Prilagodljive nikotinske mo\u017enosti:<\/strong> Za razli\u010dne \u017eelje lahko izberete nikotinsko mo\u010d 2% ali 5%.<\/li>\n<li class=\"break-words\"><strong>Elegantna kovinska zasnova:<\/strong> Vzdr\u017eljiva, vrhunska konstrukcija, ki je videti in se zdi razko\u0161na.<\/li>\n<li class=\"break-words\"><strong>\u0160irok razpon okusov:<\/strong> Od sadnih me\u0161anic do sladkih in trpkih profilov - za vsakogar nekaj.<\/li>\n<\/ul>\n<p><iframe title=\"VideoPress Video predvajalnik\" aria-label='VideoPress Video predvajalnik' width='500' height='281' src='https:\/\/videopress.com\/embed\/5n4svF8i?hd=0&amp;cover=1' frameborder='0' allowfullscreen allow='clipboard-write'><\/iframe><script src='https:\/\/v0.wordpress.com\/js\/next\/videopress-iframe.js?m=1739540970'><\/script><\/p>\n<h4>Napredne funkcije za vrhunsko uparjanje<\/h4>\n<ul class=\"marker:text-secondary\">\n<li class=\"break-words\"><strong>Dvojne mre\u017easte tuljave:<\/strong> Pove\u010dana povr\u0161ina za enakomeren okus in izlo\u010danje pare.<\/li>\n<li class=\"break-words\"><strong>Var\u010dni na\u010din:<\/strong> Podalj\u0161a \u017eivljenjsko dobo baterije in e-teko\u010dine za stro\u0161kovno u\u010dinkovito vaping.<\/li>\n<li class=\"break-words\"><strong>Turbo na\u010din:<\/strong> Pove\u010da intenzivnost za krepko, zadovoljivo delovanje.<\/li>\n<li class=\"break-words\"><strong>Baterija 850 mAh:<\/strong> Akumulatorsko polnjenje in zanesljivost za dalj\u0161e seanse.<\/li>\n<li class=\"break-words\"><strong>Zaslon LCD:<\/strong> Ostanite pod nadzorom s spremljanjem baterije in teko\u010dine v realnem \u010dasu.<\/li>\n<li class=\"break-words\"><strong>Izdelek Premium Build:<\/strong> Visokokakovostna kovinska obdelava za vzdr\u017eljivost in eleganco.<\/li>\n<\/ul>\n<h4>Razi\u0161\u010dite na\u0161o zbirko okusov<\/h4>\n<ul class=\"marker:text-secondary\">\n<li class=\"break-words\"><strong>Najljub\u0161i sadni izdelki:<\/strong> Limona, me\u0161ano jagodi\u010devje, jagoda kivi, lubenica, borovnica, grozdje, ananas breskev pasijonka, kivi pasijonka guava.<\/li>\n<li class=\"break-words\"><strong>Sladke dobrote:<\/strong> Fizzy \u010ce\u0161nja, roza limonada, breskev, borovnica kokos.<\/li>\n<li class=\"break-words\"><strong>Drzno in pikantno:<\/strong> Kislo jabolko.<\/li>\n<\/ul>\n<h4>Zakaj kupiti razsutem stanju od VoloVape?<\/h4>\n<ul class=\"marker:text-secondary\">\n<li class=\"break-words\"><strong>Vrhunska platforma za prodajo na debelo:<\/strong> Posredujemo trgovcem na drobno na Nizozemskem, v Nem\u010diji, Belgiji in \u0160paniji.<\/li>\n<li class=\"break-words\"><strong>Konkuren\u010dne cene:<\/strong> Cenovno ugodne cene za ve\u010dje koli\u010dine za pove\u010danje va\u0161ega dobi\u010dka.<\/li>\n<li class=\"break-words\"><strong>Hitra dostava:<\/strong> Zanesljiva dostava, ki zagotavlja pretok zalog.<\/li>\n<li class=\"break-words\"><strong>Zanesljiva kakovost:<\/strong> Zagotovljeni pristni izdelki neposredno iz tovarne.<\/li>\n<li class=\"break-words\"><strong>Namenska podpora:<\/strong> Strokovna pomo\u010d za vse va\u0161e veleprodajne potrebe.<\/li>\n<\/ul>\n<p class=\"break-words\">Ste pripravljeni na zaloge? Naro\u010dite Fizzy Nova 20000 Puffs Rechargeable Disposable Vape v razsutem stanju \u0161e danes in svojim strankam ponudite vrhunsko izku\u0161njo vapinga. Naro\u010dite na debelo pri VoloVape in dvignite svoje poslovanje na vi\u0161jo raven!<\/p>\n<\/div>","protected":false},"excerpt":{"rendered":"<p>Razi\u0161\u010dite Fizzy Nova 20000 Puffs Vape z dvojnimi mre\u017eastimi tuljavami, 850 mAh baterijo, zaslonom LCD in mo\u017enostmi nikotina 2%\/5%. Nakupujte v razsutem stanju pri Volo za vrhunsko vaping v Evropi.<\/p>","protected":false},"featured_media":28675,"comment_status":"open","ping_status":"closed","template":"","meta":[],"product_brand":[],"product_cat":[223],"product_tag":[],"class_list":{"0":"post-28645","1":"product","2":"type-product","3":"status-publish","4":"has-post-thumbnail","6":"product_cat-fizzy","8":"first","9":"instock","10":"shipping-taxable","11":"purchasable","12":"product-type-variable","13":"has-default-attributes"},"jetpack_sharing_enabled":true,"tiered_pricing_type":"fixed","tiered_pricing_fixed_rules":{"200":6.0999999999999996447286321199499070644378662109375,"500":5.5999999999999996447286321199499070644378662109375},"tiered_pricing_product_settings":{"layout":"default","base_unit_name":{"singular":null,"plural":null},"default_variation":null},"tiered_pricing_minimum_quantity":100,"tiered_pricing_roles_data":[],"tiered_pricing_percentage_rules":[],"tiered_pricing_maximum_quantity":null,"tiered_pricing_quantity_step":"10","_links":{"self":[{"href":"https:\/\/volovape.com\/sl\/wp-json\/wp\/v2\/product\/28645","targetHints":{"allow":["GET"]}}],"collection":[{"href":"https:\/\/volovape.com\/sl\/wp-json\/wp\/v2\/product"}],"about":[{"href":"https:\/\/volovape.com\/sl\/wp-json\/wp\/v2\/types\/product"}],"replies":[{"embeddable":true,"href":"https:\/\/volovape.com\/sl\/wp-json\/wp\/v2\/comments?post=28645"}],"wp:featuredmedia":[{"embeddable":true,"href":"https:\/\/volovape.com\/sl\/wp-json\/wp\/v2\/media\/28675"}],"wp:attachment":[{"href":"https:\/\/volovape.com\/sl\/wp-json\/wp\/v2\/media?parent=28645"}],"wp:term":[{"taxonomy":"product_brand","embeddable":true,"href":"https:\/\/volovape.com\/sl\/wp-json\/wp\/v2\/product_brand?post=28645"},{"taxonomy":"product_cat","embeddable":true,"href":"https:\/\/volovape.com\/sl\/wp-json\/wp\/v2\/product_cat?post=28645"},{"taxonomy":"product_tag","embeddable":true,"href":"https:\/\/volovape.com\/sl\/wp-json\/wp\/v2\/product_tag?post=28645"}],"curies":[{"name":"wp","href":"https:\/\/api.w.org\/{rel}","templated":true}]}}