{"id":27742,"date":"2025-01-21T03:31:17","date_gmt":"2025-01-21T03:31:17","guid":{"rendered":"https:\/\/volovape.com\/?post_type=product&#038;p=27742"},"modified":"2026-04-29T02:13:28","modified_gmt":"2026-04-29T02:13:28","slug":"waspe-crystal-40k-dvojni-okus-40000-puffs","status":"publish","type":"product","link":"https:\/\/volovape.com\/sl\/product\/waspe-crystal-40k-double-flavor-40000-puffs\/","title":{"rendered":"WASPE Crystal 40K: dvojni okus 40000 puff za enkratno uporabo (dvojni okus) - trgovina na debelo"},"content":{"rendered":"<p><iframe title=\"VideoPress Video predvajalnik\" aria-label='VideoPress Video predvajalnik' width='421' height='750' src='https:\/\/videopress.com\/embed\/xUagakYO?hd=0&amp;cover=1' frameborder='0' allowfullscreen allow='clipboard-write'><\/iframe><script src='https:\/\/v0.wordpress.com\/js\/next\/videopress-iframe.js?m=1739540970'><\/script><\/p>\n<p><strong>WASPE Crystal 40K Vape za enkratno uporabo<\/strong> - Do\u017eivite neprimerljivo dolgo\u017eivost in okus.<\/p>\n<p>Spletna stran <strong>WASPE Crystal 40K<\/strong> je zasnovan za vaperje, ki i\u0161\u010dejo dalj\u0161o izku\u0161njo z okusom. Pona\u0161a se z ogromno <strong>40.000 puff<\/strong> zmogljivosti in precej\u0161njo <strong>32 ml vnaprej napolnjenega e-teko\u010dina<\/strong> ta naprava zmanj\u0161uje potrebo po ponovnem polnjenju. Poganja jo robustna <strong>850 mAh akumulatorska baterija<\/strong> s spletno stranjo . <strong>Hitro polnjenje tipa C<\/strong>zagotavlja dolgotrajno delovanje. Napredna <strong>tehnologija dvojne mre\u017easte tuljave<\/strong> (0,9ohm + 0,9ohm) zagotavlja dosledno gladek in bogat par. Na voljo v <strong>0%, 2% in 5% z mo\u010djo nikotina<\/strong> in z razburljivimi <strong>dvojne kombinacije okusov<\/strong>, WASPE Crystal 40K ustreza razli\u010dnim \u017eeljam. Idealen je tako za osebno u\u017eivanje kot za <strong>vape za enkratno uporabo na debelo<\/strong>, preu\u010dite na\u0161e mo\u017enosti za <strong>Naro\u010dilo v razsutem stanju<\/strong> prihranki.<\/p>\n<h3><strong>WASPE Crystal 40K Lastnosti:<\/strong><\/h3>\n<ul>\n<li>Puffs: Do 40.000<\/li>\n<li>Kapaciteta e-teko\u010dine: 32ml<\/li>\n<li>Baterija: 850 mAh (za ponovno polnjenje)<\/li>\n<li>Vrsta tuljave: Dvojna mre\u017ea (0,9ohm + 0,9ohm)<\/li>\n<li>Mo\u010d nikotina: 0%, 2%, 5%<\/li>\n<li>Polnjenje: Type-C<\/li>\n<li>Dvojne kombinacije okusov<\/li>\n<\/ul>\n<h4>POGOSTA VPRA\u0160ANJA<\/h4>\n<h5>Kako dvojna mre\u017ena tuljava izbolj\u0161a okus in proizvodnjo pare?<\/h5>\n<p>Zasnova spirale WASPE Crystal 40K z dvema mre\u017eicama zagotavlja enakomerno segrevanje in pove\u010duje povr\u0161ino spirale, ki je v stiku z e-teko\u010dino. To omogo\u010da intenzivnej\u0161i okus, gostej\u0161o proizvodnjo pare in dosledno gladko vle\u010denje skozi celotno \u017eivljenjsko dobo naprave.<\/p>\n<h5>Katere kombinacije dvojnih okusov so na voljo?<\/h5>\n<p>WASPE Crystal 40K ponuja \u0161tevilne edinstvene dvojne okuse, kot so lubenica in limona, rde\u010di bik in jagoda mango, borovnica in lubenica jagoda, breskev in breskev mango ter grozdje in \u010drni zmaj. Vsaka kombinacija je skrbno pripravljena, da zagotavlja vznemirljivo in zadovoljujo\u010do izku\u0161njo vapinga.<\/p>\n<h5>Kako naj vem, katera jakost nikotina je zame primerna?<\/h5>\n<p>WASPE Crystal 40K je na voljo v nikotinskih stopnjah 0%, 2% in 5%. 0% je brez nikotina, primeren za tiste, ki u\u017eivajo vaping brez nikotina. 2% zagotavlja blag nikotinski u\u010dinek, idealen za lahke kadilce ali tiste, ki prehajajo z vi\u0161jih jakosti. 5% zagotavlja mo\u010dnej\u0161i nikotinski u\u010dinek, primeren za mo\u010dne kadilce ali tiste, ki imajo raje izrazitej\u0161i nikotinski u\u010dinek.<\/p>\n<h5>Kako lahko kupim WASPE Crystal 40K v razsutem stanju?<\/h5>\n<p>WASPE Crystal 40K je na voljo za prodajo na debelo. Za ve\u010d podrobnosti o cenah in mo\u017enostih naro\u010dil v razsutem stanju se obrnite na nas in si zagotovite najbolj\u0161o vrednost za svoje potrebe.<\/p>","protected":false},"excerpt":{"rendered":"<p>Izkusite neprimerljivo vaping z WASPE Crystal 40K, revolucionarnim vapom za enkratno uporabo, ki ponuja neverjetnih 40.000 puhov in inovativne dvojne kombinacije okusov. Idealen za kupce na debelo in v razsutem stanju.<\/p>","protected":false},"featured_media":27772,"comment_status":"open","ping_status":"closed","template":"","meta":[],"product_brand":[],"product_cat":[17,74,21,43,18,39,20,23,24,22,25,26,27,28,29,30,31,32,33,34,35,64,36,40],"product_tag":[],"class_list":{"0":"post-27742","1":"product","2":"type-product","3":"status-publish","4":"has-post-thumbnail","6":"product_cat-waspe","7":"product_cat-40000-puffs-disposable-vape","8":"product_cat-big-puffs-vapes","9":"product_cat-crystal-vapes","10":"product_cat-different-puffs-of-disposable-vapes","11":"product_cat-digital-box-vapes","12":"product_cat-disposable-vape-types","13":"product_cat-disposable-vapes-in-austria","14":"product_cat-disposable-vapes-in-belgium","15":"product_cat-disposable-vapes-in-europe","16":"product_cat-disposable-vapes-in-france","17":"product_cat-disposable-vapes-in-germany","18":"product_cat-disposable-vapes-in-hungary","19":"product_cat-disposable-vapes-in-ltaly","20":"product_cat-disposable-vapes-in-netherlands","21":"product_cat-disposable-vapes-in-norway","22":"product_cat-disposable-vapes-in-poland","23":"product_cat-disposable-vapes-in-portugal","24":"product_cat-disposable-vapes-in-spain","25":"product_cat-disposable-vapes-in-sweden","26":"product_cat-disposable-vapes-in-switzerland","27":"product_cat-dual-flavor-vapes","28":"product_cat-rechargeable-vapes","29":"product_cat-smart-screen-vapes","31":"first","32":"instock","33":"shipping-taxable","34":"purchasable","35":"product-type-variable","36":"has-default-attributes"},"jetpack_sharing_enabled":true,"tiered_pricing_type":"fixed","tiered_pricing_fixed_rules":{"30":6.980000000000000426325641456060111522674560546875,"50":6.20999999999999996447286321199499070644378662109375,"100":5.95999999999999996447286321199499070644378662109375,"200":5.589999999999999857891452847979962825775146484375,"400":5.04000000000000003552713678800500929355621337890625},"tiered_pricing_product_settings":{"layout":"default","base_unit_name":{"singular":null,"plural":null},"default_variation":null},"tiered_pricing_minimum_quantity":10,"tiered_pricing_roles_data":[],"tiered_pricing_percentage_rules":[],"tiered_pricing_maximum_quantity":null,"tiered_pricing_quantity_step":"10","_links":{"self":[{"href":"https:\/\/volovape.com\/sl\/wp-json\/wp\/v2\/product\/27742","targetHints":{"allow":["GET"]}}],"collection":[{"href":"https:\/\/volovape.com\/sl\/wp-json\/wp\/v2\/product"}],"about":[{"href":"https:\/\/volovape.com\/sl\/wp-json\/wp\/v2\/types\/product"}],"replies":[{"embeddable":true,"href":"https:\/\/volovape.com\/sl\/wp-json\/wp\/v2\/comments?post=27742"}],"wp:featuredmedia":[{"embeddable":true,"href":"https:\/\/volovape.com\/sl\/wp-json\/wp\/v2\/media\/27772"}],"wp:attachment":[{"href":"https:\/\/volovape.com\/sl\/wp-json\/wp\/v2\/media?parent=27742"}],"wp:term":[{"taxonomy":"product_brand","embeddable":true,"href":"https:\/\/volovape.com\/sl\/wp-json\/wp\/v2\/product_brand?post=27742"},{"taxonomy":"product_cat","embeddable":true,"href":"https:\/\/volovape.com\/sl\/wp-json\/wp\/v2\/product_cat?post=27742"},{"taxonomy":"product_tag","embeddable":true,"href":"https:\/\/volovape.com\/sl\/wp-json\/wp\/v2\/product_tag?post=27742"}],"curies":[{"name":"wp","href":"https:\/\/api.w.org\/{rel}","templated":true}]}}