{"id":1269,"date":"2024-11-21T03:39:32","date_gmt":"2024-11-21T03:39:32","guid":{"rendered":"https:\/\/volovape.com\/?post_type=product&#038;p=1269"},"modified":"2025-09-08T03:35:43","modified_gmt":"2025-09-08T03:35:43","slug":"waspe-30000-puffs-enkratno-vape-na-debelo","status":"publish","type":"product","link":"https:\/\/volovape.com\/sl\/product\/waspe-30000-puffs-disposable-vape-wholesale\/","title":{"rendered":"WASPE 30000 puffs dvojna mre\u017ea za enkratno uporabo z akumulatorsko baterijo 850mah"},"content":{"rendered":"<p>WASPE 30000 Puffs Dual Mesh Vape za enkratno uporabo - 30.000 Puff Count, polnjenje<br \/>\n<strong>WASPE 30000 Puffs Dual Mesh Vape za enkratno uporabo<\/strong> - Do\u017eivite dolgo\u017eivost in okus brez primere.<\/p>\n<p>Izbolj\u0161ajte svojo izku\u0161njo vapinga z <strong>WASPE 30000<\/strong>, revolucionaren vape za enkratno uporabo, zasnovan za najve\u010djo u\u010dinkovitost. Ta naprava z osupljivimi 30.000 izpihi, velikansko kapaciteto 28 ml e-teko\u010dine in 850 mAh akumulatorsko baterijo s polnjenjem Type-C zagotavlja dalj\u0161e seanse vapinga brez kompromisov. Napredna tehnologija dvojne mre\u017easte tuljave zagotavlja dosledno bogato in aromati\u010dno paro, zato je popolna tako za osebno u\u017eivanje kot za veleprodajna naro\u010dila vapinga za enkratno uporabo. Razi\u0161\u010dite 16 edinstvenih mo\u017enosti okusov, od katerih je vsak izdelan do popolnosti, in u\u017eivajte v priro\u010dnosti naprave z veliko zmogljivostjo, ki je pripravljena za uporabo.<\/p>\n<h3><strong>WASPE 30000 Lastnosti\uff1a<\/strong><\/h3>\n<ul>\n<li>Puffs: Do 30.000 pufov<\/li>\n<li>Kapaciteta e-teko\u010dine: 28ml<\/li>\n<li>Baterija: 850 mAh (za ponovno polnjenje)<\/li>\n<li>Polnjenje: Type-C<\/li>\n<li>Navijalka: Dvojna mre\u017ena tuljava<\/li>\n<li>16 edinstvenih okusov<\/li>\n<li>Naprava za enkratno uporabo<\/li>\n<\/ul>\n<h4>POGOSTA VPRA\u0160ANJA<\/h4>\n<h5>Katere na\u010dine po\u0161iljanja uporabljate?<\/h5>\n<p>Sodelujemo z UPS\/DHL\/FEDEX\/DPD itd. Glede na dr\u017eavo dostave bomo izbrali ustrezno mo\u017enost po\u0161iljanja, da bi zagotovili, da boste svoje izdelke prejeli \u010dim prej.<\/p>\n<h5>Kako dolgo traja, da prispe?<\/h5>\n<p>To obi\u010dajno traja od 7 do 15 delovnih dni, ob praznikih ali slabih vremenskih razmerah pa lahko traja tudi do 20 delovnih dni.<\/p>\n<h5>Ali lahko gre skozi carino in ali mi bo povzro\u010dil te\u017eave?<\/h5>\n<p>Zagotavljamo vam, da ne boste imeli te\u017eav, saj bomo poskrbeli za carinjenje in ne bo nobenih davkov ali pristojbin. Zagotavljamo, da bo 100% na\u0161ih izdelkov carinjen.<\/p>\n<h5>V \u010dem je posebna tehnologija dvojne mre\u017easte tuljave?<\/h5>\n<p>Dvojna mre\u017ena spirala v WASPE 30000 izbolj\u0161a dostavo okusa in proizvodnjo pare ter zagotavlja dosledno gladko in zadovoljivo izku\u0161njo vapinga z vsakim potegom, s \u010dimer se maksimalno izkoristi potencial vsakega okusa.<\/p>\n<h5>Ali mu lahko zaupam?<\/h5>\n<p>Podpiramo pla\u010dilo PayPal in storitev za\u0161\u010dite kupca.<br \/>\nNa\u0161e ocene lahko preverite tudi na <a href=\"https:\/\/www.trustpilot.com\/review\/volovape.com?utm_medium=trustbox&amp;utm_source=TrustBoxReviewCollector\">TrustPilot<\/a><\/p>","protected":false},"excerpt":{"rendered":"<p>Sprostite vzdr\u017eljivost pri vapingu z WASPE 30000 Puffs Vape za enkratno uporabo. Ima 28 ml e-teko\u010dine, 850 mAh baterijo, dvojne mre\u017easte tuljave in 16 okusov. Na voljo je veleprodaja, polnjenje tipa C.<\/p>","protected":false},"featured_media":1491,"comment_status":"open","ping_status":"closed","template":"","meta":[],"product_brand":[],"product_cat":[46,63,21,18,39,20,23,24,22,25,26,27,28,29,30,31,32,33,34,35,44,36,40,17],"product_tag":[],"class_list":{"0":"post-1269","1":"product","2":"type-product","3":"status-publish","4":"has-post-thumbnail","6":"product_cat-fihp","7":"product_cat-30000-puffs-disposable-vape","8":"product_cat-big-puffs-vapes","9":"product_cat-different-puffs-of-disposable-vapes","10":"product_cat-digital-box-vapes","11":"product_cat-disposable-vape-types","12":"product_cat-disposable-vapes-in-austria","13":"product_cat-disposable-vapes-in-belgium","14":"product_cat-disposable-vapes-in-europe","15":"product_cat-disposable-vapes-in-france","16":"product_cat-disposable-vapes-in-germany","17":"product_cat-disposable-vapes-in-hungary","18":"product_cat-disposable-vapes-in-ltaly","19":"product_cat-disposable-vapes-in-netherlands","20":"product_cat-disposable-vapes-in-norway","21":"product_cat-disposable-vapes-in-poland","22":"product_cat-disposable-vapes-in-portugal","23":"product_cat-disposable-vapes-in-spain","24":"product_cat-disposable-vapes-in-sweden","25":"product_cat-disposable-vapes-in-switzerland","26":"product_cat-dual-mesh-vapes","27":"product_cat-rechargeable-vapes","28":"product_cat-smart-screen-vapes","29":"product_cat-waspe","31":"first","32":"instock","33":"shipping-taxable","34":"purchasable","35":"product-type-variable","36":"has-default-attributes"},"jetpack_sharing_enabled":true,"tiered_pricing_type":"fixed","tiered_pricing_fixed_rules":{"2000":5.5},"tiered_pricing_product_settings":{"layout":"default","base_unit_name":{"singular":null,"plural":null},"default_variation":null},"tiered_pricing_minimum_quantity":1000,"tiered_pricing_roles_data":[],"tiered_pricing_percentage_rules":[],"tiered_pricing_maximum_quantity":null,"tiered_pricing_quantity_step":"10","_links":{"self":[{"href":"https:\/\/volovape.com\/sl\/wp-json\/wp\/v2\/product\/1269","targetHints":{"allow":["GET"]}}],"collection":[{"href":"https:\/\/volovape.com\/sl\/wp-json\/wp\/v2\/product"}],"about":[{"href":"https:\/\/volovape.com\/sl\/wp-json\/wp\/v2\/types\/product"}],"replies":[{"embeddable":true,"href":"https:\/\/volovape.com\/sl\/wp-json\/wp\/v2\/comments?post=1269"}],"wp:featuredmedia":[{"embeddable":true,"href":"https:\/\/volovape.com\/sl\/wp-json\/wp\/v2\/media\/1491"}],"wp:attachment":[{"href":"https:\/\/volovape.com\/sl\/wp-json\/wp\/v2\/media?parent=1269"}],"wp:term":[{"taxonomy":"product_brand","embeddable":true,"href":"https:\/\/volovape.com\/sl\/wp-json\/wp\/v2\/product_brand?post=1269"},{"taxonomy":"product_cat","embeddable":true,"href":"https:\/\/volovape.com\/sl\/wp-json\/wp\/v2\/product_cat?post=1269"},{"taxonomy":"product_tag","embeddable":true,"href":"https:\/\/volovape.com\/sl\/wp-json\/wp\/v2\/product_tag?post=1269"}],"curies":[{"name":"wp","href":"https:\/\/api.w.org\/{rel}","templated":true}]}}