{"id":1242,"date":"2024-11-21T03:39:04","date_gmt":"2024-11-21T03:39:04","guid":{"rendered":"https:\/\/volovape.com\/?post_type=product&#038;p=1242"},"modified":"2025-11-11T03:20:43","modified_gmt":"2025-11-11T03:20:43","slug":"vapme-shisha-pro-max-20000-puffs","status":"publish","type":"product","link":"https:\/\/volovape.com\/sl\/product\/vapme-shisha-pro-max-20000-puffs\/","title":{"rendered":"VAPME Shisha Pro Max 20000 puffov za enkratno uporabo - 28ml Shisha navdihnjen okus"},"content":{"rendered":"<p><strong>VAPME SHISHA PRO MAX 20000 Puffs Vape za enkratno uporabo<\/strong> - Do\u017eivite okuse, navdihnjene s \u0161i\u0161o, z neprimerljivo dalj\u0161o \u017eivljenjsko dobo.<\/p>\n<p>Potopite se v bogat in raznolik svet okusov \u0161i\u0161e z <strong>VAPME SHISHA PRO MAX 20000<\/strong>. Ta visokozmogljiv vape za enkratno uporabo zagotavlja impresivnih 20.000 izpihov, ki jih poganja ogromen 28ml rezervoar za e-teko\u010dino in 650mAh polnilna baterija s polnjenjem Type-C. U\u017eivajte v dolgotrajnem in zadovoljujo\u010dem vapanju s 24 edinstvenimi mo\u017enostmi okusov, ki so zasnovani tako, da posnemajo pristen okus tradicionalne \u0161i\u0161e. Ta naprava je idealna za osebno uporabo ali veleprodajo vape za enkratno uporabo, saj ponuja udobje in izjemno zmogljivost.<\/p>\n<h3><strong>VAPME SHISHA PRO MAX 20000 Zna\u010dilnosti\uff1a<\/strong><\/h3>\n<ul>\n<li>Puffs: Do 20.000 pufov<\/li>\n<li>Kapaciteta e-teko\u010dine: 28ml<\/li>\n<li>Baterija: 650 mAh (za ponovno polnjenje)<\/li>\n<li>Polnjenje: Type-C<\/li>\n<li>24 edinstvenih okusov, navdihnjenih s \u0161i\u0161o<\/li>\n<li>Naprava za enkratno uporabo<\/li>\n<\/ul>\n<h4>POGOSTA VPRA\u0160ANJA<\/h4>\n<h5>Katere na\u010dine po\u0161iljanja uporabljate?<\/h5>\n<p>Sodelujemo z UPS\/DHL\/FEDEX\/DPD itd. Glede na dr\u017eavo dostave bomo izbrali ustrezno mo\u017enost po\u0161iljanja, da bi zagotovili, da boste svoje izdelke prejeli \u010dim prej.<\/p>\n<h5>Kako dolgo traja, da prispe?<\/h5>\n<p>To obi\u010dajno traja od 7 do 15 delovnih dni, ob praznikih ali slabih vremenskih razmerah pa lahko traja tudi do 20 delovnih dni.<\/p>\n<h5>Ali lahko gre skozi carino in ali mi bo povzro\u010dil te\u017eave?<\/h5>\n<p>Zagotavljamo vam, da ne boste imeli te\u017eav, saj bomo poskrbeli za carinjenje in ne bo nobenih davkov ali pristojbin. Zagotavljamo, da bo 100% na\u0161ih izdelkov carinjen.<\/p>\n<h5>Koliko razli\u010dnih okusov je na voljo?<\/h5>\n<p>VAPME SHISHA PRO MAX ponuja obse\u017een izbor 24 edinstvenih okusov, ki so skrbno izdelani za ponovitev bogatega in raznolikega okusa tradicionalne \u0161i\u0161e.<\/p>\n<h5>Ali mu lahko zaupam?<\/h5>\n<p>Podpiramo pla\u010dilo PayPal in storitev za\u0161\u010dite kupca.<br \/>\nNa\u0161e ocene lahko preverite tudi na <a href=\"https:\/\/www.trustpilot.com\/review\/volovape.com?utm_medium=trustbox&amp;utm_source=TrustBoxReviewCollector\">TrustPilot<\/a>.<\/p>","protected":false},"excerpt":{"rendered":"<p>Trgovina VAPME SHISHA PRO MAX 20000 Puffs Vape za enkratno uporabo v razsutem stanju. U\u017eivajte v bogatih okusih, navdihnjenih s \u0161i\u0161o, 28 ml e-teko\u010dine, hitro polnjenje. Odli\u010dno za dobavitelje in preprodajalce vape na debelo.<\/p>","protected":false},"featured_media":1483,"comment_status":"open","ping_status":"closed","template":"","meta":[],"product_brand":[],"product_cat":[49,42,21,18,20,23,24,22,25,26,27,28,29,30,31,32,33,34,35,36,47,40],"product_tag":[],"class_list":{"0":"post-1242","1":"product","2":"type-product","3":"status-publish","4":"has-post-thumbnail","6":"product_cat-vapme","7":"product_cat-20000-puffs-disposable-vape","8":"product_cat-big-puffs-vapes","9":"product_cat-different-puffs-of-disposable-vapes","10":"product_cat-disposable-vape-types","11":"product_cat-disposable-vapes-in-austria","12":"product_cat-disposable-vapes-in-belgium","13":"product_cat-disposable-vapes-in-europe","14":"product_cat-disposable-vapes-in-france","15":"product_cat-disposable-vapes-in-germany","16":"product_cat-disposable-vapes-in-hungary","17":"product_cat-disposable-vapes-in-ltaly","18":"product_cat-disposable-vapes-in-netherlands","19":"product_cat-disposable-vapes-in-norway","20":"product_cat-disposable-vapes-in-poland","21":"product_cat-disposable-vapes-in-portugal","22":"product_cat-disposable-vapes-in-spain","23":"product_cat-disposable-vapes-in-sweden","24":"product_cat-disposable-vapes-in-switzerland","25":"product_cat-rechargeable-vapes","26":"product_cat-shisha-hookah-vapes","27":"product_cat-smart-screen-vapes","29":"first","30":"instock","31":"shipping-taxable","32":"purchasable","33":"product-type-variable","34":"has-default-attributes"},"jetpack_sharing_enabled":true,"tiered_pricing_type":"fixed","tiered_pricing_fixed_rules":{"2000":5.5999999999999996447286321199499070644378662109375},"tiered_pricing_product_settings":{"layout":"default","base_unit_name":{"singular":null,"plural":null},"default_variation":null},"tiered_pricing_minimum_quantity":1000,"tiered_pricing_roles_data":[],"tiered_pricing_percentage_rules":[],"tiered_pricing_maximum_quantity":null,"tiered_pricing_quantity_step":"10","_links":{"self":[{"href":"https:\/\/volovape.com\/sl\/wp-json\/wp\/v2\/product\/1242","targetHints":{"allow":["GET"]}}],"collection":[{"href":"https:\/\/volovape.com\/sl\/wp-json\/wp\/v2\/product"}],"about":[{"href":"https:\/\/volovape.com\/sl\/wp-json\/wp\/v2\/types\/product"}],"replies":[{"embeddable":true,"href":"https:\/\/volovape.com\/sl\/wp-json\/wp\/v2\/comments?post=1242"}],"wp:featuredmedia":[{"embeddable":true,"href":"https:\/\/volovape.com\/sl\/wp-json\/wp\/v2\/media\/1483"}],"wp:attachment":[{"href":"https:\/\/volovape.com\/sl\/wp-json\/wp\/v2\/media?parent=1242"}],"wp:term":[{"taxonomy":"product_brand","embeddable":true,"href":"https:\/\/volovape.com\/sl\/wp-json\/wp\/v2\/product_brand?post=1242"},{"taxonomy":"product_cat","embeddable":true,"href":"https:\/\/volovape.com\/sl\/wp-json\/wp\/v2\/product_cat?post=1242"},{"taxonomy":"product_tag","embeddable":true,"href":"https:\/\/volovape.com\/sl\/wp-json\/wp\/v2\/product_tag?post=1242"}],"curies":[{"name":"wp","href":"https:\/\/api.w.org\/{rel}","templated":true}]}}