{"id":1240,"date":"2024-11-21T03:39:04","date_gmt":"2024-11-21T03:39:04","guid":{"rendered":"https:\/\/volovape.com\/?post_type=product&#038;p=1240"},"modified":"2025-08-07T08:19:48","modified_gmt":"2025-08-07T08:19:48","slug":"izgubljena-mary-mo10000","status":"publish","type":"product","link":"https:\/\/volovape.com\/sl\/product\/lost-mary-mo10000\/","title":{"rendered":"Lost Mary MO10000 Vape za enkratno uporabo - 10.000 Puffs, mre\u017ena tuljava, prepre\u010devanje suhega udara"},"content":{"rendered":"<p><strong>Lost Mary MO10000 Vape za enkratno uporabo<\/strong> - Do\u017eivite 10.000 puflov \u010distega okusa z naprednim prepre\u010devanjem suhih udarcev.<\/p>\n<p>Potopite se na dalj\u0161e potovanje z vapingom Lost Mary MO10000, ki omogo\u010da do 10.000 vdihov z veliko kapaciteto 18 ml e-teko\u010dine. To zmogljivo napravo za enkratno uporabo poganja 600 mAh akumulatorska baterija, ki vam zagotavlja energijo ves dan. U\u017eivajte v bogatem in enakomernem okusu zaradi izpopolnjene tehnologije mre\u017easte tuljave, z inovativno funkcijo prepre\u010devanja suhih zadetkov pa nikoli ne skrbite za za\u017egane zadetke. Ta naprava je na voljo v raznoliki paleti 15 edinstvenih okusov, od modre breskve do jagode grenivke, in tako zadovolji vsak okus. Naprava Lost Mary MO10000, ki je idealna za osebno uporabo ali za naro\u010dila na debelo, zdru\u017euje udobje in vrhunsko zmogljivost. Njegova elegantna zasnova z ble\u0161\u010de\u010dimi valovi doda pridih elegance va\u0161i izku\u0161nji uparjanja. Idealen je za tiste, ki i\u0161\u010dejo vrhunski vape za enkratno uporabo z dolgotrajnim delovanjem.<\/p>\n<h3><strong>Lost Mary MO10000 Lastnosti:<\/strong><\/h3>\n<ul>\n<li>Puffs: Do 10.000<\/li>\n<li>Kapaciteta e-teko\u010dine: 18ml<\/li>\n<li>Baterija: 600 mAh (za ponovno polnjenje)<\/li>\n<li>Polnjenje: Type-C<\/li>\n<li>Navijalka: Refined Mesh Coil<\/li>\n<li>Mo\u010d nikotina: 5% (20mg\/ml)<\/li>\n<li>Oblikovanje: Shimmering Ripple<\/li>\n<li>Pametno prepre\u010devanje suhih udarcev<\/li>\n<\/ul>\n<h4>POGOSTA VPRA\u0160ANJA<\/h4>\n<h5>Kako deluje prepre\u010devanje suhih zadetkov?<\/h5>\n<p>Lost Mary MO10000 je zasnovan s pametno tehnologijo, ki spremlja stanje spirale in e-teko\u010dine. Ta sistem samodejno prilagaja dovajanje energije, da prepre\u010di pregrevanje tuljave, zagotavlja enakomeren okus in prepre\u010duje pri\u017egane okuse ter tako vsaki\u010d zagotavlja gladek in prijeten vape.<\/p>\n<h5>Katere na\u010dine po\u0161iljanja uporabljate?<\/h5>\n<p>Sodelujemo z UPS\/DHL\/FEDEX\/DPD itd. Glede na dr\u017eavo dostave bomo izbrali ustrezno mo\u017enost po\u0161iljanja, da bi zagotovili, da boste svoje izdelke prejeli \u010dim prej.<\/p>\n<h5>Kako dolgo traja, da prispe?<\/h5>\n<p>To obi\u010dajno traja od 7 do 15 delovnih dni, ob praznikih ali slabih vremenskih razmerah pa lahko traja tudi do 20 delovnih dni.<\/p>\n<h5>Ali lahko gre skozi carino in ali mi bo povzro\u010dil te\u017eave?<\/h5>\n<p>Zagotavljamo vam, da ne boste imeli te\u017eav, saj bomo poskrbeli za carinjenje in ne bo nobenih davkov ali pristojbin. Zagotavljamo, da bo 100% na\u0161ih izdelkov carinjen.<\/p>\n<h5>Ali mu lahko zaupam?<\/h5>\n<p>Podpiramo pla\u010dilo PayPal in storitev za\u0161\u010dite kupca. Na\u0161e ocene lahko preverite tudi na <a href=\"https:\/\/www.trustpilot.com\/review\/volovape.com?utm_medium=trustbox&amp;utm_source=TrustBoxReviewCollector\">TrustPilot<\/a>.<\/p>","protected":false},"excerpt":{"rendered":"<p>Z Lost Mary MO10000 za enkratno uporabo povzdignite raven vapinga. Ponuja 18 ml e-teko\u010dine, 600 mAh baterijo, mre\u017easto tuljavo, prepre\u010devanje suhega udara, 5% nikotina. Veleprodaja, ve\u010d okusov, polnjenje tipa C.<\/p>","protected":false},"featured_media":1437,"comment_status":"open","ping_status":"closed","template":"","meta":[],"product_brand":[],"product_cat":[73,57,21,18,20,23,24,22,25,26,27,28,29,30,31,32,33,34,35,36],"product_tag":[],"class_list":{"0":"post-1240","1":"product","2":"type-product","3":"status-publish","4":"has-post-thumbnail","6":"product_cat-lost-mary","7":"product_cat-10000-puffs-disposable-vape","8":"product_cat-big-puffs-vapes","9":"product_cat-different-puffs-of-disposable-vapes","10":"product_cat-disposable-vape-types","11":"product_cat-disposable-vapes-in-austria","12":"product_cat-disposable-vapes-in-belgium","13":"product_cat-disposable-vapes-in-europe","14":"product_cat-disposable-vapes-in-france","15":"product_cat-disposable-vapes-in-germany","16":"product_cat-disposable-vapes-in-hungary","17":"product_cat-disposable-vapes-in-ltaly","18":"product_cat-disposable-vapes-in-netherlands","19":"product_cat-disposable-vapes-in-norway","20":"product_cat-disposable-vapes-in-poland","21":"product_cat-disposable-vapes-in-portugal","22":"product_cat-disposable-vapes-in-spain","23":"product_cat-disposable-vapes-in-sweden","24":"product_cat-disposable-vapes-in-switzerland","25":"product_cat-rechargeable-vapes","27":"first","28":"instock","29":"shipping-taxable","30":"purchasable","31":"product-type-variable","32":"has-default-attributes"},"jetpack_sharing_enabled":true,"tiered_pricing_type":"fixed","tiered_pricing_fixed_rules":{"2000":6.5},"tiered_pricing_product_settings":{"layout":"default","base_unit_name":{"singular":null,"plural":null},"default_variation":null},"tiered_pricing_minimum_quantity":1000,"tiered_pricing_roles_data":[],"tiered_pricing_percentage_rules":[],"tiered_pricing_maximum_quantity":null,"tiered_pricing_quantity_step":"100","_links":{"self":[{"href":"https:\/\/volovape.com\/sl\/wp-json\/wp\/v2\/product\/1240","targetHints":{"allow":["GET"]}}],"collection":[{"href":"https:\/\/volovape.com\/sl\/wp-json\/wp\/v2\/product"}],"about":[{"href":"https:\/\/volovape.com\/sl\/wp-json\/wp\/v2\/types\/product"}],"replies":[{"embeddable":true,"href":"https:\/\/volovape.com\/sl\/wp-json\/wp\/v2\/comments?post=1240"}],"wp:featuredmedia":[{"embeddable":true,"href":"https:\/\/volovape.com\/sl\/wp-json\/wp\/v2\/media\/1437"}],"wp:attachment":[{"href":"https:\/\/volovape.com\/sl\/wp-json\/wp\/v2\/media?parent=1240"}],"wp:term":[{"taxonomy":"product_brand","embeddable":true,"href":"https:\/\/volovape.com\/sl\/wp-json\/wp\/v2\/product_brand?post=1240"},{"taxonomy":"product_cat","embeddable":true,"href":"https:\/\/volovape.com\/sl\/wp-json\/wp\/v2\/product_cat?post=1240"},{"taxonomy":"product_tag","embeddable":true,"href":"https:\/\/volovape.com\/sl\/wp-json\/wp\/v2\/product_tag?post=1240"}],"curies":[{"name":"wp","href":"https:\/\/api.w.org\/{rel}","templated":true}]}}