{"id":1190,"date":"2024-11-21T03:38:19","date_gmt":"2024-11-21T03:38:19","guid":{"rendered":"https:\/\/volovape.com\/?post_type=product&#038;p=1190"},"modified":"2025-07-17T04:34:15","modified_gmt":"2025-07-17T04:34:15","slug":"vapsolo-feed-bar-shisha-15000-puffs","status":"publish","type":"product","link":"https:\/\/volovape.com\/sl\/product\/vapsolo-feed-bar-shisha-15000-puffs\/","title":{"rendered":"Vapsolo FEED BAR Shisha 15000 Puffs za enkratno uporabo - 0,6\u03a9 Mesh Coil, visok pretok zraka"},"content":{"rendered":"<p><iframe title=\"VideoPress Video predvajalnik\" aria-label='VideoPress Video predvajalnik' width='421' height='750' src='https:\/\/videopress.com\/embed\/JWLYAsYP?hd=0&amp;cover=1' frameborder='0' allowfullscreen allow='clipboard-write'><\/iframe><script src='https:\/\/v0.wordpress.com\/js\/next\/videopress-iframe.js?m=1739540970'><\/script><\/p>\n<h2>Vapsolo FEED BAR Shisha 15000 Puffs Vape za enkratno uporabo - Izkusite vaping, navdihnjen s \u0161i\u0161o, z visokim pretokom zraka.<\/h2>\n<p>Spletna stran <strong>Vapsolo FEED BAR Shisha 15000 Puffs<\/strong> Vape za enkratno uporabo prina\u0161a bogato, aromati\u010dno izku\u0161njo \u0161i\u0161e v priro\u010dni in prenosni obliki. Z impresivnim <strong>15.000 puff<\/strong> zmogljivosti, ogromno <strong>25ml rezervoar za e-teko\u010dino<\/strong>in robusten <strong>Baterija za ponovno polnjenje 650 mAh<\/strong>, ta naprava ponuja dalj\u0161o uporabo in vrednost. Spletna stran <strong>0,6\u03a9 mre\u017ena tuljava<\/strong> je optimizirana za bolj\u0161e proizvajanje pare in <strong>zasnova z visokim pretokom zraka<\/strong> zagotavlja gladko in zra\u010dno potegovanje, ki spominja na tradicionalno \u0161i\u0161o. Idealen za osebno u\u017eivanje in <strong>vape za enkratno uporabo na debelo<\/strong>ta naprava zagotavlja vrhunsko izku\u0161njo vapinga. <strong>Mno\u017ei\u010dno naro\u010dilo<\/strong> mo\u017enosti so na voljo trgovcem na drobno.<\/p>\n<h3><strong>Vapsolo FEED BAR Shisha 15000 Puffs Lastnosti:<\/strong><\/h3>\n<ul>\n<li>Puffs: Do 15.000<\/li>\n<li>Kapaciteta e-teko\u010dine: 25ml<\/li>\n<li>Baterija: 650 mAh (za ponovno polnjenje)<\/li>\n<li>Polnjenje: Type-C<\/li>\n<li>Tuljava: 0.6\u03a9 Mesh Coil<\/li>\n<li>Pretok zraka: Zasnova visokega zra\u010dnega toka<\/li>\n<li>Razpolo\u017eljivi okusi: Lemonada Blue Razz Lemonade, Peach Ice, Mango Ice, Lush Ice, Lemon Mint, Grape Mint, Strawberry Punch, Blueberry Gum.<\/li>\n<\/ul>\n<h4>POGOSTA VPRA\u0160ANJA<\/h4>\n<h5>Kako 0,6\u03a9 mre\u017easta tuljava izbolj\u0161a izku\u0161njo, navdihnjeno s \u0161i\u0161o?<\/h5>\n<p>0,6\u03a9 mre\u017ena spirala je posebej zasnovana za maksimalno proizvodnjo pare in intenzivnost okusa, kar zagotavlja gost, aromati\u010den oblak, ki natan\u010dno posnema izku\u0161njo tradicionalnega \u0161i\u0161e. Ta tuljava zagotavlja enakomerno segrevanje in optimalno dostavo okusa.<\/p>\n<h5>Kak\u0161ne so prednosti zasnove z visokim pretokom zraka?<\/h5>\n<p>Zasnova z visokim pretokom zraka omogo\u010da gladko in zra\u010dno potegovanje, ki posnema odprt in spro\u0161\u010den na\u010din vdihavanja, zna\u010dilen za \u0161i\u0161o. Ta zna\u010dilnost izbolj\u0161a celotno izku\u0161njo vapinga, ki je udobnej\u0161a in prijetnej\u0161a za tiste, ki imajo raje manj omejen vaping.<\/p>\n<h5>Kako dolgo zdr\u017ei baterija in kako hitro se napolni?<\/h5>\n<p>Baterija z zmogljivostjo 650 mAh zagotavlja dolgotrajno mo\u010d za do 15 000 vdihov. S polnjenjem tipa C lahko napravo hitro in u\u010dinkovito napolnite, kar zmanj\u0161uje \u010das izpada in pove\u010duje u\u017eitek pri vapanju.<\/p>\n<h5>Katere na\u010dine po\u0161iljanja uporabljate?<\/h5>\n<p>Sodelujemo s priznanimi prevozniki, kot so UPS, DHL, FedEx in DPD, da zagotovimo zanesljivo in u\u010dinkovito dostavo. Glede na va\u0161o lokacijo izberemo najbolj\u0161o mo\u017enost po\u0161iljanja, da bi va\u0161e naro\u010dilo \u010dim prej prispelo do vas.<\/p>\n<h5>Ali lahko zaupam svojemu nakupu?<\/h5>\n<p>Prednost dajemo zadovoljstvu strank in ponujamo varne mo\u017enosti pla\u010dila, vklju\u010dno s storitvijo PayPal z za\u0161\u010dito kupca. Preberete lahko tudi mnenja na\u0161ih zadovoljnih strank na TrustPilotu: <a href=\"https:\/\/www.trustpilot.com\/review\/volovape.com?utm_medium=trustbox&amp;utm_source=TrustBoxReviewCollector\">TrustPilot<\/a>.<\/p>","protected":false},"excerpt":{"rendered":"<p>Kupite Vapsolo FEED BAR Shisha 15000 Puffs Vape za enkratno uporabo v razsutem stanju. U\u017eivajte v 25 ml e-teko\u010dine, mre\u017eni tuljavi, gladkem zra\u010dnem toku in bogatih oblakih. Idealno za distributerje in preprodajalce vape na debelo.<\/p>","protected":false},"featured_media":1426,"comment_status":"open","ping_status":"closed","template":"","meta":[],"product_brand":[],"product_cat":[72,41,21,18,20,23,24,22,25,26,27,28,29,30,31,32,33,34,35,36,47],"product_tag":[],"class_list":{"0":"post-1190","1":"product","2":"type-product","3":"status-publish","4":"has-post-thumbnail","6":"product_cat-vapsolo","7":"product_cat-15000-puffs-disposable-vape","8":"product_cat-big-puffs-vapes","9":"product_cat-different-puffs-of-disposable-vapes","10":"product_cat-disposable-vape-types","11":"product_cat-disposable-vapes-in-austria","12":"product_cat-disposable-vapes-in-belgium","13":"product_cat-disposable-vapes-in-europe","14":"product_cat-disposable-vapes-in-france","15":"product_cat-disposable-vapes-in-germany","16":"product_cat-disposable-vapes-in-hungary","17":"product_cat-disposable-vapes-in-ltaly","18":"product_cat-disposable-vapes-in-netherlands","19":"product_cat-disposable-vapes-in-norway","20":"product_cat-disposable-vapes-in-poland","21":"product_cat-disposable-vapes-in-portugal","22":"product_cat-disposable-vapes-in-spain","23":"product_cat-disposable-vapes-in-sweden","24":"product_cat-disposable-vapes-in-switzerland","25":"product_cat-rechargeable-vapes","26":"product_cat-shisha-hookah-vapes","28":"first","29":"instock","30":"shipping-taxable","31":"purchasable","32":"product-type-variable","33":"has-default-attributes"},"jetpack_sharing_enabled":true,"tiered_pricing_type":"fixed","tiered_pricing_fixed_rules":{"2000":6.5999999999999996447286321199499070644378662109375},"tiered_pricing_product_settings":{"layout":"default","base_unit_name":{"singular":null,"plural":null},"default_variation":null},"tiered_pricing_minimum_quantity":1000,"tiered_pricing_roles_data":[],"tiered_pricing_percentage_rules":[],"tiered_pricing_maximum_quantity":null,"tiered_pricing_quantity_step":"10","_links":{"self":[{"href":"https:\/\/volovape.com\/sl\/wp-json\/wp\/v2\/product\/1190","targetHints":{"allow":["GET"]}}],"collection":[{"href":"https:\/\/volovape.com\/sl\/wp-json\/wp\/v2\/product"}],"about":[{"href":"https:\/\/volovape.com\/sl\/wp-json\/wp\/v2\/types\/product"}],"replies":[{"embeddable":true,"href":"https:\/\/volovape.com\/sl\/wp-json\/wp\/v2\/comments?post=1190"}],"wp:featuredmedia":[{"embeddable":true,"href":"https:\/\/volovape.com\/sl\/wp-json\/wp\/v2\/media\/1426"}],"wp:attachment":[{"href":"https:\/\/volovape.com\/sl\/wp-json\/wp\/v2\/media?parent=1190"}],"wp:term":[{"taxonomy":"product_brand","embeddable":true,"href":"https:\/\/volovape.com\/sl\/wp-json\/wp\/v2\/product_brand?post=1190"},{"taxonomy":"product_cat","embeddable":true,"href":"https:\/\/volovape.com\/sl\/wp-json\/wp\/v2\/product_cat?post=1190"},{"taxonomy":"product_tag","embeddable":true,"href":"https:\/\/volovape.com\/sl\/wp-json\/wp\/v2\/product_tag?post=1190"}],"curies":[{"name":"wp","href":"https:\/\/api.w.org\/{rel}","templated":true}]}}