{"id":1167,"date":"2024-11-21T03:37:57","date_gmt":"2024-11-21T03:37:57","guid":{"rendered":"https:\/\/volovape.com\/?post_type=product&#038;p=1167"},"modified":"2025-07-13T13:48:06","modified_gmt":"2025-07-13T13:48:06","slug":"vapsolo-dg18000-puffs","status":"publish","type":"product","link":"https:\/\/volovape.com\/sl\/product\/vapsolo-dg18000-puffs\/","title":{"rendered":"Vapsolo DG18000 Puffs Vape za enkratno uporabo - zmogljivost 28 ml, upornost 0,9\u03a9"},"content":{"rendered":"<p><iframe title=\"VideoPress Video predvajalnik\" aria-label='VideoPress Video predvajalnik' width='500' height='281' src='https:\/\/videopress.com\/embed\/ss3cmXiS?hd=0&amp;cover=1' frameborder='0' allowfullscreen allow='clipboard-write'><\/iframe><script src='https:\/\/v0.wordpress.com\/js\/next\/videopress-iframe.js?m=1739540970'><\/script><\/p>\n<p><strong>Vapsolo DG18000 Puffs za enkratno uporabo Vape<\/strong> - Neprimerljivo dolga \u017eivljenjska doba in gladka para v napravi z veliko zmogljivostjo.<\/p>\n<p>Spletna stran <strong>Vapsolo DG18000 Puffs<\/strong> za enkratno uporabo je zasnovan za vaperje, ki zahtevajo dalj\u0161o uporabo in vrhunsko zmogljivost. Z impresivnim <strong>18.000 puff<\/strong> zmogljivosti, ogromno <strong>28ml rezervoar za e-teko\u010dino<\/strong>in <strong>Baterija za ponovno polnjenje 650 mAh<\/strong>, ta naprava ponuja neprimerljivo dalj\u0161o \u017eivljenjsko dobo in udobje. Optimizirana <strong>Odpornost 0,9\u03a9<\/strong> zagotavlja dosledno gladko in aromati\u010dno proizvodnjo pare. Izbirate lahko med <strong>2% in 5% vsebnost nikotina<\/strong>. Vapsolo DG18000 je idealen za vaperje, ki i\u0161\u010dejo dolgotrajno u\u017eivanje, in je popoln za osebno uporabo in <strong>vape za enkratno uporabo na debelo<\/strong>. <strong>Mno\u017ei\u010dno naro\u010dilo<\/strong> mo\u017enosti so na voljo trgovcem na drobno.<\/p>\n<h3><strong>Vapsolo DG18000 Puffs Lastnosti:<\/strong><\/h3>\n<ul>\n<li>Puffs: Do 18.000<\/li>\n<li>Kapaciteta e-teko\u010dine: 28ml<\/li>\n<li>Baterija: 650 mAh (za ponovno polnjenje)<\/li>\n<li>Polnjenje: Type-C<\/li>\n<li>Odpornost: 0.9\u03a9<\/li>\n<li>Mo\u010d nikotina: 2%, 5%<\/li>\n<li>Razpolo\u017eljivi okusi: Ananas breskev mango, pasijonka kivi led, borovnica \u010de\u0161nja brusnica, lubenica led, jagoda kivi, limona limeta, jagoda banana, Red Bull, me\u0161ano jagodi\u010devje, Prime jagoda lubenica.<\/li>\n<\/ul>\n<h4>POGOSTA VPRA\u0160ANJA<\/h4>\n<h5>Kako upornost 0,9\u03a9 izbolj\u0161a izku\u0161njo vapinga?<\/h5>\n<p>Odpornost 0,9\u03a9 je posebej zasnovana tako, da zagotavlja ravnovesje med okusom in proizvodnjo pare. Ta upor zagotavlja dosledno in gladko paro ter bogate in zadovoljive okuse z vsakim potegom. Optimiziran je za udobno in prijetno izku\u0161njo vapinga.<\/p>\n<h5>Kak\u0161ne so prednosti kapacitete 18.000 puffov in 28 ml rezervoarja za e-teko\u010dino?<\/h5>\n<p>Zmogljivost 18.000 izpuhov in 28 ml rezervoar za e-teko\u010dino omogo\u010data dalj\u0161o uporabo in zmanj\u0161ujeta potrebo po pogostih zamenjavah. Zato je Vapsolo DG18000 idealen za uporabnike, ki \u017eelijo dolgotrajno in priro\u010dno re\u0161itev za vaping, ki je idealna za potovanja ali vsakodnevno uporabo.<\/p>\n<h5>Kako hitro se baterija 650 mAh napolni?<\/h5>\n<p>Baterija s kapaciteto 650 mAh podpira dolge seanse vapinga in se hitro napolni s polnjenjem tipa C. To zagotavlja minimalen \u010das nedelovanja in vam omogo\u010da, da u\u017eivate v napravi brez dolgega \u010dakanja.<\/p>\n<h5>Katere na\u010dine po\u0161iljanja uporabljate?<\/h5>\n<p>Sodelujemo z zanesljivimi prevozniki, kot so UPS, DHL, FedEx in DPD, da zagotovimo u\u010dinkovito in varno dostavo. Glede na va\u0161o lokacijo izberemo najprimernej\u0161i na\u010din po\u0161iljanja, da bi va\u0161e naro\u010dilo \u010dim prej prispelo do vas.<\/p>\n<h5>Ali lahko zaupam svojemu nakupu?<\/h5>\n<p>Prednost dajemo zadovoljstvu strank in ponujamo varne mo\u017enosti pla\u010dila, vklju\u010dno s storitvijo PayPal z za\u0161\u010dito kupca. Na TrustPilotu si lahko ogledate tudi ocene strank: <a href=\"https:\/\/www.trustpilot.com\/review\/volovape.com?utm_medium=trustbox&amp;utm_source=TrustBoxReviewCollector\">TrustPilot<\/a>.<\/p>","protected":false},"excerpt":{"rendered":"<p>Zaloge Vapsolo DG18000 Puffs Vape za enkratno uporabo v razsutem stanju. Z 28 ml e-teko\u010dine, 2% in 5% nikotina ter gladko paro je idealen za dobavitelje vape na debelo in trgovce na drobno.<\/p>","protected":false},"featured_media":1388,"comment_status":"open","ping_status":"closed","template":"","meta":[],"product_brand":[],"product_cat":[72,50,21,18,39,20,23,24,22,25,26,27,28,29,30,31,32,33,34,35,36,40],"product_tag":[],"class_list":{"0":"post-1167","1":"product","2":"type-product","3":"status-publish","4":"has-post-thumbnail","6":"product_cat-vapsolo","7":"product_cat-18000-puffs-disposable-vape","8":"product_cat-big-puffs-vapes","9":"product_cat-different-puffs-of-disposable-vapes","10":"product_cat-digital-box-vapes","11":"product_cat-disposable-vape-types","12":"product_cat-disposable-vapes-in-austria","13":"product_cat-disposable-vapes-in-belgium","14":"product_cat-disposable-vapes-in-europe","15":"product_cat-disposable-vapes-in-france","16":"product_cat-disposable-vapes-in-germany","17":"product_cat-disposable-vapes-in-hungary","18":"product_cat-disposable-vapes-in-ltaly","19":"product_cat-disposable-vapes-in-netherlands","20":"product_cat-disposable-vapes-in-norway","21":"product_cat-disposable-vapes-in-poland","22":"product_cat-disposable-vapes-in-portugal","23":"product_cat-disposable-vapes-in-spain","24":"product_cat-disposable-vapes-in-sweden","25":"product_cat-disposable-vapes-in-switzerland","26":"product_cat-rechargeable-vapes","27":"product_cat-smart-screen-vapes","29":"first","30":"instock","31":"shipping-taxable","32":"purchasable","33":"product-type-variable","34":"has-default-attributes"},"jetpack_sharing_enabled":true,"tiered_pricing_type":"fixed","tiered_pricing_fixed_rules":{"2000":6.9900000000000002131628207280300557613372802734375},"tiered_pricing_product_settings":{"layout":"default","base_unit_name":{"singular":null,"plural":null},"default_variation":null},"tiered_pricing_minimum_quantity":1000,"tiered_pricing_roles_data":[],"tiered_pricing_percentage_rules":[],"tiered_pricing_maximum_quantity":null,"tiered_pricing_quantity_step":"10","_links":{"self":[{"href":"https:\/\/volovape.com\/sl\/wp-json\/wp\/v2\/product\/1167","targetHints":{"allow":["GET"]}}],"collection":[{"href":"https:\/\/volovape.com\/sl\/wp-json\/wp\/v2\/product"}],"about":[{"href":"https:\/\/volovape.com\/sl\/wp-json\/wp\/v2\/types\/product"}],"replies":[{"embeddable":true,"href":"https:\/\/volovape.com\/sl\/wp-json\/wp\/v2\/comments?post=1167"}],"wp:featuredmedia":[{"embeddable":true,"href":"https:\/\/volovape.com\/sl\/wp-json\/wp\/v2\/media\/1388"}],"wp:attachment":[{"href":"https:\/\/volovape.com\/sl\/wp-json\/wp\/v2\/media?parent=1167"}],"wp:term":[{"taxonomy":"product_brand","embeddable":true,"href":"https:\/\/volovape.com\/sl\/wp-json\/wp\/v2\/product_brand?post=1167"},{"taxonomy":"product_cat","embeddable":true,"href":"https:\/\/volovape.com\/sl\/wp-json\/wp\/v2\/product_cat?post=1167"},{"taxonomy":"product_tag","embeddable":true,"href":"https:\/\/volovape.com\/sl\/wp-json\/wp\/v2\/product_tag?post=1167"}],"curies":[{"name":"wp","href":"https:\/\/api.w.org\/{rel}","templated":true}]}}