{"id":1166,"date":"2024-11-21T03:37:57","date_gmt":"2024-11-21T03:37:57","guid":{"rendered":"https:\/\/volovape.com\/?post_type=product&#038;p=1166"},"modified":"2025-08-07T08:19:46","modified_gmt":"2025-08-07T08:19:46","slug":"vapsolo-viking-12000-puffs","status":"publish","type":"product","link":"https:\/\/volovape.com\/sl\/product\/vapsolo-viking-12000-puffs\/","title":{"rendered":"VapSolo Viking 12000 Puffs Vape za enkratno uporabo - nastavljiv pretok zraka, mre\u017ena tuljava, LCD"},"content":{"rendered":"<p><iframe title=\"VideoPress Video predvajalnik\" aria-label='VideoPress Video predvajalnik' width='500' height='281' src='https:\/\/videopress.com\/embed\/ngfVq1VJ?hd=0&amp;cover=1' frameborder='0' allowfullscreen allow='clipboard-write'><\/iframe><script src='https:\/\/v0.wordpress.com\/js\/next\/videopress-iframe.js?m=1739540970'><\/script><\/p>\n<p><strong>VapSolo Viking 12000 Puffs Vape za enkratno uporabo<\/strong> - Prilagojeno uparjanje z nastavljivim zra\u010dnim tokom in LCD-zaslonom.<\/p>\n<p>Spletna stran <strong>VapSolo Viking 12000 Puffs<\/strong> vape za enkratno uporabo zagotavlja prilagodljivo izku\u0161njo vapinga s svojo <strong>4-stopenjsko nastavljiv pretok zraka<\/strong>, ki omogo\u010da preklapljanje med slogoma MTL in DTL. Z do <strong>12.000 vpihov<\/strong>, velikodu\u0161no <strong>22ml rezervoar za e-teko\u010dino<\/strong>in <strong>Baterija za ponovno polnjenje 650 mAh<\/strong>, ta naprava ponuja izjemno vrednost in dolgo \u017eivljenjsko dobo. Spletna stran <strong>1,0\u03a9 mre\u017ena tuljava<\/strong> zagotavlja dosledno gladko in aromati\u010dno paro, medtem ko <strong>Zaslon LCD<\/strong> omogo\u010da spremljanje \u017eivljenjske dobe baterije in stanja vape v realnem \u010dasu. VapSolo Viking je idealen za vaperje, ki i\u0161\u010dejo osebni nadzor, in je kot nala\u0161\u010d za osebno uporabo in <strong>vape za enkratno uporabo na debelo<\/strong>. <strong>Mno\u017ei\u010dno naro\u010dilo<\/strong> mo\u017enosti so na voljo trgovcem na drobno.<\/p>\n<h3><strong>VapSolo Viking 12000 Puffs Zna\u010dilnosti:<\/strong><\/h3>\n<ul>\n<li>Puffs: Do 12.000<\/li>\n<li>Kapaciteta e-teko\u010dine: 22ml<\/li>\n<li>Baterija: 650 mAh (za ponovno polnjenje)<\/li>\n<li>Polnjenje: Type-C<\/li>\n<li>Tuljava: 1.0\u03a9 Mesh Coil<\/li>\n<li>Pretok zraka: Nastavljiv v 4 stopnjah<\/li>\n<li>Zaslon: LCD (stanje baterije in vape)<\/li>\n<li>Razpolo\u017eljivi okusi: Jagoda malina, borovnica, \u010de\u0161nja, lubenica led, jagoda kivi, jagoda lubenica, borovnica \u010de\u0161nja brusnica, limona limeta, gumijasti medvedek, jagoda banana, sve\u017ea meta, jagoda malina led, limona breskev, rde\u010de jabolko led.<\/li>\n<\/ul>\n<h4>POGOSTA VPRA\u0160ANJA<\/h4>\n<h5>Kako 4-stopenjsko nastavljiv pretok zraka izbolj\u0161a izku\u0161njo vapinga?<\/h5>\n<p>\u0160tiristopenjsko nastavljiv zra\u010dni tok omogo\u010da uporabnikom, da natan\u010dno prilagodijo svoje \u017eganje, tako da lahko preklapljajo med tesnim na\u010dinom MTL (usta-plju\u010da) za bolj koncentriran okus in ohlapnej\u0161im na\u010dinom DTL (neposredno-plju\u010da) za ve\u010dje oblake pare. Ta vsestranskost ustreza posameznikovim \u017eeljam in zagotavlja prilagojeno in zadovoljivo izku\u0161njo vapinga.<\/p>\n<h5>Kak\u0161ne so prednosti zaslona LCD?<\/h5>\n<p>Zaslon LCD v realnem \u010dasu zagotavlja informacije o \u017eivljenjski dobi baterije in stanju vape, tako da lahko uporabniki preprosto spremljajo stanje svoje naprave. Ta funkcija zagotavlja, da ste vedno obve\u0161\u010deni in lahko ustrezno na\u010drtujete seanse vapiranja, kar pove\u010duje udobje in prepre\u010duje nepri\u010dakovane prekinitve.<\/p>\n<h5>Kako tuljava z mre\u017eico 1,0\u03a9 prispeva k okusu in proizvodnji pare?<\/h5>\n<p>1,0\u03a9 mre\u017ena spirala je zasnovana tako, da zagotavlja dosledno in enakomerno segrevanje, kar omogo\u010da gladko, bogato in aromati\u010dno proizvodnjo pare. Ta tuljava zagotavlja, da je vsak puh zadovoljiv, in maksimalno pove\u010da dostavo okusa iz e-teko\u010dine.<\/p>\n<h5>Katere na\u010dine po\u0161iljanja uporabljate?<\/h5>\n<p>Sodelujemo z zanesljivimi prevozniki, kot so UPS, DHL, FedEx in DPD, da zagotovimo u\u010dinkovito in varno dostavo. Glede na va\u0161o lokacijo izberemo najprimernej\u0161i na\u010din po\u0161iljanja, da bi va\u0161e naro\u010dilo \u010dim prej prispelo do vas.<\/p>\n<h5>Ali lahko zaupam svojemu nakupu?<\/h5>\n<p>Prednost dajemo zadovoljstvu strank in ponujamo varne mo\u017enosti pla\u010dila, vklju\u010dno s storitvijo PayPal z za\u0161\u010dito kupca. Na TrustPilotu si lahko ogledate tudi ocene strank: <a href=\"https:\/\/www.trustpilot.com\/review\/volovape.com?utm_medium=trustbox&amp;utm_source=TrustBoxReviewCollector\">TrustPilot<\/a>.<\/p>","protected":false},"excerpt":{"rendered":"<p>Naro\u010dite VapSolo Viking 12000 Puffs Vape za enkratno uporabo v razsutem stanju. Zaradi nastavljivega pretoka zraka, zaslona LCD in gladkega okusa je idealen za kupce na debelo in preprodajalce, ki i\u0161\u010dejo visoko zmogljive mo\u017enosti.<\/p>","protected":false},"featured_media":1373,"comment_status":"open","ping_status":"closed","template":"","meta":[],"product_brand":[],"product_cat":[72,38,21,18,39,20,23,24,22,25,26,27,28,29,30,31,32,33,34,35,36,40],"product_tag":[],"class_list":{"0":"post-1166","1":"product","2":"type-product","3":"status-publish","4":"has-post-thumbnail","6":"product_cat-vapsolo","7":"product_cat-12000-puffs-disposable-vape","8":"product_cat-big-puffs-vapes","9":"product_cat-different-puffs-of-disposable-vapes","10":"product_cat-digital-box-vapes","11":"product_cat-disposable-vape-types","12":"product_cat-disposable-vapes-in-austria","13":"product_cat-disposable-vapes-in-belgium","14":"product_cat-disposable-vapes-in-europe","15":"product_cat-disposable-vapes-in-france","16":"product_cat-disposable-vapes-in-germany","17":"product_cat-disposable-vapes-in-hungary","18":"product_cat-disposable-vapes-in-ltaly","19":"product_cat-disposable-vapes-in-netherlands","20":"product_cat-disposable-vapes-in-norway","21":"product_cat-disposable-vapes-in-poland","22":"product_cat-disposable-vapes-in-portugal","23":"product_cat-disposable-vapes-in-spain","24":"product_cat-disposable-vapes-in-sweden","25":"product_cat-disposable-vapes-in-switzerland","26":"product_cat-rechargeable-vapes","27":"product_cat-smart-screen-vapes","29":"first","30":"instock","31":"shipping-taxable","32":"purchasable","33":"product-type-variable","34":"has-default-attributes"},"jetpack_sharing_enabled":true,"tiered_pricing_type":"fixed","tiered_pricing_fixed_rules":{"2000":5.6500000000000003552713678800500929355621337890625},"tiered_pricing_product_settings":{"layout":"default","base_unit_name":{"singular":null,"plural":null},"default_variation":null},"tiered_pricing_minimum_quantity":1000,"tiered_pricing_roles_data":[],"tiered_pricing_percentage_rules":[],"tiered_pricing_maximum_quantity":null,"tiered_pricing_quantity_step":"10","_links":{"self":[{"href":"https:\/\/volovape.com\/sl\/wp-json\/wp\/v2\/product\/1166","targetHints":{"allow":["GET"]}}],"collection":[{"href":"https:\/\/volovape.com\/sl\/wp-json\/wp\/v2\/product"}],"about":[{"href":"https:\/\/volovape.com\/sl\/wp-json\/wp\/v2\/types\/product"}],"replies":[{"embeddable":true,"href":"https:\/\/volovape.com\/sl\/wp-json\/wp\/v2\/comments?post=1166"}],"wp:featuredmedia":[{"embeddable":true,"href":"https:\/\/volovape.com\/sl\/wp-json\/wp\/v2\/media\/1373"}],"wp:attachment":[{"href":"https:\/\/volovape.com\/sl\/wp-json\/wp\/v2\/media?parent=1166"}],"wp:term":[{"taxonomy":"product_brand","embeddable":true,"href":"https:\/\/volovape.com\/sl\/wp-json\/wp\/v2\/product_brand?post=1166"},{"taxonomy":"product_cat","embeddable":true,"href":"https:\/\/volovape.com\/sl\/wp-json\/wp\/v2\/product_cat?post=1166"},{"taxonomy":"product_tag","embeddable":true,"href":"https:\/\/volovape.com\/sl\/wp-json\/wp\/v2\/product_tag?post=1166"}],"curies":[{"name":"wp","href":"https:\/\/api.w.org\/{rel}","templated":true}]}}