{"id":1121,"date":"2024-11-21T03:37:34","date_gmt":"2024-11-21T03:37:34","guid":{"rendered":"https:\/\/volovape.com\/?post_type=product&#038;p=1121"},"modified":"2025-07-24T07:11:26","modified_gmt":"2025-07-24T07:11:26","slug":"vapsolo-super-15000-puffov","status":"publish","type":"product","link":"https:\/\/volovape.com\/sl\/product\/vapsolo-super-15000-puffs\/","title":{"rendered":"Vapsolo Super 15000 puffov 4-stopenjsko nastavljiv pretok zraka za enkratno uporabo - polnjenje s tipom C (2%\/5% nikotin)"},"content":{"rendered":"<p><iframe title=\"VideoPress Video predvajalnik\" aria-label='VideoPress Video predvajalnik' width='421' height='750' src='https:\/\/videopress.com\/embed\/pTqryXkY?hd=0&amp;cover=1' frameborder='0' allowfullscreen allow='clipboard-write'><\/iframe><script src='https:\/\/v0.wordpress.com\/js\/next\/videopress-iframe.js?m=1739540970'><\/script><\/p>\n<p><strong>Vapsolo Super 15000 Puffs za enkratno uporabo Vape<\/strong> - Prilagojeno uparjanje s 4-stopenjsko nastavljivim zra\u010dnim tokom.<\/p>\n<p>Spletna stran <strong>Vapsolo Super 15000 Puffs<\/strong> vape za enkratno uporabo ponuja prilagodljivo izku\u0161njo vapinga s svojo <strong>4-stopenjsko nastavljiv pretok zraka<\/strong>, ki omogo\u010da preklapljanje med slogoma MTL in DTL. Z do <strong>15.000 vpihov<\/strong>, velikodu\u0161no <strong>25ml rezervoar za e-teko\u010dino<\/strong>in <strong>Baterija za ponovno polnjenje 650 mAh<\/strong>, ta naprava zagotavlja izjemno dolgo \u017eivljenjsko dobo in udobje. Spletna stran <strong>1,0\u03a9 mre\u017ena tuljava<\/strong> zagotavlja dosledno gladko in aromati\u010dno paro. Izbirate lahko med <strong>2% in 5% vsebnost nikotina<\/strong>. Vapsolo Super je idealen za vaperje, ki u\u017eivajo v individualnem vapingu, in je kot nala\u0161\u010d za osebno uporabo in <strong>vape za enkratno uporabo na debelo<\/strong>. <strong>Mno\u017ei\u010dno naro\u010dilo<\/strong> mo\u017enosti so na voljo trgovcem na drobno.<\/p>\n<h3><strong>Vapsolo Super 15000 Puffs Lastnosti:<\/strong><\/h3>\n<ul>\n<li>Puffs: Do 15.000<\/li>\n<li>Kapaciteta e-teko\u010dine: 25ml<\/li>\n<li>Baterija: 650 mAh (za ponovno polnjenje)<\/li>\n<li>Polnjenje: Type-C<\/li>\n<li>Tuljava: 1.0\u03a9 Mesh Coil<\/li>\n<li>Pretok zraka: Nastavljiv v 4 stopnjah<\/li>\n<li>Mo\u010d nikotina: 2%, 5%<\/li>\n<li>Razpolo\u017eljivi okusi: Blue Razz, Blueberry Ice, Double Apple, Watermelon Ice, Strawberry Kiwi, Mixed Berry, Red Bull, Blueberry Cherry Cranberry, Lemon Lime, Skittles, Strawberry Banana, Raspberry Watermelon, Blueberry Cherry Cola, Black Ice Dragonfruit Strawberry.<\/li>\n<\/ul>\n<h4>POGOSTA VPRA\u0160ANJA<\/h4>\n<h5>Kako 4-stopenjsko nastavljiv pretok zraka izbolj\u0161a izku\u0161njo vapinga?<\/h5>\n<p>\u0160tiristopenjsko nastavljiv zra\u010dni tok omogo\u010da uporabnikom, da prilagodijo svoje \u017eganje in preklapljajo med tesnim na\u010dinom MTL (usta-plju\u010da) za bolj koncentriran okus in ohlapnej\u0161im na\u010dinom DTL (neposredno-plju\u010da) za ve\u010dje oblake pare. Ta vsestranskost je prilagojena posameznikovim \u017eeljam, kar zagotavlja prilagojeno in zadovoljivo izku\u0161njo vapinga.<\/p>\n<h5>Kak\u0161ne so prednosti tuljave z mre\u017eo 1,0\u03a9?<\/h5>\n<p>1,0\u03a9 mre\u017ena spirala je zasnovana tako, da zagotavlja dosledno in enakomerno segrevanje, kar omogo\u010da gladko, bogato in aromati\u010dno proizvodnjo pare. Ta tuljava zagotavlja, da je vsak puh zadovoljiv, in maksimalno pove\u010da dostavo okusa iz e-teko\u010dine.<\/p>\n<h5>Kako dolgo zdr\u017ei baterija in kako hitro se napolni?<\/h5>\n<p>Akumulatorska baterija s kapaciteto 650 mAh je zasnovana za dolgotrajno delovanje, saj omogo\u010da do 15 000 vdihov. S polnjenjem tipa C se naprava hitro napolni, kar zmanj\u0161uje \u010das izpada in zagotavlja, da lahko u\u017eivate v vapiranju brez dolgega \u010dakanja.<\/p>\n<h5>Katere na\u010dine po\u0161iljanja uporabljate?<\/h5>\n<p>Sodelujemo z zanesljivimi prevozniki, kot so UPS, DHL, FedEx in DPD, da zagotovimo u\u010dinkovito in varno dostavo. Glede na va\u0161o lokacijo izberemo najprimernej\u0161i na\u010din po\u0161iljanja, da bi va\u0161e naro\u010dilo \u010dim prej prispelo do vas.<\/p>\n<h5>Ali lahko zaupam svojemu nakupu?<\/h5>\n<p>Prednost dajemo zadovoljstvu strank in ponujamo varne mo\u017enosti pla\u010dila, vklju\u010dno s storitvijo PayPal z za\u0161\u010dito kupca. Na TrustPilotu si lahko ogledate tudi ocene strank: <a href=\"https:\/\/www.trustpilot.com\/review\/volovape.com?utm_medium=trustbox&amp;utm_source=TrustBoxReviewCollector\">TrustPilot<\/a>.<\/p>","protected":false},"excerpt":{"rendered":"<p>U\u017eivajte v prilagojenem vapingu z Vapsolo Super 15000 Puffs Vape za enkratno uporabo. 15.000 puffov, 25 ml, nastavljiv pretok zraka, mre\u017ena tuljava 1,0\u03a9. 2% in 5% nikotina. 15 okusov.<\/p>","protected":false},"featured_media":1364,"comment_status":"open","ping_status":"closed","template":"","meta":[],"product_brand":[],"product_cat":[72,41,21,18,20,23,24,22,25,26,27,28,29,30,31,32,33,34,35,36],"product_tag":[],"class_list":{"0":"post-1121","1":"product","2":"type-product","3":"status-publish","4":"has-post-thumbnail","6":"product_cat-vapsolo","7":"product_cat-15000-puffs-disposable-vape","8":"product_cat-big-puffs-vapes","9":"product_cat-different-puffs-of-disposable-vapes","10":"product_cat-disposable-vape-types","11":"product_cat-disposable-vapes-in-austria","12":"product_cat-disposable-vapes-in-belgium","13":"product_cat-disposable-vapes-in-europe","14":"product_cat-disposable-vapes-in-france","15":"product_cat-disposable-vapes-in-germany","16":"product_cat-disposable-vapes-in-hungary","17":"product_cat-disposable-vapes-in-ltaly","18":"product_cat-disposable-vapes-in-netherlands","19":"product_cat-disposable-vapes-in-norway","20":"product_cat-disposable-vapes-in-poland","21":"product_cat-disposable-vapes-in-portugal","22":"product_cat-disposable-vapes-in-spain","23":"product_cat-disposable-vapes-in-sweden","24":"product_cat-disposable-vapes-in-switzerland","25":"product_cat-rechargeable-vapes","27":"first","28":"instock","29":"shipping-taxable","30":"purchasable","31":"product-type-variable","32":"has-default-attributes"},"jetpack_sharing_enabled":true,"tiered_pricing_type":"fixed","tiered_pricing_fixed_rules":{"2000":5.9900000000000002131628207280300557613372802734375},"tiered_pricing_product_settings":{"layout":"default","base_unit_name":{"singular":null,"plural":null},"default_variation":null},"tiered_pricing_minimum_quantity":1000,"tiered_pricing_roles_data":[],"tiered_pricing_percentage_rules":[],"tiered_pricing_maximum_quantity":null,"tiered_pricing_quantity_step":"10","_links":{"self":[{"href":"https:\/\/volovape.com\/sl\/wp-json\/wp\/v2\/product\/1121","targetHints":{"allow":["GET"]}}],"collection":[{"href":"https:\/\/volovape.com\/sl\/wp-json\/wp\/v2\/product"}],"about":[{"href":"https:\/\/volovape.com\/sl\/wp-json\/wp\/v2\/types\/product"}],"replies":[{"embeddable":true,"href":"https:\/\/volovape.com\/sl\/wp-json\/wp\/v2\/comments?post=1121"}],"wp:featuredmedia":[{"embeddable":true,"href":"https:\/\/volovape.com\/sl\/wp-json\/wp\/v2\/media\/1364"}],"wp:attachment":[{"href":"https:\/\/volovape.com\/sl\/wp-json\/wp\/v2\/media?parent=1121"}],"wp:term":[{"taxonomy":"product_brand","embeddable":true,"href":"https:\/\/volovape.com\/sl\/wp-json\/wp\/v2\/product_brand?post=1121"},{"taxonomy":"product_cat","embeddable":true,"href":"https:\/\/volovape.com\/sl\/wp-json\/wp\/v2\/product_cat?post=1121"},{"taxonomy":"product_tag","embeddable":true,"href":"https:\/\/volovape.com\/sl\/wp-json\/wp\/v2\/product_tag?post=1121"}],"curies":[{"name":"wp","href":"https:\/\/api.w.org\/{rel}","templated":true}]}}