{"id":5962,"date":"2024-11-28T05:15:59","date_gmt":"2024-11-28T05:15:59","guid":{"rendered":"https:\/\/volovape.com\/?page_id=5962"},"modified":"2025-08-10T19:24:03","modified_gmt":"2025-08-10T19:24:03","slug":"kaj-pravijo-nase-stranke","status":"publish","type":"page","link":"https:\/\/volovape.com\/sl\/what-our-customers-say\/","title":{"rendered":"Kaj pravijo na\u0161e stranke?"},"content":{"rendered":"<h3>Zakaj ljudje obo\u017eujejo VOLO Vape: Tukaj je informacija o tem, zakaj jih navdu\u0161uje VOLO VOPO.<\/h3>\n<p>Dobro, sli\u0161al sem veliko hrupa o <strong>VOLO Vape<\/strong> v zadnjem \u010dasu in po pregledu nekaterih pregledov strank moram re\u010di, da jih ljudje resni\u010dno obo\u017eujejo. Resni\u010dno, te\u017eko je prezreti ljubezen, ki jo dobivajo. \u010ce se ukvarjate z vapingom (ali pa ste samo radovedni), vam povem, zakaj <strong>VOLO Vape<\/strong> je dele\u017ena vse te pozornosti.<\/p>\n<p><strong>1. Kakovost, ki ne odneha<\/strong><br \/>\nPrvi\u010d, ljudje ne morejo nehati govoriti o tem, kako trdno <strong>VOLO Vape<\/strong> naprave so. Govorimo o vzdr\u017eljivih in visokokakovostnih izdelkih. Ocenjevalci vedno znova pravijo, da njihovi aparati trajajo dlje in delujejo bolje kot \u0161tevilni drugi na trgu. Vem, kako frustrirajo\u010de je, ko za vape od\u0161tejete nekaj denarja in vam po nekaj mesecih umre, toda z <a href=\"https:\/\/volovape.com\/sl\/\"><strong>VOLO Vape<\/strong><\/a>, se zdi, da to ni te\u017eava. Stranke so navdu\u0161ene nad zanesljivostjo svojih naprav, kar je zelo pomembno, \u010de i\u0161\u010dete nekaj, kar bo trajalo dolgo.<\/p>\n<p><strong>2. Gladki zadetki, vsaki\u010d<\/strong><br \/>\n\u0160e ena velika stvar, ki jo ljudje obo\u017eujejo? Kako gladka je izku\u0161nja vapinga. Saj veste, da nekateri vapeji mo\u010dno udarijo v grlo? <strong>VOLO Vape<\/strong> se zdi, da je to ravnovesje dosegel. Recenzenti pravijo, da je para zelo gladka, okus pa je odli\u010den. Ne glede na to, ali ste novinec ali izku\u0161en profesionalec, se zdi, da <strong>VOLO Vape<\/strong> vam vsaki\u010d omogo\u010di popoln in zadovoljiv zadetek.<\/p>\n<p><strong>3. Mo\u017enosti za vse vrste vaperjev<\/strong><br \/>\nTukaj je nekaj, kar je izstopalo: <strong>VOLO Vape<\/strong> ima ogromno razli\u010dnih izdelkov. Ne glede na to, ali ste nekdo, ki \u017eeli le kompakten, enostaven za prena\u0161anje vape, ali pa i\u0161\u010dete zmogljivo napravo z dolgo \u017eivljenjsko dobo, <strong>VOLO Vape<\/strong> ima nekaj za vas. Ljudje imajo radi to prilagodljivost - mo\u017enost izbire prave naprave za svoj slog in potrebe je velik plus.<\/p>\n<p><strong>4. Storitve za stranke, ki jim ni vseeno<\/strong><br \/>\nVidel sem veliko pregledov, v katerih ljudje kri\u010dijo storitev za stranke. In iskreno, to je nekaj, o \u010demer ne sli\u0161ite vedno. Veliko podjetij je lahko uspe\u0161nih ali zgre\u0161enih, ko gre za podporo, vendar <strong>VOLO Vape<\/strong> je dobila podporo za izjemno odzivnost. \u010ce pride do te\u017eav z naro\u010dilom ali izdelkom, jih hitro odpravijo. Zdi se, kot da so res zavezani k temu, da poskrbijo za vas, in to veliko pomeni.<\/p>\n<p><strong>5. Cenovno ugoden, a \u0161e vedno vrhunski<\/strong><br \/>\nSaj veste, kako je - v\u010dasih si \u017eelite najbolj\u0161e stvari, vendar se va\u0161a denarnica s tem ne strinja. No, tu je kul del: ljudje pravijo, da <strong>VOLO Vape<\/strong> ponuja odli\u010dne izdelke brez noro visoke cene. To je ena tistih blagovnih znamk, ki vam za svoj denar nudi vrednost, zato se k njej vra\u010da toliko kupcev. Dobili boste vrhunsko kakovost, ne da bi se vam zdelo, da ste razbili banko.<\/p>\n<p><strong>6. Hitra dostava, ki vas ne pusti \u010dakati<\/strong><br \/>\n\u010ce ste tak\u0161ni kot jaz, neradi \u010dakate, da pridejo paketi. To je skoraj kot igra \"ali bo pri\u0161el danes?\" Toda z <strong>VOLO Vape<\/strong>, ljudje pravijo, da so hitri pri po\u0161iljanju, v\u010dasih pa celo dobijo naro\u010dila prej, kot so pri\u010dakovali. Torej, \u010de ste razpolo\u017eeni, da poskusite nekaj novega, se zdi, da je <strong>VOLO Vape<\/strong> vas ne bo pustila predolgo viseti na nitki.<\/p>\n<p><strong>7. Ljudje se vra\u010dajo po ve\u010d<\/strong><br \/>\nEden od najpomembnej\u0161ih izsledkov teh pregledov? Ljudje so zvesti. Ko enkrat poskusijo <strong>VOLO Vape<\/strong>, se ga dr\u017eijo. Veliko uporabnikov je povedalo, da so pre\u0161li z drugih blagovnih znamk in se niso ve\u010d ozirali nazaj. Nekaj v njihovih izdelkih - morda kakovost, morda doslednost - je tisto, zaradi \u010desar se ljudje vra\u010dajo k njim. In \u010de si blagovna znamka pridobi tak\u0161no zvestobo, to veliko pove.<\/p>\n<hr \/>\n<p><strong>Spodnja linija:<\/strong><br \/>\nTako da, videti je, da <strong>VOLO Vape<\/strong> res dela nekaj prav. Njihovi izdelki, storitve za stranke, cene in po\u0161iljanje so dele\u017eni velikega zanimanja uporabnikov. \u010ce i\u0161\u010dete soliden vape, bi jih bilo vredno preveriti. Povratne informacije govorijo same zase in predvidevam, da boste videli, zakaj je toliko ljudi obo\u017eevalcev.<\/p>","protected":false},"excerpt":{"rendered":"<p>Why People Are Loving VOLO Vape: Here&#8217;s the Scoop Okay, so I\u2019ve been hearing a lot of buzz about VOLO Vape lately, and after checking out some customer reviews, I gotta say, people are really raving about them. Seriously, it\u2019s hard to ignore the love they\u2019re getting. So, if you\u2019re into vaping (or even if [&hellip;]<\/p>\n","protected":false},"author":1,"featured_media":0,"parent":0,"menu_order":0,"comment_status":"closed","ping_status":"closed","template":"","meta":{"footnotes":""},"class_list":["post-5962","page","type-page","status-publish","hentry"],"jetpack_sharing_enabled":true,"_links":{"self":[{"href":"https:\/\/volovape.com\/sl\/wp-json\/wp\/v2\/pages\/5962","targetHints":{"allow":["GET"]}}],"collection":[{"href":"https:\/\/volovape.com\/sl\/wp-json\/wp\/v2\/pages"}],"about":[{"href":"https:\/\/volovape.com\/sl\/wp-json\/wp\/v2\/types\/page"}],"author":[{"embeddable":true,"href":"https:\/\/volovape.com\/sl\/wp-json\/wp\/v2\/users\/1"}],"replies":[{"embeddable":true,"href":"https:\/\/volovape.com\/sl\/wp-json\/wp\/v2\/comments?post=5962"}],"version-history":[{"count":3,"href":"https:\/\/volovape.com\/sl\/wp-json\/wp\/v2\/pages\/5962\/revisions"}],"predecessor-version":[{"id":35706,"href":"https:\/\/volovape.com\/sl\/wp-json\/wp\/v2\/pages\/5962\/revisions\/35706"}],"wp:attachment":[{"href":"https:\/\/volovape.com\/sl\/wp-json\/wp\/v2\/media?parent=5962"}],"curies":[{"name":"wp","href":"https:\/\/api.w.org\/{rel}","templated":true}]}}