{"id":92,"date":"2024-11-21T03:26:52","date_gmt":"2024-11-21T03:26:52","guid":{"rendered":"https:\/\/volovape.com\/?post_type=product&#038;p=92"},"modified":"2025-10-30T05:03:11","modified_gmt":"2025-10-30T05:03:11","slug":"mrvi-18000-pufuri","status":"publish","type":"product","link":"https:\/\/volovape.com\/ro\/product\/mrvi-18000-puffs\/","title":{"rendered":"MRVI 18000 Puffs Vape de unic\u0103 folosin\u021b\u0103 - bobin\u0103 Dual Mesh \u0219i c\u0103ldur\u0103 reglabil\u0103 (2%\/5% Nicotin\u0103)"},"content":{"rendered":"<p><iframe title=\"VideoPress Player video\" aria-label='VideoPress Player video' width='421' height='750' src='https:\/\/videopress.com\/embed\/4wiCqhDO?hd=0&amp;cover=1' frameborder='0' allowfullscreen allow='clipboard-write'><\/iframe><script src='https:\/\/v0.wordpress.com\/js\/next\/videopress-iframe.js?m=1739540970'><\/script><\/p>\n<p><strong>MRVI 18000 Puffs Vape de unic\u0103 folosin\u021b\u0103<\/strong> - Vaping personalizabil cu bobine Dual Mesh \u0219i \u00eenc\u0103lzire reglabil\u0103.<\/p>\n<p>The <strong>MRVI 18000<\/strong> stabile\u0219te un nou standard pentru vapoarele de unic\u0103 folosin\u021b\u0103, oferind p\u00e2n\u0103 la <strong>18.000 de pufuri<\/strong> \u0219i un generos <strong>Capacitate de 26ml e-lichid<\/strong>. Alimentat de un <strong>Baterie re\u00eenc\u0103rcabil\u0103 600mAh<\/strong> \u0219i oferind <strong>\u00cenc\u0103rcare de tip C<\/strong>, acest dispozitiv este proiectat pentru utilizare prelungit\u0103. Caracteristicile <strong>bobine duble cu ochiuri de 1.0\u03a9<\/strong> ofer\u0103 un abur bogat \u0219i fin, \u00een timp ce <strong>patru moduri de \u00eenc\u0103lzire reglabile<\/strong> v\u0103 permit s\u0103 v\u0103 regla\u021bi fin experien\u021ba de vapat. Alege\u021bi \u00eentre <strong>2% \u0219i 5% concentra\u021bii de nicotin\u0103<\/strong> pentru a se potrivi preferin\u021belor dvs. Disponibil \u00een <strong>10 arome unice<\/strong>, MRVI 18000 este ideal pentru <strong>vape de unic\u0103 folosin\u021b\u0103 en-gros<\/strong>, <strong>comenzi \u00een vrac<\/strong>, sau <strong>uz personal<\/strong>, care combin\u0103 tehnologia avansat\u0103 cu confortul suprem.<\/p>\n<h3><strong>MRVI 18000 Caracteristici:<\/strong><\/h3>\n<ul>\n<li>Puffs: P\u00e2n\u0103 la 18.000 de pufuri<\/li>\n<li>Capacitate E-liquid: 26mL<\/li>\n<li>Baterie: 600mAh (re\u00eenc\u0103rcabil\u0103)<\/li>\n<li>\u00cenc\u0103rcare: Tip-C<\/li>\n<li>Bobin\u0103: Dual 1.0\u03a9 Mesh Coils<\/li>\n<li>Moduri de \u00eenc\u0103lzire: 4 moduri reglabile<\/li>\n<li>Concentra\u021bii de nicotin\u0103: 2%, 5%<\/li>\n<li>Arome: 10 op\u021biuni unice<\/li>\n<li>Dimensiuni: 43 x 23.7 x 99mm<\/li>\n<li>Dispozitiv de unic\u0103 folosin\u021b\u0103<\/li>\n<\/ul>\n<h4>\u00ceNTREB\u0102RI FRECVENTE<\/h4>\n<h5>Cum \u00eembun\u0103t\u0103\u021besc modurile de \u00eenc\u0103lzire reglabile experien\u021ba de vapat?<\/h5>\n<p>Cele patru moduri de \u00eenc\u0103lzire reglabile v\u0103 permit s\u0103 personaliza\u021bi intensitatea \u0219i c\u0103ldura vaporilor. Indiferent dac\u0103 prefera\u021bi o tragere u\u0219oar\u0103 \u0219i lin\u0103 sau o lovitur\u0103 mai puternic\u0103 \u0219i mai intens\u0103, pute\u021bi regla cu u\u0219urin\u021b\u0103 set\u0103rile pentru a se potrivi cu preferin\u021bele dvs. personale.<\/p>\n<h5>Ce metode de expediere sunt utilizate?<\/h5>\n<p>Suntem parteneri cu transportatori de \u00eencredere precum UPS, DHL, FedEx \u0219i DPD pentru a ne asigura c\u0103 comanda dvs. este livrat\u0103 prompt \u0219i \u00een siguran\u021b\u0103. Cea mai eficient\u0103 metod\u0103 de expediere este selectat\u0103 \u00een func\u021bie de loca\u021bia dvs. pentru a optimiza viteza \u0219i fiabilitatea livr\u0103rii.<\/p>\n<h5>C\u00e2t timp dureaz\u0103 sosirea comenzii mele?<\/h5>\n<p>Livrarea dureaz\u0103 de obicei 7-15 zile lucr\u0103toare. Cu toate acestea, v\u0103 rug\u0103m s\u0103 acorda\u021bi p\u00e2n\u0103 la 20 de zile lucr\u0103toare \u00een timpul s\u0103rb\u0103torilor sau al condi\u021biilor meteorologice nefavorabile, care pot cauza mici \u00eent\u00e2rzieri \u00een tranzit.<\/p>\n<h5>Voi \u00eent\u00e2mpina probleme vamale sau taxe suplimentare?<\/h5>\n<p>Ne ocup\u0103m de toate procedurile de v\u0103muire, garant\u00e2nd o experien\u021b\u0103 f\u0103r\u0103 probleme \u0219i f\u0103r\u0103 complica\u021bii. Nu ve\u021bi suporta nicio tax\u0103 sau impozit suplimentar. Ne asigur\u0103m c\u0103 100% dintre produsele noastre trec cu succes de vam\u0103.<\/p>\n<h5>Achizi\u021biile de pe site-ul dvs. sunt sigure \u0219i de \u00eencredere?<\/h5>\n<p>Da, oferim tranzac\u021bii PayPal sigure cu protec\u021bia cump\u0103r\u0103torului. Pute\u021bi verifica, de asemenea, fiabilitatea noastr\u0103 prin verificarea recenziilor clien\u021bilor no\u0219tri pe <a href=\"https:\/\/www.trustpilot.com\/review\/volovape.com?utm_medium=trustbox&amp;utm_source=TrustBoxReviewCollector\">TrustPilot<\/a>, unde ve\u021bi g\u0103si m\u0103rturii de la clien\u021bi mul\u021bumi\u021bi.<\/p>","protected":false},"excerpt":{"rendered":"<p>Personaliza\u021bi-v\u0103 vape-ul cu MRVI 18000 Puffs. Bobine cu plas\u0103 dubl\u0103, patru moduri de \u00eenc\u0103lzire, 26 ml, re\u00eenc\u0103rcabile. Perfect pentru uz personal sau en-gros, oferind tehnologie avansat\u0103 de vaping.<\/p>","protected":false},"featured_media":371,"comment_status":"open","ping_status":"closed","template":"","meta":[],"product_brand":[],"product_cat":[55,50,21,18,39,20,23,24,22,25,26,27,28,29,30,31,32,33,34,35,44,36,40],"product_tag":[],"class_list":{"0":"post-92","1":"product","2":"type-product","3":"status-publish","4":"has-post-thumbnail","6":"product_cat-mrvi","7":"product_cat-18000-puffs-disposable-vape","8":"product_cat-big-puffs-vapes","9":"product_cat-different-puffs-of-disposable-vapes","10":"product_cat-digital-box-vapes","11":"product_cat-disposable-vape-types","12":"product_cat-disposable-vapes-in-austria","13":"product_cat-disposable-vapes-in-belgium","14":"product_cat-disposable-vapes-in-europe","15":"product_cat-disposable-vapes-in-france","16":"product_cat-disposable-vapes-in-germany","17":"product_cat-disposable-vapes-in-hungary","18":"product_cat-disposable-vapes-in-ltaly","19":"product_cat-disposable-vapes-in-netherlands","20":"product_cat-disposable-vapes-in-norway","21":"product_cat-disposable-vapes-in-poland","22":"product_cat-disposable-vapes-in-portugal","23":"product_cat-disposable-vapes-in-spain","24":"product_cat-disposable-vapes-in-sweden","25":"product_cat-disposable-vapes-in-switzerland","26":"product_cat-dual-mesh-vapes","27":"product_cat-rechargeable-vapes","28":"product_cat-smart-screen-vapes","30":"first","31":"instock","32":"shipping-taxable","33":"purchasable","34":"product-type-variable","35":"has-default-attributes"},"jetpack_sharing_enabled":true,"tiered_pricing_type":"fixed","tiered_pricing_fixed_rules":{"100":6.230000000000000426325641456060111522674560546875,"200":5.4900000000000002131628207280300557613372802734375,"400":5.19000000000000039079850466805510222911834716796875},"tiered_pricing_product_settings":{"layout":"default","base_unit_name":{"singular":null,"plural":null},"default_variation":null},"tiered_pricing_minimum_quantity":50,"tiered_pricing_roles_data":[],"tiered_pricing_percentage_rules":[],"tiered_pricing_maximum_quantity":null,"tiered_pricing_quantity_step":"10","_links":{"self":[{"href":"https:\/\/volovape.com\/ro\/wp-json\/wp\/v2\/product\/92","targetHints":{"allow":["GET"]}}],"collection":[{"href":"https:\/\/volovape.com\/ro\/wp-json\/wp\/v2\/product"}],"about":[{"href":"https:\/\/volovape.com\/ro\/wp-json\/wp\/v2\/types\/product"}],"replies":[{"embeddable":true,"href":"https:\/\/volovape.com\/ro\/wp-json\/wp\/v2\/comments?post=92"}],"wp:featuredmedia":[{"embeddable":true,"href":"https:\/\/volovape.com\/ro\/wp-json\/wp\/v2\/media\/371"}],"wp:attachment":[{"href":"https:\/\/volovape.com\/ro\/wp-json\/wp\/v2\/media?parent=92"}],"wp:term":[{"taxonomy":"product_brand","embeddable":true,"href":"https:\/\/volovape.com\/ro\/wp-json\/wp\/v2\/product_brand?post=92"},{"taxonomy":"product_cat","embeddable":true,"href":"https:\/\/volovape.com\/ro\/wp-json\/wp\/v2\/product_cat?post=92"},{"taxonomy":"product_tag","embeddable":true,"href":"https:\/\/volovape.com\/ro\/wp-json\/wp\/v2\/product_tag?post=92"}],"curies":[{"name":"wp","href":"https:\/\/api.w.org\/{rel}","templated":true}]}}