{"id":91,"date":"2024-11-21T03:26:52","date_gmt":"2024-11-21T03:26:52","guid":{"rendered":"https:\/\/volovape.com\/?post_type=product&#038;p=91"},"modified":"2025-06-30T01:33:10","modified_gmt":"2025-06-30T01:33:10","slug":"cutie-elf-puls-x-25000-pufuri","status":"publish","type":"product","link":"https:\/\/volovape.com\/ro\/product\/elf-box-pulse-x-25000-puffs\/","title":{"rendered":"ELF BOX PULSE X 25000 Puffs Vape de unic\u0103 folosin\u021b\u0103 - AI Power, Dual Mesh, Afi\u0219aj 3D"},"content":{"rendered":"<p><strong>ELF BOX PULSE X 25000 Puffs Vape de unic\u0103 folosin\u021b\u0103<\/strong> - Vapoare cu inteligen\u021b\u0103 artificial\u0103 \u0219i un ecran 3D revolu\u021bionar.<\/p>\n<p>The <strong>CUTIE ELF PULS X 25000<\/strong> introduce o nou\u0103 er\u0103 a vapatului de unic\u0103 folosin\u021b\u0103 cu tehnologia sa condus\u0103 de AI \u0219i ecranul curbat 3D uimitor. Bucura\u021bi-v\u0103 de p\u00e2n\u0103 la <strong>25.000 de pufuri \u00een modul normal<\/strong> sau <strong>15.000 de pufuri \u00een modul puls<\/strong>, oferind experien\u021be de vaping personalizabile. Dispozitivul dispune de o <strong>18mL capacitate e-lichid<\/strong> \u0219i un puternic <strong>Baterie re\u00eenc\u0103rcabil\u0103 de 13.500mAh<\/strong> pentru utilizare prelungit\u0103. <strong>Bobine duble cu ochiuri de 0,8\u03a9<\/strong> asociat cu <strong>Tehnologia VPU<\/strong> ofer\u0103 o arom\u0103 \u0219i o produc\u021bie de vapori excep\u021bionale. Caracteristicile <strong>Ecran curbat 3D<\/strong> afi\u0219eaz\u0103 informa\u021bii \u00een timp real privind durata de via\u021b\u0103 a bateriei, nivelul e-lichidului, num\u0103rul de fumuri \u0219i modul, \u00eembun\u0103t\u0103\u021bind controlul utilizatorului. Cu caracteristici avansate precum <strong>Reglarea puterii AI<\/strong>, <strong>Puterea pulsului<\/strong>, \u0219i <strong>Super Boost<\/strong>, acest dispozitiv ofer\u0103 o experien\u021b\u0103 de vapat cu adev\u0103rat inovatoare. Disponibil \u00een <strong>10 arome distincte<\/strong>, ELF BOX PULSE X 25000 este perfect pentru <strong>vape de unic\u0103 folosin\u021b\u0103 en-gros<\/strong>, <strong>comenzi \u00een vrac<\/strong>, sau <strong>uz personal<\/strong>.<\/p>\n<h3><strong>ELF BOX PULSE X 25000 Caracteristici:<\/strong><\/h3>\n<ul>\n<li>Puffs: P\u00e2n\u0103 la 25.000 (Mod normal) \/ 15.000 (Mod puls)<\/li>\n<li>Capacitate E-Lichid: 18mL<\/li>\n<li>Baterie: 13,500mAh (re\u00eenc\u0103rcabil\u0103)<\/li>\n<li>\u00cenc\u0103rcare: Tip-C<\/li>\n<li>Bobin\u0103: Dual 0.8\u03a9 Mesh Coils<\/li>\n<li>Afi\u0219aj: Ecran curbat 3D<\/li>\n<li>Moduri: Mod regulat, Mod puls<\/li>\n<li>Caracteristici: AI Power Adjustment, Pulse Power, Super Boost, Tehnologia VPU<\/li>\n<li>Arome: 10 op\u021biuni unice<\/li>\n<li>Dispozitiv de unic\u0103 folosin\u021b\u0103<\/li>\n<\/ul>\n<h4>\u00ceNTREB\u0102RI FRECVENTE<\/h4>\n<h5>Cum \u00eembun\u0103t\u0103\u021be\u0219te AI Power Adjustment experien\u021ba de vapat?<\/h5>\n<p>AI Power Adjustment analizeaz\u0103 inteligent obiceiurile tale de vapat \u0219i optimizeaz\u0103 automat puterea de ie\u0219ire pentru a asigura o arom\u0103 \u0219i o produc\u021bie de vapori constante. Aceast\u0103 caracteristic\u0103 se adapteaz\u0103 la utilizarea dvs., oferind o experien\u021b\u0103 de vapat personalizat\u0103 \u0219i pl\u0103cut\u0103 cu fiecare fum.<\/p>\n<h5>Ce metode de expediere sunt utilizate?<\/h5>\n<p>Suntem parteneri cu transportatori de renume precum UPS, DHL, FedEx \u0219i DPD pentru a v\u0103 livra comenzile rapid \u0219i \u00een siguran\u021b\u0103. Cea mai eficient\u0103 metod\u0103 de expediere este aleas\u0103 \u00een func\u021bie de loca\u021bia dvs. pentru a asigura livrarea la timp.<\/p>\n<h5>C\u00e2t timp dureaz\u0103 sosirea comenzii mele?<\/h5>\n<p>Comenzile ajung de obicei \u00een termen de 7-15 zile lucr\u0103toare. Cu toate acestea, v\u0103 rug\u0103m s\u0103 acorda\u021bi p\u00e2n\u0103 la 20 de zile lucr\u0103toare \u00een timpul s\u0103rb\u0103torilor sau al condi\u021biilor meteorologice nefavorabile, care pot cauza mici \u00eent\u00e2rzieri \u00een tranzit.<\/p>\n<h5>Voi \u00eent\u00e2mpina probleme vamale sau taxe suplimentare?<\/h5>\n<p>Ne ocup\u0103m de toate procedurile de v\u0103muire, asigur\u00e2nd o experien\u021b\u0103 f\u0103r\u0103 cusur \u0219i f\u0103r\u0103 complica\u021bii. Nu ve\u021bi suporta nicio tax\u0103 sau impozit suplimentar. Garant\u0103m c\u0103 100% dintre produsele noastre trec cu succes de vam\u0103.<\/p>\n<h5>Achizi\u021biile de pe site-ul dvs. sunt sigure \u0219i de \u00eencredere?<\/h5>\n<p>Da, oferim tranzac\u021bii PayPal sigure cu protec\u021bia cump\u0103r\u0103torului. Pute\u021bi verifica, de asemenea, fiabilitatea noastr\u0103 prin verificarea recenziilor clien\u021bilor no\u0219tri pe <a href=\"https:\/\/www.trustpilot.com\/review\/volovape.com?utm_medium=trustbox&amp;utm_source=TrustBoxReviewCollector\">TrustPilot<\/a>, unde ve\u021bi g\u0103si m\u0103rturii de la clien\u021bi mul\u021bumi\u021bi.<\/p>","protected":false},"excerpt":{"rendered":"<p>P\u0103\u0219e\u0219te \u00een viitor cu ELF BOX PULSE X 25000 Puffs. Putere AI, plas\u0103 dubl\u0103, ecran 3D, baterie de 13.500mAh. Ideal pentru uz personal sau en-gros, oferind vaping de ultim\u0103 or\u0103.<\/p>","protected":false},"featured_media":360,"comment_status":"open","ping_status":"closed","template":"","meta":[],"product_brand":[],"product_cat":[54,45,21,18,39,20,23,24,22,25,26,27,28,29,30,31,32,33,34,35,44,36,40],"product_tag":[],"class_list":{"0":"post-91","1":"product","2":"type-product","3":"status-publish","4":"has-post-thumbnail","6":"product_cat-elf-box","7":"product_cat-25000-puffs-disposable-vape","8":"product_cat-big-puffs-vapes","9":"product_cat-different-puffs-of-disposable-vapes","10":"product_cat-digital-box-vapes","11":"product_cat-disposable-vape-types","12":"product_cat-disposable-vapes-in-austria","13":"product_cat-disposable-vapes-in-belgium","14":"product_cat-disposable-vapes-in-europe","15":"product_cat-disposable-vapes-in-france","16":"product_cat-disposable-vapes-in-germany","17":"product_cat-disposable-vapes-in-hungary","18":"product_cat-disposable-vapes-in-ltaly","19":"product_cat-disposable-vapes-in-netherlands","20":"product_cat-disposable-vapes-in-norway","21":"product_cat-disposable-vapes-in-poland","22":"product_cat-disposable-vapes-in-portugal","23":"product_cat-disposable-vapes-in-spain","24":"product_cat-disposable-vapes-in-sweden","25":"product_cat-disposable-vapes-in-switzerland","26":"product_cat-dual-mesh-vapes","27":"product_cat-rechargeable-vapes","28":"product_cat-smart-screen-vapes","30":"first","31":"instock","32":"featured","33":"shipping-taxable","34":"purchasable","35":"product-type-variable","36":"has-default-attributes"},"jetpack_sharing_enabled":true,"tiered_pricing_type":"fixed","tiered_pricing_fixed_rules":{"2000":7.4900000000000002131628207280300557613372802734375},"tiered_pricing_product_settings":{"layout":"default","base_unit_name":{"singular":null,"plural":null},"default_variation":null},"tiered_pricing_minimum_quantity":1000,"tiered_pricing_roles_data":[],"tiered_pricing_percentage_rules":[],"tiered_pricing_maximum_quantity":null,"tiered_pricing_quantity_step":"10","_links":{"self":[{"href":"https:\/\/volovape.com\/ro\/wp-json\/wp\/v2\/product\/91","targetHints":{"allow":["GET"]}}],"collection":[{"href":"https:\/\/volovape.com\/ro\/wp-json\/wp\/v2\/product"}],"about":[{"href":"https:\/\/volovape.com\/ro\/wp-json\/wp\/v2\/types\/product"}],"replies":[{"embeddable":true,"href":"https:\/\/volovape.com\/ro\/wp-json\/wp\/v2\/comments?post=91"}],"wp:featuredmedia":[{"embeddable":true,"href":"https:\/\/volovape.com\/ro\/wp-json\/wp\/v2\/media\/360"}],"wp:attachment":[{"href":"https:\/\/volovape.com\/ro\/wp-json\/wp\/v2\/media?parent=91"}],"wp:term":[{"taxonomy":"product_brand","embeddable":true,"href":"https:\/\/volovape.com\/ro\/wp-json\/wp\/v2\/product_brand?post=91"},{"taxonomy":"product_cat","embeddable":true,"href":"https:\/\/volovape.com\/ro\/wp-json\/wp\/v2\/product_cat?post=91"},{"taxonomy":"product_tag","embeddable":true,"href":"https:\/\/volovape.com\/ro\/wp-json\/wp\/v2\/product_tag?post=91"}],"curies":[{"name":"wp","href":"https:\/\/api.w.org\/{rel}","templated":true}]}}