{"id":88,"date":"2024-11-21T03:26:51","date_gmt":"2024-11-21T03:26:51","guid":{"rendered":"https:\/\/volovape.com\/?post_type=product&#038;p=88"},"modified":"2025-07-04T02:52:02","modified_gmt":"2025-07-04T02:52:02","slug":"vapme-fire-9000-puffs","status":"publish","type":"product","link":"https:\/\/volovape.com\/ro\/product\/vapme-fire-9000-puffs\/","title":{"rendered":"VAPME FIRE 9000 Puffs Vap\u0103 de unic\u0103 folosin\u021b\u0103 - re\u00eenc\u0103rcabil\u0103, 0.8\u03a9 Mesh Coil"},"content":{"rendered":"<p><strong>VAPME FIRE 9000 Puffs Vape de unic\u0103 folosin\u021b\u0103<\/strong> - Experimenta\u021bi o vaporizare prelungit\u0103 \u0219i gustoas\u0103 cu un cap\u0103t re\u00eenc\u0103rcabil.<\/p>\n<p>The <strong>VAPME FOC 9000<\/strong> ofer\u0103 un impresionant <strong>9000+ pufuri<\/strong> cu un substan\u021bial <strong>15mL capacitate e-lichid<\/strong>, asigur\u00e2nd o pl\u0103cere prelungit\u0103. Caracteristicile sale <strong>Baterie re\u00eenc\u0103rcabil\u0103 850mAh<\/strong> \u0219i <strong>\u00cenc\u0103rcare de tip C<\/strong> ofer\u0103 confortul utiliz\u0103rii continue f\u0103r\u0103 \u00eenlocuiri frecvente. Caracteristicile <strong>Bobin\u0103 cu ochiuri de 0,8\u03a9<\/strong> este proiectat pentru o arom\u0103 optim\u0103 \u0219i o produc\u021bie de vapori, oferind o experien\u021b\u0103 de vaporizare uniform\u0103. Cu o gam\u0103 variat\u0103 de <strong>16 arome unice<\/strong>, de la amestecuri de fructe la senza\u021bii glaciale, acest dispozitiv satisface toate gusturile. Ideal pentru <strong>vape de unic\u0103 folosin\u021b\u0103 en-gros<\/strong>, <strong>comand\u0103 \u00een vrac<\/strong>, sau <strong>uz personal<\/strong>VAPME FIRE 9000 combin\u0103 performan\u021ba ridicat\u0103 cu portabilitatea maxim\u0103.<\/p>\n<p><iframe title=\"VideoPress Player video\" aria-label='VideoPress Player video' width='421' height='750' src='https:\/\/videopress.com\/embed\/Cl4SK2ke?hd=0&amp;cover=1' frameborder='0' allowfullscreen allow='clipboard-write'><\/iframe><script src='https:\/\/v0.wordpress.com\/js\/next\/videopress-iframe.js?m=1739540970'><\/script><\/p>\n<h3><strong>VAPME FIRE 9000 Caracteristici\uff1a<\/strong><\/h3>\n<ul>\n<li>Puffs: Peste 9000 de pufuri<\/li>\n<li>Capacitate E-liquid: 15mL<\/li>\n<li>Baterie: 850mAh (re\u00eenc\u0103rcabil\u0103)<\/li>\n<li>\u00cenc\u0103rcare: Tip-C<\/li>\n<li>Bobin\u0103: 0.8\u03a9 Mesh Coil<\/li>\n<li>Arome: 16 op\u021biuni unice<\/li>\n<li>Dispozitiv de unic\u0103 folosin\u021b\u0103<\/li>\n<\/ul>\n<h4>\u00ceNTREB\u0102RI FRECVENTE<\/h4>\n<h5>Cum \u00eembun\u0103t\u0103\u021be\u0219te bobina cu ochiuri de 0,8\u03a9 experien\u021ba de vapat?<\/h5>\n<p>Bobina cu ochiuri de 0,8\u03a9 este proiectat\u0103 pentru a oferi o \u00eenc\u0103lzire uniform\u0103 \u0219i o suprafa\u021b\u0103 mai mare, rezult\u00e2nd o produc\u021bie de vapori mai lin\u0103 \u0219i o livrare mai intens\u0103 a aromei. Acest lucru asigur\u0103 o vaporizare satisf\u0103c\u0103toare \u00een mod constant cu fiecare fum, maximiz\u00e2nd pl\u0103cerea fiec\u0103rei arome.<\/p>\n<h5>Ce metode de expediere sunt utilizate?<\/h5>\n<p>Suntem parteneri cu transportatori de top precum UPS, DHL, FedEx \u0219i DPD pentru a ne asigura c\u0103 comanda dvs. ajunge rapid \u0219i \u00een siguran\u021b\u0103. Select\u0103m cea mai bun\u0103 metod\u0103 de expediere \u00een func\u021bie de loca\u021bia dvs. pentru termene de livrare optime.<\/p>\n<h5>C\u00e2t timp dureaz\u0103 s\u0103 ajung\u0103?<\/h5>\n<p>De obicei, livrarea dureaz\u0103 \u00eentre 7-15 zile lucr\u0103toare. Cu toate acestea, v\u0103 rug\u0103m s\u0103 acorda\u021bi p\u00e2n\u0103 la 20 de zile lucr\u0103toare \u00een timpul s\u0103rb\u0103torilor sau al condi\u021biilor meteorologice nefavorabile, deoarece acestea pot afecta programul de livrare.<\/p>\n<h5>Voi \u00eent\u00e2mpina probleme vamale sau taxe suplimentare?<\/h5>\n<p>Nu, garant\u0103m un proces de v\u0103muire f\u0103r\u0103 probleme. Ne ocup\u0103m de toate procedurile vamale \u0219i nu ve\u021bi suporta taxe sau tarife suplimentare. Fi\u021bi siguri c\u0103 100% dintre produsele noastre au trecut cu succes vama.<\/p>\n<h5>Pot avea \u00eencredere \u00een acest produs \u0219i \u00een serviciul dumneavoastr\u0103?<\/h5>\n<p>Absolut. Accept\u0103m pl\u0103\u021bi PayPal securizate cu protec\u021bia cump\u0103r\u0103torului. De asemenea, pute\u021bi verifica credibilitatea noastr\u0103 prin verificarea recenziilor clien\u021bilor no\u0219tri pe <a href=\"https:\/\/www.trustpilot.com\/review\/volovape.com?utm_medium=trustbox&amp;utm_source=TrustBoxReviewCollector\">TrustPilot<\/a>, unde ve\u021bi g\u0103si m\u0103rturii de la clien\u021bi mul\u021bumi\u021bi.<\/p>","protected":false},"excerpt":{"rendered":"<p>Aprinde\u021bi aroma de durat\u0103 cu VAPME FIRE 9000 Puffs. Plas\u0103 de 0,8\u03a9, 15ml, re\u00eenc\u0103rcabil\u0103 850mAh. Ideal pentru uz personal sau en-gros, oferind vapori netezi \u0219i boga\u021bi.<\/p>","protected":false},"featured_media":333,"comment_status":"open","ping_status":"closed","template":"","meta":[],"product_brand":[],"product_cat":[49,48,21,18,20,23,24,22,25,26,27,28,29,30,31,32,33,34,35,36],"product_tag":[],"class_list":{"0":"post-88","1":"product","2":"type-product","3":"status-publish","4":"has-post-thumbnail","6":"product_cat-vapme","7":"product_cat-9000-puffs-disposable-vape","8":"product_cat-big-puffs-vapes","9":"product_cat-different-puffs-of-disposable-vapes","10":"product_cat-disposable-vape-types","11":"product_cat-disposable-vapes-in-austria","12":"product_cat-disposable-vapes-in-belgium","13":"product_cat-disposable-vapes-in-europe","14":"product_cat-disposable-vapes-in-france","15":"product_cat-disposable-vapes-in-germany","16":"product_cat-disposable-vapes-in-hungary","17":"product_cat-disposable-vapes-in-ltaly","18":"product_cat-disposable-vapes-in-netherlands","19":"product_cat-disposable-vapes-in-norway","20":"product_cat-disposable-vapes-in-poland","21":"product_cat-disposable-vapes-in-portugal","22":"product_cat-disposable-vapes-in-spain","23":"product_cat-disposable-vapes-in-sweden","24":"product_cat-disposable-vapes-in-switzerland","25":"product_cat-rechargeable-vapes","27":"first","28":"instock","29":"shipping-taxable","30":"purchasable","31":"product-type-variable","32":"has-default-attributes"},"jetpack_sharing_enabled":true,"tiered_pricing_type":"fixed","tiered_pricing_fixed_rules":{"2000":5.20000000000000017763568394002504646778106689453125},"tiered_pricing_product_settings":{"layout":"default","base_unit_name":{"singular":null,"plural":null},"default_variation":null},"tiered_pricing_minimum_quantity":1000,"tiered_pricing_roles_data":[],"tiered_pricing_percentage_rules":[],"tiered_pricing_maximum_quantity":null,"tiered_pricing_quantity_step":"10","_links":{"self":[{"href":"https:\/\/volovape.com\/ro\/wp-json\/wp\/v2\/product\/88","targetHints":{"allow":["GET"]}}],"collection":[{"href":"https:\/\/volovape.com\/ro\/wp-json\/wp\/v2\/product"}],"about":[{"href":"https:\/\/volovape.com\/ro\/wp-json\/wp\/v2\/types\/product"}],"replies":[{"embeddable":true,"href":"https:\/\/volovape.com\/ro\/wp-json\/wp\/v2\/comments?post=88"}],"wp:featuredmedia":[{"embeddable":true,"href":"https:\/\/volovape.com\/ro\/wp-json\/wp\/v2\/media\/333"}],"wp:attachment":[{"href":"https:\/\/volovape.com\/ro\/wp-json\/wp\/v2\/media?parent=88"}],"wp:term":[{"taxonomy":"product_brand","embeddable":true,"href":"https:\/\/volovape.com\/ro\/wp-json\/wp\/v2\/product_brand?post=88"},{"taxonomy":"product_cat","embeddable":true,"href":"https:\/\/volovape.com\/ro\/wp-json\/wp\/v2\/product_cat?post=88"},{"taxonomy":"product_tag","embeddable":true,"href":"https:\/\/volovape.com\/ro\/wp-json\/wp\/v2\/product_tag?post=88"}],"curies":[{"name":"wp","href":"https:\/\/api.w.org\/{rel}","templated":true}]}}