{"id":86,"date":"2024-11-21T03:26:51","date_gmt":"2024-11-21T03:26:51","guid":{"rendered":"https:\/\/volovape.com\/?post_type=product&#038;p=86"},"modified":"2025-10-28T03:26:10","modified_gmt":"2025-10-28T03:26:10","slug":"vapme-cristal-7000-pufuri","status":"publish","type":"product","link":"https:\/\/volovape.com\/ro\/product\/vapme-crystal-7000-puffs\/","title":{"rendered":"VAPME Crystal 7000 puffs vape de unic\u0103 folosin\u021b\u0103 - 30 arome cu re\u00eenc\u0103rcabil\u0103 tip-c"},"content":{"rendered":"<p><iframe title=\"VideoPress Player video\" aria-label='VideoPress Player video' width='421' height='750' src='https:\/\/videopress.com\/embed\/tK1sr4ND?hd=0&amp;cover=1' frameborder='0' allowfullscreen allow='clipboard-write'><\/iframe><script src='https:\/\/v0.wordpress.com\/js\/next\/videopress-iframe.js?m=1739540970'><\/script><\/p>\n<p>VAPME Crystal 7000 Puffs Vape de unic\u0103 folosin\u021b\u0103 - 30 arome, 2%\/5% Nicotin\u0103, re\u00eenc\u0103rcabil\u0103 Tip-C, vrac cu ridicata<br \/>\n<strong>VAPME Crystal 7000 Puffs Vape re\u00eenc\u0103rcabil\u0103 de unic\u0103 folosin\u021b\u0103 cu 30 de arome<\/strong> - Varietate de arome \u0219i performan\u021b\u0103 de lung\u0103 durat\u0103.<\/p>\n<p>The <strong>VAPME Crystal 7000 Puffs<\/strong> vape de unic\u0103 folosin\u021b\u0103 ofer\u0103 o experien\u021b\u0103 extins\u0103 de vapat cu p\u00e2n\u0103 la <strong>7.000 de pufuri<\/strong>, a <strong>14ml capacitate e-lichid<\/strong>, \u0219i o <strong>Baterie re\u00eenc\u0103rcabil\u0103 650mAh<\/strong> cu <strong>\u00cenc\u0103rcare de tip C<\/strong>. The <strong>Bobin\u0103 cu ochiuri de 0,8\u03a9<\/strong> asigur\u0103 un abur consistent \u0219i aromat. Alege\u021bi din <strong>2% sau 5% concentra\u021bii de nicotin\u0103<\/strong> \u0219i explora\u021bi o gam\u0103 impresionant\u0103 de <strong>30 de arome unice<\/strong>, inclusiv c\u0103p\u0219uni pepene Bubblegum \u0219i fructe tropicale Punch. Ideal pentru uz personal sau <strong>vape de unic\u0103 folosin\u021b\u0103 en-gros<\/strong>, acest dispozitiv ofer\u0103 at\u00e2t varietate, c\u00e2t \u0219i confort. Pentru <strong>comand\u0103 \u00een vrac<\/strong> pre\u021buri, v\u0103 rug\u0103m s\u0103 ne contacta\u021bi.<\/p>\n<h3><strong>VAPME Crystal 7000 Caracteristici:<\/strong><\/h3>\n<ul>\n<li>Puffs: P\u00e2n\u0103 la 7,000<\/li>\n<li>Capacitate E-liquid: 14ml<\/li>\n<li>Baterie: 650mAh (re\u00eenc\u0103rcabil\u0103)<\/li>\n<li>\u00cenc\u0103rcare: Tip-C<\/li>\n<li>Bobin\u0103: 0.8\u03a9 Mesh Coil<\/li>\n<li>Concentra\u021bii de nicotin\u0103: 2%, 5%<\/li>\n<li>30 de op\u021biuni de arome<\/li>\n<\/ul>\n<h4>\u00ceNTREB\u0102RI FRECVENTE<\/h4>\n<h5>Cum \u00eembun\u0103t\u0103\u021be\u0219te bobina cu ochiuri de 0,8\u03a9 transmiterea aromei?<\/h5>\n<p>Bobina cu ochiuri de 0,8\u03a9 este proiectat\u0103 pentru a optimiza livrarea aromei prin asigurarea unei \u00eenc\u0103lziri constante \u0219i a unei vaporiz\u0103ri eficiente. Acest lucru asigur\u0103 c\u0103 fiecare fum este bogat \u0219i satisf\u0103c\u0103tor, permi\u021b\u00e2ndu-v\u0103 s\u0103 v\u0103 bucura\u021bi pe deplin de marea varietate de arome oferite.<\/p>\n<h5>Ce metode de expediere sunt utilizate?<\/h5>\n<p>Suntem parteneri cu transportatori de \u00eencredere precum UPS, DHL, FedEx \u0219i DPD pentru a ne asigura c\u0103 comenzile dvs. sunt livrate eficient. Metoda de expediere este selectat\u0103 \u00een func\u021bie de loca\u021bia dvs. pentru vitez\u0103 \u0219i fiabilitate optime de livrare.<\/p>\n<h5>C\u00e2t dureaz\u0103 de obicei expedierea?<\/h5>\n<p>Transportul dureaz\u0103 de obicei \u00eentre 7 \u0219i 15 zile lucr\u0103toare. \u00cen sezoanele de v\u00e2rf sau \u00een condi\u021bii meteorologice nefavorabile, aceasta poate dura p\u00e2n\u0103 la 20 de zile lucr\u0103toare.<\/p>\n<h5>M\u0103 voi confrunta cu probleme vamale sau cu taxe suplimentare?<\/h5>\n<p>Ne ocup\u0103m de toate procedurile de v\u0103muire, asigur\u00e2ndu-ne c\u0103 expedierea dvs. trece f\u0103r\u0103 probleme. Nu ve\u021bi suporta nicio tax\u0103 sau impozit suplimentar. Garant\u0103m v\u0103muirea 100%.<\/p>\n<h5>Cum pot fi sigur de calitatea \u0219i fiabilitatea produsului?<\/h5>\n<p>Accept\u0103m pl\u0103\u021bi sigure PayPal cu protec\u021bia cump\u0103r\u0103torului. De asemenea, pute\u021bi citi recenziile clien\u021bilor pe <a href=\"https:\/\/www.trustpilot.com\/review\/volovape.com?utm_medium=trustbox&amp;utm_source=TrustBoxReviewCollector\">TrustPilot<\/a>, unde mul\u021bi clien\u021bi au \u00eemp\u0103rt\u0103\u0219it experien\u021be pozitive cu privire la produsele \u0219i serviciile noastre.<\/p>","protected":false},"excerpt":{"rendered":"<p>Savura\u021bi vaparea prelungit\u0103 cu VAPME Crystal 7000 Puffs. Bobin\u0103 cu ochiuri de 0,8\u03a9, 14 ml, re\u00eenc\u0103rcabil\u0103. Explora\u021bi 30 de arome \u0219i alege\u021bi 2% sau 5% nicotin\u0103. Ideal pentru uz personal sau en-gros.<\/p>","protected":false},"featured_media":310,"comment_status":"open","ping_status":"closed","template":"","meta":[],"product_brand":[],"product_cat":[49,37,21,43,18,20,23,24,22,25,26,27,28,29,30,31,32,33,34,35,36],"product_tag":[],"class_list":{"0":"post-86","1":"product","2":"type-product","3":"status-publish","4":"has-post-thumbnail","6":"product_cat-vapme","7":"product_cat-8000-puffs-disposable-vape","8":"product_cat-big-puffs-vapes","9":"product_cat-crystal-vapes","10":"product_cat-different-puffs-of-disposable-vapes","11":"product_cat-disposable-vape-types","12":"product_cat-disposable-vapes-in-austria","13":"product_cat-disposable-vapes-in-belgium","14":"product_cat-disposable-vapes-in-europe","15":"product_cat-disposable-vapes-in-france","16":"product_cat-disposable-vapes-in-germany","17":"product_cat-disposable-vapes-in-hungary","18":"product_cat-disposable-vapes-in-ltaly","19":"product_cat-disposable-vapes-in-netherlands","20":"product_cat-disposable-vapes-in-norway","21":"product_cat-disposable-vapes-in-poland","22":"product_cat-disposable-vapes-in-portugal","23":"product_cat-disposable-vapes-in-spain","24":"product_cat-disposable-vapes-in-sweden","25":"product_cat-disposable-vapes-in-switzerland","26":"product_cat-rechargeable-vapes","28":"first","29":"instock","30":"shipping-taxable","31":"purchasable","32":"product-type-variable","33":"has-default-attributes"},"jetpack_sharing_enabled":true,"tiered_pricing_type":"fixed","tiered_pricing_fixed_rules":{"30":5.28000000000000024868995751603506505489349365234375,"50":4.75,"100":4.160000000000000142108547152020037174224853515625,"200":3.979999999999999982236431605997495353221893310546875,"400":3.5800000000000000710542735760100185871124267578125},"tiered_pricing_product_settings":{"layout":"default","base_unit_name":{"singular":null,"plural":null},"default_variation":null},"tiered_pricing_minimum_quantity":10,"tiered_pricing_roles_data":[],"tiered_pricing_percentage_rules":[],"tiered_pricing_maximum_quantity":null,"tiered_pricing_quantity_step":"10","_links":{"self":[{"href":"https:\/\/volovape.com\/ro\/wp-json\/wp\/v2\/product\/86","targetHints":{"allow":["GET"]}}],"collection":[{"href":"https:\/\/volovape.com\/ro\/wp-json\/wp\/v2\/product"}],"about":[{"href":"https:\/\/volovape.com\/ro\/wp-json\/wp\/v2\/types\/product"}],"replies":[{"embeddable":true,"href":"https:\/\/volovape.com\/ro\/wp-json\/wp\/v2\/comments?post=86"}],"wp:featuredmedia":[{"embeddable":true,"href":"https:\/\/volovape.com\/ro\/wp-json\/wp\/v2\/media\/310"}],"wp:attachment":[{"href":"https:\/\/volovape.com\/ro\/wp-json\/wp\/v2\/media?parent=86"}],"wp:term":[{"taxonomy":"product_brand","embeddable":true,"href":"https:\/\/volovape.com\/ro\/wp-json\/wp\/v2\/product_brand?post=86"},{"taxonomy":"product_cat","embeddable":true,"href":"https:\/\/volovape.com\/ro\/wp-json\/wp\/v2\/product_cat?post=86"},{"taxonomy":"product_tag","embeddable":true,"href":"https:\/\/volovape.com\/ro\/wp-json\/wp\/v2\/product_tag?post=86"}],"curies":[{"name":"wp","href":"https:\/\/api.w.org\/{rel}","templated":true}]}}