{"id":85,"date":"2024-11-21T03:26:51","date_gmt":"2024-11-21T03:26:51","guid":{"rendered":"https:\/\/volovape.com\/?post_type=product&#038;p=85"},"modified":"2026-05-05T02:01:37","modified_gmt":"2026-05-05T02:01:37","slug":"vapme-shisha-narghilea-15000-pufuri","status":"publish","type":"product","link":"https:\/\/volovape.com\/ro\/product\/vapme-shisha-hookah-15000-puffs\/","title":{"rendered":"VAPME Shisha Hookah 15000 pufuri de unic\u0103 folosin\u021b\u0103 - 24 arome cu bobin\u0103 de plas\u0103, re\u00eenc\u0103rcabil\u0103"},"content":{"rendered":"<p><iframe title=\"VideoPress Player video\" aria-label='VideoPress Player video' width='500' height='281' src='https:\/\/videopress.com\/embed\/yEuJlmVZ?hd=0&amp;cover=1' frameborder='0' allowfullscreen allow='clipboard-write'><\/iframe><script src='https:\/\/v0.wordpress.com\/js\/next\/videopress-iframe.js?m=1739540970'><\/script><\/p>\n<p><strong>VAPME Shisha Hookah 15000 Puffs Vape de unic\u0103 folosin\u021b\u0103 de lung\u0103 durat\u0103 cu 24 de arome<\/strong> - Vaping bogat inspirat de narghilea.<\/p>\n<p>The <strong>VAPME Shisha Narghilea 15000 Puffs<\/strong> vape de unic\u0103 folosin\u021b\u0103 ofer\u0103 o experien\u021b\u0103 de vaping premium cu p\u00e2n\u0103 la <strong>15.000 de pufuri<\/strong>, o mare <strong>Capacitate de 25ml e-lichid<\/strong>, \u0219i o <strong>Baterie re\u00eenc\u0103rcabil\u0103 650mAh<\/strong> cu <strong>\u00cenc\u0103rcare de tip C<\/strong>. The <strong>bobin\u0103 cu ochiuri avansate de 0,6\u03a9<\/strong> asigur\u0103 un abur consistent, fin \u0219i aromat, care aminte\u0219te de shisha tradi\u021bional\u0103. Alege\u021bi din <strong>Concentra\u021bii de nicotin\u0103 0% sau 2%<\/strong> \u0219i explora\u021bi o selec\u021bie extins\u0103 de <strong>24 de arome unice<\/strong>, inclusiv Pineapple Shake \u0219i Triple Berry Ice. Ideal pentru uz personal sau <strong>vape de unic\u0103 folosin\u021b\u0103 en-gros<\/strong>, acest dispozitiv ofer\u0103 at\u00e2t longevitate, c\u00e2t \u0219i varietate. Pentru <strong>comand\u0103 \u00een vrac<\/strong> pre\u021buri, v\u0103 rug\u0103m s\u0103 ne contacta\u021bi.<\/p>\n<h3><strong>VAPME Shisha Hookah 15000 Caracteristici:<\/strong><\/h3>\n<ul>\n<li>Puffs: P\u00e2n\u0103 la 15.000<\/li>\n<li>Capacitate E-liquid: 25ml<\/li>\n<li>Baterie: 650mAh (re\u00eenc\u0103rcabil\u0103)<\/li>\n<li>\u00cenc\u0103rcare: Tip-C<\/li>\n<li>Bobin\u0103: 0.6\u03a9 Mesh Coil<\/li>\n<li>Concentra\u021bii de nicotin\u0103: 0%, 2%<\/li>\n<li>24 de op\u021biuni de arome<\/li>\n<\/ul>\n<h4>\u00ceNTREB\u0102RI FRECVENTE<\/h4>\n<h5>Cum \u00eembun\u0103t\u0103\u021be\u0219te bobina cu ochiuri de 0,6\u03a9 experien\u021ba de vapat asem\u0103n\u0103toare shisha?<\/h5>\n<p>Bobina cu ochiuri de 0,6\u03a9 este proiectat\u0103 pentru a produce vapori boga\u021bi, densi \u0219i arome intense, imit\u00e2nd tragerile netede \u0219i aromate ale shisha tradi\u021bionale. Acest lucru asigur\u0103 o experien\u021b\u0103 de vaporizare satisf\u0103c\u0103toare \u0219i autentic\u0103 cu fiecare fum.<\/p>\n<h5>Ce metode de expediere sunt utilizate?<\/h5>\n<p>Suntem parteneri cu transportatori de \u00eencredere precum UPS, DHL, FedEx \u0219i DPD pentru a ne asigura c\u0103 comenzile dvs. sunt livrate eficient. Metoda de expediere este selectat\u0103 \u00een func\u021bie de loca\u021bia dvs. pentru vitez\u0103 \u0219i fiabilitate optime de livrare.<\/p>\n<h5>C\u00e2t dureaz\u0103 de obicei expedierea?<\/h5>\n<p>Transportul dureaz\u0103 de obicei \u00eentre 7 \u0219i 15 zile lucr\u0103toare. \u00cen sezoanele de v\u00e2rf sau \u00een condi\u021bii meteorologice nefavorabile, aceasta poate dura p\u00e2n\u0103 la 20 de zile lucr\u0103toare.<\/p>\n<h5>M\u0103 voi confrunta cu probleme vamale sau cu taxe suplimentare?<\/h5>\n<p>Ne ocup\u0103m de toate procedurile de v\u0103muire, asigur\u00e2ndu-ne c\u0103 expedierea dvs. trece f\u0103r\u0103 probleme. Nu ve\u021bi suporta nicio tax\u0103 sau impozit suplimentar. Garant\u0103m v\u0103muirea 100%.<\/p>\n<h5>Cum pot fi sigur de calitatea \u0219i fiabilitatea produsului?<\/h5>\n<p>Accept\u0103m pl\u0103\u021bi sigure PayPal cu protec\u021bia cump\u0103r\u0103torului. De asemenea, pute\u021bi citi recenziile clien\u021bilor pe <a href=\"https:\/\/www.trustpilot.com\/review\/volovape.com?utm_medium=trustbox&amp;utm_source=TrustBoxReviewCollector\">TrustPilot<\/a>, unde mul\u021bi clien\u021bi au \u00eemp\u0103rt\u0103\u0219it experien\u021be pozitive cu privire la produsele \u0219i serviciile noastre.<\/p>","protected":false},"excerpt":{"rendered":"<p>R\u0103sf\u0103\u021ba\u021bi-v\u0103 cu vaporizarea premium, extins\u0103, cu VAPME Shisha Hookah 15000 Puffs. Plas\u0103 de 0,6\u03a9, 25 ml, re\u00eenc\u0103rcabil\u0103. Explora\u021bi 24 de arome \u0219i alege\u021bi \u00eentre 0% sau 2% nicotin\u0103. Ideal pentru uz personal sau en-gros.<\/p>","protected":false},"featured_media":294,"comment_status":"open","ping_status":"closed","template":"","meta":[],"product_brand":[],"product_cat":[49,41,21,18,20,23,24,22,25,26,27,28,29,30,31,32,33,34,35,36,47],"product_tag":[],"class_list":{"0":"post-85","1":"product","2":"type-product","3":"status-publish","4":"has-post-thumbnail","6":"product_cat-vapme","7":"product_cat-15000-puffs-disposable-vape","8":"product_cat-big-puffs-vapes","9":"product_cat-different-puffs-of-disposable-vapes","10":"product_cat-disposable-vape-types","11":"product_cat-disposable-vapes-in-austria","12":"product_cat-disposable-vapes-in-belgium","13":"product_cat-disposable-vapes-in-europe","14":"product_cat-disposable-vapes-in-france","15":"product_cat-disposable-vapes-in-germany","16":"product_cat-disposable-vapes-in-hungary","17":"product_cat-disposable-vapes-in-ltaly","18":"product_cat-disposable-vapes-in-netherlands","19":"product_cat-disposable-vapes-in-norway","20":"product_cat-disposable-vapes-in-poland","21":"product_cat-disposable-vapes-in-portugal","22":"product_cat-disposable-vapes-in-spain","23":"product_cat-disposable-vapes-in-sweden","24":"product_cat-disposable-vapes-in-switzerland","25":"product_cat-rechargeable-vapes","26":"product_cat-shisha-hookah-vapes","28":"first","29":"instock","30":"shipping-taxable","31":"purchasable","32":"product-type-variable","33":"has-default-attributes"},"jetpack_sharing_enabled":true,"tiered_pricing_type":"fixed","tiered_pricing_fixed_rules":{"30":6.13999999999999968025576890795491635799407958984375,"50":5.55999999999999960920149533194489777088165283203125,"100":4.94000000000000039079850466805510222911834716796875,"200":4.69000000000000039079850466805510222911834716796875,"400":4.2599999999999997868371792719699442386627197265625},"tiered_pricing_product_settings":{"layout":"default","base_unit_name":{"singular":null,"plural":null},"default_variation":null},"tiered_pricing_minimum_quantity":10,"tiered_pricing_roles_data":[],"tiered_pricing_percentage_rules":[],"tiered_pricing_maximum_quantity":null,"tiered_pricing_quantity_step":"10","_links":{"self":[{"href":"https:\/\/volovape.com\/ro\/wp-json\/wp\/v2\/product\/85","targetHints":{"allow":["GET"]}}],"collection":[{"href":"https:\/\/volovape.com\/ro\/wp-json\/wp\/v2\/product"}],"about":[{"href":"https:\/\/volovape.com\/ro\/wp-json\/wp\/v2\/types\/product"}],"replies":[{"embeddable":true,"href":"https:\/\/volovape.com\/ro\/wp-json\/wp\/v2\/comments?post=85"}],"wp:featuredmedia":[{"embeddable":true,"href":"https:\/\/volovape.com\/ro\/wp-json\/wp\/v2\/media\/294"}],"wp:attachment":[{"href":"https:\/\/volovape.com\/ro\/wp-json\/wp\/v2\/media?parent=85"}],"wp:term":[{"taxonomy":"product_brand","embeddable":true,"href":"https:\/\/volovape.com\/ro\/wp-json\/wp\/v2\/product_brand?post=85"},{"taxonomy":"product_cat","embeddable":true,"href":"https:\/\/volovape.com\/ro\/wp-json\/wp\/v2\/product_cat?post=85"},{"taxonomy":"product_tag","embeddable":true,"href":"https:\/\/volovape.com\/ro\/wp-json\/wp\/v2\/product_tag?post=85"}],"curies":[{"name":"wp","href":"https:\/\/api.w.org\/{rel}","templated":true}]}}