{"id":825,"date":"2024-11-21T03:33:30","date_gmt":"2024-11-21T03:33:30","guid":{"rendered":"https:\/\/volovape.com\/?post_type=product&#038;p=825"},"modified":"2025-07-06T04:09:11","modified_gmt":"2025-07-06T04:09:11","slug":"elfworld-plus-20000-de-pufuri","status":"publish","type":"product","link":"https:\/\/volovape.com\/ro\/product\/elfworld-plus-20000-puffs\/","title":{"rendered":"ELFWORLD PLUS+ 20000 puffs vape de unic\u0103 folosin\u021b\u0103 - reducere \u00een vrac, bobin\u0103 mesh, re\u00eenc\u0103rcabil\u0103"},"content":{"rendered":"<p><strong>ELFWORLD PLUS+ 20000 Puffs Vape de unic\u0103 folosin\u021b\u0103<\/strong> - Longevitate \u0219i arom\u0103 de neegalat cu tehnologia avansat\u0103 Mesh Coil.<\/p>\n<p>The <strong>ELFWORLD PLUS+ 20000 Puffs<\/strong> vape de unic\u0103 folosin\u021b\u0103 ofer\u0103 o experien\u021b\u0103 de vapat excep\u021bional\u0103, cu o <strong>20,000 puf<\/strong> capacitate, un generos <strong>Rezervor de e-lichid de 22 ml<\/strong>, \u0219i un puternic <strong>Baterie re\u00eenc\u0103rcabil\u0103 650mAh<\/strong>. Avansat <strong>bobin\u0103 de plas\u0103<\/strong> asigur\u0103 un abur uniform, bogat \u0219i satisf\u0103c\u0103tor, f\u0103c\u00e2ndu-l perfect pentru utilizare prelungit\u0103. Alege\u021bi din <strong>Concentra\u021bii de nicotin\u0103 0%, 2%, 3% sau 5%<\/strong> pentru a se potrivi preferin\u021belor dvs. Ideal pentru uz personal \u0219i <strong>vape de unic\u0103 folosin\u021b\u0103 en-gros<\/strong>, acest dispozitiv ofer\u0103 at\u00e2t longevitate, c\u00e2t \u0219i confort. <strong>Comand\u0103 \u00een vrac<\/strong> sunt disponibile op\u021biuni pentru comercian\u021bii cu am\u0103nuntul.<\/p>\n<h3><strong>ELFWORLD PLUS+ 20000 Puffs Caracteristici:<\/strong><\/h3>\n<ul>\n<li>Puffs: P\u00e2n\u0103 la 20.000<\/li>\n<li>Capacitate E-liquid: 22ml<\/li>\n<li>Baterie: 650mAh (re\u00eenc\u0103rcabil\u0103)<\/li>\n<li>\u00cenc\u0103rcare: Tip-C<\/li>\n<li>Bobin\u0103: Bobin\u0103 de plas\u0103<\/li>\n<li>Concentra\u021bii de nicotin\u0103: 0%, 2%, 3%, 5%<\/li>\n<li>Arome disponibile: Strugure Lemon, Cherry Bomb, Juicy Peach Ice, Berry Bliss, Blue Razz Ice, Blueberry Watermelon, Pink Lemonade, Mexico Mango, Strawberry Banana, Watermelon Ice, White Gummy Ice, Strawberry Mango, Miami Mint.<\/li>\n<\/ul>\n<h4>\u00ceNTREB\u0102RI FRECVENTE<\/h4>\n<h5>Cum \u00eembun\u0103t\u0103\u021be\u0219te bobina cu ochiuri experien\u021ba de vapat \u00een acest dispozitiv cu puf mare?<\/h5>\n<p>Bobina mesh din ELFWORLD PLUS+ 20000 este conceput\u0103 pentru a oferi o \u00eenc\u0103lzire uniform\u0103 \u0219i o vaporizare eficient\u0103, asigur\u00e2nd o arom\u0103 \u0219i o produc\u021bie de vapori constante pe \u00eentreaga durat\u0103 de via\u021b\u0103 a dispozitivului. Aceast\u0103 tehnologie permite o experien\u021b\u0103 lin\u0103 \u0219i satisf\u0103c\u0103toare, chiar \u0219i cu num\u0103rul mare de pufuri.<\/p>\n<h5>Care sunt avantajele unei capacit\u0103\u021bi de 20.000 de pufuri?<\/h5>\n<p>Capacitatea de 20.000 de pufuri ofer\u0103 o utilizare extins\u0103, reduc\u00e2nd nevoia de \u00eenlocuiri frecvente. Acest lucru face ca ELFWORLD PLUS+ 20000 s\u0103 fie ideal pentru utilizatorii care doresc o solu\u021bie de vapat de lung\u0103 durat\u0103 \u0219i convenabil\u0103, perfect\u0103 pentru c\u0103l\u0103torii sau utilizare zilnic\u0103.<\/p>\n<h5>C\u00e2t de repede se re\u00eencarc\u0103 bateria de 650 mAh?<\/h5>\n<p>Bateria de 650 mAh suport\u0103 sesiuni lungi de vapat \u0219i se re\u00eencarc\u0103 rapid prin intermediul \u00eenc\u0103rc\u0103rii Type-C. Acest lucru asigur\u0103 un timp minim de inactivitate, permi\u021b\u00e2ndu-v\u0103 s\u0103 v\u0103 bucura\u021bi de dispozitiv f\u0103r\u0103 a\u0219tept\u0103ri lungi.<\/p>\n<h5>Ce metode de expediere sunt utilizate?<\/h5>\n<p>Suntem parteneri cu transportatori de \u00eencredere precum UPS, DHL, FedEx \u0219i DPD pentru a asigura o livrare eficient\u0103 \u0219i sigur\u0103. Select\u0103m cea mai bun\u0103 op\u021biune de expediere \u00een func\u021bie de loca\u021bia dvs. pentru a v\u0103 trimite comanda c\u00e2t mai repede posibil.<\/p>\n<h5>Pot avea \u00eencredere \u00een achizi\u021bia mea?<\/h5>\n<p>Acord\u0103m prioritate satisfac\u021biei clien\u021bilor \u0219i oferim op\u021biuni de plat\u0103 sigure, inclusiv PayPal cu protec\u021bia cump\u0103r\u0103torului. De asemenea, pute\u021bi vizualiza recenziile clien\u021bilor pe TrustPilot: <a href=\"https:\/\/www.trustpilot.com\/review\/volovape.com?utm_medium=trustbox&amp;utm_source=TrustBoxReviewCollector\">TrustPilot<\/a>.<\/p>","protected":false},"excerpt":{"rendered":"<p>Bulk en-gros ELFWORLD PLUS+ 20000 Puffs Vapes de unic\u0103 folosin\u021b\u0103. 20.000 puffs, 22ml e-lichid, bobin\u0103 mesh, re\u00eenc\u0103rcabil\u0103. Op\u021biuni variate de nicotin\u0103. Explora\u021bi 15 arome.<\/p>","protected":false},"featured_media":1254,"comment_status":"open","ping_status":"closed","template":"","meta":[],"product_brand":[],"product_cat":[69,42,21,18,39,20,23,24,22,25,26,27,28,29,30,31,32,33,34,35,44,36,40],"product_tag":[],"class_list":{"0":"post-825","1":"product","2":"type-product","3":"status-publish","4":"has-post-thumbnail","6":"product_cat-elfworld","7":"product_cat-20000-puffs-disposable-vape","8":"product_cat-big-puffs-vapes","9":"product_cat-different-puffs-of-disposable-vapes","10":"product_cat-digital-box-vapes","11":"product_cat-disposable-vape-types","12":"product_cat-disposable-vapes-in-austria","13":"product_cat-disposable-vapes-in-belgium","14":"product_cat-disposable-vapes-in-europe","15":"product_cat-disposable-vapes-in-france","16":"product_cat-disposable-vapes-in-germany","17":"product_cat-disposable-vapes-in-hungary","18":"product_cat-disposable-vapes-in-ltaly","19":"product_cat-disposable-vapes-in-netherlands","20":"product_cat-disposable-vapes-in-norway","21":"product_cat-disposable-vapes-in-poland","22":"product_cat-disposable-vapes-in-portugal","23":"product_cat-disposable-vapes-in-spain","24":"product_cat-disposable-vapes-in-sweden","25":"product_cat-disposable-vapes-in-switzerland","26":"product_cat-dual-mesh-vapes","27":"product_cat-rechargeable-vapes","28":"product_cat-smart-screen-vapes","30":"first","31":"instock","32":"shipping-taxable","33":"purchasable","34":"product-type-variable","35":"has-default-attributes"},"jetpack_sharing_enabled":true,"tiered_pricing_type":"fixed","tiered_pricing_fixed_rules":{"2000":6.19000000000000039079850466805510222911834716796875},"tiered_pricing_product_settings":{"layout":"default","base_unit_name":{"singular":null,"plural":null},"default_variation":null},"tiered_pricing_minimum_quantity":1000,"tiered_pricing_roles_data":[],"tiered_pricing_percentage_rules":[],"tiered_pricing_maximum_quantity":null,"tiered_pricing_quantity_step":"10","_links":{"self":[{"href":"https:\/\/volovape.com\/ro\/wp-json\/wp\/v2\/product\/825","targetHints":{"allow":["GET"]}}],"collection":[{"href":"https:\/\/volovape.com\/ro\/wp-json\/wp\/v2\/product"}],"about":[{"href":"https:\/\/volovape.com\/ro\/wp-json\/wp\/v2\/types\/product"}],"replies":[{"embeddable":true,"href":"https:\/\/volovape.com\/ro\/wp-json\/wp\/v2\/comments?post=825"}],"wp:featuredmedia":[{"embeddable":true,"href":"https:\/\/volovape.com\/ro\/wp-json\/wp\/v2\/media\/1254"}],"wp:attachment":[{"href":"https:\/\/volovape.com\/ro\/wp-json\/wp\/v2\/media?parent=825"}],"wp:term":[{"taxonomy":"product_brand","embeddable":true,"href":"https:\/\/volovape.com\/ro\/wp-json\/wp\/v2\/product_brand?post=825"},{"taxonomy":"product_cat","embeddable":true,"href":"https:\/\/volovape.com\/ro\/wp-json\/wp\/v2\/product_cat?post=825"},{"taxonomy":"product_tag","embeddable":true,"href":"https:\/\/volovape.com\/ro\/wp-json\/wp\/v2\/product_tag?post=825"}],"curies":[{"name":"wp","href":"https:\/\/api.w.org\/{rel}","templated":true}]}}