{"id":82,"date":"2024-11-21T03:26:51","date_gmt":"2024-11-21T03:26:51","guid":{"rendered":"https:\/\/volovape.com\/?post_type=product&#038;p=82"},"modified":"2025-06-19T03:44:40","modified_gmt":"2025-06-19T03:44:40","slug":"fihp-9000-pufuri","status":"publish","type":"product","link":"https:\/\/volovape.com\/ro\/product\/fihp-9000-puffs\/","title":{"rendered":"FIHP 9000 Puffs Vape de unic\u0103 folosin\u021b\u0103 - re\u00eenc\u0103rcabil\u0103, bobin\u0103 Mesh, lumin\u0103 RGB"},"content":{"rendered":"<p><iframe title=\"VideoPress Player video\" aria-label='VideoPress Player video' width='421' height='750' src='https:\/\/videopress.com\/embed\/xJVwxWTP?hd=0&amp;cover=1' frameborder='0' allowfullscreen allow='clipboard-write'><\/iframe><script src='https:\/\/v0.wordpress.com\/js\/next\/videopress-iframe.js?m=1739540970'><\/script><\/p>\n<p><strong>FIHP 9000 Puffs Stylish re\u00eenc\u0103rcabil\u0103 de unic\u0103 folosin\u021b\u0103 Vape cu iluminare RGB<\/strong> - Performan\u021b\u0103 \u0219i stil combinate.<\/p>\n<p>The <strong>FIHP 9000 Puffs<\/strong> vape de unic\u0103 folosin\u021b\u0103 ofer\u0103 un amestec unic de performan\u021b\u0103 \u0219i stil, oferind p\u00e2n\u0103 la <strong>9.000 de pufuri<\/strong> cu un <strong>18ml capacitate e-lichid<\/strong> \u0219i o <strong>Baterie re\u00eenc\u0103rcabil\u0103 650mAh<\/strong> cu <strong>\u00cenc\u0103rcare de tip C<\/strong>. The <strong>tehnologie avansat\u0103 a bobinei de plas\u0103<\/strong> asigur\u0103 \u00een mod constant un abur fin \u0219i aromat. Ie\u0219i\u021bi \u00een eviden\u021b\u0103 cu <strong>iluminare RGB vibrant\u0103<\/strong>, ad\u0103ug\u00e2nd un element vizual personalizabil la vapatul t\u0103u. Alege\u021bi din <strong>2% sau 5% concentra\u021bii de nicotin\u0103<\/strong> \u0219i bucura\u021bi-v\u0103 de o gam\u0103 larg\u0103 de arome, inclusiv Strawberry Dragon Fruit \u0219i Blueberry Lemonade. Ideal pentru uz personal sau <strong>vape de unic\u0103 folosin\u021b\u0103 en-gros<\/strong>, acest dispozitiv ofer\u0103 at\u00e2t confort, c\u00e2t \u0219i elegan\u021b\u0103. Pentru <strong>comand\u0103 \u00een vrac<\/strong> pre\u021buri, v\u0103 rug\u0103m s\u0103 ne contacta\u021bi.<\/p>\n<h3><strong>FIHP 9000 Caracteristici:<\/strong><\/h3>\n<ul>\n<li>Puffs: P\u00e2n\u0103 la 9,000<\/li>\n<li>Capacitate E-liquid: 18ml<\/li>\n<li>Baterie: 650mAh (re\u00eenc\u0103rcabil\u0103)<\/li>\n<li>\u00cenc\u0103rcare: Tip-C<\/li>\n<li>Bobin\u0103: Bobin\u0103 de plas\u0103<\/li>\n<li>Iluminare: RGB<\/li>\n<li>Concentra\u021bii de nicotin\u0103: 2%, 5%<\/li>\n<li>12 op\u021biuni de arome<\/li>\n<\/ul>\n<h4>\u00ceNTREB\u0102RI FRECVENTE<\/h4>\n<h5>Cum \u00eembun\u0103t\u0103\u021be\u0219te iluminarea RGB experien\u021ba de vapat?<\/h5>\n<p>Iluminarea RGB vibrant\u0103 adaug\u0103 un element vizual elegant \u0219i personalizabil experien\u021bei dvs. de vapat, f\u0103c\u00e2nd-o mai pl\u0103cut\u0103 \u0219i mai personalizat\u0103. Este o caracteristic\u0103 unic\u0103 care diferen\u021biaz\u0103 acest dispozitiv.<\/p>\n<h5>Ce metode de expediere sunt utilizate?<\/h5>\n<p>Suntem parteneri cu transportatori de \u00eencredere precum UPS, DHL, FedEx \u0219i DPD pentru a ne asigura c\u0103 comenzile dvs. sunt livrate eficient. Metoda de expediere este selectat\u0103 \u00een func\u021bie de loca\u021bia dvs. pentru vitez\u0103 \u0219i fiabilitate optime de livrare.<\/p>\n<h5>C\u00e2t dureaz\u0103 de obicei expedierea?<\/h5>\n<p>Transportul dureaz\u0103 de obicei \u00eentre 7 \u0219i 15 zile lucr\u0103toare. \u00cen sezoanele de v\u00e2rf sau \u00een condi\u021bii meteorologice nefavorabile, aceasta poate dura p\u00e2n\u0103 la 20 de zile lucr\u0103toare.<\/p>\n<h5>M\u0103 voi confrunta cu probleme vamale sau cu taxe suplimentare?<\/h5>\n<p>Ne ocup\u0103m de toate procedurile de v\u0103muire, asigur\u00e2ndu-ne c\u0103 expedierea dvs. trece f\u0103r\u0103 probleme. Nu ve\u021bi suporta nicio tax\u0103 sau impozit suplimentar. Garant\u0103m v\u0103muirea 100%.<\/p>\n<h5>Cum pot fi sigur de calitatea \u0219i fiabilitatea produsului?<\/h5>\n<p>Accept\u0103m pl\u0103\u021bi sigure PayPal cu protec\u021bia cump\u0103r\u0103torului. De asemenea, pute\u021bi citi recenziile clien\u021bilor pe<\/p>\n<p>https:\/\/www.trustpilot.com\/review\/volovape.com?utm_medium=trustbox&amp;utm_source=TrustBoxReviewCollector, unde mul\u021bi clien\u021bi au \u00eemp\u0103rt\u0103\u0219it experien\u021be pozitive cu produsele \u0219i serviciile noastre.<\/p>","protected":false},"excerpt":{"rendered":"<p>Lumineaz\u0103-\u021bi vape-ul cu FIHP 9000 Puffs. Iluminare RGB, bobin\u0103 mesh, 18ml, re\u00eenc\u0103rcabil\u0103. Ideal pentru uz personal sau en-gros, oferind o vapare elegant\u0103 \u0219i de lung\u0103 durat\u0103 cu nicotin\u0103 variat\u0103.<\/p>","protected":false},"featured_media":260,"comment_status":"open","ping_status":"closed","template":"","meta":[],"product_brand":[],"product_cat":[46,48,21,18,20,23,24,22,25,26,27,28,29,30,31,32,33,34,35,36],"product_tag":[],"class_list":{"0":"post-82","1":"product","2":"type-product","3":"status-publish","4":"has-post-thumbnail","6":"product_cat-fihp","7":"product_cat-9000-puffs-disposable-vape","8":"product_cat-big-puffs-vapes","9":"product_cat-different-puffs-of-disposable-vapes","10":"product_cat-disposable-vape-types","11":"product_cat-disposable-vapes-in-austria","12":"product_cat-disposable-vapes-in-belgium","13":"product_cat-disposable-vapes-in-europe","14":"product_cat-disposable-vapes-in-france","15":"product_cat-disposable-vapes-in-germany","16":"product_cat-disposable-vapes-in-hungary","17":"product_cat-disposable-vapes-in-ltaly","18":"product_cat-disposable-vapes-in-netherlands","19":"product_cat-disposable-vapes-in-norway","20":"product_cat-disposable-vapes-in-poland","21":"product_cat-disposable-vapes-in-portugal","22":"product_cat-disposable-vapes-in-spain","23":"product_cat-disposable-vapes-in-sweden","24":"product_cat-disposable-vapes-in-switzerland","25":"product_cat-rechargeable-vapes","27":"first","28":"instock","29":"shipping-taxable","30":"purchasable","31":"product-type-variable","32":"has-default-attributes"},"jetpack_sharing_enabled":true,"tiered_pricing_type":"fixed","tiered_pricing_fixed_rules":{"2000":4.38999999999999968025576890795491635799407958984375},"tiered_pricing_product_settings":{"layout":"default","base_unit_name":{"singular":null,"plural":null},"default_variation":null},"tiered_pricing_minimum_quantity":1000,"tiered_pricing_roles_data":[],"tiered_pricing_percentage_rules":[],"tiered_pricing_maximum_quantity":null,"tiered_pricing_quantity_step":"10","_links":{"self":[{"href":"https:\/\/volovape.com\/ro\/wp-json\/wp\/v2\/product\/82","targetHints":{"allow":["GET"]}}],"collection":[{"href":"https:\/\/volovape.com\/ro\/wp-json\/wp\/v2\/product"}],"about":[{"href":"https:\/\/volovape.com\/ro\/wp-json\/wp\/v2\/types\/product"}],"replies":[{"embeddable":true,"href":"https:\/\/volovape.com\/ro\/wp-json\/wp\/v2\/comments?post=82"}],"wp:featuredmedia":[{"embeddable":true,"href":"https:\/\/volovape.com\/ro\/wp-json\/wp\/v2\/media\/260"}],"wp:attachment":[{"href":"https:\/\/volovape.com\/ro\/wp-json\/wp\/v2\/media?parent=82"}],"wp:term":[{"taxonomy":"product_brand","embeddable":true,"href":"https:\/\/volovape.com\/ro\/wp-json\/wp\/v2\/product_brand?post=82"},{"taxonomy":"product_cat","embeddable":true,"href":"https:\/\/volovape.com\/ro\/wp-json\/wp\/v2\/product_cat?post=82"},{"taxonomy":"product_tag","embeddable":true,"href":"https:\/\/volovape.com\/ro\/wp-json\/wp\/v2\/product_tag?post=82"}],"curies":[{"name":"wp","href":"https:\/\/api.w.org\/{rel}","templated":true}]}}