{"id":81,"date":"2024-11-21T03:26:51","date_gmt":"2024-11-21T03:26:51","guid":{"rendered":"https:\/\/volovape.com\/?post_type=product&#038;p=81"},"modified":"2025-10-28T03:23:45","modified_gmt":"2025-10-28T03:23:45","slug":"fihp-12000-pufuri","status":"publish","type":"product","link":"https:\/\/volovape.com\/ro\/product\/fihp-12000-puffs\/","title":{"rendered":"FIHP 12000 Puffs Vape de unic\u0103 folosin\u021b\u0103 - re\u00eenc\u0103rcabil\u0103, bobin\u0103 Mesh, afi\u0219aj LED"},"content":{"rendered":"<p><iframe title=\"VideoPress Player video\" aria-label='VideoPress Player video' width='421' height='750' src='https:\/\/videopress.com\/embed\/mhBUnzpJ?hd=0&amp;cover=1' frameborder='0' allowfullscreen allow='clipboard-write'><\/iframe><script src='https:\/\/v0.wordpress.com\/js\/next\/videopress-iframe.js?m=1739540970'><\/script><\/p>\n<p><strong>FIHP 12000 Puffs Vape re\u00eenc\u0103rcabil\u0103 de unic\u0103 folosin\u021b\u0103 cu afi\u0219aj LED<\/strong> - Vapare prelungit\u0103 cu bobin\u0103 cu plas\u0103 avansat\u0103.<\/p>\n<p>The <strong>FIHP 12000 Puffs<\/strong> vape de unic\u0103 folosin\u021b\u0103 ofer\u0103 o experien\u021b\u0103 de vapat de lung\u0103 durat\u0103 \u0219i convenabil\u0103 cu p\u00e2n\u0103 la <strong>12.000 de pufuri<\/strong>, a <strong>20ml capacitate e-lichid<\/strong>, \u0219i o <strong>Baterie re\u00eenc\u0103rcabil\u0103 650mAh<\/strong> cu <strong>\u00cenc\u0103rcare de tip C<\/strong>. The <strong>tehnologie avansat\u0103 a bobinei de plas\u0103<\/strong> asigur\u0103 \u00een mod constant un abur fin \u0219i aromat. Un <strong>Afi\u0219aj LED<\/strong> asigur\u0103 monitorizarea \u00een timp real a duratei de via\u021b\u0103 \u0219i a utiliz\u0103rii bateriei. Alege\u021bi din <strong>2% sau 5% concentra\u021bii de nicotin\u0103<\/strong> \u0219i bucura\u021bi-v\u0103 <strong>10 arome delicioase<\/strong>, inclusiv Watermelon Bubblegum \u0219i Kiwi Passion Fruit Guava. Ideal pentru uz personal sau <strong>vape de unic\u0103 folosin\u021b\u0103 en-gros<\/strong>, acest dispozitiv combin\u0103 performan\u021ba cu confortul. Pentru <strong>comand\u0103 \u00een vrac<\/strong> pre\u021buri, v\u0103 rug\u0103m s\u0103 ne contacta\u021bi.<\/p>\n<h3><strong>FIHP 12000 Caracteristici:<\/strong><\/h3>\n<ul>\n<li>Puffs: P\u00e2n\u0103 la 12.000<\/li>\n<li>Capacitate E-liquid: 20ml<\/li>\n<li>Baterie: 650mAh (re\u00eenc\u0103rcabil\u0103)<\/li>\n<li>\u00cenc\u0103rcare: Tip-C<\/li>\n<li>Bobin\u0103: Bobin\u0103 de plas\u0103<\/li>\n<li>Afi\u0219aj: Afi\u0219aj LED<\/li>\n<li>Concentra\u021bii de nicotin\u0103: 2%, 5%<\/li>\n<li>10 op\u021biuni de arome<\/li>\n<\/ul>\n<h4>\u00ceNTREB\u0102RI FRECVENTE<\/h4>\n<h5>Cum \u00eembun\u0103t\u0103\u021be\u0219te tehnologia avansat\u0103 a bobinei mesh experien\u021ba de vapat?<\/h5>\n<p>Tehnologia avansat\u0103 a bobinei mesh maximizeaz\u0103 suprafa\u021ba de \u00eenc\u0103lzire, rezult\u00e2nd o \u00eenc\u0103lzire constant\u0103 \u0219i uniform\u0103. Acest lucru asigur\u0103 o produc\u021bie de vapori lin\u0103, bogat\u0103 \u0219i aromat\u0103, \u00eembun\u0103t\u0103\u021bind experien\u021ba general\u0103 de vaporizare cu fiecare fum.<\/p>\n<h5>Ce metode de expediere sunt utilizate?<\/h5>\n<p>Suntem parteneri cu transportatori de \u00eencredere precum UPS, DHL, FedEx \u0219i DPD pentru a ne asigura c\u0103 comenzile dvs. sunt livrate eficient. Metoda de expediere este selectat\u0103 \u00een func\u021bie de loca\u021bia dvs. pentru vitez\u0103 \u0219i fiabilitate optime de livrare.<\/p>\n<h5>C\u00e2t dureaz\u0103 de obicei expedierea?<\/h5>\n<p>Transportul dureaz\u0103 de obicei \u00eentre 7 \u0219i 15 zile lucr\u0103toare. \u00cen sezoanele de v\u00e2rf sau \u00een condi\u021bii meteorologice nefavorabile, aceasta poate dura p\u00e2n\u0103 la 20 de zile lucr\u0103toare.<\/p>\n<h5>M\u0103 voi confrunta cu probleme vamale sau cu taxe suplimentare?<\/h5>\n<p>Ne ocup\u0103m de toate procedurile de v\u0103muire, asigur\u00e2ndu-ne c\u0103 expedierea dvs. trece f\u0103r\u0103 probleme. Nu ve\u021bi suporta nicio tax\u0103 sau impozit suplimentar. Garant\u0103m v\u0103muirea 100%.<\/p>\n<h5>Cum pot fi sigur de calitatea \u0219i fiabilitatea produsului?<\/h5>\n<p>Accept\u0103m pl\u0103\u021bi sigure PayPal cu protec\u021bia cump\u0103r\u0103torului. De asemenea, pute\u021bi citi recenziile clien\u021bilor pe <a href=\"https:\/\/www.trustpilot.com\/review\/volovape.com?utm_medium=trustbox&amp;utm_source=TrustBoxReviewCollector\">TrustPilot<\/a>, unde mul\u021bi clien\u021bi au \u00eemp\u0103rt\u0103\u0219it experien\u021be pozitive cu privire la produsele \u0219i serviciile noastre.<\/p>","protected":false},"excerpt":{"rendered":"<p>Experimenta\u021bi aroma de durat\u0103 cu FIHP 12000 Puffs. Afi\u0219aj LED, bobin\u0103 mesh, 20ml, re\u00eenc\u0103rcabil\u0103. Ideal pentru uz personal sau en-gros, oferind vapori moi \u0219i concentra\u021bii variate de nicotin\u0103.<\/p>","protected":false},"featured_media":248,"comment_status":"open","ping_status":"closed","template":"","meta":[],"product_brand":[],"product_cat":[38,21,18,39,20,23,24,22,25,26,27,28,29,30,31,32,33,34,35,46,36,40],"product_tag":[],"class_list":{"0":"post-81","1":"product","2":"type-product","3":"status-publish","4":"has-post-thumbnail","6":"product_cat-12000-puffs-disposable-vape","7":"product_cat-big-puffs-vapes","8":"product_cat-different-puffs-of-disposable-vapes","9":"product_cat-digital-box-vapes","10":"product_cat-disposable-vape-types","11":"product_cat-disposable-vapes-in-austria","12":"product_cat-disposable-vapes-in-belgium","13":"product_cat-disposable-vapes-in-europe","14":"product_cat-disposable-vapes-in-france","15":"product_cat-disposable-vapes-in-germany","16":"product_cat-disposable-vapes-in-hungary","17":"product_cat-disposable-vapes-in-ltaly","18":"product_cat-disposable-vapes-in-netherlands","19":"product_cat-disposable-vapes-in-norway","20":"product_cat-disposable-vapes-in-poland","21":"product_cat-disposable-vapes-in-portugal","22":"product_cat-disposable-vapes-in-spain","23":"product_cat-disposable-vapes-in-sweden","24":"product_cat-disposable-vapes-in-switzerland","25":"product_cat-fihp","26":"product_cat-rechargeable-vapes","27":"product_cat-smart-screen-vapes","29":"first","30":"instock","31":"shipping-taxable","32":"purchasable","33":"product-type-variable","34":"has-default-attributes"},"jetpack_sharing_enabled":true,"tiered_pricing_type":"fixed","tiered_pricing_fixed_rules":{"30":6.70000000000000017763568394002504646778106689453125,"50":5.92999999999999971578290569595992565155029296875,"100":5.45999999999999996447286321199499070644378662109375,"200":5.160000000000000142108547152020037174224853515625,"400":4.13999999999999968025576890795491635799407958984375},"tiered_pricing_product_settings":{"layout":"default","base_unit_name":{"singular":null,"plural":null},"default_variation":null},"tiered_pricing_minimum_quantity":10,"tiered_pricing_roles_data":[],"tiered_pricing_percentage_rules":[],"tiered_pricing_maximum_quantity":null,"tiered_pricing_quantity_step":"10","_links":{"self":[{"href":"https:\/\/volovape.com\/ro\/wp-json\/wp\/v2\/product\/81","targetHints":{"allow":["GET"]}}],"collection":[{"href":"https:\/\/volovape.com\/ro\/wp-json\/wp\/v2\/product"}],"about":[{"href":"https:\/\/volovape.com\/ro\/wp-json\/wp\/v2\/types\/product"}],"replies":[{"embeddable":true,"href":"https:\/\/volovape.com\/ro\/wp-json\/wp\/v2\/comments?post=81"}],"wp:featuredmedia":[{"embeddable":true,"href":"https:\/\/volovape.com\/ro\/wp-json\/wp\/v2\/media\/248"}],"wp:attachment":[{"href":"https:\/\/volovape.com\/ro\/wp-json\/wp\/v2\/media?parent=81"}],"wp:term":[{"taxonomy":"product_brand","embeddable":true,"href":"https:\/\/volovape.com\/ro\/wp-json\/wp\/v2\/product_brand?post=81"},{"taxonomy":"product_cat","embeddable":true,"href":"https:\/\/volovape.com\/ro\/wp-json\/wp\/v2\/product_cat?post=81"},{"taxonomy":"product_tag","embeddable":true,"href":"https:\/\/volovape.com\/ro\/wp-json\/wp\/v2\/product_tag?post=81"}],"curies":[{"name":"wp","href":"https:\/\/api.w.org\/{rel}","templated":true}]}}