{"id":784,"date":"2024-11-21T03:33:06","date_gmt":"2024-11-21T03:33:06","guid":{"rendered":"https:\/\/volovape.com\/?post_type=product&#038;p=784"},"modified":"2025-06-19T03:45:13","modified_gmt":"2025-06-19T03:45:13","slug":"aivono-mini-boxx-600-pufuri","status":"publish","type":"product","link":"https:\/\/volovape.com\/ro\/product\/aivono-mini-boxx-600-puffs\/","title":{"rendered":"Aivono Mini Boxx 600 Puffs Vap\u0103 de unic\u0103 folosin\u021b\u0103 - re\u00eenc\u0103rcabil\u0103, bobin\u0103 Mesh"},"content":{"rendered":"<p><strong>Aivono Mini Boxx 600 Puffs Vape de unic\u0103 folosin\u021b\u0103<\/strong> - Vaping compact, re\u00eenc\u0103rcabil \u0219i savuros \u00een mi\u0219care.<\/p>\n<p>The <strong>Aivono Mini Boxx 600 Puffs<\/strong> vape de unic\u0103 folosin\u021b\u0103 este proiectat pentru cei care prioritizeaz\u0103 portabilitatea \u0219i confortul f\u0103r\u0103 a compromite aroma. Cu p\u00e2n\u0103 la <strong>600 de pufuri<\/strong>, a <strong>2ml capacitate e-lichid<\/strong>, \u0219i o <strong>Baterie re\u00eenc\u0103rcabil\u0103 400mAh<\/strong>, acest dispozitiv ofer\u0103 o experien\u021b\u0103 de vapat satisf\u0103c\u0103toare \u00eentr-un design elegant \u0219i compact. Caracteristicile <strong>Bobin\u0103 cu ochiuri de 1,2\u03a9<\/strong> asigur\u0103 un abur fin \u0219i aromat, perfect pentru utilizarea zilnic\u0103. Alege\u021bi din <strong>Concentra\u021bii de nicotin\u0103 0%, 2% sau 5%<\/strong>. Ideal pentru uz personal \u0219i <strong>vape de unic\u0103 folosin\u021b\u0103 en-gros<\/strong>, Aivono Mini Boxx este un amestec perfect de confort \u0219i performan\u021b\u0103. <strong>Comand\u0103 \u00een vrac<\/strong> sunt disponibile op\u021biuni pentru comercian\u021bii cu am\u0103nuntul.<\/p>\n<h3><strong>Aivono Mini Boxx 600 Puffs Caracteristici:<\/strong><\/h3>\n<ul>\n<li>Puffs: P\u00e2n\u0103 la 600<\/li>\n<li>Capacitate E-liquid: 2ml<\/li>\n<li>Baterie: 400mAh (re\u00eenc\u0103rcabil\u0103)<\/li>\n<li>\u00cenc\u0103rcare: Tip-C<\/li>\n<li>Bobin\u0103: 1.2\u03a9 Mesh Coil<\/li>\n<li>Concentra\u021bii de nicotin\u0103: 0%, 2%, 5%<\/li>\n<li>Arome disponibile: \u00cenghe\u021bat\u0103 de c\u0103p\u0219uni, Ment\u0103 cu l\u0103m\u00e2ie, Kiwi cu c\u0103p\u0219uni, Aloe Blackberry Ice, Pepene galben Bubble Gum Ice, \u00cenghe\u021bat\u0103 de c\u0103p\u0219uni, B\u0103utur\u0103 energizant\u0103, Piersic\u0103 alb\u0103 Grapefruit, Cire\u0219e Cantaloupe, Ananas Coconut Ice.<\/li>\n<\/ul>\n<h4>\u00ceNTREB\u0102RI FRECVENTE<\/h4>\n<h5>Ce face ca Aivono Mini Boxx s\u0103 fie ideal pentru vapatul \u00een mi\u0219care?<\/h5>\n<p>Aivono Mini Boxx este proiectat cu un factor de form\u0103 compact \u0219i u\u0219or, f\u0103c\u00e2ndu-l extrem de portabil \u0219i perfect pentru utilizatorii care au nevoie de o solu\u021bie de vaping discret\u0103 \u0219i convenabil\u0103. Dimensiunile sale mici se potrivesc cu u\u0219urin\u021b\u0103 \u00een buzunare sau gen\u021bi, asigur\u00e2ndu-v\u0103 c\u0103 v\u0103 pute\u021bi bucura de aromele preferate oric\u00e2nd, oriunde.<\/p>\n<h5>Cum \u00eembun\u0103t\u0103\u021be\u0219te bobina cu ochiuri de 1,2\u03a9 experien\u021ba aromei?<\/h5>\n<p>Bobina cu ochiuri de 1,2\u03a9 este optimizat\u0103 pentru distribuirea aromei, oferind o experien\u021b\u0103 de vaporizare lin\u0103 \u0219i consistent\u0103. Aceast\u0103 bobin\u0103 \u00eenc\u0103lze\u0219te eficient e-lichidul, asigur\u00e2nd c\u0103 fiecare fum este bogat \u0219i aromat, sporind satisfac\u021bia general\u0103 a fiec\u0103rei sesiuni de vaping.<\/p>\n<h5>C\u00e2t de mult dureaz\u0103 bateria \u0219i c\u00e2t de repede se re\u00eencarc\u0103?<\/h5>\n<p>Bateria re\u00eenc\u0103rcabil\u0103 de 400 mAh este proiectat\u0103 s\u0103 suporte p\u00e2n\u0103 la 600 de fumuri. Cu \u00eenc\u0103rcarea Type-C, dispozitivul se re\u00eencarc\u0103 rapid, minimiz\u00e2nd timpul de inactivitate \u0219i asigur\u00e2ndu-v\u0103 c\u0103 v\u0103 pute\u021bi \u00eentoarce la vapat mai repede.<\/p>\n<h5>Ce metode de expediere sunt utilizate?<\/h5>\n<p>Suntem parteneri cu transportatori de \u00eencredere precum UPS, DHL, FedEx \u0219i DPD pentru a asigura o livrare eficient\u0103 \u0219i sigur\u0103. Select\u0103m cea mai bun\u0103 op\u021biune de expediere \u00een func\u021bie de loca\u021bia dvs. pentru a ne asigura c\u0103 comanda dvs. ajunge prompt.<\/p>\n<h5>Pot avea \u00eencredere \u00een achizi\u021bia mea?<\/h5>\n<p>Acord\u0103m prioritate satisfac\u021biei clien\u021bilor \u0219i oferim op\u021biuni de plat\u0103 sigure, inclusiv PayPal cu protec\u021bia cump\u0103r\u0103torului. De asemenea, pute\u021bi vizualiza recenziile clien\u021bilor pe TrustPilot: <a href=\"https:\/\/www.trustpilot.com\/review\/volovape.com?utm_medium=trustbox&amp;utm_source=TrustBoxReviewCollector\">TrustPilot<\/a>.<\/p>","protected":false},"excerpt":{"rendered":"<p>Cump\u0103ra\u021bi Aivono Mini Boxx 600 Puffs Vape de unic\u0103 folosin\u021b\u0103 \u00een vrac. Dispun\u00e2nd de 2 ml e-lichid, bobin\u0103 cu ochiuri \u0219i design compact, este o op\u021biune ideal\u0103 pentru distribuitorii \u0219i comercian\u021bii cu am\u0103nuntul de vape.<\/p>","protected":false},"featured_media":1203,"comment_status":"open","ping_status":"closed","template":"","meta":[],"product_brand":[],"product_cat":[67,59,18,20,23,24,22,25,26,27,28,29,30,31,32,33,34,35,60],"product_tag":[],"class_list":{"0":"post-784","1":"product","2":"type-product","3":"status-publish","4":"has-post-thumbnail","6":"product_cat-aivono","7":"product_cat-800-puffs-disposable-vape","8":"product_cat-different-puffs-of-disposable-vapes","9":"product_cat-disposable-vape-types","10":"product_cat-disposable-vapes-in-austria","11":"product_cat-disposable-vapes-in-belgium","12":"product_cat-disposable-vapes-in-europe","13":"product_cat-disposable-vapes-in-france","14":"product_cat-disposable-vapes-in-germany","15":"product_cat-disposable-vapes-in-hungary","16":"product_cat-disposable-vapes-in-ltaly","17":"product_cat-disposable-vapes-in-netherlands","18":"product_cat-disposable-vapes-in-norway","19":"product_cat-disposable-vapes-in-poland","20":"product_cat-disposable-vapes-in-portugal","21":"product_cat-disposable-vapes-in-spain","22":"product_cat-disposable-vapes-in-sweden","23":"product_cat-disposable-vapes-in-switzerland","24":"product_cat-mini-puffs-vapes","26":"first","27":"instock","28":"shipping-taxable","29":"purchasable","30":"product-type-variable","31":"has-default-attributes"},"jetpack_sharing_enabled":true,"tiered_pricing_type":"fixed","tiered_pricing_fixed_rules":{"2000":3.45999999999999996447286321199499070644378662109375},"tiered_pricing_product_settings":{"layout":"default","base_unit_name":{"singular":null,"plural":null},"default_variation":null},"tiered_pricing_minimum_quantity":1000,"tiered_pricing_roles_data":[],"tiered_pricing_percentage_rules":[],"tiered_pricing_maximum_quantity":null,"tiered_pricing_quantity_step":"10","_links":{"self":[{"href":"https:\/\/volovape.com\/ro\/wp-json\/wp\/v2\/product\/784","targetHints":{"allow":["GET"]}}],"collection":[{"href":"https:\/\/volovape.com\/ro\/wp-json\/wp\/v2\/product"}],"about":[{"href":"https:\/\/volovape.com\/ro\/wp-json\/wp\/v2\/types\/product"}],"replies":[{"embeddable":true,"href":"https:\/\/volovape.com\/ro\/wp-json\/wp\/v2\/comments?post=784"}],"wp:featuredmedia":[{"embeddable":true,"href":"https:\/\/volovape.com\/ro\/wp-json\/wp\/v2\/media\/1203"}],"wp:attachment":[{"href":"https:\/\/volovape.com\/ro\/wp-json\/wp\/v2\/media?parent=784"}],"wp:term":[{"taxonomy":"product_brand","embeddable":true,"href":"https:\/\/volovape.com\/ro\/wp-json\/wp\/v2\/product_brand?post=784"},{"taxonomy":"product_cat","embeddable":true,"href":"https:\/\/volovape.com\/ro\/wp-json\/wp\/v2\/product_cat?post=784"},{"taxonomy":"product_tag","embeddable":true,"href":"https:\/\/volovape.com\/ro\/wp-json\/wp\/v2\/product_tag?post=784"}],"curies":[{"name":"wp","href":"https:\/\/api.w.org\/{rel}","templated":true}]}}