{"id":76,"date":"2024-11-21T03:26:51","date_gmt":"2024-11-21T03:26:51","guid":{"rendered":"https:\/\/volovape.com\/?post_type=product&#038;p=76"},"modified":"2026-04-29T02:09:47","modified_gmt":"2026-04-29T02:09:47","slug":"waspe-25k","status":"publish","type":"product","link":"https:\/\/volovape.com\/ro\/product\/waspe-25k\/","title":{"rendered":"WASPE 25K dual mesh de unic\u0103 folosin\u021b\u0103 vape | 25ml re\u00eenc\u0103rcabil\u0103 vrac cump\u0103ra en-gros"},"content":{"rendered":"<p><iframe title=\"VideoPress Player video\" aria-label='VideoPress Player video' width='421' height='750' src='https:\/\/videopress.com\/embed\/qjEoBbFN?hd=0&amp;cover=1' frameborder='0' allowfullscreen allow='clipboard-write'><\/iframe><script src='https:\/\/v0.wordpress.com\/js\/next\/videopress-iframe.js?m=1739540970'><\/script><\/p>\n<p><strong>WASPE 25K Dual Mesh Vape re\u00eenc\u0103rcabil\u0103 de unic\u0103 folosin\u021b\u0103 cu afi\u0219aj LCD<\/strong> - Longevitate \u0219i arom\u0103 de neegalat.<\/p>\n<p>The <strong>Plas\u0103 dubl\u0103 WASPE 25K<\/strong> vape de unic\u0103 folosin\u021b\u0103 ofer\u0103 o excep\u021bional\u0103 <strong>25.000 de pufuri<\/strong>, cu o mare <strong>Capacitate de 25ml e-lichid<\/strong> \u0219i o <strong>Baterie re\u00eenc\u0103rcabil\u0103 650mAh<\/strong> cu <strong>\u00cenc\u0103rcare de tip C<\/strong>. Avansat <strong>tehnologia bobinei dual mesh<\/strong> asigur\u0103 arom\u0103 superioar\u0103 \u0219i produc\u021bie de vapori. Dispozitivul integrat <strong>Afi\u0219aj LCD<\/strong> permite monitorizarea u\u0219oar\u0103 a duratei de via\u021b\u0103 a bateriei \u0219i a num\u0103rului de pufuri. Alege\u021bi de la <strong>Concentra\u021bii de nicotin\u0103 0%, 2% sau 5%<\/strong> \u0219i bucura\u021bi-v\u0103 <strong>10 arome delicioase<\/strong>, inclusiv Peach Mango Watermelon \u0219i Blueberry Raspberry Lemonade. Perfect pentru uz personal sau <strong>vape de unic\u0103 folosin\u021b\u0103 en-gros<\/strong>, acest dispozitiv ofer\u0103 longevitate \u0219i performan\u021b\u0103 de neegalat. Pentru <strong>comand\u0103 \u00een vrac<\/strong> pre\u021buri, v\u0103 rug\u0103m s\u0103 ne contacta\u021bi.<\/p>\n<h3><strong>WASPE 25K Caracteristici:<\/strong><\/h3>\n<ul>\n<li>Puffs: P\u00e2n\u0103 la 25,000<\/li>\n<li>Capacitate E-liquid: 25ml<\/li>\n<li>Baterie: 650mAh (re\u00eenc\u0103rcabil\u0103)<\/li>\n<li>\u00cenc\u0103rcare: Tip-C<\/li>\n<li>Bobin\u0103: Bobin\u0103 Dual Mesh<\/li>\n<li>Concentra\u021bii de nicotin\u0103: 0%, 2%, 5%<\/li>\n<li>Afi\u0219aj: LCD (baterie \u0219i contor de puf)<\/li>\n<li>10 op\u021biuni de arome<\/li>\n<\/ul>\n<h4>\u00ceNTREB\u0102RI FRECVENTE<\/h4>\n<h5>Care sunt avantajele tehnologiei dual mesh coil pentru vaper?<\/h5>\n<p>Tehnologia dual mesh coil maximizeaz\u0103 suprafa\u021ba de \u00eenc\u0103lzire, rezult\u00e2nd o livrare consistent\u0103 \u0219i intens\u0103 a aromei. De asemenea, asigur\u0103 o \u00eenc\u0103lzire uniform\u0103, prevenind gusturile arse \u0219i oferind o experien\u021b\u0103 de vapat lin\u0103 \u0219i satisf\u0103c\u0103toare pe \u00eentreaga durat\u0103 de via\u021b\u0103 a dispozitivului.<\/p>\n<h5>Ce metode de expediere sunt disponibile?<\/h5>\n<p>Utiliz\u0103m transportatori de \u00eencredere precum UPS, DHL, FedEx \u0219i DPD pentru a ne asigura c\u0103 comenzile dvs. sunt livrate eficient. Metoda de expediere este selectat\u0103 \u00een func\u021bie de loca\u021bia dvs. pentru a asigura viteza \u0219i fiabilitatea optim\u0103 a livr\u0103rii.<\/p>\n<h5>C\u00e2t dureaz\u0103 de obicei expedierea?<\/h5>\n<p>Transportul dureaz\u0103 de obicei \u00eentre 7 \u0219i 15 zile lucr\u0103toare. \u00cen sezoanele de v\u00e2rf sau \u00een condi\u021bii meteorologice nefavorabile, aceasta poate dura p\u00e2n\u0103 la 20 de zile lucr\u0103toare.<\/p>\n<h5>M\u0103 voi confrunta cu probleme vamale sau cu taxe suplimentare?<\/h5>\n<p>Ne ocup\u0103m de toate procedurile de v\u0103muire, asigur\u00e2ndu-ne c\u0103 expedierea dvs. trece f\u0103r\u0103 probleme. Nu ve\u021bi suporta nicio tax\u0103 sau impozit suplimentar. Garant\u0103m v\u0103muirea 100%.<\/p>\n<h5>Cum pot fi sigur de calitatea \u0219i fiabilitatea produsului?<\/h5>\n<p>Accept\u0103m pl\u0103\u021bi sigure PayPal cu protec\u021bia cump\u0103r\u0103torului. De asemenea, pute\u021bi citi recenziile clien\u021bilor pe <a href=\"https:\/\/www.trustpilot.com\/review\/volovape.com?utm_medium=trustbox&amp;utm_source=TrustBoxReviewCollector\">TrustPilot<\/a>, unde mul\u021bi clien\u021bi au \u00eemp\u0103rt\u0103\u0219it experien\u021be pozitive cu privire la produsele \u0219i serviciile noastre.<\/p>","protected":false},"excerpt":{"rendered":"<p>Ridica\u021bi-v\u0103 experien\u021ba de vape cu WASPE 25K Dual Mesh. Bobine Dual Mesh, afi\u0219aj LCD, 25ml, re\u00eenc\u0103rcabil. Ideal pentru pl\u0103cerea personal\u0103 sau en-gros \u00een vrac, cu arom\u0103 superioar\u0103.<\/p>","protected":false},"featured_media":188,"comment_status":"open","ping_status":"closed","template":"","meta":[],"product_brand":[],"product_cat":[17,45,21,18,39,20,23,24,22,25,26,27,28,29,30,31,32,33,34,35,44,36,40],"product_tag":[],"class_list":{"0":"post-76","1":"product","2":"type-product","3":"status-publish","4":"has-post-thumbnail","6":"product_cat-waspe","7":"product_cat-25000-puffs-disposable-vape","8":"product_cat-big-puffs-vapes","9":"product_cat-different-puffs-of-disposable-vapes","10":"product_cat-digital-box-vapes","11":"product_cat-disposable-vape-types","12":"product_cat-disposable-vapes-in-austria","13":"product_cat-disposable-vapes-in-belgium","14":"product_cat-disposable-vapes-in-europe","15":"product_cat-disposable-vapes-in-france","16":"product_cat-disposable-vapes-in-germany","17":"product_cat-disposable-vapes-in-hungary","18":"product_cat-disposable-vapes-in-ltaly","19":"product_cat-disposable-vapes-in-netherlands","20":"product_cat-disposable-vapes-in-norway","21":"product_cat-disposable-vapes-in-poland","22":"product_cat-disposable-vapes-in-portugal","23":"product_cat-disposable-vapes-in-spain","24":"product_cat-disposable-vapes-in-sweden","25":"product_cat-disposable-vapes-in-switzerland","26":"product_cat-dual-mesh-vapes","27":"product_cat-rechargeable-vapes","28":"product_cat-smart-screen-vapes","30":"first","31":"instock","32":"shipping-taxable","33":"purchasable","34":"product-type-variable","35":"has-default-attributes"},"jetpack_sharing_enabled":true,"tiered_pricing_type":"fixed","tiered_pricing_fixed_rules":{"2000":5.55999999999999960920149533194489777088165283203125},"tiered_pricing_product_settings":{"layout":"default","base_unit_name":{"singular":null,"plural":null},"default_variation":null},"tiered_pricing_minimum_quantity":1000,"tiered_pricing_roles_data":[],"tiered_pricing_percentage_rules":[],"tiered_pricing_maximum_quantity":null,"tiered_pricing_quantity_step":"10","_links":{"self":[{"href":"https:\/\/volovape.com\/ro\/wp-json\/wp\/v2\/product\/76","targetHints":{"allow":["GET"]}}],"collection":[{"href":"https:\/\/volovape.com\/ro\/wp-json\/wp\/v2\/product"}],"about":[{"href":"https:\/\/volovape.com\/ro\/wp-json\/wp\/v2\/types\/product"}],"replies":[{"embeddable":true,"href":"https:\/\/volovape.com\/ro\/wp-json\/wp\/v2\/comments?post=76"}],"wp:featuredmedia":[{"embeddable":true,"href":"https:\/\/volovape.com\/ro\/wp-json\/wp\/v2\/media\/188"}],"wp:attachment":[{"href":"https:\/\/volovape.com\/ro\/wp-json\/wp\/v2\/media?parent=76"}],"wp:term":[{"taxonomy":"product_brand","embeddable":true,"href":"https:\/\/volovape.com\/ro\/wp-json\/wp\/v2\/product_brand?post=76"},{"taxonomy":"product_cat","embeddable":true,"href":"https:\/\/volovape.com\/ro\/wp-json\/wp\/v2\/product_cat?post=76"},{"taxonomy":"product_tag","embeddable":true,"href":"https:\/\/volovape.com\/ro\/wp-json\/wp\/v2\/product_tag?post=76"}],"curies":[{"name":"wp","href":"https:\/\/api.w.org\/{rel}","templated":true}]}}