{"id":749,"date":"2024-11-21T03:32:38","date_gmt":"2024-11-21T03:32:38","guid":{"rendered":"https:\/\/volovape.com\/?post_type=product&#038;p=749"},"modified":"2025-06-19T03:45:11","modified_gmt":"2025-06-19T03:45:11","slug":"fumot-randm-cristal-12000-pufuri","status":"publish","type":"product","link":"https:\/\/volovape.com\/ro\/product\/fumot-randm-crystal-12000-puffs\/","title":{"rendered":"FUMOT RandM Crystal 12000 Puffs Vape de unic\u0103 folosin\u021b\u0103 - Bobin\u0103 Mesh, re\u00eenc\u0103rcabil\u0103"},"content":{"rendered":"<p><iframe title=\"VideoPress Player video\" aria-label='VideoPress Player video' width='500' height='281' src='https:\/\/videopress.com\/embed\/yQX23W0R?hd=0&amp;cover=1' frameborder='0' allowfullscreen allow='clipboard-write'><\/iframe><script src='https:\/\/v0.wordpress.com\/js\/next\/videopress-iframe.js?m=1739540970'><\/script><\/p>\n<p><strong>FUMOT RandM Crystal 12000 Puffs Vape de unic\u0103 folosin\u021b\u0103<\/strong> - Experimenta\u021bi vaparea extins\u0103 cu stil \u0219i performan\u021b\u0103.<\/p>\n<p>The <strong>FUMOT RandM Crystal 12000 Puffs<\/strong> vape de unic\u0103 folosin\u021b\u0103 ofer\u0103 un impresionant <strong>12.000 de pufuri<\/strong>, cu un substan\u021bial <strong>20ml capacitate e-lichid<\/strong> \u0219i un puternic <strong>Baterie re\u00eenc\u0103rcabil\u0103 650mAh<\/strong>. Proiectat at\u00e2t pentru stil, c\u00e2t \u0219i pentru confort, acest dispozitiv asigur\u0103 o pl\u0103cere de lung\u0103 durat\u0103 cu <strong>tehnologia bobinei de plas\u0103<\/strong> pentru un abur consistent, fin \u0219i aromat. Alege\u021bi concentra\u021bia de nicotin\u0103 preferat\u0103 din <strong>0%, 2%, 3% sau 5%<\/strong>, \u0219i bucura\u021bi-v\u0103 de designul elegant de cristal. Perfect pentru uz personal \u0219i <strong>vape de unic\u0103 folosin\u021b\u0103 en-gros<\/strong>, acest dispozitiv ofer\u0103 o valoare excep\u021bional\u0103. <strong>Comand\u0103 \u00een vrac<\/strong> sunt de asemenea disponibile op\u021biuni.<\/p>\n<h3><strong>FUMOT RandM Crystal 12000 Puffs Caracteristici:<\/strong><\/h3>\n<ul>\n<li>Puffs: P\u00e2n\u0103 la 12.000<\/li>\n<li>Capacitate E-liquid: 20ml<\/li>\n<li>Baterie: 650mAh (re\u00eenc\u0103rcabil\u0103)<\/li>\n<li>\u00cenc\u0103rcare: Tip-C<\/li>\n<li>Bobin\u0103: Bobin\u0103 de plas\u0103<\/li>\n<li>Concentra\u021bii de nicotin\u0103: 0%, 2%, 3%, 5%<\/li>\n<li>Arome disponibile: Aloe Grape, Blue Razz Ice, Rainbow Candy, Peachy Mango Watermelon, Cool Mint, Strawberry Kiwi, Lush Ice.<\/li>\n<\/ul>\n<h4>\u00ceNTREB\u0102RI FRECVENTE<\/h4>\n<h5>Cum \u00eembun\u0103t\u0103\u021be\u0219te bobina mesh experien\u021ba de vapat?<\/h5>\n<p>Bobina mesh din FUMOT RandM Crystal 12000 ofer\u0103 o suprafa\u021b\u0103 de \u00eenc\u0103lzire mai mare, rezult\u00e2nd o \u00eenc\u0103lzire mai uniform\u0103 \u0219i o livrare superioar\u0103 a aromei. Aceast\u0103 tehnologie asigur\u0103 o produc\u021bie de vapori uniform\u0103 \u0219i bogat\u0103, maximiz\u00e2nd pl\u0103cerea dvs. cu fiecare fum.<\/p>\n<h5>Ce metode de expediere sunt utilizate?<\/h5>\n<p>Suntem parteneri cu transportatori de \u00eencredere precum UPS, DHL, FedEx \u0219i DPD. Select\u0103m cea mai eficient\u0103 op\u021biune de expediere \u00een func\u021bie de loca\u021bia de livrare pentru a ne asigura c\u0103 comanda dvs. ajunge prompt.<\/p>\n<h5>C\u00e2t timp dureaz\u0103 sosirea comenzii mele?<\/h5>\n<p>De obicei, livrarea dureaz\u0103 7-15 zile lucr\u0103toare. Cu toate acestea, \u00een timpul s\u0103rb\u0103torilor legale sau al condi\u021biilor meteorologice nefavorabile, poate dura p\u00e2n\u0103 la 20 de zile lucr\u0103toare.<\/p>\n<h5>Voi \u00eent\u00e2mpina probleme vamale sau fiscale?<\/h5>\n<p>Garant\u0103m o experien\u021b\u0103 f\u0103r\u0103 probleme cu v\u0103muirea. Ne ocup\u0103m de toate procesele vamale, asigur\u00e2ndu-v\u0103 c\u0103 nu ve\u021bi pl\u0103ti taxe sau impozite suplimentare. Ne \u021binem de promisiunea noastr\u0103 de v\u0103muire 100%.<\/p>\n<h5>Pot avea \u00eencredere \u00een achizi\u021bia mea?<\/h5>\n<p>Oferim op\u021biuni de plat\u0103 sigure prin PayPal \u0219i asigur\u0103m protec\u021bia cump\u0103r\u0103torului. De asemenea, pute\u021bi citi recenzii autentice ale clien\u021bilor pe pagina noastr\u0103 TrustPilot: <a href=\"https:\/\/www.trustpilot.com\/review\/volovape.com?utm_medium=trustbox&amp;utm_source=TrustBoxReviewCollector\">TrustPilot<\/a>.<\/p>","protected":false},"excerpt":{"rendered":"<p>Cump\u0103ra\u021bi FUMOT RandM Crystal 12000 Puffs Vape de unic\u0103 folosin\u021b\u0103 \u00een vrac. Cu 20 ml e-lichid, bobin\u0103 de plas\u0103 \u0219i design de cristal, este o op\u021biune elegant\u0103 de vape en-gros pentru comercian\u021bi cu am\u0103nuntul \u0219i distribuitori.<\/p>","protected":false},"featured_media":1152,"comment_status":"open","ping_status":"closed","template":"","meta":[],"product_brand":[],"product_cat":[52,38,21,43,18,39,20,23,24,22,25,26,27,28,29,30,31,32,33,34,35,36,40],"product_tag":[],"class_list":{"0":"post-749","1":"product","2":"type-product","3":"status-publish","4":"has-post-thumbnail","6":"product_cat-randm","7":"product_cat-12000-puffs-disposable-vape","8":"product_cat-big-puffs-vapes","9":"product_cat-crystal-vapes","10":"product_cat-different-puffs-of-disposable-vapes","11":"product_cat-digital-box-vapes","12":"product_cat-disposable-vape-types","13":"product_cat-disposable-vapes-in-austria","14":"product_cat-disposable-vapes-in-belgium","15":"product_cat-disposable-vapes-in-europe","16":"product_cat-disposable-vapes-in-france","17":"product_cat-disposable-vapes-in-germany","18":"product_cat-disposable-vapes-in-hungary","19":"product_cat-disposable-vapes-in-ltaly","20":"product_cat-disposable-vapes-in-netherlands","21":"product_cat-disposable-vapes-in-norway","22":"product_cat-disposable-vapes-in-poland","23":"product_cat-disposable-vapes-in-portugal","24":"product_cat-disposable-vapes-in-spain","25":"product_cat-disposable-vapes-in-sweden","26":"product_cat-disposable-vapes-in-switzerland","27":"product_cat-rechargeable-vapes","28":"product_cat-smart-screen-vapes","30":"first","31":"instock","32":"shipping-taxable","33":"purchasable","34":"product-type-variable","35":"has-default-attributes"},"jetpack_sharing_enabled":true,"tiered_pricing_type":"fixed","tiered_pricing_fixed_rules":{"2000":6.20000000000000017763568394002504646778106689453125},"tiered_pricing_product_settings":{"layout":"default","base_unit_name":{"singular":null,"plural":null},"default_variation":null},"tiered_pricing_minimum_quantity":1000,"tiered_pricing_roles_data":[],"tiered_pricing_percentage_rules":[],"tiered_pricing_maximum_quantity":null,"tiered_pricing_quantity_step":"10","_links":{"self":[{"href":"https:\/\/volovape.com\/ro\/wp-json\/wp\/v2\/product\/749","targetHints":{"allow":["GET"]}}],"collection":[{"href":"https:\/\/volovape.com\/ro\/wp-json\/wp\/v2\/product"}],"about":[{"href":"https:\/\/volovape.com\/ro\/wp-json\/wp\/v2\/types\/product"}],"replies":[{"embeddable":true,"href":"https:\/\/volovape.com\/ro\/wp-json\/wp\/v2\/comments?post=749"}],"wp:featuredmedia":[{"embeddable":true,"href":"https:\/\/volovape.com\/ro\/wp-json\/wp\/v2\/media\/1152"}],"wp:attachment":[{"href":"https:\/\/volovape.com\/ro\/wp-json\/wp\/v2\/media?parent=749"}],"wp:term":[{"taxonomy":"product_brand","embeddable":true,"href":"https:\/\/volovape.com\/ro\/wp-json\/wp\/v2\/product_brand?post=749"},{"taxonomy":"product_cat","embeddable":true,"href":"https:\/\/volovape.com\/ro\/wp-json\/wp\/v2\/product_cat?post=749"},{"taxonomy":"product_tag","embeddable":true,"href":"https:\/\/volovape.com\/ro\/wp-json\/wp\/v2\/product_tag?post=749"}],"curies":[{"name":"wp","href":"https:\/\/api.w.org\/{rel}","templated":true}]}}