{"id":748,"date":"2024-11-21T03:32:38","date_gmt":"2024-11-21T03:32:38","guid":{"rendered":"https:\/\/volovape.com\/?post_type=product&#038;p=748"},"modified":"2025-07-13T13:47:58","modified_gmt":"2025-07-13T13:47:58","slug":"fumot-randm-supbliss-bingo-8000-puffs","status":"publish","type":"product","link":"https:\/\/volovape.com\/ro\/product\/fumot-randm-supbliss-bingo-8000-puffs\/","title":{"rendered":"FUMOT RandM Supbliss Bingo 8000 Puffs Vape de unic\u0103 folosin\u021b\u0103 - bobin\u0103 Mesh, re\u00eenc\u0103rcabil\u0103"},"content":{"rendered":"<p><iframe title=\"VideoPress Player video\" aria-label='VideoPress Player video' width='500' height='281' src='https:\/\/videopress.com\/embed\/HYtqBAv2?hd=0&amp;cover=1' frameborder='0' allowfullscreen allow='clipboard-write'><\/iframe><script src='https:\/\/v0.wordpress.com\/js\/next\/videopress-iframe.js?m=1739540970'><\/script><\/p>\n<p><strong>FUMOT RandM Supbliss Bingo 8000 Puffs Mesh Coil Vape de unic\u0103 folosin\u021b\u0103<\/strong> - Bucura\u021bi-v\u0103 de o vaporizare elegant\u0103 \u0219i de lung\u0103 durat\u0103 cu FUMOT RandM Supbliss Bingo 8000. Aceast\u0103 vape de unic\u0103 folosin\u021b\u0103 ofer\u0103 p\u00e2n\u0103 la 8.000 de pufuri, av\u00e2nd un rezervor de e-lichid de 16mL \u0219i o baterie re\u00eenc\u0103rcabil\u0103 de 600mAh. Tehnologia avansat\u0103 a bobinei de plas\u0103 asigur\u0103 un abur constant neted \u0219i aromat, ideal pentru uz personal \u0219i comenzi en-gros de vape de unic\u0103 folosin\u021b\u0103 \u00een vrac. Alege\u021bi din 0%, 2%, 3% sau 5% concentra\u021bii de nicotin\u0103 \u0219i o selec\u021bie de 12 arome delicioase.<\/p>\n<h3><strong>FUMOT RandM Supbliss Bingo 8000 Puffs Caracteristici:<\/strong><\/h3>\n<ul>\n<li>Puffs: 8000 puffs<\/li>\n<li>Capacitate E-liquid: 16mL<\/li>\n<li>Baterie: 600mAh (re\u00eenc\u0103rcabil\u0103)<\/li>\n<li>\u00cenc\u0103rcare: Tip-C<\/li>\n<li>Bobin\u0103: Bobin\u0103 de plas\u0103<\/li>\n<li>Concentra\u021bii de nicotin\u0103: 0%, 2%, 3%, 5%<\/li>\n<li>Op\u021biuni de arome: B\u0103utur\u0103 energizant\u0103, Kiwi cu c\u0103p\u0219uni, Pepene galben cu c\u0103p\u0219uni, Struguri Sakura, Mango cu piersici, Cire\u0219e Blue Razz, \u00cenghe\u021bat\u0103 cu c\u0103p\u0219uni, Ursule\u021b gumat, Pepene galben cu miere, Mix de fructe, Lychee Cola, L\u0103m\u00e2ie roz.<\/li>\n<\/ul>\n<h4>\u00ceNTREB\u0102RI FRECVENTE<\/h4>\n<h5>Cum \u00eembun\u0103t\u0103\u021be\u0219te bobina mesh experien\u021ba de vapat?<\/h5>\n<p>Designul bobinei mesh ofer\u0103 o suprafa\u021b\u0103 de \u00eenc\u0103lzire mai mare, rezult\u00e2nd o \u00eenc\u0103lzire mai uniform\u0103 \u0219i o arom\u0103 \u0219i o produc\u021bie de vapori \u00eembun\u0103t\u0103\u021bite. Aceast\u0103 tehnologie asigur\u0103 o experien\u021b\u0103 de vapat constant lin\u0103 \u0219i satisf\u0103c\u0103toare.<\/p>\n<h5>Ce metode de expediere sunt disponibile?<\/h5>\n<p>Suntem parteneri cu transportatori de \u00eencredere, inclusiv UPS, DHL, FedEx \u0219i DPD, pentru a oferi o expediere eficient\u0103 \u0219i fiabil\u0103. Cea mai potrivit\u0103 metod\u0103 de expediere este selectat\u0103 \u00een func\u021bie de loca\u021bia de livrare.<\/p>\n<h5>C\u00e2t dureaz\u0103 de obicei expedierea?<\/h5>\n<p>Transportul dureaz\u0103 de obicei 7-15 zile lucr\u0103toare, de\u0219i termenul de livrare se poate prelungi p\u00e2n\u0103 la 20 de zile lucr\u0103toare \u00een timpul s\u0103rb\u0103torilor sau al condi\u021biilor meteorologice nefavorabile.<\/p>\n<h5>Voi suporta taxe vamale sau impozite?<\/h5>\n<p>Ne ocup\u0103m de toate opera\u021biunile de v\u0103muire, garant\u00e2nd c\u0103 nu ve\u021bi suporta taxe sau impozite suplimentare. 100% din produsele noastre sunt trecute prin vam\u0103 f\u0103r\u0103 probleme.<\/p>\n<h5>Achizi\u021bia mea este sigur\u0103 \u0219i de \u00eencredere?<\/h5>\n<p>Oferim tranzac\u021bii sigure prin protec\u021bia cump\u0103r\u0103torului PayPal. De asemenea, pute\u021bi verifica fiabilitatea noastr\u0103 prin verificarea recenziilor clien\u021bilor pe <a href=\"https:\/\/www.trustpilot.com\/review\/volovape.com?utm_medium=trustbox&amp;utm_source=TrustBoxReviewCollector\">TrustPilot<\/a>.<\/p>","protected":false},"excerpt":{"rendered":"<p>Cump\u0103ra\u021bi FUMOT RandM Supbliss Bingo 8000 Puffs Vape de unic\u0103 folosin\u021b\u0103 \u00een vrac. Cu tehnologia mesh coil, design elegant \u0219i op\u021biuni multiple de nicotin\u0103, este o alegere de top pentru comercian\u021bii cu am\u0103nuntul \u0219i furnizorii de vape.<\/p>","protected":false},"featured_media":1133,"comment_status":"open","ping_status":"closed","template":"","meta":[],"product_brand":[],"product_cat":[52,37,21,18,20,23,24,22,25,26,27,28,29,30,31,32,33,34,35],"product_tag":[],"class_list":{"0":"post-748","1":"product","2":"type-product","3":"status-publish","4":"has-post-thumbnail","6":"product_cat-randm","7":"product_cat-8000-puffs-disposable-vape","8":"product_cat-big-puffs-vapes","9":"product_cat-different-puffs-of-disposable-vapes","10":"product_cat-disposable-vape-types","11":"product_cat-disposable-vapes-in-austria","12":"product_cat-disposable-vapes-in-belgium","13":"product_cat-disposable-vapes-in-europe","14":"product_cat-disposable-vapes-in-france","15":"product_cat-disposable-vapes-in-germany","16":"product_cat-disposable-vapes-in-hungary","17":"product_cat-disposable-vapes-in-ltaly","18":"product_cat-disposable-vapes-in-netherlands","19":"product_cat-disposable-vapes-in-norway","20":"product_cat-disposable-vapes-in-poland","21":"product_cat-disposable-vapes-in-portugal","22":"product_cat-disposable-vapes-in-spain","23":"product_cat-disposable-vapes-in-sweden","24":"product_cat-disposable-vapes-in-switzerland","26":"first","27":"instock","28":"shipping-taxable","29":"purchasable","30":"product-type-variable","31":"has-default-attributes"},"jetpack_sharing_enabled":true,"tiered_pricing_type":"fixed","tiered_pricing_fixed_rules":{"2000":7.9000000000000003552713678800500929355621337890625},"tiered_pricing_product_settings":{"layout":"default","base_unit_name":{"singular":null,"plural":null},"default_variation":null},"tiered_pricing_minimum_quantity":1000,"tiered_pricing_roles_data":[],"tiered_pricing_percentage_rules":[],"tiered_pricing_maximum_quantity":null,"tiered_pricing_quantity_step":"100","_links":{"self":[{"href":"https:\/\/volovape.com\/ro\/wp-json\/wp\/v2\/product\/748","targetHints":{"allow":["GET"]}}],"collection":[{"href":"https:\/\/volovape.com\/ro\/wp-json\/wp\/v2\/product"}],"about":[{"href":"https:\/\/volovape.com\/ro\/wp-json\/wp\/v2\/types\/product"}],"replies":[{"embeddable":true,"href":"https:\/\/volovape.com\/ro\/wp-json\/wp\/v2\/comments?post=748"}],"wp:featuredmedia":[{"embeddable":true,"href":"https:\/\/volovape.com\/ro\/wp-json\/wp\/v2\/media\/1133"}],"wp:attachment":[{"href":"https:\/\/volovape.com\/ro\/wp-json\/wp\/v2\/media?parent=748"}],"wp:term":[{"taxonomy":"product_brand","embeddable":true,"href":"https:\/\/volovape.com\/ro\/wp-json\/wp\/v2\/product_brand?post=748"},{"taxonomy":"product_cat","embeddable":true,"href":"https:\/\/volovape.com\/ro\/wp-json\/wp\/v2\/product_cat?post=748"},{"taxonomy":"product_tag","embeddable":true,"href":"https:\/\/volovape.com\/ro\/wp-json\/wp\/v2\/product_tag?post=748"}],"curies":[{"name":"wp","href":"https:\/\/api.w.org\/{rel}","templated":true}]}}