{"id":70,"date":"2024-11-21T03:26:50","date_gmt":"2024-11-21T03:26:50","guid":{"rendered":"https:\/\/volovape.com\/?post_type=product&#038;p=70"},"modified":"2025-06-30T01:32:46","modified_gmt":"2025-06-30T01:32:46","slug":"waspe-8000-puffs","status":"publish","type":"product","link":"https:\/\/volovape.com\/ro\/product\/waspe-8000-puffs\/","title":{"rendered":"WASPE 8000 Puffs Vape de unic\u0103 folosin\u021b\u0103 - re\u00eenc\u0103rcabil\u0103, 0.8\u03a9 Mesh Coil"},"content":{"rendered":"<p><strong>WASPE 8000 Puffs Vap\u0103 re\u00eenc\u0103rcabil\u0103 de unic\u0103 folosin\u021b\u0103<\/strong> - Experimenta\u021bi o vaporizare prelungit\u0103 \u0219i savuroas\u0103.<\/p>\n<p>The <strong>WASPE 8000<\/strong> ofer\u0103 p\u00e2n\u0103 la <strong>8.000 de pufuri<\/strong> cu un substan\u021bial <strong>16mL capacitate e-lichid<\/strong>, asigur\u00e2nd o pl\u0103cere prelungit\u0103. Caracteristicile sale <strong>Baterie re\u00eenc\u0103rcabil\u0103 650mAh<\/strong> \u0219i <strong>\u00cenc\u0103rcare de tip C<\/strong> furnizeaz\u0103 energie fiabil\u0103, \u00een timp ce <strong>Bobin\u0103 cu ochiuri de 0,8\u03a9<\/strong> \u00eembun\u0103t\u0103\u021be\u0219te aroma \u0219i produc\u021bia de vapori. Alege\u021bi din <strong>Concentra\u021bii de nicotin\u0103 0%, 2%, 3% sau 5%<\/strong>, \u0219i s\u0103 se bucure de o varietate de <strong>10 arome unice<\/strong>, de la ghea\u021ba r\u0103coritoare de pepene ro\u0219u la ghea\u021ba exotic\u0103 de litchi. Ideal at\u00e2t pentru uz personal, c\u00e2t \u0219i pentru <strong>vape de unic\u0103 folosin\u021b\u0103 en-gros<\/strong>, fiecare unitate ofer\u0103 confort \u0219i calitate. Pentru <strong>comand\u0103 \u00een vrac<\/strong> contacta\u021bi-ne pentru pre\u021buri competitive.<\/p>\n<h3><strong>WASPE 8000 Caracteristici:<\/strong><\/h3>\n<ul>\n<li>Puffs: P\u00e2n\u0103 la 8,000<\/li>\n<li>Capacitate E-liquid: 16ml<\/li>\n<li>Baterie: 650mAh (re\u00eenc\u0103rcabil\u0103)<\/li>\n<li>\u00cenc\u0103rcare: Tip-C<\/li>\n<li>Bobin\u0103: 0.8\u03a9 Mesh Coil<\/li>\n<li>Concentra\u021bii de nicotin\u0103: 0%, 2%, 3%, 5%<\/li>\n<li>10 op\u021biuni de arome<\/li>\n<\/ul>\n<h4>\u00ceNTREB\u0102RI FRECVENTE<\/h4>\n<h5>Cum \u00eembun\u0103t\u0103\u021be\u0219te bateria re\u00eenc\u0103rcabil\u0103 experien\u021ba mea de vapat?<\/h5>\n<p>Bateria re\u00eenc\u0103rcabil\u0103 de 650 mAh, cuplat\u0103 cu \u00eenc\u0103rcarea Type-C, v\u0103 asigur\u0103 c\u0103 pute\u021bi utiliza toate cele 8.000 de pufuri f\u0103r\u0103 s\u0103 v\u0103 face\u021bi griji c\u0103 dispozitivul moare prematur. Aceast\u0103 caracteristic\u0103 face din WASPE 8000 o alegere fiabil\u0103 \u0219i de lung\u0103 durat\u0103 \u00een compara\u021bie cu dispozitivele de unic\u0103 folosin\u021b\u0103 standard, maximiz\u00e2nd pl\u0103cerea dvs. de la e-lichidul de 16 ml.<\/p>\n<h5>Ce metode de expediere sunt utilizate?<\/h5>\n<p>Suntem parteneri cu transportatori de \u00eencredere precum UPS, DHL, FedEx \u0219i DPD pentru a v\u0103 livra comenzile. Cea mai potrivit\u0103 metod\u0103 de expediere este selectat\u0103 \u00een func\u021bie de loca\u021bia de livrare pentru a asigura o livrare prompt\u0103 \u0219i fiabil\u0103.<\/p>\n<h5>C\u00e2t dureaz\u0103 expedierea?<\/h5>\n<p>De obicei, expedierea dureaz\u0103 \u00eentre 7-15 zile lucr\u0103toare. Cu toate acestea, \u00een timpul s\u0103rb\u0103torilor sau din cauza vremii nefavorabile, poate dura p\u00e2n\u0103 la 20 de zile lucr\u0103toare.<\/p>\n<h5>Voi \u00eent\u00e2mpina probleme vamale sau fiscale?<\/h5>\n<p>Ne ocup\u0103m de toate procedurile de v\u0103muire, garant\u00e2nd c\u0103 transportul dvs. va trece f\u0103r\u0103 probleme. Nu ve\u021bi suporta nicio tax\u0103 sau impozit suplimentar. Noi asigur\u0103m v\u0103muirea 100%.<\/p>\n<h5>Pot avea \u00eencredere \u00een calitatea \u0219i fiabilitatea WASPE 8000?<\/h5>\n<p>Accept\u0103m pl\u0103\u021bi securizate PayPal cu protec\u021bia cump\u0103r\u0103torului. De asemenea, pute\u021bi vizualiza recenziile clien\u021bilor no\u0219tri pe <a href=\"https:\/\/www.trustpilot.com\/review\/volovape.com?utm_medium=trustbox&amp;utm_source=TrustBoxReviewCollector\">TrustPilot<\/a> pentru a vedea experien\u021bele pozitive ale clien\u021bilor no\u0219tri.<\/p>","protected":false},"excerpt":{"rendered":"<p>Savureaz\u0103 aroma extins\u0103 cu WASPE 8000 Puffs. Plas\u0103 de 0,8\u03a9, 16ml, re\u00eenc\u0103rcabil\u0103. Perfect pentru uz personal sau en-gros, oferind vapori netezi \u0219i op\u021biuni diverse de nicotin\u0103.<\/p>","protected":false},"featured_media":103,"comment_status":"open","ping_status":"closed","template":"","meta":[],"product_brand":[],"product_cat":[17,37,21,18,20,23,24,22,25,26,27,28,29,30,31,32,33,34,35,36],"product_tag":[],"class_list":{"0":"post-70","1":"product","2":"type-product","3":"status-publish","4":"has-post-thumbnail","6":"product_cat-waspe","7":"product_cat-8000-puffs-disposable-vape","8":"product_cat-big-puffs-vapes","9":"product_cat-different-puffs-of-disposable-vapes","10":"product_cat-disposable-vape-types","11":"product_cat-disposable-vapes-in-austria","12":"product_cat-disposable-vapes-in-belgium","13":"product_cat-disposable-vapes-in-europe","14":"product_cat-disposable-vapes-in-france","15":"product_cat-disposable-vapes-in-germany","16":"product_cat-disposable-vapes-in-hungary","17":"product_cat-disposable-vapes-in-ltaly","18":"product_cat-disposable-vapes-in-netherlands","19":"product_cat-disposable-vapes-in-norway","20":"product_cat-disposable-vapes-in-poland","21":"product_cat-disposable-vapes-in-portugal","22":"product_cat-disposable-vapes-in-spain","23":"product_cat-disposable-vapes-in-sweden","24":"product_cat-disposable-vapes-in-switzerland","25":"product_cat-rechargeable-vapes","27":"first","28":"instock","29":"shipping-taxable","30":"purchasable","31":"product-type-variable","32":"has-default-attributes"},"jetpack_sharing_enabled":true,"tiered_pricing_type":"fixed","tiered_pricing_fixed_rules":{"2000":4.5999999999999996447286321199499070644378662109375},"tiered_pricing_product_settings":{"layout":"default","base_unit_name":{"singular":null,"plural":null},"default_variation":null},"tiered_pricing_minimum_quantity":1000,"tiered_pricing_roles_data":[],"tiered_pricing_percentage_rules":[],"tiered_pricing_maximum_quantity":null,"tiered_pricing_quantity_step":"100","_links":{"self":[{"href":"https:\/\/volovape.com\/ro\/wp-json\/wp\/v2\/product\/70","targetHints":{"allow":["GET"]}}],"collection":[{"href":"https:\/\/volovape.com\/ro\/wp-json\/wp\/v2\/product"}],"about":[{"href":"https:\/\/volovape.com\/ro\/wp-json\/wp\/v2\/types\/product"}],"replies":[{"embeddable":true,"href":"https:\/\/volovape.com\/ro\/wp-json\/wp\/v2\/comments?post=70"}],"wp:featuredmedia":[{"embeddable":true,"href":"https:\/\/volovape.com\/ro\/wp-json\/wp\/v2\/media\/103"}],"wp:attachment":[{"href":"https:\/\/volovape.com\/ro\/wp-json\/wp\/v2\/media?parent=70"}],"wp:term":[{"taxonomy":"product_brand","embeddable":true,"href":"https:\/\/volovape.com\/ro\/wp-json\/wp\/v2\/product_brand?post=70"},{"taxonomy":"product_cat","embeddable":true,"href":"https:\/\/volovape.com\/ro\/wp-json\/wp\/v2\/product_cat?post=70"},{"taxonomy":"product_tag","embeddable":true,"href":"https:\/\/volovape.com\/ro\/wp-json\/wp\/v2\/product_tag?post=70"}],"curies":[{"name":"wp","href":"https:\/\/api.w.org\/{rel}","templated":true}]}}