{"id":69,"date":"2024-11-21T03:26:50","date_gmt":"2024-11-21T03:26:50","guid":{"rendered":"https:\/\/volovape.com\/?post_type=product&#038;p=69"},"modified":"2025-07-01T01:20:11","modified_gmt":"2025-07-01T01:20:11","slug":"waspe-5000-puffs","status":"publish","type":"product","link":"https:\/\/volovape.com\/ro\/product\/waspe-5000-puffs\/","title":{"rendered":"WASPE 5000 Puffs Vape de unic\u0103 folosin\u021b\u0103 - re\u00eenc\u0103rcabil\u0103, bobin\u0103 Mesh"},"content":{"rendered":"<p><strong>WASPE 5000 Puffs Vape re\u00eenc\u0103rcabil\u0103 de unic\u0103 folosin\u021b\u0103<\/strong> - Experimenta\u021bi gustul extins \u0219i confortul.<\/p>\n<p>The <strong>WASPE 5000<\/strong> redefine\u0219te vapatul de unic\u0103 folosin\u021b\u0103 cu impresionanta sa <strong>5000 puf<\/strong> \u0219i o capacitate generoas\u0103 <strong>13mL e-lichid<\/strong> rezervor. Bucura\u021bi-v\u0103 de un abur consistent \u0219i aromat datorit\u0103 <strong>bobina cu ochiuri avansate<\/strong>, \u0219i selecta\u021bi concentra\u021bia de nicotin\u0103 preferat\u0103 din <strong>0%, 2% sau 5%<\/strong>. The <strong>Baterie re\u00eenc\u0103rcabil\u0103 650mAh<\/strong> cu <strong>\u00cenc\u0103rcare de tip C<\/strong> v\u0103 asigur\u0103 c\u0103 v\u0103 pute\u021bi bucura de fiecare ultim fum. Perfect\u0103 pentru uz personal sau <strong>vape de unic\u0103 folosin\u021b\u0103 en-gros<\/strong>, acest dispozitiv ofer\u0103 at\u00e2t performan\u021b\u0103, c\u00e2t \u0219i portabilitate. Explora\u021bi <strong>10 arome unice<\/strong> \u0219i descoper\u0103-\u021bi noul favorit.<\/p>\n<h3><strong>WASPE 5000 Puffs Caracteristici:<\/strong><\/h3>\n<ul>\n<li>Puffs: P\u00e2n\u0103 la 5000<\/li>\n<li>Capacitate E-Lichid: 13mL<\/li>\n<li>Baterie: 650mAh (re\u00eenc\u0103rcabil\u0103)<\/li>\n<li>\u00cenc\u0103rcare: Tip-C<\/li>\n<li>Bobin\u0103: Bobin\u0103 de plas\u0103<\/li>\n<li>Concentra\u021bii de nicotin\u0103: 0%, 2%, 5%<\/li>\n<li>Arome: Ment\u0103, Blueberry Ice, Cola Ice, Mango cu c\u0103p\u0219uni, Pepene galben cu c\u0103p\u0219uni, fructe de p\u0103dure mixte, Lychee Ice, Pepene galben Ice, Grape Ice<\/li>\n<\/ul>\n<h4>\u00ceNTREB\u0102RI FRECVENTE<\/h4>\n<h5>Cum \u00eembun\u0103t\u0103\u021be\u0219te caracteristica re\u00eenc\u0103rcabil\u0103 WASPE 5000?<\/h5>\n<p>Bateria re\u00eenc\u0103rcabil\u0103 de 650mAh, cuplat\u0103 cu \u00eenc\u0103rcarea Type-C, v\u0103 permite s\u0103 utiliza\u021bi pe deplin e-lichidul de 13mL, asigur\u00e2ndu-v\u0103 c\u0103 ob\u021bine\u021bi maximum 5000 de fumuri. Acest lucru elimin\u0103 problema comun\u0103 a vaporizatoarelor de unic\u0103 folosin\u021b\u0103 care r\u0103m\u00e2n f\u0103r\u0103 baterie \u00eenainte ca e-lichidul s\u0103 fie epuizat, oferind o experien\u021b\u0103 de vaporizare mai durabil\u0103 \u0219i mai satisf\u0103c\u0103toare.<\/p>\n<h5>Ce metode de expediere sunt utilizate?<\/h5>\n<p>Cooper\u0103m cu UPS\/DHL\/FEDEX\/DPD, etc. Vom alege op\u021biunea de expediere adecvat\u0103 \u00een func\u021bie de \u021bara de livrare pentru a ne asigura c\u0103 ve\u021bi primi produsele c\u00e2t mai repede posibil.<\/p>\n<h5>C\u00e2t timp dureaz\u0103 s\u0103 ajung\u0103?<\/h5>\n<p>Acest lucru dureaz\u0103 de obicei 7-15 zile lucr\u0103toare \u0219i poate dura p\u00e2n\u0103 la 20 de zile lucr\u0103toare \u00een zilele de s\u0103rb\u0103toare legal\u0103 sau \u00een condi\u021bii meteorologice nefavorabile.<\/p>\n<h5>Poate trece prin vam\u0103 \u0219i \u00eemi va cauza probleme?<\/h5>\n<p>V\u0103 garant\u0103m c\u0103 nu ve\u021bi avea probleme, deoarece noi ne vom ocupa de v\u0103muire \u0219i nu vor exista taxe sau tarife. V\u0103 garant\u0103m c\u0103 100% din produsele noastre vor trece vama.<\/p>\n<h5>Pot avea \u00eencredere \u00een ea?<\/h5>\n<p>Noi sus\u021binem plata PayPal \u0219i serviciul de protec\u021bie a cump\u0103r\u0103torului. De asemenea, pute\u021bi verifica recenziile noastre pe <a href=\"https:\/\/www.trustpilot.com\/review\/volovape.com?utm_medium=trustbox&amp;utm_source=TrustBoxReviewCollector\">TrustPilot<\/a>.<\/p>","protected":false},"excerpt":{"rendered":"<p>Ob\u021bine\u021bi un vaping convenabil \u0219i aromat cu WASPE 5000 Puffs. Bobin\u0103 mesh, 13 ml, re\u00eenc\u0103rcabil\u0103. Ideal pentru uz personal sau en-gros, oferind vapori moi \u0219i concentra\u021bii variate de nicotin\u0103.<\/p>","protected":false},"featured_media":99,"comment_status":"open","ping_status":"closed","template":"","meta":[],"product_brand":[],"product_cat":[19,21,18,20,23,24,22,25,26,27,28,29,30,31,32,33,34,35,36,17],"product_tag":[],"class_list":{"0":"post-69","1":"product","2":"type-product","3":"status-publish","4":"has-post-thumbnail","6":"product_cat-5000-puffs-disposable-vape","7":"product_cat-big-puffs-vapes","8":"product_cat-different-puffs-of-disposable-vapes","9":"product_cat-disposable-vape-types","10":"product_cat-disposable-vapes-in-austria","11":"product_cat-disposable-vapes-in-belgium","12":"product_cat-disposable-vapes-in-europe","13":"product_cat-disposable-vapes-in-france","14":"product_cat-disposable-vapes-in-germany","15":"product_cat-disposable-vapes-in-hungary","16":"product_cat-disposable-vapes-in-ltaly","17":"product_cat-disposable-vapes-in-netherlands","18":"product_cat-disposable-vapes-in-norway","19":"product_cat-disposable-vapes-in-poland","20":"product_cat-disposable-vapes-in-portugal","21":"product_cat-disposable-vapes-in-spain","22":"product_cat-disposable-vapes-in-sweden","23":"product_cat-disposable-vapes-in-switzerland","24":"product_cat-rechargeable-vapes","25":"product_cat-waspe","27":"first","28":"instock","29":"shipping-taxable","30":"purchasable","31":"product-type-variable","32":"has-default-attributes"},"jetpack_sharing_enabled":true,"tiered_pricing_type":"fixed","tiered_pricing_fixed_rules":{"2000":3.79999999999999982236431605997495353221893310546875},"tiered_pricing_product_settings":{"layout":"default","base_unit_name":{"singular":null,"plural":null},"default_variation":null},"tiered_pricing_minimum_quantity":1000,"tiered_pricing_roles_data":[],"tiered_pricing_percentage_rules":[],"tiered_pricing_maximum_quantity":null,"tiered_pricing_quantity_step":"10","_links":{"self":[{"href":"https:\/\/volovape.com\/ro\/wp-json\/wp\/v2\/product\/69","targetHints":{"allow":["GET"]}}],"collection":[{"href":"https:\/\/volovape.com\/ro\/wp-json\/wp\/v2\/product"}],"about":[{"href":"https:\/\/volovape.com\/ro\/wp-json\/wp\/v2\/types\/product"}],"replies":[{"embeddable":true,"href":"https:\/\/volovape.com\/ro\/wp-json\/wp\/v2\/comments?post=69"}],"wp:featuredmedia":[{"embeddable":true,"href":"https:\/\/volovape.com\/ro\/wp-json\/wp\/v2\/media\/99"}],"wp:attachment":[{"href":"https:\/\/volovape.com\/ro\/wp-json\/wp\/v2\/media?parent=69"}],"wp:term":[{"taxonomy":"product_brand","embeddable":true,"href":"https:\/\/volovape.com\/ro\/wp-json\/wp\/v2\/product_brand?post=69"},{"taxonomy":"product_cat","embeddable":true,"href":"https:\/\/volovape.com\/ro\/wp-json\/wp\/v2\/product_cat?post=69"},{"taxonomy":"product_tag","embeddable":true,"href":"https:\/\/volovape.com\/ro\/wp-json\/wp\/v2\/product_tag?post=69"}],"curies":[{"name":"wp","href":"https:\/\/api.w.org\/{rel}","templated":true}]}}