{"id":660,"date":"2024-11-21T03:31:46","date_gmt":"2024-11-21T03:31:46","guid":{"rendered":"https:\/\/volovape.com\/?post_type=product&#038;p=660"},"modified":"2025-07-11T04:40:21","modified_gmt":"2025-07-11T04:40:21","slug":"aivono-aim-xxl-9000-puffs","status":"publish","type":"product","link":"https:\/\/volovape.com\/ro\/product\/aivono-aim-xxl-9000-puffs\/","title":{"rendered":"AIVONO AIM XXL 9000 Puffs Vape de unic\u0103 folosin\u021b\u0103 - bobin\u0103 Mesh, LCD, blocare pentru copii"},"content":{"rendered":"<p><strong>AIVONO AIM XXL 9000 Puffs Mesh Coil LCD Child Lock Vape de unic\u0103 folosin\u021b\u0103<\/strong> - Experimenta\u021bi vaparea extins\u0103 cu caracteristici de siguran\u021b\u0103 ad\u0103ugate cu AIVONO AIM XXL 9000. Aceast\u0103 vape de unic\u0103 folosin\u021b\u0103 ofer\u0103 p\u00e2n\u0103 la 9.000 de pufuri, av\u00e2nd un rezervor de e-lichid de 19mL \u0219i o baterie re\u00eenc\u0103rcabil\u0103 de 650mAh. Bobina cu ochiuri de 1,2\u03a9 asigur\u0103 vapori netezi \u0219i aroma\u021bi, \u00een timp ce afi\u0219ajul LCD \u0219i blocarea pentru copii sporesc siguran\u021ba \u0219i confortul. Ideal pentru uz personal \u0219i comenzi en-gros de vape de unic\u0103 folosin\u021b\u0103, acest dispozitiv ofer\u0103 concentra\u021bii de nicotin\u0103 0%, 2%, 3% sau 5% \u0219i o selec\u021bie de 10 arome delicioase.<\/p>\n<h3><strong>AIVONO AIM XXL 9000 Puffs Caracteristici:<\/strong><\/h3>\n<ul>\n<li>Puffs: 9000 puffs<\/li>\n<li>Capacitate E-liquid: 19mL<\/li>\n<li>Baterie: 650mAh (re\u00eenc\u0103rcabil\u0103)<\/li>\n<li>\u00cenc\u0103rcare: Tip-C<\/li>\n<li>Bobin\u0103: 1.2\u03a9 Mesh Coil<\/li>\n<li>Afi\u0219aj: LCD (baterie \u0219i contor de puf)<\/li>\n<li>Caracteristici de siguran\u021b\u0103: Blocare pentru copii<\/li>\n<li>Concentra\u021bii de nicotin\u0103: 0%, 2%, 3%, 5%<\/li>\n<li>Op\u021biuni de arom\u0103: Pepene galben cu c\u0103p\u0219uni, Ghea\u021b\u0103 de nuc\u0103 de cocos cu ananas, Mojito cu ment\u0103, Coac\u0103ze negre cu struguri, Fructe de p\u0103dure mixte, Piersic\u0103 de ananas cu mango, Ghea\u021b\u0103 de pepene galben, Ghea\u021b\u0103 Blue Razz, Ghea\u021b\u0103 de afine, Cire\u0219e Cantaloupe.<\/li>\n<\/ul>\n<h4>\u00ceNTREB\u0102RI FRECVENTE<\/h4>\n<h5>Cum \u00eembun\u0103t\u0103\u021be\u0219te siguran\u021ba func\u021bia de blocare pentru copii?<\/h5>\n<p>Func\u021bia de blocare pentru copii previne activarea accidental\u0103, oferind un plus de siguran\u021b\u0103 \u0219i lini\u0219te, \u00een special pentru gospod\u0103riile cu copii sau animale de companie. Aceast\u0103 caracteristic\u0103 asigur\u0103 faptul c\u0103 dispozitivul r\u0103m\u00e2ne \u00een siguran\u021b\u0103 atunci c\u00e2nd nu este utilizat.<\/p>\n<h5>Ce metode de expediere sunt utilizate?<\/h5>\n<p>Suntem parteneri cu transportatori de \u00eencredere, inclusiv UPS, DHL, FedEx \u0219i DPD, pentru a oferi o expediere eficient\u0103 \u0219i fiabil\u0103. Cea mai potrivit\u0103 metod\u0103 de expediere este selectat\u0103 \u00een func\u021bie de loca\u021bia de livrare.<\/p>\n<h5>C\u00e2t dureaz\u0103 de obicei expedierea?<\/h5>\n<p>Transportul dureaz\u0103 de obicei 7-15 zile lucr\u0103toare, de\u0219i termenul de livrare se poate prelungi p\u00e2n\u0103 la 20 de zile lucr\u0103toare \u00een timpul s\u0103rb\u0103torilor sau al condi\u021biilor meteorologice nefavorabile.<\/p>\n<h5>Voi suporta taxe vamale sau impozite?<\/h5>\n<p>Ne ocup\u0103m de toate opera\u021biunile de v\u0103muire, garant\u00e2nd c\u0103 nu ve\u021bi suporta taxe sau impozite suplimentare. 100% din produsele noastre sunt trecute prin vam\u0103 f\u0103r\u0103 probleme.<\/p>\n<h5>Achizi\u021bia mea este sigur\u0103 \u0219i de \u00eencredere?<\/h5>\n<p>Oferim tranzac\u021bii sigure prin protec\u021bia cump\u0103r\u0103torului PayPal. De asemenea, pute\u021bi verifica fiabilitatea noastr\u0103 prin verificarea recenziilor clien\u021bilor pe <a href=\"https:\/\/www.trustpilot.com\/review\/volovape.com?utm_medium=trustbox&amp;utm_source=TrustBoxReviewCollector\">TrustPilot<\/a>.<\/p>","protected":false},"excerpt":{"rendered":"<p>Experimenta\u021bi un vaping sigur \u0219i prelungit cu AIVONO AIM XXL 9000 Puffs. Blocare pentru copii, afi\u0219aj LCD, ochiuri de 1,2\u03a9, 19ml, re\u00eenc\u0103rcabil\u0103. Perfect pentru uz personal sau en-gros \u00een vrac.<\/p>","protected":false},"featured_media":1028,"comment_status":"open","ping_status":"closed","template":"","meta":[],"product_brand":[],"product_cat":[67,48,21,18,20,23,24,22,25,26,27,28,29,30,31,32,33,34,35,36],"product_tag":[],"class_list":{"0":"post-660","1":"product","2":"type-product","3":"status-publish","4":"has-post-thumbnail","6":"product_cat-aivono","7":"product_cat-9000-puffs-disposable-vape","8":"product_cat-big-puffs-vapes","9":"product_cat-different-puffs-of-disposable-vapes","10":"product_cat-disposable-vape-types","11":"product_cat-disposable-vapes-in-austria","12":"product_cat-disposable-vapes-in-belgium","13":"product_cat-disposable-vapes-in-europe","14":"product_cat-disposable-vapes-in-france","15":"product_cat-disposable-vapes-in-germany","16":"product_cat-disposable-vapes-in-hungary","17":"product_cat-disposable-vapes-in-ltaly","18":"product_cat-disposable-vapes-in-netherlands","19":"product_cat-disposable-vapes-in-norway","20":"product_cat-disposable-vapes-in-poland","21":"product_cat-disposable-vapes-in-portugal","22":"product_cat-disposable-vapes-in-spain","23":"product_cat-disposable-vapes-in-sweden","24":"product_cat-disposable-vapes-in-switzerland","25":"product_cat-rechargeable-vapes","27":"first","28":"instock","29":"shipping-taxable","30":"purchasable","31":"product-type-variable","32":"has-default-attributes"},"jetpack_sharing_enabled":true,"tiered_pricing_type":"fixed","tiered_pricing_fixed_rules":{"2000":5.9900000000000002131628207280300557613372802734375},"tiered_pricing_product_settings":{"layout":"default","base_unit_name":{"singular":null,"plural":null},"default_variation":null},"tiered_pricing_minimum_quantity":1000,"tiered_pricing_roles_data":[],"tiered_pricing_percentage_rules":[],"tiered_pricing_maximum_quantity":null,"tiered_pricing_quantity_step":"10","_links":{"self":[{"href":"https:\/\/volovape.com\/ro\/wp-json\/wp\/v2\/product\/660","targetHints":{"allow":["GET"]}}],"collection":[{"href":"https:\/\/volovape.com\/ro\/wp-json\/wp\/v2\/product"}],"about":[{"href":"https:\/\/volovape.com\/ro\/wp-json\/wp\/v2\/types\/product"}],"replies":[{"embeddable":true,"href":"https:\/\/volovape.com\/ro\/wp-json\/wp\/v2\/comments?post=660"}],"wp:featuredmedia":[{"embeddable":true,"href":"https:\/\/volovape.com\/ro\/wp-json\/wp\/v2\/media\/1028"}],"wp:attachment":[{"href":"https:\/\/volovape.com\/ro\/wp-json\/wp\/v2\/media?parent=660"}],"wp:term":[{"taxonomy":"product_brand","embeddable":true,"href":"https:\/\/volovape.com\/ro\/wp-json\/wp\/v2\/product_brand?post=660"},{"taxonomy":"product_cat","embeddable":true,"href":"https:\/\/volovape.com\/ro\/wp-json\/wp\/v2\/product_cat?post=660"},{"taxonomy":"product_tag","embeddable":true,"href":"https:\/\/volovape.com\/ro\/wp-json\/wp\/v2\/product_tag?post=660"}],"curies":[{"name":"wp","href":"https:\/\/api.w.org\/{rel}","templated":true}]}}