{"id":637,"date":"2024-11-21T03:31:25","date_gmt":"2024-11-21T03:31:25","guid":{"rendered":"https:\/\/volovape.com\/?post_type=product&#038;p=637"},"modified":"2025-10-10T06:57:22","modified_gmt":"2025-10-10T06:57:22","slug":"aivono-aim-magic-20000-puffs","status":"publish","type":"product","link":"https:\/\/volovape.com\/ro\/product\/aivono-aim-magic-20000-puffs\/","title":{"rendered":"AIVONO AIM MAGIC 20000 puffs vape de unic\u0103 folosin\u021b\u0103 - plas\u0103 dubl\u0103, afi\u0219aj LCD"},"content":{"rendered":"<p><strong>AIVONO AIM MAGIC 20000 Puffs Dual Mesh LCD Vape de unic\u0103 folosin\u021b\u0103<\/strong> - Experimenta\u021bi vapatul magic cu AIVONO AIM MAGIC 20000. Aceast\u0103 vape de unic\u0103 folosin\u021b\u0103 de \u00eenalt\u0103 performan\u021b\u0103 ofer\u0103 p\u00e2n\u0103 la 20.000 de fumuri, av\u00e2nd un rezervor de e-lichid de 26mL \u0219i o baterie re\u00eenc\u0103rcabil\u0103 de 600mAh. Tehnologia avansat\u0103 a bobinei cu ochiuri duble asigur\u0103 un abur consistent bogat \u0219i aromat, \u00een timp ce afi\u0219ajul LCD ofer\u0103 informa\u021bii \u00een timp real despre baterie \u0219i nivelul e-lichidului. Ideal pentru uz personal \u0219i comenzi en-gros de vape de unic\u0103 folosin\u021b\u0103, acest dispozitiv ofer\u0103 concentra\u021bii de nicotin\u0103 0%, 2%, 3% sau 5% \u0219i o selec\u021bie de 10 arome delicioase.<\/p>\n<h3><strong>AIVONO AIM MAGIC 20000 Puffs Caracteristici:<\/strong><\/h3>\n<ul>\n<li>Puffs: 20000 puffs<\/li>\n<li>Capacitate E-liquid: 26mL<\/li>\n<li>Baterie: 600mAh (re\u00eenc\u0103rcabil\u0103)<\/li>\n<li>\u00cenc\u0103rcare: Tip-C<\/li>\n<li>Coil: Bobine Dual Mesh<\/li>\n<li>Afi\u0219aj: LCD (nivel baterie \u0219i E-liquid)<\/li>\n<li>Concentra\u021bii de nicotin\u0103: 0%, 2%, 3%, 5%<\/li>\n<li>Op\u021biuni de arome: Blueberry Ice, Strawberry Ice, Watermelon Ice, Pineapple Coconut Ice, Pineapple Mango, Mixed Berries, Strawberry Watermelon, Blue Razz Ice, Peach Ice, Strawberry Ice Cream.<\/li>\n<\/ul>\n<h4>\u00ceNTREB\u0102RI FRECVENTE<\/h4>\n<h5>Cum \u00eembun\u0103t\u0103\u021be\u0219te tehnologia dual mesh coil experien\u021ba de vapat?<\/h5>\n<p>Designul bobinei cu plas\u0103 dubl\u0103 ofer\u0103 o suprafa\u021b\u0103 de \u00eenc\u0103lzire mai mare, rezult\u00e2nd o \u00eenc\u0103lzire mai uniform\u0103 \u0219i o arom\u0103 \u0219i o produc\u021bie de vapori semnificativ \u00eembun\u0103t\u0103\u021bite. Acest lucru asigur\u0103 o experien\u021b\u0103 de vaporizare uniform\u0103 \u0219i satisf\u0103c\u0103toare.<\/p>\n<h5>Ce metode de expediere sunt utilizate?<\/h5>\n<p>Suntem parteneri cu transportatori de \u00eencredere, inclusiv UPS, DHL, FedEx \u0219i DPD, pentru a oferi o expediere eficient\u0103 \u0219i fiabil\u0103. Cea mai potrivit\u0103 metod\u0103 de expediere este selectat\u0103 \u00een func\u021bie de loca\u021bia de livrare.<\/p>\n<h5>C\u00e2t dureaz\u0103 de obicei expedierea?<\/h5>\n<p>Transportul dureaz\u0103 de obicei 7-15 zile lucr\u0103toare, de\u0219i termenul de livrare se poate prelungi p\u00e2n\u0103 la 20 de zile lucr\u0103toare \u00een timpul s\u0103rb\u0103torilor sau al condi\u021biilor meteorologice nefavorabile.<\/p>\n<h5>Voi suporta taxe vamale sau impozite?<\/h5>\n<p>Ne ocup\u0103m de toate opera\u021biunile de v\u0103muire, garant\u00e2nd c\u0103 nu ve\u021bi suporta taxe sau impozite suplimentare. 100% din produsele noastre sunt trecute prin vam\u0103 f\u0103r\u0103 probleme.<\/p>\n<h5>Achizi\u021bia mea este sigur\u0103 \u0219i de \u00eencredere?<\/h5>\n<p>Oferim tranzac\u021bii sigure prin protec\u021bia cump\u0103r\u0103torului PayPal. De asemenea, pute\u021bi verifica fiabilitatea noastr\u0103 prin verificarea recenziilor clien\u021bilor pe <a href=\"https:\/\/www.trustpilot.com\/review\/volovape.com?utm_medium=trustbox&amp;utm_source=TrustBoxReviewCollector\">TrustPilot<\/a>.<\/p>","protected":false},"excerpt":{"rendered":"<p>Descoperi\u021bi vapatul magic cu AIVONO AIM MAGIC 20000 Puffs. Bobine cu plas\u0103 dubl\u0103, afi\u0219aj LCD, 26 ml, re\u00eenc\u0103rcabil. Ideal pentru pl\u0103cerea personal\u0103 sau comenzi en-gros \u00een vrac.<\/p>","protected":false},"featured_media":980,"comment_status":"open","ping_status":"closed","template":"","meta":[],"product_brand":[],"product_cat":[67,42,21,18,39,20,23,24,22,25,26,27,28,29,30,31,32,33,34,35,44,36,40],"product_tag":[],"class_list":{"0":"post-637","1":"product","2":"type-product","3":"status-publish","4":"has-post-thumbnail","6":"product_cat-aivono","7":"product_cat-20000-puffs-disposable-vape","8":"product_cat-big-puffs-vapes","9":"product_cat-different-puffs-of-disposable-vapes","10":"product_cat-digital-box-vapes","11":"product_cat-disposable-vape-types","12":"product_cat-disposable-vapes-in-austria","13":"product_cat-disposable-vapes-in-belgium","14":"product_cat-disposable-vapes-in-europe","15":"product_cat-disposable-vapes-in-france","16":"product_cat-disposable-vapes-in-germany","17":"product_cat-disposable-vapes-in-hungary","18":"product_cat-disposable-vapes-in-ltaly","19":"product_cat-disposable-vapes-in-netherlands","20":"product_cat-disposable-vapes-in-norway","21":"product_cat-disposable-vapes-in-poland","22":"product_cat-disposable-vapes-in-portugal","23":"product_cat-disposable-vapes-in-spain","24":"product_cat-disposable-vapes-in-sweden","25":"product_cat-disposable-vapes-in-switzerland","26":"product_cat-dual-mesh-vapes","27":"product_cat-rechargeable-vapes","28":"product_cat-smart-screen-vapes","30":"first","31":"instock","32":"shipping-taxable","33":"purchasable","34":"product-type-variable","35":"has-default-attributes"},"jetpack_sharing_enabled":true,"tiered_pricing_type":"fixed","tiered_pricing_fixed_rules":{"30":7.160000000000000142108547152020037174224853515625,"50":6.6699999999999999289457264239899814128875732421875,"100":5.92999999999999971578290569595992565155029296875,"200":5.55999999999999960920149533194489777088165283203125,"400":5.05999999999999960920149533194489777088165283203125},"tiered_pricing_product_settings":{"layout":"default","base_unit_name":{"singular":null,"plural":null},"default_variation":null},"tiered_pricing_minimum_quantity":10,"tiered_pricing_roles_data":[],"tiered_pricing_percentage_rules":[],"tiered_pricing_maximum_quantity":null,"tiered_pricing_quantity_step":"10","_links":{"self":[{"href":"https:\/\/volovape.com\/ro\/wp-json\/wp\/v2\/product\/637","targetHints":{"allow":["GET"]}}],"collection":[{"href":"https:\/\/volovape.com\/ro\/wp-json\/wp\/v2\/product"}],"about":[{"href":"https:\/\/volovape.com\/ro\/wp-json\/wp\/v2\/types\/product"}],"replies":[{"embeddable":true,"href":"https:\/\/volovape.com\/ro\/wp-json\/wp\/v2\/comments?post=637"}],"wp:featuredmedia":[{"embeddable":true,"href":"https:\/\/volovape.com\/ro\/wp-json\/wp\/v2\/media\/980"}],"wp:attachment":[{"href":"https:\/\/volovape.com\/ro\/wp-json\/wp\/v2\/media?parent=637"}],"wp:term":[{"taxonomy":"product_brand","embeddable":true,"href":"https:\/\/volovape.com\/ro\/wp-json\/wp\/v2\/product_brand?post=637"},{"taxonomy":"product_cat","embeddable":true,"href":"https:\/\/volovape.com\/ro\/wp-json\/wp\/v2\/product_cat?post=637"},{"taxonomy":"product_tag","embeddable":true,"href":"https:\/\/volovape.com\/ro\/wp-json\/wp\/v2\/product_tag?post=637"}],"curies":[{"name":"wp","href":"https:\/\/api.w.org\/{rel}","templated":true}]}}