{"id":6250,"date":"2024-11-29T04:36:13","date_gmt":"2024-11-29T04:36:13","guid":{"rendered":"https:\/\/volovape.com\/?post_type=product&#038;p=6250"},"modified":"2025-08-07T08:19:53","modified_gmt":"2025-08-07T08:19:53","slug":"jnr-shisha-max-22000-22k-puffs","status":"publish","type":"product","link":"https:\/\/volovape.com\/ro\/product\/jnr-shisha-max-22000-22k-puffs\/","title":{"rendered":"JNR Shisha Max 22000 Puffs Hookah Edition Vape de unic\u0103 folosin\u021b\u0103 - Triple Mesh, flux de aer reglabil"},"content":{"rendered":"<p><iframe title=\"VideoPress Player video\" aria-label='VideoPress Player video' width='421' height='750' src='https:\/\/videopress.com\/embed\/WoXrFsri?hd=0&amp;cover=1' frameborder='0' allowfullscreen allow='clipboard-write'><\/iframe><script src='https:\/\/v0.wordpress.com\/js\/next\/videopress-iframe.js?m=1739540970'><\/script><\/p>\n<p><strong>JNR Shisha Max 22000 Puffs Vape de unic\u0103 folosin\u021b\u0103<\/strong> - Experimenta\u021bi vaparea inspirat\u0103 de narghilea cu tehnologia bobinei Triple Mesh.<\/p>\n<p>The <strong>JNR Shisha Max 22000 Puffs<\/strong> aduce experien\u021ba bogat\u0103 \u0219i aromat\u0103 a narghilelei tradi\u021bionale \u00eentr-o vape de unic\u0103 folosin\u021b\u0103 modern\u0103 \u0219i convenabil\u0103. Oferind o impresionant\u0103 <strong>22.000 de pufuri<\/strong> \u0219i un generos <strong>29ml capacitate e-lichid<\/strong>, acest dispozitiv asigur\u0103 o experien\u021b\u0103 de lung\u0103 durat\u0103 \u0219i satisf\u0103c\u0103toare. Alimentat de un robust <strong>Baterie re\u00eenc\u0103rcabil\u0103 1100mAh<\/strong> cu <strong>\u00cenc\u0103rcare de tip C<\/strong>, ofer\u0103 utilizare prelungit\u0103 \u0219i re\u00eenc\u0103rc\u0103ri rapide. Sistemul inovator <strong>bobin\u0103 cu ochiuri triple<\/strong> ofer\u0103 o arom\u0103 intens\u0103 \u0219i vapori densi, reproduc\u00e2nd satisfac\u021bia profund\u0103 a unei sesiuni de narghilea. Cu <strong>debit de aer reglabil<\/strong> \u0219i un clar <strong>baterie \u0219i afi\u0219aj lichid<\/strong>v\u0103 pute\u021bi personaliza \u0219i monitoriza experien\u021ba de vaping. Disponibil \u00een <strong>15 arome unice<\/strong>, a <strong>JNR Shisha Max 22000 Puffs<\/strong> este perfect pentru cei care caut\u0103 o vape premium, inspirat\u0103 de narghilea, ideal\u0103 at\u00e2t pentru pl\u0103cerea personal\u0103, c\u00e2t \u0219i pentru <strong>vape de unic\u0103 folosin\u021b\u0103 en-gros<\/strong>.<\/p>\n<h3><strong>JNR Shisha Max 22000 Puffs Caracteristici:<\/strong><\/h3>\n<ul>\n<li>Puffs: P\u00e2n\u0103 la 22,000<\/li>\n<li>Capacitate E-liquid: 29ml<\/li>\n<li>Baterie: 1100mAh (re\u00eenc\u0103rcabil\u0103)<\/li>\n<li>\u00cenc\u0103rcare: Tip-C<\/li>\n<li>Bobin\u0103: Bobin\u0103 Triple Mesh<\/li>\n<li>Flux de aer: Reglabil<\/li>\n<li>Afi\u0219aj: Baterie \u0219i afi\u0219aj lichid<\/li>\n<li>Puterea Nicotinei: 2%<\/li>\n<\/ul>\n<h4>\u00ceNTREB\u0102RI FRECVENTE<\/h4>\n<h5>Cum \u00eembun\u0103t\u0103\u021be\u0219te bobina cu ochiuri triple experien\u021ba de vapat?<\/h5>\n<p>Sistemul de bobin\u0103 cu ochiuri triple din JNR Shisha Max 22000 Puffs este conceput pentru a maximiza aroma \u0219i produc\u021bia de vapori. Acesta asigur\u0103 o \u00eenc\u0103lzire uniform\u0103 \u0219i o suprafa\u021b\u0103 mai mare pentru vaporizarea e-lichidului, oferind o arom\u0103 bogat\u0103 \u0219i intens\u0103 \u0219i un abur dens \u0219i neted, care aminte\u0219te de o sesiune tradi\u021bional\u0103 de narghilea.<\/p>\n<h5>Chiar pot ob\u021bine 22.000 de pufuri de la un singur dispozitiv?<\/h5>\n<p>Da! JNR Shisha Max 22000 Puffs este proiectat pentru utilizare prelungit\u0103, oferind p\u00e2n\u0103 la 22.000 de puffs. Aceast\u0103 capacitate ridicat\u0103, combinat\u0103 cu un rezervor de e-lichid de 29 ml \u0219i o baterie re\u00eenc\u0103rcabil\u0103 puternic\u0103 de 1100 mAh, o face o alegere durabil\u0103 \u0219i fiabil\u0103, perfect\u0103 pentru <strong>comand\u0103 \u00een vrac<\/strong> nevoi.<\/p>\n<h5>Ce face ca bateria \u0219i afi\u0219ajul lichid s\u0103 fie at\u00e2t de utile?<\/h5>\n<p>Afi\u0219ajul integrat al bateriei \u0219i lichidului ofer\u0103 informa\u021bii \u00een timp real despre nivelul bateriei \u0219i consumul de e-lichid. Aceast\u0103 caracteristic\u0103 v\u0103 permite s\u0103 v\u0103 monitoriza\u021bi dispozitivul \u0219i v\u0103 asigur\u0103 c\u0103 nu sunte\u021bi niciodat\u0103 prins cu garda jos, \u00eembun\u0103t\u0103\u021bind confortul general \u0219i experien\u021ba de utilizare.<\/p>\n<h5>Cum pot fi sigur de calitatea produsului \u0219i de asisten\u021ba pentru clien\u021bi?<\/h5>\n<p>Noi sus\u021binem plata PayPal \u0219i serviciul de protec\u021bie a cump\u0103r\u0103torului. De asemenea, pute\u021bi verifica recenziile noastre pe <a href=\"https:\/\/www.trustpilot.com\/review\/volovape.com?utm_medium=trustbox&amp;utm_source=TrustBoxReviewCollector\">TrustPilot<\/a>.<\/p>","protected":false},"excerpt":{"rendered":"<p>Savura\u021bi JNR Shisha Max 22000 Puffs Vape de unic\u0103 folosin\u021b\u0103, un dispozitiv inspirat de narghilea cu 29ml e-lichid, baterie 1100mAh, bobine triple cu ochiuri, 2% nicotin\u0103. Bulk en-gros, 15 arome, \u00eenc\u0103rcare Type-C.<\/p>","protected":false},"featured_media":6342,"comment_status":"open","ping_status":"closed","template":"","meta":[],"product_brand":[],"product_cat":[79,63,21,18,20,23,24,22,25,26,27,28,29,30,31,32,33,34,35,36,47,40],"product_tag":[],"class_list":{"0":"post-6250","1":"product","2":"type-product","3":"status-publish","4":"has-post-thumbnail","6":"product_cat-jnr","7":"product_cat-30000-puffs-disposable-vape","8":"product_cat-big-puffs-vapes","9":"product_cat-different-puffs-of-disposable-vapes","10":"product_cat-disposable-vape-types","11":"product_cat-disposable-vapes-in-austria","12":"product_cat-disposable-vapes-in-belgium","13":"product_cat-disposable-vapes-in-europe","14":"product_cat-disposable-vapes-in-france","15":"product_cat-disposable-vapes-in-germany","16":"product_cat-disposable-vapes-in-hungary","17":"product_cat-disposable-vapes-in-ltaly","18":"product_cat-disposable-vapes-in-netherlands","19":"product_cat-disposable-vapes-in-norway","20":"product_cat-disposable-vapes-in-poland","21":"product_cat-disposable-vapes-in-portugal","22":"product_cat-disposable-vapes-in-spain","23":"product_cat-disposable-vapes-in-sweden","24":"product_cat-disposable-vapes-in-switzerland","25":"product_cat-rechargeable-vapes","26":"product_cat-shisha-hookah-vapes","27":"product_cat-smart-screen-vapes","29":"first","30":"instock","31":"shipping-taxable","32":"purchasable","33":"product-type-variable","34":"has-default-attributes"},"jetpack_sharing_enabled":true,"tiered_pricing_type":"fixed","tiered_pricing_fixed_rules":{"2000":6.8499999999999996447286321199499070644378662109375},"tiered_pricing_product_settings":{"layout":"default","base_unit_name":{"singular":null,"plural":null},"default_variation":null},"tiered_pricing_minimum_quantity":1000,"tiered_pricing_roles_data":[],"tiered_pricing_percentage_rules":[],"tiered_pricing_maximum_quantity":null,"tiered_pricing_quantity_step":"10","_links":{"self":[{"href":"https:\/\/volovape.com\/ro\/wp-json\/wp\/v2\/product\/6250","targetHints":{"allow":["GET"]}}],"collection":[{"href":"https:\/\/volovape.com\/ro\/wp-json\/wp\/v2\/product"}],"about":[{"href":"https:\/\/volovape.com\/ro\/wp-json\/wp\/v2\/types\/product"}],"replies":[{"embeddable":true,"href":"https:\/\/volovape.com\/ro\/wp-json\/wp\/v2\/comments?post=6250"}],"wp:featuredmedia":[{"embeddable":true,"href":"https:\/\/volovape.com\/ro\/wp-json\/wp\/v2\/media\/6342"}],"wp:attachment":[{"href":"https:\/\/volovape.com\/ro\/wp-json\/wp\/v2\/media?parent=6250"}],"wp:term":[{"taxonomy":"product_brand","embeddable":true,"href":"https:\/\/volovape.com\/ro\/wp-json\/wp\/v2\/product_brand?post=6250"},{"taxonomy":"product_cat","embeddable":true,"href":"https:\/\/volovape.com\/ro\/wp-json\/wp\/v2\/product_cat?post=6250"},{"taxonomy":"product_tag","embeddable":true,"href":"https:\/\/volovape.com\/ro\/wp-json\/wp\/v2\/product_tag?post=6250"}],"curies":[{"name":"wp","href":"https:\/\/api.w.org\/{rel}","templated":true}]}}