{"id":6248,"date":"2024-11-29T04:36:13","date_gmt":"2024-11-29T04:36:13","guid":{"rendered":"https:\/\/volovape.com\/?post_type=product&#038;p=6248"},"modified":"2025-08-07T08:19:51","modified_gmt":"2025-08-07T08:19:51","slug":"jnr-telefon-vape-30000-30k-puffs","status":"publish","type":"product","link":"https:\/\/volovape.com\/ro\/product\/jnr-phone-vape-30000-30k-puffs\/","title":{"rendered":"JNR Phone Vape 30000 Puffs - Vap\u0103 inteligent\u0103 de unic\u0103 folosin\u021b\u0103 cu ecran tactil (apeluri, mesaje text, camer\u0103 foto)"},"content":{"rendered":"<p><iframe title=\"VideoPress Player video\" aria-label='VideoPress Player video' width='500' height='281' src='https:\/\/videopress.com\/embed\/tgY6TILp?hd=0&amp;cover=1' frameborder='0' allowfullscreen allow='clipboard-write'><\/iframe><script src='https:\/\/v0.wordpress.com\/js\/next\/videopress-iframe.js?m=1739540970'><\/script><\/p>\n<p><strong>JNR Telefon Vape 30000 Puffs<\/strong> - Primul dispozitiv inteligent de unic\u0103 folosin\u021b\u0103 din lume cu ecran tactil.<\/p>\n<p>Experimenta\u021bi viitorul vapatului cu <strong>JNR Telefon Vape 30000 Puffs<\/strong>, un dispozitiv revolu\u021bionar care \u00eembin\u0103 perfect tehnologia de vaporizare de ultim\u0103 or\u0103 cu confortul unui smartphone. Acesta nu este doar un dispozitiv de vape de unic\u0103 folosin\u021b\u0103; este un companion inteligent care ofer\u0103 vapare \u0219i conectivitate excep\u021bionale. Alege\u021bi \u00eentre modul regulat (p\u00e2n\u0103 la 30.000 de fumuri) \u0219i modul Pulse (p\u00e2n\u0103 la 18.000 de fumuri) pentru o experien\u021b\u0103 personalizat\u0103. Dispun\u00e2nd de un ecran tactil u\u0219or de utilizat, capacit\u0103\u021bi de apel \u0219i text, control de la distan\u021b\u0103 al camerei \u0219i o func\u021bie de c\u0103utare a telefonului, acest dispozitiv v\u0103 men\u021bine conectat, oferind \u00een acela\u0219i timp performan\u021be superioare. Cu o capacitate de 19 ml de e-lichid, o baterie re\u00eenc\u0103rcabil\u0103 de 850 mAh \u0219i un flux de aer reglabil, JNR Phone Vape este proiectat at\u00e2t pentru confort, c\u00e2t \u0219i pentru satisfac\u021bie. Disponibil \u00een 10 arome delicioase, acest dispozitiv este perfect pentru pl\u0103cerea personal\u0103 \u0219i <strong>vape de unic\u0103 folosin\u021b\u0103 en-gros<\/strong>.<\/p>\n<h3><strong>JNR Phone Vape 30000 Puffs Caracteristici:<\/strong><\/h3>\n<ul>\n<li>Moduri duble de vapare: Mod regulat (p\u00e2n\u0103 la 30.000 de pufuri) \/ Mod puls (p\u00e2n\u0103 la 18.000 de pufuri)<\/li>\n<li>Capacitate E-liquid: 19ml<\/li>\n<li>Baterie: 850mAh (re\u00eenc\u0103rcabil\u0103)<\/li>\n<li>\u00cenc\u0103rcare: Tip-C<\/li>\n<li>Puterea nicotinei: 2% (20mg)<\/li>\n<li>Func\u021bionare: Activat prin tragere<\/li>\n<li>Afi\u0219aj: Ecran tactil<\/li>\n<li>Flux de aer: Reglabil<\/li>\n<li>Caracteristici inteligente: Apel, Text, Camer\u0103 la distan\u021b\u0103, G\u0103sire telefon, Blocare privat\u0103, Smooth App<\/li>\n<\/ul>\n<h4>\u00ceNTREB\u0102RI FRECVENTE<\/h4>\n<h5>Cum \u00eembun\u0103t\u0103\u021be\u0219te ecranul tactil experien\u021ba de vapat?<\/h5>\n<p>JNR Phone Vape 30000 Puffs are un ecran tactil u\u0219or de utilizat, oferind un control intuitiv asupra func\u021biilor inteligente ale dispozitivului \u0219i asupra set\u0103rilor de vapat. Acest lucru face ca navigarea prin apel, text, camer\u0103 de la distan\u021b\u0103 \u0219i alte func\u021bii s\u0103 fie f\u0103r\u0103 probleme \u0219i simpl\u0103, diferen\u021biindu-l de alte vapuri de unic\u0103 folosin\u021b\u0103.<\/p>\n<h5>Care sunt avantajele de a avea dou\u0103 moduri de vapat?<\/h5>\n<p>JNR Phone Vape 30000 Puffs ofer\u0103 dou\u0103 moduri de vapare: Mod regulat (p\u00e2n\u0103 la 30.000 de pufuri) \u0219i Mod puls (p\u00e2n\u0103 la 18.000 de pufuri). Acest lucru v\u0103 permite s\u0103 v\u0103 personaliza\u021bi experien\u021ba de vaping \u00een func\u021bie de preferin\u021bele dvs., fie c\u0103 prioritiza\u021bi longevitatea sau aroma \u00eembun\u0103t\u0103\u021bit\u0103 \u0219i produc\u021bia de vapori. Aceast\u0103 versatilitate \u00eel face ideal pentru <strong>comand\u0103 \u00een vrac<\/strong> nevoi.<\/p>\n<h5>Chiar pot efectua apeluri \u0219i trimite mesaje text de la acest vape?<\/h5>\n<p>Da! JNR Phone Vape 30000 Puffs integreaz\u0103 func\u021bionalitatea smartphone-ului, permi\u021b\u00e2ndu-v\u0103 s\u0103 efectua\u021bi \u0219i s\u0103 primi\u021bi apeluri, s\u0103 trimite\u021bi \u0219i s\u0103 primi\u021bi mesaje text, s\u0103 controla\u021bi camera telefonului de la distan\u021b\u0103 \u0219i chiar s\u0103 v\u0103 localiza\u021bi smartphone-ul r\u0103t\u0103cit. Aceste caracteristici, combinate cu o interfa\u021b\u0103 u\u0219oar\u0103 a aplica\u021biei, \u00eel fac un dispozitiv cu adev\u0103rat inovator.<\/p>\n<h5>Cum pot fi sigur de calitatea produsului \u0219i de asisten\u021ba pentru clien\u021bi?<\/h5>\n<p>Noi sus\u021binem plata PayPal \u0219i serviciul de protec\u021bie a cump\u0103r\u0103torului. De asemenea, pute\u021bi verifica recenziile noastre pe <a href=\"https:\/\/www.trustpilot.com\/review\/volovape.com?utm_medium=trustbox&amp;utm_source=TrustBoxReviewCollector\">TrustPilot<\/a>.<\/p>","protected":false},"excerpt":{"rendered":"<p>Descoperi\u021bi JNR Phone Vape 30000 Puffs, primul combo smartphone-vape. Caracteristici 19ml e-lichid, baterie 850mAh, touchscreen, func\u021bii inteligente, 2% nicotin\u0103. Magazin en-gros vrac, 10 arome, \u00eenc\u0103rcare Type-C.<\/p>","protected":false},"featured_media":6318,"comment_status":"open","ping_status":"closed","template":"","meta":[],"product_brand":[],"product_cat":[79,63,21,18,39,20,23,24,22,25,26,27,28,29,30,31,32,33,34,35,36,40],"product_tag":[],"class_list":{"0":"post-6248","1":"product","2":"type-product","3":"status-publish","4":"has-post-thumbnail","6":"product_cat-jnr","7":"product_cat-30000-puffs-disposable-vape","8":"product_cat-big-puffs-vapes","9":"product_cat-different-puffs-of-disposable-vapes","10":"product_cat-digital-box-vapes","11":"product_cat-disposable-vape-types","12":"product_cat-disposable-vapes-in-austria","13":"product_cat-disposable-vapes-in-belgium","14":"product_cat-disposable-vapes-in-europe","15":"product_cat-disposable-vapes-in-france","16":"product_cat-disposable-vapes-in-germany","17":"product_cat-disposable-vapes-in-hungary","18":"product_cat-disposable-vapes-in-ltaly","19":"product_cat-disposable-vapes-in-netherlands","20":"product_cat-disposable-vapes-in-norway","21":"product_cat-disposable-vapes-in-poland","22":"product_cat-disposable-vapes-in-portugal","23":"product_cat-disposable-vapes-in-spain","24":"product_cat-disposable-vapes-in-sweden","25":"product_cat-disposable-vapes-in-switzerland","26":"product_cat-rechargeable-vapes","27":"product_cat-smart-screen-vapes","29":"first","30":"instock","31":"shipping-taxable","32":"purchasable","33":"product-type-variable","34":"has-default-attributes"},"jetpack_sharing_enabled":true,"tiered_pricing_type":"fixed","tiered_pricing_fixed_rules":{"2000":12.589999999999999857891452847979962825775146484375},"tiered_pricing_product_settings":{"layout":"default","base_unit_name":{"singular":null,"plural":null},"default_variation":null},"tiered_pricing_minimum_quantity":1000,"tiered_pricing_roles_data":[],"tiered_pricing_percentage_rules":[],"tiered_pricing_maximum_quantity":null,"tiered_pricing_quantity_step":"10","_links":{"self":[{"href":"https:\/\/volovape.com\/ro\/wp-json\/wp\/v2\/product\/6248","targetHints":{"allow":["GET"]}}],"collection":[{"href":"https:\/\/volovape.com\/ro\/wp-json\/wp\/v2\/product"}],"about":[{"href":"https:\/\/volovape.com\/ro\/wp-json\/wp\/v2\/types\/product"}],"replies":[{"embeddable":true,"href":"https:\/\/volovape.com\/ro\/wp-json\/wp\/v2\/comments?post=6248"}],"wp:featuredmedia":[{"embeddable":true,"href":"https:\/\/volovape.com\/ro\/wp-json\/wp\/v2\/media\/6318"}],"wp:attachment":[{"href":"https:\/\/volovape.com\/ro\/wp-json\/wp\/v2\/media?parent=6248"}],"wp:term":[{"taxonomy":"product_brand","embeddable":true,"href":"https:\/\/volovape.com\/ro\/wp-json\/wp\/v2\/product_brand?post=6248"},{"taxonomy":"product_cat","embeddable":true,"href":"https:\/\/volovape.com\/ro\/wp-json\/wp\/v2\/product_cat?post=6248"},{"taxonomy":"product_tag","embeddable":true,"href":"https:\/\/volovape.com\/ro\/wp-json\/wp\/v2\/product_tag?post=6248"}],"curies":[{"name":"wp","href":"https:\/\/api.w.org\/{rel}","templated":true}]}}