{"id":6247,"date":"2024-11-29T04:36:13","date_gmt":"2024-11-29T04:36:13","guid":{"rendered":"https:\/\/volovape.com\/?post_type=product&#038;p=6247"},"modified":"2025-08-07T08:19:50","modified_gmt":"2025-08-07T08:19:50","slug":"jnr-media-max-40000-40k-puffs","status":"publish","type":"product","link":"https:\/\/volovape.com\/ro\/product\/jnr-media-max-40000-40k-puffs\/","title":{"rendered":"JNR Media Max 40000 Puffs Smart Vape de unic\u0103 folosin\u021b\u0103 - Apeluri, mesaje text, control camer\u0103"},"content":{"rendered":"<p><strong>JNR Media Max 40000 Puffs<\/strong> - Vapa inteligent\u0103 de unic\u0103 folosin\u021b\u0103 cu caracteristici de neegalat.<\/p>\n<p>The <strong>JNR Media Max 40000 Puffs<\/strong> redefine\u0219te vapatul de unic\u0103 folosin\u021b\u0103 prin integrarea func\u021bionalit\u0103\u021bilor de tip smartphone \u00eentr-un dispozitiv de mare capacitate. Oferind o uimitoare <strong>40.000 de pufuri<\/strong> \u0219i un substan\u021bial <strong>21ml capacitate e-lichid<\/strong>, acest vape este construit pentru o pl\u0103cere prelungit\u0103. Alimentat de un robust <strong>Baterie re\u00eenc\u0103rcabil\u0103 1000mAh<\/strong> cu <strong>\u00cenc\u0103rcare de tip C<\/strong>, asigur\u0103 o performan\u021b\u0103 fiabil\u0103. Avansat <strong>tehnologia bobinei dual mesh<\/strong> ofer\u0103 o arom\u0103 \u0219i o produc\u021bie de vapori excep\u021bionale. Caracteristici inteligente unice, cum ar fi capacit\u0103\u021bile de apelare \u0219i trimitere de mesaje text, controlul camerei de la distan\u021b\u0103 \u0219i o func\u021bie de c\u0103utare a telefonului\/vapori, toate accesibile prin intermediul unei taste supradimensionate <strong>Ecran HD de 2,4\"<\/strong>, diferen\u021biaz\u0103 acest dispozitiv. Disponibil \u00een <strong>10 arome delicioase<\/strong>, a <strong>JNR Media Max 40000 Puffs<\/strong> este perfect pentru utilizatorii care caut\u0103 o experien\u021b\u0103 de vapat multifunc\u021bional\u0103, de \u00eenalt\u0103 performan\u021b\u0103, ideal\u0103 at\u00e2t pentru uz personal, c\u00e2t \u0219i pentru <strong>vape de unic\u0103 folosin\u021b\u0103 en-gros<\/strong>.<\/p>\n<h3><strong>JNR Media Max 40000 Puffs Caracteristici:<\/strong><\/h3>\n<ul>\n<li>Func\u021bii inteligente: Apel, Text, Camer\u0103 la distan\u021b\u0103, G\u0103se\u0219te telefonul\/Vape<\/li>\n<li>Puffs: P\u00e2n\u0103 la 40.000 de pufuri<\/li>\n<li>Capacitate E-liquid: 21ml<\/li>\n<li>Baterie: 1000mAh (re\u00eenc\u0103rcabil\u0103)<\/li>\n<li>\u00cenc\u0103rcare: Tip-C<\/li>\n<li>Bobin\u0103: Bobin\u0103 Dual Mesh<\/li>\n<li>Flux de aer: Reglabil<\/li>\n<li>Afi\u0219aj: Afi\u0219aj HD de 2,4\u2033<\/li>\n<li>Puterea Nicotinei: 5%<\/li>\n<\/ul>\n<h4>\u00ceNTREB\u0102RI FRECVENTE<\/h4>\n<h5>Cum \u00eemi \u00eembun\u0103t\u0103\u021besc caracteristicile inteligente experien\u021ba de vapat?<\/h5>\n<p>JNR Media Max 40000 Puffs merge dincolo de vapatul tipic, oferind func\u021bii inteligente integrate, cum ar fi efectuarea de apeluri, trimiterea de mesaje text \u0219i controlul de la distan\u021b\u0103 al camerei telefonului. Acest lucru transform\u0103 vapa dvs. \u00eentr-un gadget multifunc\u021bional, ad\u0103ug\u00e2nd confort vie\u021bii dvs. de zi cu zi. Func\u021bia \"g\u0103si\u021bi telefonul\/vaporul\" este deosebit de util\u0103 pentru prevenirea r\u0103t\u0103cirii.<\/p>\n<h5>Chiar pot ob\u021bine 40.000 de pufuri de la un dispozitiv?<\/h5>\n<p>Da! JNR Media Max 40000 Puffs este proiectat pentru longevitate, oferind p\u00e2n\u0103 la 40.000 de puffs. Aceast\u0103 capacitate ridicat\u0103, combinat\u0103 cu un rezervor de e-lichid de 21 ml \u0219i o baterie re\u00eenc\u0103rcabil\u0103 puternic\u0103 de 1000 mAh, asigur\u0103 o utilizare prelungit\u0103, f\u0103c\u00e2ndu-l o alegere excelent\u0103 pentru <strong>comand\u0103 \u00een vrac<\/strong> nevoi.<\/p>\n<h5>Ce face ca ecranul HD de 2,4\" s\u0103 fie at\u00e2t de unic?<\/h5>\n<p>Ecranul HD supradimensionat de 2,4\" permite navigarea u\u0219oar\u0103 a func\u021biilor inteligente \u0219i ofer\u0103 informa\u021bii clare despre set\u0103rile de vapare, num\u0103rul de pufuri \u0219i durata de via\u021b\u0103 a bateriei. Aceast\u0103 interfa\u021b\u0103 u\u0219or de utilizat face ca JNR Media Max 40000 Puffs s\u0103 se eviden\u021bieze pe pia\u021ba vapei de unic\u0103 folosin\u021b\u0103.<\/p>\n<h5>Cum pot fi sigur de calitatea produsului \u0219i de asisten\u021ba pentru clien\u021bi?<\/h5>\n<p>Noi sus\u021binem plata PayPal \u0219i serviciul de protec\u021bie a cump\u0103r\u0103torului. De asemenea, pute\u021bi verifica recenziile noastre pe <a href=\"https:\/\/www.trustpilot.com\/review\/volovape.com?utm_medium=trustbox&amp;utm_source=TrustBoxReviewCollector\">TrustPilot<\/a>.<\/p>","protected":false},"excerpt":{"rendered":"<p>Transforma\u021bi vapatul cu JNR Media Max 40000 Puffs Smart Vape. Bucura\u021bi-v\u0103 de 21 ml e-lichid, baterie de 1000 mAh, ecran HD de 2,4\u2033, func\u021bii inteligente, nicotin\u0103 5% \u0219i 10 arome. \u00cenc\u0103rcare de tip C.<\/p>","protected":false},"featured_media":6306,"comment_status":"open","ping_status":"closed","template":"","meta":[],"product_brand":[],"product_cat":[79,74,21,18,39,20,23,24,22,25,26,27,28,29,30,31,32,33,34,35,36,40],"product_tag":[],"class_list":{"0":"post-6247","1":"product","2":"type-product","3":"status-publish","4":"has-post-thumbnail","6":"product_cat-jnr","7":"product_cat-40000-puffs-disposable-vape","8":"product_cat-big-puffs-vapes","9":"product_cat-different-puffs-of-disposable-vapes","10":"product_cat-digital-box-vapes","11":"product_cat-disposable-vape-types","12":"product_cat-disposable-vapes-in-austria","13":"product_cat-disposable-vapes-in-belgium","14":"product_cat-disposable-vapes-in-europe","15":"product_cat-disposable-vapes-in-france","16":"product_cat-disposable-vapes-in-germany","17":"product_cat-disposable-vapes-in-hungary","18":"product_cat-disposable-vapes-in-ltaly","19":"product_cat-disposable-vapes-in-netherlands","20":"product_cat-disposable-vapes-in-norway","21":"product_cat-disposable-vapes-in-poland","22":"product_cat-disposable-vapes-in-portugal","23":"product_cat-disposable-vapes-in-spain","24":"product_cat-disposable-vapes-in-sweden","25":"product_cat-disposable-vapes-in-switzerland","26":"product_cat-rechargeable-vapes","27":"product_cat-smart-screen-vapes","29":"first","30":"instock","31":"shipping-taxable","32":"purchasable","33":"product-type-variable","34":"has-default-attributes"},"jetpack_sharing_enabled":true,"tiered_pricing_type":"fixed","tiered_pricing_fixed_rules":{"2000":10.25},"tiered_pricing_product_settings":{"layout":"default","base_unit_name":{"singular":null,"plural":null},"default_variation":null},"tiered_pricing_minimum_quantity":1000,"tiered_pricing_roles_data":[],"tiered_pricing_percentage_rules":[],"tiered_pricing_maximum_quantity":null,"tiered_pricing_quantity_step":"10","_links":{"self":[{"href":"https:\/\/volovape.com\/ro\/wp-json\/wp\/v2\/product\/6247","targetHints":{"allow":["GET"]}}],"collection":[{"href":"https:\/\/volovape.com\/ro\/wp-json\/wp\/v2\/product"}],"about":[{"href":"https:\/\/volovape.com\/ro\/wp-json\/wp\/v2\/types\/product"}],"replies":[{"embeddable":true,"href":"https:\/\/volovape.com\/ro\/wp-json\/wp\/v2\/comments?post=6247"}],"wp:featuredmedia":[{"embeddable":true,"href":"https:\/\/volovape.com\/ro\/wp-json\/wp\/v2\/media\/6306"}],"wp:attachment":[{"href":"https:\/\/volovape.com\/ro\/wp-json\/wp\/v2\/media?parent=6247"}],"wp:term":[{"taxonomy":"product_brand","embeddable":true,"href":"https:\/\/volovape.com\/ro\/wp-json\/wp\/v2\/product_brand?post=6247"},{"taxonomy":"product_cat","embeddable":true,"href":"https:\/\/volovape.com\/ro\/wp-json\/wp\/v2\/product_cat?post=6247"},{"taxonomy":"product_tag","embeddable":true,"href":"https:\/\/volovape.com\/ro\/wp-json\/wp\/v2\/product_tag?post=6247"}],"curies":[{"name":"wp","href":"https:\/\/api.w.org\/{rel}","templated":true}]}}